{"id":1218,"date":"2017-09-17T16:38:52","date_gmt":"2017-09-17T16:38:52","guid":{"rendered":"http:\/\/sibeniktaxi.com\/?page_id=1218"},"modified":"2021-07-06T11:50:45","modified_gmt":"2021-07-06T11:50:45","slug":"udobna-sigurna-voznja","status":"publish","type":"page","link":"https:\/\/sibeniktaxi.com\/en\/comfortable-safe-driving\/","title":{"rendered":"Safety and comfort in Taxi \u0160ibenik seats"},"content":{"rendered":"<p>Once you decide to use Taxi \u0160ibenik, your only concern is choosing the destination you want or need to take you to. If you just want to go to some attractive place and haven't decided where, Taxi \u0160ibenik drivers will help you with that too. It is a system of true taxi professionals with comfortable, equipped and safe taxi vehicles that, in addition to high quality, also offer very reasonable taxi transport prices. In the comfort of our cars, all you have to do is surrender to the safety provided by Taxi \u0160ibenik drivers. Your day is guaranteed to be brightened up with your first ride with us. See you in \u0160ibenik!<\/p>","protected":false},"excerpt":{"rendered":"<p>Jednom kada se odlu\u010dite za Taxi \u0160ibenik, Va\u0161a jedina briga je odabir destinacije na koju se \u017eelite ili morate odvesti. Ako samo \u017eelite oti\u0107i na neko atraktivno mjesto, a niste se odlu\u010dili gdje, voza\u010di Taxi \u0160ibenika \u0107e vam i u tome pomo\u0107i. Sustav je to istinskih taxi profesionalaca s udobnim,&#8230;<\/p>","protected":false},"author":1,"featured_media":1402,"parent":0,"menu_order":0,"comment_status":"closed","ping_status":"closed","template":"","meta":{"_mi_skip_tracking":false,"_exactmetrics_sitenote_active":false,"_exactmetrics_sitenote_note":"","_exactmetrics_sitenote_category":0},"yoast_head":"<!-- This site is optimized with the Yoast SEO plugin v19.6.1 - https:\/\/yoast.com\/wordpress\/plugins\/seo\/ -->\n<title>Sigurnost i udobnost u sjedalima Taxi \u0160ibenika | Taxi \u0160ibenik<\/title>\n<meta name=\"description\" content=\"Va\u0161a jedina briga je pozvati na\u0161 broj i re\u0107u nam \u017eeljenu destinaciju. Ostalo prepustite nama, profesionalacima s opremljenim i sigurnim vozilima.\" \/>\n<meta name=\"robots\" content=\"index, follow, max-snippet:-1, max-image-preview:large, max-video-preview:-1\" \/>\n<link rel=\"canonical\" href=\"https:\/\/sibeniktaxi.com\/en\/udobna-sigurna-voznja\/\" \/>\n<meta property=\"og:locale\" content=\"en_US\" \/>\n<meta property=\"og:type\" content=\"article\" \/>\n<meta property=\"og:title\" content=\"Sigurnost i udobnost u sjedalima Taxi \u0160ibenika | Taxi \u0160ibenik\" \/>\n<meta property=\"og:description\" content=\"Va\u0161a jedina briga je pozvati na\u0161 broj i re\u0107u nam \u017eeljenu destinaciju. Ostalo prepustite nama, profesionalacima s opremljenim i sigurnim vozilima.\" \/>\n<meta property=\"og:url\" content=\"https:\/\/sibeniktaxi.com\/en\/udobna-sigurna-voznja\/\" \/>\n<meta property=\"og:site_name\" content=\"Taxi \u0160ibenik\" \/>\n<meta property=\"article:publisher\" content=\"https:\/\/www.facebook.com\/sibeniktaxi\/\" \/>\n<meta property=\"article:modified_time\" content=\"2021-07-06T11:50:45+00:00\" \/>\n<meta property=\"og:image\" content=\"https:\/\/sibeniktaxi.com\/wp-content\/uploads\/2017\/09\/renault-kombi-taxi-sibenik.jpg\" \/>\n\t<meta property=\"og:image:width\" content=\"818\" \/>\n\t<meta property=\"og:image:height\" content=\"509\" \/>\n\t<meta property=\"og:image:type\" content=\"image\/jpeg\" \/>\n<meta name=\"twitter:card\" content=\"summary\" \/>\n<meta name=\"twitter:label1\" content=\"Est. reading time\" \/>\n\t<meta name=\"twitter:data1\" content=\"1 minute\" \/>\n<script type=\"application\/ld+json\" class=\"yoast-schema-graph\">{\"@context\":\"https:\/\/schema.org\",\"@graph\":[{\"@type\":\"WebPage\",\"@id\":\"https:\/\/sibeniktaxi.com\/udobna-sigurna-voznja\/\",\"url\":\"https:\/\/sibeniktaxi.com\/udobna-sigurna-voznja\/\",\"name\":\"Sigurnost i udobnost u sjedalima Taxi \u0160ibenika | Taxi \u0160ibenik\",\"isPartOf\":{\"@id\":\"https:\/\/sibeniktaxi.com\/#website\"},\"datePublished\":\"2017-09-17T16:38:52+00:00\",\"dateModified\":\"2021-07-06T11:50:45+00:00\",\"description\":\"Va\u0161a jedina briga je pozvati na\u0161 broj i re\u0107u nam \u017eeljenu destinaciju. Ostalo prepustite nama, profesionalacima s opremljenim i sigurnim vozilima.\",\"breadcrumb\":{\"@id\":\"https:\/\/sibeniktaxi.com\/udobna-sigurna-voznja\/#breadcrumb\"},\"inLanguage\":\"en-US\",\"potentialAction\":[{\"@type\":\"ReadAction\",\"target\":[\"https:\/\/sibeniktaxi.com\/udobna-sigurna-voznja\/\"]}]},{\"@type\":\"BreadcrumbList\",\"@id\":\"https:\/\/sibeniktaxi.com\/udobna-sigurna-voznja\/#breadcrumb\",\"itemListElement\":[{\"@type\":\"ListItem\",\"position\":1,\"name\":\"Taxi \u0160ibenik\",\"item\":\"https:\/\/sibeniktaxi.com\/\"},{\"@type\":\"ListItem\",\"position\":2,\"name\":\"Sigurnost i udobnost u sjedalima Taxi \u0160ibenika\"}]},{\"@type\":\"WebSite\",\"@id\":\"https:\/\/sibeniktaxi.com\/#website\",\"url\":\"https:\/\/sibeniktaxi.com\/\",\"name\":\"Taxi \u0160ibenik\",\"description\":\"Najbolji Taxi u gradu\",\"publisher\":{\"@id\":\"https:\/\/sibeniktaxi.com\/#organization\"},\"potentialAction\":[{\"@type\":\"SearchAction\",\"target\":{\"@type\":\"EntryPoint\",\"urlTemplate\":\"https:\/\/sibeniktaxi.com\/?s={search_term_string}\"},\"query-input\":\"required name=search_term_string\"}],\"inLanguage\":\"en-US\"},{\"@type\":\"Organization\",\"@id\":\"https:\/\/sibeniktaxi.com\/#organization\",\"name\":\"Taxi \u0160ibenik\",\"url\":\"https:\/\/sibeniktaxi.com\/\",\"sameAs\":[\"https:\/\/www.facebook.com\/sibeniktaxi\/\"],\"logo\":{\"@type\":\"ImageObject\",\"inLanguage\":\"en-US\",\"@id\":\"https:\/\/sibeniktaxi.com\/#\/schema\/logo\/image\/\",\"url\":\"https:\/\/sibeniktaxi.com\/wp-content\/uploads\/2018\/04\/cropped-TAXI-DALMACIJA-logo-lav-rose-3.png\",\"contentUrl\":\"https:\/\/sibeniktaxi.com\/wp-content\/uploads\/2018\/04\/cropped-TAXI-DALMACIJA-logo-lav-rose-3.png\",\"width\":\"240\",\"height\":\"116\",\"caption\":\"Taxi \u0160ibenik\"},\"image\":{\"@id\":\"https:\/\/sibeniktaxi.com\/#\/schema\/logo\/image\/\"}}]}<\/script>\n<!-- \/ Yoast SEO plugin. -->","yoast_head_json":{"title":"Sigurnost i udobnost u sjedalima Taxi \u0160ibenika | Taxi \u0160ibenik","description":"Va\u0161a jedina briga je pozvati na\u0161 broj i re\u0107u nam \u017eeljenu destinaciju. Ostalo prepustite nama, profesionalacima s opremljenim i sigurnim vozilima.","robots":{"index":"index","follow":"follow","max-snippet":"max-snippet:-1","max-image-preview":"max-image-preview:large","max-video-preview":"max-video-preview:-1"},"canonical":"https:\/\/sibeniktaxi.com\/en\/udobna-sigurna-voznja\/","og_locale":"en_US","og_type":"article","og_title":"Sigurnost i udobnost u sjedalima Taxi \u0160ibenika | Taxi \u0160ibenik","og_description":"Va\u0161a jedina briga je pozvati na\u0161 broj i re\u0107u nam \u017eeljenu destinaciju. Ostalo prepustite nama, profesionalacima s opremljenim i sigurnim vozilima.","og_url":"https:\/\/sibeniktaxi.com\/en\/udobna-sigurna-voznja\/","og_site_name":"Taxi \u0160ibenik","article_publisher":"https:\/\/www.facebook.com\/sibeniktaxi\/","article_modified_time":"2021-07-06T11:50:45+00:00","og_image":[{"width":818,"height":509,"url":"https:\/\/sibeniktaxi.com\/wp-content\/uploads\/2017\/09\/renault-kombi-taxi-sibenik.jpg","type":"image\/jpeg"}],"twitter_card":"summary","twitter_misc":{"Est. reading time":"1 minute"},"schema":{"@context":"https:\/\/schema.org","@graph":[{"@type":"WebPage","@id":"https:\/\/sibeniktaxi.com\/udobna-sigurna-voznja\/","url":"https:\/\/sibeniktaxi.com\/udobna-sigurna-voznja\/","name":"Sigurnost i udobnost u sjedalima Taxi \u0160ibenika | Taxi \u0160ibenik","isPartOf":{"@id":"https:\/\/sibeniktaxi.com\/#website"},"datePublished":"2017-09-17T16:38:52+00:00","dateModified":"2021-07-06T11:50:45+00:00","description":"Va\u0161a jedina briga je pozvati na\u0161 broj i re\u0107u nam \u017eeljenu destinaciju. Ostalo prepustite nama, profesionalacima s opremljenim i sigurnim vozilima.","breadcrumb":{"@id":"https:\/\/sibeniktaxi.com\/udobna-sigurna-voznja\/#breadcrumb"},"inLanguage":"en-US","potentialAction":[{"@type":"ReadAction","target":["https:\/\/sibeniktaxi.com\/udobna-sigurna-voznja\/"]}]},{"@type":"BreadcrumbList","@id":"https:\/\/sibeniktaxi.com\/udobna-sigurna-voznja\/#breadcrumb","itemListElement":[{"@type":"ListItem","position":1,"name":"Taxi \u0160ibenik","item":"https:\/\/sibeniktaxi.com\/"},{"@type":"ListItem","position":2,"name":"Sigurnost i udobnost u sjedalima Taxi \u0160ibenika"}]},{"@type":"WebSite","@id":"https:\/\/sibeniktaxi.com\/#website","url":"https:\/\/sibeniktaxi.com\/","name":"Taxi \u0160ibenik","description":"Najbolji Taxi u gradu","publisher":{"@id":"https:\/\/sibeniktaxi.com\/#organization"},"potentialAction":[{"@type":"SearchAction","target":{"@type":"EntryPoint","urlTemplate":"https:\/\/sibeniktaxi.com\/?s={search_term_string}"},"query-input":"required name=search_term_string"}],"inLanguage":"en-US"},{"@type":"Organization","@id":"https:\/\/sibeniktaxi.com\/#organization","name":"Taxi \u0160ibenik","url":"https:\/\/sibeniktaxi.com\/","sameAs":["https:\/\/www.facebook.com\/sibeniktaxi\/"],"logo":{"@type":"ImageObject","inLanguage":"en-US","@id":"https:\/\/sibeniktaxi.com\/#\/schema\/logo\/image\/","url":"https:\/\/sibeniktaxi.com\/wp-content\/uploads\/2018\/04\/cropped-TAXI-DALMACIJA-logo-lav-rose-3.png","contentUrl":"https:\/\/sibeniktaxi.com\/wp-content\/uploads\/2018\/04\/cropped-TAXI-DALMACIJA-logo-lav-rose-3.png","width":"240","height":"116","caption":"Taxi \u0160ibenik"},"image":{"@id":"https:\/\/sibeniktaxi.com\/#\/schema\/logo\/image\/"}}]}},"_links":{"self":[{"href":"https:\/\/sibeniktaxi.com\/en\/wp-json\/wp\/v2\/pages\/1218"}],"collection":[{"href":"https:\/\/sibeniktaxi.com\/en\/wp-json\/wp\/v2\/pages"}],"about":[{"href":"https:\/\/sibeniktaxi.com\/en\/wp-json\/wp\/v2\/types\/page"}],"author":[{"embeddable":true,"href":"https:\/\/sibeniktaxi.com\/en\/wp-json\/wp\/v2\/users\/1"}],"replies":[{"embeddable":true,"href":"https:\/\/sibeniktaxi.com\/en\/wp-json\/wp\/v2\/comments?post=1218"}],"version-history":[{"count":1,"href":"https:\/\/sibeniktaxi.com\/en\/wp-json\/wp\/v2\/pages\/1218\/revisions"}],"predecessor-version":[{"id":2036,"href":"https:\/\/sibeniktaxi.com\/en\/wp-json\/wp\/v2\/pages\/1218\/revisions\/2036"}],"wp:featuredmedia":[{"embeddable":true,"href":"https:\/\/sibeniktaxi.com\/en\/wp-json\/wp\/v2\/media\/1402"}],"wp:attachment":[{"href":"https:\/\/sibeniktaxi.com\/en\/wp-json\/wp\/v2\/media?parent=1218"}],"curies":[{"name":"wp","href":"https:\/\/api.w.org\/{rel}","templated":true}]}}