{"id":1221,"date":"2017-09-17T16:42:39","date_gmt":"2017-09-17T16:42:39","guid":{"rendered":"http:\/\/sibeniktaxi.com\/?page_id=1221"},"modified":"2020-09-08T16:34:25","modified_gmt":"2020-09-08T16:34:25","slug":"sibenik-taxi-radno-vrijeme","status":"publish","type":"page","link":"https:\/\/sibeniktaxi.com\/en\/sibenik-taxi-working-hours\/","title":{"rendered":"Sibenik Taxi available 0-24"},"content":{"rendered":"<h1>Taxi \u0160ibenik and its and your professionals leave nothing to chance!<\/h1>\n<p>We are at your service at any time of the day or night. \u0160ibenik taxi drivers truly and without exception have the most popular working hours of the modern era. Seven days a week from 0-24 hours. Always at your service!. And indeed always, contact us with confidence. We have communicative and helpful professionals here for you, and the satisfaction of just one, even a short ride, will be mutual. We can guarantee that. The quality we provide to our clients is comparable to the quality of taxi transport in Europe and beyond. Professional staff guarantees a pleasant ride through the streets of \u0160ibenik to your desired destination.<\/p>","protected":false},"excerpt":{"rendered":"<p>Taxi \u0160ibenik i njegovi i va\u0161i profesionalci ni\u0161ta ne prepu\u0161taju slu\u010daju! U bilo koje doba dana ili no\u0107i stojimo Vam na usluzi. Za \u0161ibenske taksiste zaista i bez iznimki vrijedi najpopularnije radno vrijeme modernog doba. Sedam dana u tjednu od 0-24 sata. Uvijek na usluzi!. I zaista uvijek, obratite nam&#8230;<\/p>","protected":false},"author":1,"featured_media":1401,"parent":0,"menu_order":0,"comment_status":"closed","ping_status":"closed","template":"","meta":{"_mi_skip_tracking":false,"_exactmetrics_sitenote_active":false,"_exactmetrics_sitenote_note":"","_exactmetrics_sitenote_category":0},"yoast_head":"<!-- This site is optimized with the Yoast SEO plugin v19.6.1 - https:\/\/yoast.com\/wordpress\/plugins\/seo\/ -->\n<title>\u0160ibenik Taxi dostupan 0-24 | Taxi \u0160ibenik<\/title>\n<meta name=\"description\" content=\"Za Taxi \u0160ibenik vrijedi najpopularnije radno vrijeme modernog doba. Sedam dana u tjednu od 0-24 sata. Tu smo za vas, bilo gdje i bilo kada.\" \/>\n<meta name=\"robots\" content=\"index, follow, max-snippet:-1, max-image-preview:large, max-video-preview:-1\" \/>\n<link rel=\"canonical\" href=\"https:\/\/sibeniktaxi.com\/en\/sibenik-taxi-radno-vrijeme\/\" \/>\n<meta property=\"og:locale\" content=\"en_US\" \/>\n<meta property=\"og:type\" content=\"article\" \/>\n<meta property=\"og:title\" content=\"\u0160ibenik Taxi dostupan 0-24 | Taxi \u0160ibenik\" \/>\n<meta property=\"og:description\" content=\"Za Taxi \u0160ibenik vrijedi najpopularnije radno vrijeme modernog doba. Sedam dana u tjednu od 0-24 sata. Tu smo za vas, bilo gdje i bilo kada.\" \/>\n<meta property=\"og:url\" content=\"https:\/\/sibeniktaxi.com\/en\/sibenik-taxi-radno-vrijeme\/\" \/>\n<meta property=\"og:site_name\" content=\"Taxi \u0160ibenik\" \/>\n<meta property=\"article:publisher\" content=\"https:\/\/www.facebook.com\/sibeniktaxi\/\" \/>\n<meta property=\"article:modified_time\" content=\"2020-09-08T16:34:25+00:00\" \/>\n<meta property=\"og:image\" content=\"https:\/\/sibeniktaxi.com\/wp-content\/uploads\/2017\/09\/taksi-1.jpg\" \/>\n\t<meta property=\"og:image:width\" content=\"682\" \/>\n\t<meta property=\"og:image:height\" content=\"350\" \/>\n\t<meta property=\"og:image:type\" content=\"image\/jpeg\" \/>\n<meta name=\"twitter:card\" content=\"summary\" \/>\n<meta name=\"twitter:label1\" content=\"Est. reading time\" \/>\n\t<meta name=\"twitter:data1\" content=\"1 minute\" \/>\n<script type=\"application\/ld+json\" class=\"yoast-schema-graph\">{\"@context\":\"https:\/\/schema.org\",\"@graph\":[{\"@type\":\"WebPage\",\"@id\":\"https:\/\/sibeniktaxi.com\/sibenik-taxi-radno-vrijeme\/\",\"url\":\"https:\/\/sibeniktaxi.com\/sibenik-taxi-radno-vrijeme\/\",\"name\":\"\u0160ibenik Taxi dostupan 0-24 | Taxi \u0160ibenik\",\"isPartOf\":{\"@id\":\"https:\/\/sibeniktaxi.com\/#website\"},\"datePublished\":\"2017-09-17T16:42:39+00:00\",\"dateModified\":\"2020-09-08T16:34:25+00:00\",\"description\":\"Za Taxi \u0160ibenik vrijedi najpopularnije radno vrijeme modernog doba. Sedam dana u tjednu od 0-24 sata. Tu smo za vas, bilo gdje i bilo kada.\",\"breadcrumb\":{\"@id\":\"https:\/\/sibeniktaxi.com\/sibenik-taxi-radno-vrijeme\/#breadcrumb\"},\"inLanguage\":\"en-US\",\"potentialAction\":[{\"@type\":\"ReadAction\",\"target\":[\"https:\/\/sibeniktaxi.com\/sibenik-taxi-radno-vrijeme\/\"]}]},{\"@type\":\"BreadcrumbList\",\"@id\":\"https:\/\/sibeniktaxi.com\/sibenik-taxi-radno-vrijeme\/#breadcrumb\",\"itemListElement\":[{\"@type\":\"ListItem\",\"position\":1,\"name\":\"Taxi \u0160ibenik\",\"item\":\"https:\/\/sibeniktaxi.com\/\"},{\"@type\":\"ListItem\",\"position\":2,\"name\":\"\u0160ibenik Taxi dostupan 0-24\"}]},{\"@type\":\"WebSite\",\"@id\":\"https:\/\/sibeniktaxi.com\/#website\",\"url\":\"https:\/\/sibeniktaxi.com\/\",\"name\":\"Taxi \u0160ibenik\",\"description\":\"Najbolji Taxi u gradu\",\"publisher\":{\"@id\":\"https:\/\/sibeniktaxi.com\/#organization\"},\"potentialAction\":[{\"@type\":\"SearchAction\",\"target\":{\"@type\":\"EntryPoint\",\"urlTemplate\":\"https:\/\/sibeniktaxi.com\/?s={search_term_string}\"},\"query-input\":\"required name=search_term_string\"}],\"inLanguage\":\"en-US\"},{\"@type\":\"Organization\",\"@id\":\"https:\/\/sibeniktaxi.com\/#organization\",\"name\":\"Taxi \u0160ibenik\",\"url\":\"https:\/\/sibeniktaxi.com\/\",\"sameAs\":[\"https:\/\/www.facebook.com\/sibeniktaxi\/\"],\"logo\":{\"@type\":\"ImageObject\",\"inLanguage\":\"en-US\",\"@id\":\"https:\/\/sibeniktaxi.com\/#\/schema\/logo\/image\/\",\"url\":\"https:\/\/sibeniktaxi.com\/wp-content\/uploads\/2018\/04\/cropped-TAXI-DALMACIJA-logo-lav-rose-3.png\",\"contentUrl\":\"https:\/\/sibeniktaxi.com\/wp-content\/uploads\/2018\/04\/cropped-TAXI-DALMACIJA-logo-lav-rose-3.png\",\"width\":\"240\",\"height\":\"116\",\"caption\":\"Taxi \u0160ibenik\"},\"image\":{\"@id\":\"https:\/\/sibeniktaxi.com\/#\/schema\/logo\/image\/\"}}]}<\/script>\n<!-- \/ Yoast SEO plugin. -->","yoast_head_json":{"title":"\u0160ibenik Taxi dostupan 0-24 | Taxi \u0160ibenik","description":"Za Taxi \u0160ibenik vrijedi najpopularnije radno vrijeme modernog doba. Sedam dana u tjednu od 0-24 sata. Tu smo za vas, bilo gdje i bilo kada.","robots":{"index":"index","follow":"follow","max-snippet":"max-snippet:-1","max-image-preview":"max-image-preview:large","max-video-preview":"max-video-preview:-1"},"canonical":"https:\/\/sibeniktaxi.com\/en\/sibenik-taxi-radno-vrijeme\/","og_locale":"en_US","og_type":"article","og_title":"\u0160ibenik Taxi dostupan 0-24 | Taxi \u0160ibenik","og_description":"Za Taxi \u0160ibenik vrijedi najpopularnije radno vrijeme modernog doba. Sedam dana u tjednu od 0-24 sata. Tu smo za vas, bilo gdje i bilo kada.","og_url":"https:\/\/sibeniktaxi.com\/en\/sibenik-taxi-radno-vrijeme\/","og_site_name":"Taxi \u0160ibenik","article_publisher":"https:\/\/www.facebook.com\/sibeniktaxi\/","article_modified_time":"2020-09-08T16:34:25+00:00","og_image":[{"width":682,"height":350,"url":"https:\/\/sibeniktaxi.com\/wp-content\/uploads\/2017\/09\/taksi-1.jpg","type":"image\/jpeg"}],"twitter_card":"summary","twitter_misc":{"Est. reading time":"1 minute"},"schema":{"@context":"https:\/\/schema.org","@graph":[{"@type":"WebPage","@id":"https:\/\/sibeniktaxi.com\/sibenik-taxi-radno-vrijeme\/","url":"https:\/\/sibeniktaxi.com\/sibenik-taxi-radno-vrijeme\/","name":"\u0160ibenik Taxi dostupan 0-24 | Taxi \u0160ibenik","isPartOf":{"@id":"https:\/\/sibeniktaxi.com\/#website"},"datePublished":"2017-09-17T16:42:39+00:00","dateModified":"2020-09-08T16:34:25+00:00","description":"Za Taxi \u0160ibenik vrijedi najpopularnije radno vrijeme modernog doba. Sedam dana u tjednu od 0-24 sata. Tu smo za vas, bilo gdje i bilo kada.","breadcrumb":{"@id":"https:\/\/sibeniktaxi.com\/sibenik-taxi-radno-vrijeme\/#breadcrumb"},"inLanguage":"en-US","potentialAction":[{"@type":"ReadAction","target":["https:\/\/sibeniktaxi.com\/sibenik-taxi-radno-vrijeme\/"]}]},{"@type":"BreadcrumbList","@id":"https:\/\/sibeniktaxi.com\/sibenik-taxi-radno-vrijeme\/#breadcrumb","itemListElement":[{"@type":"ListItem","position":1,"name":"Taxi \u0160ibenik","item":"https:\/\/sibeniktaxi.com\/"},{"@type":"ListItem","position":2,"name":"\u0160ibenik Taxi dostupan 0-24"}]},{"@type":"WebSite","@id":"https:\/\/sibeniktaxi.com\/#website","url":"https:\/\/sibeniktaxi.com\/","name":"Taxi \u0160ibenik","description":"Najbolji Taxi u gradu","publisher":{"@id":"https:\/\/sibeniktaxi.com\/#organization"},"potentialAction":[{"@type":"SearchAction","target":{"@type":"EntryPoint","urlTemplate":"https:\/\/sibeniktaxi.com\/?s={search_term_string}"},"query-input":"required name=search_term_string"}],"inLanguage":"en-US"},{"@type":"Organization","@id":"https:\/\/sibeniktaxi.com\/#organization","name":"Taxi \u0160ibenik","url":"https:\/\/sibeniktaxi.com\/","sameAs":["https:\/\/www.facebook.com\/sibeniktaxi\/"],"logo":{"@type":"ImageObject","inLanguage":"en-US","@id":"https:\/\/sibeniktaxi.com\/#\/schema\/logo\/image\/","url":"https:\/\/sibeniktaxi.com\/wp-content\/uploads\/2018\/04\/cropped-TAXI-DALMACIJA-logo-lav-rose-3.png","contentUrl":"https:\/\/sibeniktaxi.com\/wp-content\/uploads\/2018\/04\/cropped-TAXI-DALMACIJA-logo-lav-rose-3.png","width":"240","height":"116","caption":"Taxi \u0160ibenik"},"image":{"@id":"https:\/\/sibeniktaxi.com\/#\/schema\/logo\/image\/"}}]}},"_links":{"self":[{"href":"https:\/\/sibeniktaxi.com\/en\/wp-json\/wp\/v2\/pages\/1221"}],"collection":[{"href":"https:\/\/sibeniktaxi.com\/en\/wp-json\/wp\/v2\/pages"}],"about":[{"href":"https:\/\/sibeniktaxi.com\/en\/wp-json\/wp\/v2\/types\/page"}],"author":[{"embeddable":true,"href":"https:\/\/sibeniktaxi.com\/en\/wp-json\/wp\/v2\/users\/1"}],"replies":[{"embeddable":true,"href":"https:\/\/sibeniktaxi.com\/en\/wp-json\/wp\/v2\/comments?post=1221"}],"version-history":[{"count":3,"href":"https:\/\/sibeniktaxi.com\/en\/wp-json\/wp\/v2\/pages\/1221\/revisions"}],"predecessor-version":[{"id":1884,"href":"https:\/\/sibeniktaxi.com\/en\/wp-json\/wp\/v2\/pages\/1221\/revisions\/1884"}],"wp:featuredmedia":[{"embeddable":true,"href":"https:\/\/sibeniktaxi.com\/en\/wp-json\/wp\/v2\/media\/1401"}],"wp:attachment":[{"href":"https:\/\/sibeniktaxi.com\/en\/wp-json\/wp\/v2\/media?parent=1221"}],"curies":[{"name":"wp","href":"https:\/\/api.w.org\/{rel}","templated":true}]}}