{"id":1519,"date":"2019-06-01T10:04:28","date_gmt":"2019-06-01T10:04:28","guid":{"rendered":"http:\/\/sibeniktaxi.com\/?page_id=1519"},"modified":"2023-03-20T10:24:44","modified_gmt":"2023-03-20T10:24:44","slug":"taxi-boat-sibenik","status":"publish","type":"page","link":"https:\/\/sibeniktaxi.com\/en\/taxi-boat-sibenik\/","title":{"rendered":"Taxi Boat \u0160ibenik"},"content":{"rendered":"<h1><b>Taxi Boat \u0160ibenik<\/b><\/h1>\n<p>Not so long ago, getting from point A to point B was not as easy as it is today. People depended on public transportation. Whether your destination was on the mainland or on one of the islands, you could only get there at certain times. Often, public transportation lines were scheduled, which still holds true today, so that when you went to the desired location, you had to spend the night there. There simply was no line that would take you back the same day. That wasn't even the biggest problem. Many beautiful places couldn't be reached by public transportation. The mainland was not an insurmountable obstacle here, as many people owned cars, which gave them freedom of movement.<\/p>\n<p><strong>But how many people have owned or own a boat?<\/strong><\/p>\n<p>That number is very small. In addition, most boat owners do not take their vessels with them on vacation, but use them at home. Going on vacation means relaxing, and you'll hardly be able to relax if you're constantly thinking about filling up the gas, paying for the moorings, and similar things. Owning a boat is a blessing, but also a penance.<\/p>\n<p>If only there was a way to visit all the beautiful places in the \u0160ibenik area without having to crowd into catamarans and ferries or buy a boat.<\/p>\n<p class=\"translation-block\"><strong>Taxi Boat \u0160ibenik<\/strong> allows you to set the rules yourself while on vacation. Never again will you get stuck somewhere with no way back. Luxurious, fast and affordable transportation is just one call away.<br>\nTravel as gentlemen and befits. Relaxed and comfortable. Traveling by ferry can be unforgettable. Unforgettably bad. The lack of space and the duration of the journey were etched in the memory of many.<\/p>\n<p class=\"translation-block\"><a href=\"https:\/\/taxiboat-sibenik.com.hr\/\" target=\"_self\">Taxi Boat \u0160ibenik<\/a> is guaranteed to provide you with the highest standard of service and thus make sure that your trip with us becomes one of your favorite memories.<br>\nWhen you have years of experience in your business, and your love for it grows day by day, from ride to ride, you want to give your clients the most. Our clients are delighted with the service, which you can see on our website. They praise our modern ships and professional staff. Many people told us that riding our boats was not only transportation but also an unforgettable experience that they had to brag about to their friends.<\/p>\n<p class=\"translation-block\">Call us and let us change your view of maritime transport forever.<br>\nBecome one of our delighted customers today, because the satisfaction on your face is our greatest reward.<\/p>\n<h2><a href=\"tel:+385%2099%20600%205555\"><button>Call us<\/button><\/a><\/h2>","protected":false},"excerpt":{"rendered":"<p>Taxi Boat \u0160ibenik Ne tako davno, do\u0107i od to\u010dke A do to\u010dke B nije bilo jednostavno kao danas. Ljudi su ovisili o javnom prijevozu. Bilo da se va\u0161e odredi\u0161te nalazilo na kopnu ili na nekom od otoka, tamo ste mogli do\u0107i samo u odre\u0111eno vrijeme. \u010cesto su linije javnog prijevoza&#8230;<\/p>","protected":false},"author":1,"featured_media":0,"parent":0,"menu_order":0,"comment_status":"closed","ping_status":"closed","template":"","meta":{"_mi_skip_tracking":false,"_exactmetrics_sitenote_active":false,"_exactmetrics_sitenote_note":"","_exactmetrics_sitenote_category":0},"yoast_head":"<!-- This site is optimized with the Yoast SEO plugin v19.6.1 - https:\/\/yoast.com\/wordpress\/plugins\/seo\/ -->\n<title>Taxi Boat \u0160ibenik | Brz, Siguran i Povoljan<\/title>\n<meta name=\"description\" content=\"Taxi Boat \u0160ibenik vam omogu\u0107ava da sami odre\u0111ujete pravila dok ste na odmoru. Vi\u0161e vam se nikada ne\u0107e dogoditi da zapnete negdje bez mogu\u0107nosti povratka.\" \/>\n<meta name=\"robots\" content=\"index, follow, max-snippet:-1, max-image-preview:large, max-video-preview:-1\" \/>\n<link rel=\"canonical\" href=\"https:\/\/sibeniktaxi.com\/en\/taxi-boat-sibenik\/\" \/>\n<meta property=\"og:locale\" content=\"en_US\" \/>\n<meta property=\"og:type\" content=\"article\" \/>\n<meta property=\"og:title\" content=\"Taxi Boat \u0160ibenik | Brz, Siguran i Povoljan\" \/>\n<meta property=\"og:description\" content=\"Taxi Boat \u0160ibenik vam omogu\u0107ava da sami odre\u0111ujete pravila dok ste na odmoru. Vi\u0161e vam se nikada ne\u0107e dogoditi da zapnete negdje bez mogu\u0107nosti povratka.\" \/>\n<meta property=\"og:url\" content=\"https:\/\/sibeniktaxi.com\/en\/taxi-boat-sibenik\/\" \/>\n<meta property=\"og:site_name\" content=\"Taxi \u0160ibenik\" \/>\n<meta property=\"article:publisher\" content=\"https:\/\/www.facebook.com\/sibeniktaxi\/\" \/>\n<meta property=\"article:modified_time\" content=\"2023-03-20T10:24:44+00:00\" \/>\n<meta name=\"twitter:card\" content=\"summary\" \/>\n<meta name=\"twitter:label1\" content=\"Est. reading time\" \/>\n\t<meta name=\"twitter:data1\" content=\"2 minutes\" \/>\n<script type=\"application\/ld+json\" class=\"yoast-schema-graph\">{\"@context\":\"https:\/\/schema.org\",\"@graph\":[{\"@type\":\"WebPage\",\"@id\":\"https:\/\/sibeniktaxi.com\/taxi-boat-sibenik\/\",\"url\":\"https:\/\/sibeniktaxi.com\/taxi-boat-sibenik\/\",\"name\":\"Taxi Boat \u0160ibenik | Brz, Siguran i Povoljan\",\"isPartOf\":{\"@id\":\"https:\/\/sibeniktaxi.com\/#website\"},\"datePublished\":\"2019-06-01T10:04:28+00:00\",\"dateModified\":\"2023-03-20T10:24:44+00:00\",\"description\":\"Taxi Boat \u0160ibenik vam omogu\u0107ava da sami odre\u0111ujete pravila dok ste na odmoru. Vi\u0161e vam se nikada ne\u0107e dogoditi da zapnete negdje bez mogu\u0107nosti povratka.\",\"breadcrumb\":{\"@id\":\"https:\/\/sibeniktaxi.com\/taxi-boat-sibenik\/#breadcrumb\"},\"inLanguage\":\"en-US\",\"potentialAction\":[{\"@type\":\"ReadAction\",\"target\":[\"https:\/\/sibeniktaxi.com\/taxi-boat-sibenik\/\"]}]},{\"@type\":\"BreadcrumbList\",\"@id\":\"https:\/\/sibeniktaxi.com\/taxi-boat-sibenik\/#breadcrumb\",\"itemListElement\":[{\"@type\":\"ListItem\",\"position\":1,\"name\":\"Taxi \u0160ibenik\",\"item\":\"https:\/\/sibeniktaxi.com\/\"},{\"@type\":\"ListItem\",\"position\":2,\"name\":\"Taxi Boat \u0160ibenik\"}]},{\"@type\":\"WebSite\",\"@id\":\"https:\/\/sibeniktaxi.com\/#website\",\"url\":\"https:\/\/sibeniktaxi.com\/\",\"name\":\"Taxi \u0160ibenik\",\"description\":\"Najbolji Taxi u gradu\",\"publisher\":{\"@id\":\"https:\/\/sibeniktaxi.com\/#organization\"},\"potentialAction\":[{\"@type\":\"SearchAction\",\"target\":{\"@type\":\"EntryPoint\",\"urlTemplate\":\"https:\/\/sibeniktaxi.com\/?s={search_term_string}\"},\"query-input\":\"required name=search_term_string\"}],\"inLanguage\":\"en-US\"},{\"@type\":\"Organization\",\"@id\":\"https:\/\/sibeniktaxi.com\/#organization\",\"name\":\"Taxi \u0160ibenik\",\"url\":\"https:\/\/sibeniktaxi.com\/\",\"sameAs\":[\"https:\/\/www.facebook.com\/sibeniktaxi\/\"],\"logo\":{\"@type\":\"ImageObject\",\"inLanguage\":\"en-US\",\"@id\":\"https:\/\/sibeniktaxi.com\/#\/schema\/logo\/image\/\",\"url\":\"https:\/\/sibeniktaxi.com\/wp-content\/uploads\/2018\/04\/cropped-TAXI-DALMACIJA-logo-lav-rose-3.png\",\"contentUrl\":\"https:\/\/sibeniktaxi.com\/wp-content\/uploads\/2018\/04\/cropped-TAXI-DALMACIJA-logo-lav-rose-3.png\",\"width\":\"240\",\"height\":\"116\",\"caption\":\"Taxi \u0160ibenik\"},\"image\":{\"@id\":\"https:\/\/sibeniktaxi.com\/#\/schema\/logo\/image\/\"}}]}<\/script>\n<!-- \/ Yoast SEO plugin. -->","yoast_head_json":{"title":"Taxi Boat \u0160ibenik | Brz, Siguran i Povoljan","description":"Taxi Boat \u0160ibenik vam omogu\u0107ava da sami odre\u0111ujete pravila dok ste na odmoru. Vi\u0161e vam se nikada ne\u0107e dogoditi da zapnete negdje bez mogu\u0107nosti povratka.","robots":{"index":"index","follow":"follow","max-snippet":"max-snippet:-1","max-image-preview":"max-image-preview:large","max-video-preview":"max-video-preview:-1"},"canonical":"https:\/\/sibeniktaxi.com\/en\/taxi-boat-sibenik\/","og_locale":"en_US","og_type":"article","og_title":"Taxi Boat \u0160ibenik | Brz, Siguran i Povoljan","og_description":"Taxi Boat \u0160ibenik vam omogu\u0107ava da sami odre\u0111ujete pravila dok ste na odmoru. Vi\u0161e vam se nikada ne\u0107e dogoditi da zapnete negdje bez mogu\u0107nosti povratka.","og_url":"https:\/\/sibeniktaxi.com\/en\/taxi-boat-sibenik\/","og_site_name":"Taxi \u0160ibenik","article_publisher":"https:\/\/www.facebook.com\/sibeniktaxi\/","article_modified_time":"2023-03-20T10:24:44+00:00","twitter_card":"summary","twitter_misc":{"Est. reading time":"2 minutes"},"schema":{"@context":"https:\/\/schema.org","@graph":[{"@type":"WebPage","@id":"https:\/\/sibeniktaxi.com\/taxi-boat-sibenik\/","url":"https:\/\/sibeniktaxi.com\/taxi-boat-sibenik\/","name":"Taxi Boat \u0160ibenik | Brz, Siguran i Povoljan","isPartOf":{"@id":"https:\/\/sibeniktaxi.com\/#website"},"datePublished":"2019-06-01T10:04:28+00:00","dateModified":"2023-03-20T10:24:44+00:00","description":"Taxi Boat \u0160ibenik vam omogu\u0107ava da sami odre\u0111ujete pravila dok ste na odmoru. Vi\u0161e vam se nikada ne\u0107e dogoditi da zapnete negdje bez mogu\u0107nosti povratka.","breadcrumb":{"@id":"https:\/\/sibeniktaxi.com\/taxi-boat-sibenik\/#breadcrumb"},"inLanguage":"en-US","potentialAction":[{"@type":"ReadAction","target":["https:\/\/sibeniktaxi.com\/taxi-boat-sibenik\/"]}]},{"@type":"BreadcrumbList","@id":"https:\/\/sibeniktaxi.com\/taxi-boat-sibenik\/#breadcrumb","itemListElement":[{"@type":"ListItem","position":1,"name":"Taxi \u0160ibenik","item":"https:\/\/sibeniktaxi.com\/"},{"@type":"ListItem","position":2,"name":"Taxi Boat \u0160ibenik"}]},{"@type":"WebSite","@id":"https:\/\/sibeniktaxi.com\/#website","url":"https:\/\/sibeniktaxi.com\/","name":"Taxi \u0160ibenik","description":"Najbolji Taxi u gradu","publisher":{"@id":"https:\/\/sibeniktaxi.com\/#organization"},"potentialAction":[{"@type":"SearchAction","target":{"@type":"EntryPoint","urlTemplate":"https:\/\/sibeniktaxi.com\/?s={search_term_string}"},"query-input":"required name=search_term_string"}],"inLanguage":"en-US"},{"@type":"Organization","@id":"https:\/\/sibeniktaxi.com\/#organization","name":"Taxi \u0160ibenik","url":"https:\/\/sibeniktaxi.com\/","sameAs":["https:\/\/www.facebook.com\/sibeniktaxi\/"],"logo":{"@type":"ImageObject","inLanguage":"en-US","@id":"https:\/\/sibeniktaxi.com\/#\/schema\/logo\/image\/","url":"https:\/\/sibeniktaxi.com\/wp-content\/uploads\/2018\/04\/cropped-TAXI-DALMACIJA-logo-lav-rose-3.png","contentUrl":"https:\/\/sibeniktaxi.com\/wp-content\/uploads\/2018\/04\/cropped-TAXI-DALMACIJA-logo-lav-rose-3.png","width":"240","height":"116","caption":"Taxi \u0160ibenik"},"image":{"@id":"https:\/\/sibeniktaxi.com\/#\/schema\/logo\/image\/"}}]}},"_links":{"self":[{"href":"https:\/\/sibeniktaxi.com\/en\/wp-json\/wp\/v2\/pages\/1519"}],"collection":[{"href":"https:\/\/sibeniktaxi.com\/en\/wp-json\/wp\/v2\/pages"}],"about":[{"href":"https:\/\/sibeniktaxi.com\/en\/wp-json\/wp\/v2\/types\/page"}],"author":[{"embeddable":true,"href":"https:\/\/sibeniktaxi.com\/en\/wp-json\/wp\/v2\/users\/1"}],"replies":[{"embeddable":true,"href":"https:\/\/sibeniktaxi.com\/en\/wp-json\/wp\/v2\/comments?post=1519"}],"version-history":[{"count":3,"href":"https:\/\/sibeniktaxi.com\/en\/wp-json\/wp\/v2\/pages\/1519\/revisions"}],"predecessor-version":[{"id":3017,"href":"https:\/\/sibeniktaxi.com\/en\/wp-json\/wp\/v2\/pages\/1519\/revisions\/3017"}],"wp:attachment":[{"href":"https:\/\/sibeniktaxi.com\/en\/wp-json\/wp\/v2\/media?parent=1519"}],"curies":[{"name":"wp","href":"https:\/\/api.w.org\/{rel}","templated":true}]}}