{"id":1790,"date":"2020-08-26T06:08:29","date_gmt":"2020-08-26T06:08:29","guid":{"rendered":"https:\/\/sibeniktaxi.com\/?page_id=1790"},"modified":"2023-01-25T11:42:21","modified_gmt":"2023-01-25T11:42:21","slug":"od-sibenika-do-zracne-luke-split","status":"publish","type":"page","link":"https:\/\/sibeniktaxi.com\/en\/airport-transfers\/from-sibenik-to-split-airport\/","title":{"rendered":"Transfer from \u0160ibenik to Split Airport"},"content":{"rendered":"<div data-elementor-type=\"wp-page\" data-elementor-id=\"1790\" class=\"elementor elementor-1790\">\n\t\t\t\t\t\t\t\t\t<section class=\"elementor-section elementor-top-section elementor-element elementor-element-61a6277f elementor-section-boxed elementor-section-height-default elementor-section-height-default\" data-id=\"61a6277f\" data-element_type=\"section\">\n\t\t\t\t\t\t<div class=\"elementor-container elementor-column-gap-default\">\n\t\t\t\t\t<div class=\"elementor-column elementor-col-100 elementor-top-column elementor-element elementor-element-4b42bca2\" data-id=\"4b42bca2\" data-element_type=\"column\">\n\t\t\t<div class=\"elementor-widget-wrap elementor-element-populated\">\n\t\t\t\t\t\t\t\t<div class=\"elementor-element elementor-element-59e0e9 elementor-widget elementor-widget-text-editor\" data-id=\"59e0e9\" data-element_type=\"widget\" data-widget_type=\"text-editor.default\">\n\t\t\t\t<div class=\"elementor-widget-container\">\n\t\t\t<style>\/*! elementor - v3.14.0 - 26-06-2023 *\/\n.elementor-widget-text-editor.elementor-drop-cap-view-stacked .elementor-drop-cap{background-color:#69727d;color:#fff}.elementor-widget-text-editor.elementor-drop-cap-view-framed .elementor-drop-cap{color:#69727d;border:3px solid;background-color:transparent}.elementor-widget-text-editor:not(.elementor-drop-cap-view-default) .elementor-drop-cap{margin-top:8px}.elementor-widget-text-editor:not(.elementor-drop-cap-view-default) .elementor-drop-cap-letter{width:1em;height:1em}.elementor-widget-text-editor .elementor-drop-cap{float:left;text-align:center;line-height:1;font-size:50px}.elementor-widget-text-editor .elementor-drop-cap-letter{display:inline-block}<\/style>\t\t\t\t<!-- wp:tadv\/classic-paragraph -->\r\n<p><span style=\"font-weight: 400;\">We can all agree on one thing \u2013 the most comfortable and flexible way to get to the ever-so-distant airport is the one we create ourselves. \u201cI have to be there 2 hours early \u2013 the first bus gets there 4 hours early, and if I take the second one I won\u2019t make it to my flight!\u201d\u2026 sound familiar?<\/span><\/p>\r\n<p class=\"translation-block\"><span style=\"font-weight: 400\">For all of you who don't want to live by the timetable, here is your <\/span><b><a href=\"https:\/\/sibeniktaxi.com\/en\/\" target=\"_self\">Taxi \u0160ibenik<\/a><\/b><span style=\"font-weight: 400\"> that will take you to your desired destination whenever you want!<\/span><\/p>\r\n<p><img class=\"aligncenter wp-image-2137 size-full\" src=\"https:\/\/sibeniktaxi.com\/wp-content\/uploads\/2021\/07\/Airport-Split.png\" alt=\"Airport Split\" width=\"100%\" srcset=\"https:\/\/sibeniktaxi.com\/wp-content\/uploads\/2021\/07\/Airport-Split.png 1920w, https:\/\/sibeniktaxi.com\/wp-content\/uploads\/2021\/07\/Airport-Split-300x200.png 300w, https:\/\/sibeniktaxi.com\/wp-content\/uploads\/2021\/07\/Airport-Split-768x512.png 768w, https:\/\/sibeniktaxi.com\/wp-content\/uploads\/2021\/07\/Airport-Split-1024x683.png 1024w, https:\/\/sibeniktaxi.com\/wp-content\/uploads\/2021\/07\/Airport-Split-272x182.png 272w\" sizes=\"(max-width: 1920px) 100vw, 1920px\" \/><\/p>\r\n<h2 style=\"margin-top: 50px;\"><strong>Taxi from \u0160ibenik to Split Airport<\/strong><\/h2>\r\n<p class=\"translation-block\"><b>Taxi transfers to the airport<\/b><span style=\"font-weight: 400\"> are the right choice for travel lovers. Our <\/span><b>Taxi, <\/b><span style=\"font-weight: 400\">which offers the possibility of <\/span><b>passenger transportation to the airport,<\/b><span style=\"font-weight: 400\"> takes you straight to <\/span><b>Split airport<\/b><span style=\"font-weight: 400\">, the closest airport to \u0160ibenik. From the airport in Splita, you can be in London, Oslo, Berlin or another world-famous destination in just one step. If you have chosen one of Lijepa Na\u0161a's destinations for your trip, you need to come to your counter 90 minutes before the flight itself. If, on the other hand, you are one of those who fly outside our borders, you need to arrive at the airport <\/span><b>120 minutes before<\/b><span style=\"font-weight: 400\"> the scheduled flight time.<\/span><\/p>\r\n<p class=\"translation-block\"><span style=\"font-weight: 400\">In addition to the fact that there is a mini-market and a bank at the airport itself, instead of waiting on benches, you will be able to relax and eat at a <\/span><b>restaurant and bistro<\/b><span style=\"font-weight: 400\"> or simply have a coffee at a <\/span><b>caffe bar<\/b><span style=\"font-weight: 400\">. The airport also has a <\/span><b>Duty Free Shop<\/b> <b>with a \u201dFinest of Croatia\u201d corner<\/b><span style=\"font-weight: 400\"> where you can find all Croatian delicatessen products.<\/span><\/p>\r\n<p><span style=\"font-weight: 400;\">Na aerodromu postoji mjesto rezervirano za autotaksi prijevoze i njihove iskrcaje i ukrcaje putnika, stoga, ne brinite, sve je na korak od Vas!<\/span><\/p>\r\n<p>&nbsp;<\/p>\r\n<h2><strong>Taxi transfer price to Split Airport\u00a0<\/strong><\/h2>\r\n<p class=\"translation-block\"><span style=\"font-weight: 400\">Don't worry about finding the right way to get to the airport. Our services are available to everyone at any time of the day or night. Since our main goal is to satisfy you and your wishes, you will all agree that our offer is among the most affordable on the market.<\/span><span style=\"font-weight: 400\"> We offer you the <strong>best prices<\/strong> so that you can get to your flight on time!<\/span><\/p>\r\n<p class=\"translation-block\">In addition to taxi transfers to Split Airport, we also offer transfers to <a href=\"https:\/\/sibeniktaxi.com\/en\/transfer-sibenik-zracna-luka-zadar\/\" target=\"_self\">Zadar Airport<\/a>.<\/p>\r\n<p>&nbsp;<\/p>\r\n<h2><strong>Frequently asked questions<\/strong><\/h2>\r\n<p>            <div class=\"qae-faqs-container qae-faqs-toggle-container\">\n\t\t\t\t\t\t\t<ul class=\"qe-faqs-filters-container\">\n\t\t\t\t<li class=\"active\"><a class=\"qe-faqs-filter all-faqs\" href=\"#\" data-filter=\"*\">All<\/a><\/li>\n\t\t\t\t<li><a class=\"qe-faqs-filter\" href=\"#faq-transfer-sibenik-zracna-luke-split\" data-filter=\".faq-transfer-sibenik-zracna-luke-split\">FAQ &#8211; Transfer od \u0160ibenika do Zra\u010dne Luke Split<\/a><\/li>\t\t\t<\/ul>\n\t\t\t\t\t<div id=\"qaef-2114\" class=\"qe-faq-toggle faq-transfer-sibenik-zracna-luke-split\">\n\t\t\t<div class=\"qe-toggle-title\">\n\t\t\t\t<h4>\n\t\t\t\t\t<i class=\"fa fa-minus-circle\"><\/i> Koliko sati prije leta moram biti u Zra\u010dnoj luci Split?\t\t\t\t<\/h4>\n\t\t\t<\/div>\n\t\t\t<div class=\"qe-toggle-content translation-block\">You need to arrive <strong>9<\/strong><strong>0 minutes<\/strong> before for a domestic flight, or <strong>120 minutes<\/strong> before for an international flight.<\/div>\n\t\t<\/div>\n\t\t\t\t<div id=\"qaef-2113\" class=\"qe-faq-toggle faq-transfer-sibenik-zracna-luke-split\">\n\t\t\t<div class=\"qe-toggle-title\">\n\t\t\t\t<h4>\n\t\t\t\t\t<i class=\"fa fa-minus-circle\"><\/i> Koliko traje taxi vo\u017enja od \u0160ibenika do Zra\u010dne luke Split?\t\t\t\t<\/h4>\n\t\t\t<\/div>\n\t\t\t<div class=\"qe-toggle-content\">\n\t\t\t\t<p>The ride takes 50 minutes.<\/p>\n\t\t\t<\/div>\n\t\t<\/div>\n\t\t\t\t<div id=\"qaef-2112\" class=\"qe-faq-toggle faq-transfer-sibenik-zracna-luke-split\">\n\t\t\t<div class=\"qe-toggle-title\">\n\t\t\t\t<h4>\n\t\t\t\t\t<i class=\"fa fa-minus-circle\"><\/i> Kolika je udaljenost od \u0160ibenika do Zra\u010dne luke Split?\t\t\t\t<\/h4>\n\t\t\t<\/div>\n\t\t\t<div class=\"qe-toggle-content\">\n\t\t\t\t<p>60 km<\/p>\n\t\t\t<\/div>\n\t\t<\/div>\n\t\t            <\/div>\n\t\t<\/p>\r\n<p>&nbsp;<\/p>\r\n<p>&nbsp;<\/p>\r\n<h2><strong>Book a Transfer<\/strong><\/h2>\r\n<p class=\"translation-block\">We all deserve to create our own plans. This time, therefore, <a href=\"tel:+38598266550\" target=\"_self\">call our Taxi \u0160ibenik<\/a> that runs according to <strong>your<\/strong> schedule or fill out the contact form!<\/p>\r\n<p>\n<div class=\"wpcf7 no-js\" id=\"wpcf7-f2109-o1\" lang=\"en-US\" dir=\"ltr\">\n<div class=\"screen-reader-response\"><p role=\"status\" aria-live=\"polite\" aria-atomic=\"true\"><\/p> <ul><\/ul><\/div>\n<form action=\"\/en\/wp-json\/wp\/v2\/pages\/1790#wpcf7-f2109-o1\" method=\"post\" class=\"wpcf7-form init\" aria-label=\"Contact form\" novalidate=\"novalidate\" data-status=\"init\" data-trp-original-action=\"\/en\/wp-json\/wp\/v2\/pages\/1790#wpcf7-f2109-o1\">\n<div style=\"display: none;\">\n<input type=\"hidden\" name=\"_wpcf7\" value=\"2109\" \/>\n<input type=\"hidden\" name=\"_wpcf7_version\" value=\"5.7.7\" \/>\n<input type=\"hidden\" name=\"_wpcf7_locale\" value=\"en_US\" \/>\n<input type=\"hidden\" name=\"_wpcf7_unit_tag\" value=\"wpcf7-f2109-o1\" \/>\n<input type=\"hidden\" name=\"_wpcf7_container_post\" value=\"0\" \/>\n<input type=\"hidden\" name=\"_wpcf7_posted_data_hash\" value=\"\" \/>\n<input type=\"hidden\" name=\"_wpcf7_recaptcha_response\" value=\"\" \/>\n<\/div>\n<p><label> Your Email (required)<br \/>\n<span class=\"wpcf7-form-control-wrap\" data-name=\"your-email\"><input size=\"40\" class=\"wpcf7-form-control wpcf7-text wpcf7-email wpcf7-validates-as-required wpcf7-validates-as-email\" aria-required=\"true\" aria-invalid=\"false\" value=\"\" type=\"email\" name=\"your-email\" \/><\/span> <\/label>\n<\/p>\n<p><label> Contact Number<br \/>\n<span class=\"wpcf7-form-control-wrap\" data-name=\"your-phone\"><input size=\"40\" class=\"wpcf7-form-control wpcf7-text wpcf7-tel wpcf7-validates-as-tel\" aria-invalid=\"false\" placeholder=\"+385\" value=\"\" type=\"tel\" name=\"your-phone\" \/><\/span><\/label>\n<\/p>\n<p><label> Time (required)<br \/>\n<span class=\"wpcf7-form-control-wrap\" data-name=\"your-time\"><input size=\"40\" class=\"wpcf7-form-control wpcf7-text wpcf7-validates-as-required\" aria-required=\"true\" aria-invalid=\"false\" value=\"\" type=\"text\" name=\"your-time\" \/><\/span> <\/label>\n<\/p>\n<p><label> Date (required)<br \/>\n<span class=\"wpcf7-form-control-wrap\" data-name=\"your-date\"><input class=\"wpcf7-form-control wpcf7-date wpcf7-validates-as-required wpcf7-validates-as-date required\" min=\"2026-04-15\" step=\"1\" aria-required=\"true\" aria-invalid=\"false\" value=\"\" type=\"date\" name=\"your-date\" \/><\/span> <\/label>\n<\/p>\n<p><label> Note<br \/>\n<span class=\"wpcf7-form-control-wrap\" data-name=\"your-message\"><textarea cols=\"40\" rows=\"10\" class=\"wpcf7-form-control wpcf7-textarea\" aria-invalid=\"false\" name=\"your-message\"><\/textarea><\/span> <\/label>\n<\/p>\n<p><input class=\"wpcf7-form-control has-spinner wpcf7-submit\" type=\"submit\" value=\"Send\" \/>\n<\/p><div class=\"wpcf7-response-output\" aria-hidden=\"true\"><\/div>\n<input type=\"hidden\" name=\"trp-form-language\" value=\"en\"\/><\/form>\n<\/div>\n\u00a0<\/p>\r\n<!-- \/wp:tadv\/classic-paragraph -->\t\t\t\t\t\t<\/div>\n\t\t\t\t<\/div>\n\t\t\t\t\t<\/div>\n\t\t<\/div>\n\t\t\t\t\t\t\t<\/div>\n\t\t<\/section>\n\t\t\t\t<section class=\"elementor-section elementor-top-section elementor-element elementor-element-2848387 elementor-section-boxed elementor-section-height-default elementor-section-height-default\" data-id=\"2848387\" data-element_type=\"section\">\n\t\t\t\t\t\t<div class=\"elementor-container elementor-column-gap-default\">\n\t\t\t\t\t<div class=\"elementor-column elementor-col-100 elementor-top-column elementor-element elementor-element-fa684df\" data-id=\"fa684df\" data-element_type=\"column\">\n\t\t\t<div class=\"elementor-widget-wrap elementor-element-populated\">\n\t\t\t\t\t\t\t\t<div class=\"elementor-element elementor-element-6b53a05 elementor-widget elementor-widget-heading\" data-id=\"6b53a05\" data-element_type=\"widget\" data-widget_type=\"heading.default\">\n\t\t\t\t<div class=\"elementor-widget-container\">\n\t\t\t<style>\/*! elementor - v3.14.0 - 26-06-2023 *\/\n.elementor-heading-title{padding:0;margin:0;line-height:1}.elementor-widget-heading .elementor-heading-title[class*=elementor-size-]>a{color:inherit;font-size:inherit;line-height:inherit}.elementor-widget-heading .elementor-heading-title.elementor-size-small{font-size:15px}.elementor-widget-heading .elementor-heading-title.elementor-size-medium{font-size:19px}.elementor-widget-heading .elementor-heading-title.elementor-size-large{font-size:29px}.elementor-widget-heading .elementor-heading-title.elementor-size-xl{font-size:39px}.elementor-widget-heading .elementor-heading-title.elementor-size-xxl{font-size:59px}<\/style><h2 class=\"elementor-heading-title elementor-size-default\">You might be interested...<\/h2>\t\t<\/div>\n\t\t\t\t<\/div>\n\t\t\t\t\t<\/div>\n\t\t<\/div>\n\t\t\t\t\t\t\t<\/div>\n\t\t<\/section>\n\t\t\t\t<section class=\"elementor-section elementor-top-section elementor-element elementor-element-3f71275 elementor-section-boxed elementor-section-height-default elementor-section-height-default\" data-id=\"3f71275\" data-element_type=\"section\">\n\t\t\t\t\t\t<div class=\"elementor-container elementor-column-gap-default\">\n\t\t\t\t\t<div class=\"elementor-column elementor-col-100 elementor-top-column elementor-element elementor-element-f6a3413\" data-id=\"f6a3413\" data-element_type=\"column\">\n\t\t\t<div class=\"elementor-widget-wrap elementor-element-populated\">\n\t\t\t\t\t\t\t\t\t<\/div>\n\t\t<\/div>\n\t\t\t\t\t\t\t<\/div>\n\t\t<\/section>\n\t\t\t\t\t\t\t<\/div>","protected":false},"excerpt":{"rendered":"<p>Svi se mo\u017eemo slo\u017eiti oko jedne stvari \u2013 najudobniji i najfleksibilniji na\u010din za do\u0107i do uvijek malo udaljenog aerodroma je onaj na\u010din kojeg sami stvorimo. &#8221;Moram biti tamo 2 sata ranije &#8211; prvi autobus dolazi tamo ve\u0107 4 sata ranije, a ako idem drugim ne\u0107u sti\u0107i na let!&#8221;&#8230; zvu\u010di poznato?&#8230;<\/p>","protected":false},"author":5,"featured_media":1798,"parent":2168,"menu_order":0,"comment_status":"closed","ping_status":"closed","template":"","meta":{"_mi_skip_tracking":false,"_exactmetrics_sitenote_active":false,"_exactmetrics_sitenote_note":"","_exactmetrics_sitenote_category":0},"yoast_head":"<!-- This site is optimized with the Yoast SEO plugin v19.6.1 - https:\/\/yoast.com\/wordpress\/plugins\/seo\/ -->\n<title>Transfer \u0160ibenik - Zra\u010dna luka Split | Taxi \u0160ibenik<\/title>\n<meta name=\"description\" content=\"Taxi \u0160ibenik Vam osigurava brzu i povoljnu transfer uslugu od \u0160ibenika do aerodroma u Splitu. Kontaktirajte nas za rezervaciju vozila u \u017eeljenom terminu!\" \/>\n<meta name=\"robots\" content=\"index, follow, max-snippet:-1, max-image-preview:large, max-video-preview:-1\" \/>\n<link rel=\"canonical\" href=\"https:\/\/sibeniktaxi.com\/en\/airport-transferi\/od-sibenika-do-zracne-luke-split\/\" \/>\n<meta property=\"og:locale\" content=\"en_US\" \/>\n<meta property=\"og:type\" content=\"article\" \/>\n<meta property=\"og:title\" content=\"Transfer \u0160ibenik - Zra\u010dna luka Split | Taxi \u0160ibenik\" \/>\n<meta property=\"og:description\" content=\"Taxi \u0160ibenik Vam osigurava brzu i povoljnu transfer uslugu od \u0160ibenika do aerodroma u Splitu. Kontaktirajte nas za rezervaciju vozila u \u017eeljenom terminu!\" \/>\n<meta property=\"og:url\" content=\"https:\/\/sibeniktaxi.com\/en\/airport-transferi\/od-sibenika-do-zracne-luke-split\/\" \/>\n<meta property=\"og:site_name\" content=\"Taxi \u0160ibenik\" \/>\n<meta property=\"article:publisher\" content=\"https:\/\/www.facebook.com\/sibeniktaxi\/\" \/>\n<meta property=\"article:modified_time\" content=\"2023-01-25T11:42:21+00:00\" \/>\n<meta property=\"og:image\" content=\"https:\/\/sibeniktaxi.com\/wp-content\/uploads\/2020\/08\/Transfer-od-Sibenika-do-Zra\u010dne-luke-Split.jpg\" \/>\n\t<meta property=\"og:image:width\" content=\"400\" \/>\n\t<meta property=\"og:image:height\" content=\"267\" \/>\n\t<meta property=\"og:image:type\" content=\"image\/jpeg\" \/>\n<meta name=\"twitter:card\" content=\"summary\" \/>\n<meta name=\"twitter:label1\" content=\"Est. reading time\" \/>\n\t<meta name=\"twitter:data1\" content=\"2 minutes\" \/>\n<script type=\"application\/ld+json\" class=\"yoast-schema-graph\">{\"@context\":\"https:\/\/schema.org\",\"@graph\":[{\"@type\":\"WebPage\",\"@id\":\"https:\/\/sibeniktaxi.com\/airport-transferi\/od-sibenika-do-zracne-luke-split\/\",\"url\":\"https:\/\/sibeniktaxi.com\/airport-transferi\/od-sibenika-do-zracne-luke-split\/\",\"name\":\"Transfer \u0160ibenik - Zra\u010dna luka Split | Taxi \u0160ibenik\",\"isPartOf\":{\"@id\":\"https:\/\/sibeniktaxi.com\/#website\"},\"datePublished\":\"2020-08-26T06:08:29+00:00\",\"dateModified\":\"2023-01-25T11:42:21+00:00\",\"description\":\"Taxi \u0160ibenik Vam osigurava brzu i povoljnu transfer uslugu od \u0160ibenika do aerodroma u Splitu. Kontaktirajte nas za rezervaciju vozila u \u017eeljenom terminu!\",\"breadcrumb\":{\"@id\":\"https:\/\/sibeniktaxi.com\/airport-transferi\/od-sibenika-do-zracne-luke-split\/#breadcrumb\"},\"inLanguage\":\"en-US\",\"potentialAction\":[{\"@type\":\"ReadAction\",\"target\":[\"https:\/\/sibeniktaxi.com\/airport-transferi\/od-sibenika-do-zracne-luke-split\/\"]}]},{\"@type\":\"BreadcrumbList\",\"@id\":\"https:\/\/sibeniktaxi.com\/airport-transferi\/od-sibenika-do-zracne-luke-split\/#breadcrumb\",\"itemListElement\":[{\"@type\":\"ListItem\",\"position\":1,\"name\":\"Taxi \u0160ibenik\",\"item\":\"https:\/\/sibeniktaxi.com\/\"},{\"@type\":\"ListItem\",\"position\":2,\"name\":\"Airport transferi\",\"item\":\"https:\/\/sibeniktaxi.com\/airport-transferi\/\"},{\"@type\":\"ListItem\",\"position\":3,\"name\":\"Transfer od \u0160ibenika do Zra\u010dne Luke Split\"}]},{\"@type\":\"WebSite\",\"@id\":\"https:\/\/sibeniktaxi.com\/#website\",\"url\":\"https:\/\/sibeniktaxi.com\/\",\"name\":\"Taxi \u0160ibenik\",\"description\":\"Najbolji Taxi u gradu\",\"publisher\":{\"@id\":\"https:\/\/sibeniktaxi.com\/#organization\"},\"potentialAction\":[{\"@type\":\"SearchAction\",\"target\":{\"@type\":\"EntryPoint\",\"urlTemplate\":\"https:\/\/sibeniktaxi.com\/?s={search_term_string}\"},\"query-input\":\"required name=search_term_string\"}],\"inLanguage\":\"en-US\"},{\"@type\":\"Organization\",\"@id\":\"https:\/\/sibeniktaxi.com\/#organization\",\"name\":\"Taxi \u0160ibenik\",\"url\":\"https:\/\/sibeniktaxi.com\/\",\"sameAs\":[\"https:\/\/www.facebook.com\/sibeniktaxi\/\"],\"logo\":{\"@type\":\"ImageObject\",\"inLanguage\":\"en-US\",\"@id\":\"https:\/\/sibeniktaxi.com\/#\/schema\/logo\/image\/\",\"url\":\"https:\/\/sibeniktaxi.com\/wp-content\/uploads\/2018\/04\/cropped-TAXI-DALMACIJA-logo-lav-rose-3.png\",\"contentUrl\":\"https:\/\/sibeniktaxi.com\/wp-content\/uploads\/2018\/04\/cropped-TAXI-DALMACIJA-logo-lav-rose-3.png\",\"width\":\"240\",\"height\":\"116\",\"caption\":\"Taxi \u0160ibenik\"},\"image\":{\"@id\":\"https:\/\/sibeniktaxi.com\/#\/schema\/logo\/image\/\"}}]}<\/script>\n<!-- \/ Yoast SEO plugin. -->","yoast_head_json":{"title":"Transfer \u0160ibenik - Zra\u010dna luka Split | Taxi \u0160ibenik","description":"Taxi \u0160ibenik Vam osigurava brzu i povoljnu transfer uslugu od \u0160ibenika do aerodroma u Splitu. Kontaktirajte nas za rezervaciju vozila u \u017eeljenom terminu!","robots":{"index":"index","follow":"follow","max-snippet":"max-snippet:-1","max-image-preview":"max-image-preview:large","max-video-preview":"max-video-preview:-1"},"canonical":"https:\/\/sibeniktaxi.com\/en\/airport-transferi\/od-sibenika-do-zracne-luke-split\/","og_locale":"en_US","og_type":"article","og_title":"Transfer \u0160ibenik - Zra\u010dna luka Split | Taxi \u0160ibenik","og_description":"Taxi \u0160ibenik Vam osigurava brzu i povoljnu transfer uslugu od \u0160ibenika do aerodroma u Splitu. Kontaktirajte nas za rezervaciju vozila u \u017eeljenom terminu!","og_url":"https:\/\/sibeniktaxi.com\/en\/airport-transferi\/od-sibenika-do-zracne-luke-split\/","og_site_name":"Taxi \u0160ibenik","article_publisher":"https:\/\/www.facebook.com\/sibeniktaxi\/","article_modified_time":"2023-01-25T11:42:21+00:00","og_image":[{"width":400,"height":267,"url":"https:\/\/sibeniktaxi.com\/wp-content\/uploads\/2020\/08\/Transfer-od-Sibenika-do-Zra\u010dne-luke-Split.jpg","type":"image\/jpeg"}],"twitter_card":"summary","twitter_misc":{"Est. reading time":"2 minutes"},"schema":{"@context":"https:\/\/schema.org","@graph":[{"@type":"WebPage","@id":"https:\/\/sibeniktaxi.com\/airport-transferi\/od-sibenika-do-zracne-luke-split\/","url":"https:\/\/sibeniktaxi.com\/airport-transferi\/od-sibenika-do-zracne-luke-split\/","name":"Transfer \u0160ibenik - Zra\u010dna luka Split | Taxi \u0160ibenik","isPartOf":{"@id":"https:\/\/sibeniktaxi.com\/#website"},"datePublished":"2020-08-26T06:08:29+00:00","dateModified":"2023-01-25T11:42:21+00:00","description":"Taxi \u0160ibenik Vam osigurava brzu i povoljnu transfer uslugu od \u0160ibenika do aerodroma u Splitu. Kontaktirajte nas za rezervaciju vozila u \u017eeljenom terminu!","breadcrumb":{"@id":"https:\/\/sibeniktaxi.com\/airport-transferi\/od-sibenika-do-zracne-luke-split\/#breadcrumb"},"inLanguage":"en-US","potentialAction":[{"@type":"ReadAction","target":["https:\/\/sibeniktaxi.com\/airport-transferi\/od-sibenika-do-zracne-luke-split\/"]}]},{"@type":"BreadcrumbList","@id":"https:\/\/sibeniktaxi.com\/airport-transferi\/od-sibenika-do-zracne-luke-split\/#breadcrumb","itemListElement":[{"@type":"ListItem","position":1,"name":"Taxi \u0160ibenik","item":"https:\/\/sibeniktaxi.com\/"},{"@type":"ListItem","position":2,"name":"Airport transferi","item":"https:\/\/sibeniktaxi.com\/airport-transferi\/"},{"@type":"ListItem","position":3,"name":"Transfer od \u0160ibenika do Zra\u010dne Luke Split"}]},{"@type":"WebSite","@id":"https:\/\/sibeniktaxi.com\/#website","url":"https:\/\/sibeniktaxi.com\/","name":"Taxi \u0160ibenik","description":"Najbolji Taxi u gradu","publisher":{"@id":"https:\/\/sibeniktaxi.com\/#organization"},"potentialAction":[{"@type":"SearchAction","target":{"@type":"EntryPoint","urlTemplate":"https:\/\/sibeniktaxi.com\/?s={search_term_string}"},"query-input":"required name=search_term_string"}],"inLanguage":"en-US"},{"@type":"Organization","@id":"https:\/\/sibeniktaxi.com\/#organization","name":"Taxi \u0160ibenik","url":"https:\/\/sibeniktaxi.com\/","sameAs":["https:\/\/www.facebook.com\/sibeniktaxi\/"],"logo":{"@type":"ImageObject","inLanguage":"en-US","@id":"https:\/\/sibeniktaxi.com\/#\/schema\/logo\/image\/","url":"https:\/\/sibeniktaxi.com\/wp-content\/uploads\/2018\/04\/cropped-TAXI-DALMACIJA-logo-lav-rose-3.png","contentUrl":"https:\/\/sibeniktaxi.com\/wp-content\/uploads\/2018\/04\/cropped-TAXI-DALMACIJA-logo-lav-rose-3.png","width":"240","height":"116","caption":"Taxi \u0160ibenik"},"image":{"@id":"https:\/\/sibeniktaxi.com\/#\/schema\/logo\/image\/"}}]}},"_links":{"self":[{"href":"https:\/\/sibeniktaxi.com\/en\/wp-json\/wp\/v2\/pages\/1790"}],"collection":[{"href":"https:\/\/sibeniktaxi.com\/en\/wp-json\/wp\/v2\/pages"}],"about":[{"href":"https:\/\/sibeniktaxi.com\/en\/wp-json\/wp\/v2\/types\/page"}],"author":[{"embeddable":true,"href":"https:\/\/sibeniktaxi.com\/en\/wp-json\/wp\/v2\/users\/5"}],"replies":[{"embeddable":true,"href":"https:\/\/sibeniktaxi.com\/en\/wp-json\/wp\/v2\/comments?post=1790"}],"version-history":[{"count":47,"href":"https:\/\/sibeniktaxi.com\/en\/wp-json\/wp\/v2\/pages\/1790\/revisions"}],"predecessor-version":[{"id":2915,"href":"https:\/\/sibeniktaxi.com\/en\/wp-json\/wp\/v2\/pages\/1790\/revisions\/2915"}],"up":[{"embeddable":true,"href":"https:\/\/sibeniktaxi.com\/en\/wp-json\/wp\/v2\/pages\/2168"}],"wp:featuredmedia":[{"embeddable":true,"href":"https:\/\/sibeniktaxi.com\/en\/wp-json\/wp\/v2\/media\/1798"}],"wp:attachment":[{"href":"https:\/\/sibeniktaxi.com\/en\/wp-json\/wp\/v2\/media?parent=1790"}],"curies":[{"name":"wp","href":"https:\/\/api.w.org\/{rel}","templated":true}]}}