{"id":2012,"date":"2021-06-29T12:00:50","date_gmt":"2021-06-29T12:00:50","guid":{"rendered":"https:\/\/sibeniktaxi.com\/?page_id=2012"},"modified":"2021-07-12T22:56:22","modified_gmt":"2021-07-12T22:56:22","slug":"jednodnevni-izlet-u-split","status":"publish","type":"page","link":"https:\/\/sibeniktaxi.com\/en\/one-day-trip-to-split\/","title":{"rendered":"One day trip to Split"},"content":{"rendered":"<p class=\"translation-block\"><span style=\"font-weight: 400\">Thanks to its excellent <strong>geographical position<\/strong>, it is quite easy to explore the rest of <strong>Dalmatia<\/strong> from \u0160ibenik. Whether you are interested in its hinterland or other beautiful places on the coast, there are plenty of interesting destinations, and the <strong>transport connections<\/strong> are very good. The fast motorway or the idyllic main road provide you with countless options when it comes to travel.<\/span><\/p>\n<p class=\"translation-block\"><span style=\"font-weight: 400\">One \u200b\u200bof the most interesting options is a visit to the beautiful <strong>Split<\/strong>, the largest city in this part of Croatia. It is only a <strong>45-minute drive away<\/strong>, and thanks to <\/span><a href=\"https:\/\/sibeniktaxi.com\/en\/\" target=\"_self\"><span style=\"font-weight: 400\">Taxi \u0160ibenik<\/span><\/a><span style=\"font-weight: 400\">, you don't have to worry about organizing your transportation. Our experienced and reliable drivers (and vehicles) will make sure that you enjoy the ride and set off to explore <strong>Diocletian's City<\/strong> fresh and rested.<\/span><\/p>\n<p class=\"translation-block\"><span style=\"font-weight: 400\">Of course, the question arises which <strong>sights<\/strong> to visit. So here are some suggestions on how to organize your <strong>trip to Split<\/strong>.<\/span><\/p>\n<p><img class=\"aligncenter wp-image-2014 size-full\" src=\"https:\/\/sibeniktaxi.com\/wp-content\/uploads\/2021\/07\/grad-split.png\" alt=\"grad split\" width=\"100%\" srcset=\"https:\/\/sibeniktaxi.com\/wp-content\/uploads\/2021\/07\/grad-split.png 1920w, https:\/\/sibeniktaxi.com\/wp-content\/uploads\/2021\/07\/grad-split-300x200.png 300w, https:\/\/sibeniktaxi.com\/wp-content\/uploads\/2021\/07\/grad-split-768x512.png 768w, https:\/\/sibeniktaxi.com\/wp-content\/uploads\/2021\/07\/grad-split-1024x683.png 1024w, https:\/\/sibeniktaxi.com\/wp-content\/uploads\/2021\/07\/grad-split-272x182.png 272w\" sizes=\"(max-width: 1920px) 100vw, 1920px\" \/><\/p>\n<p>&nbsp;<\/p>\n<h2><span style=\"font-weight: 400;\">Diocletian's Palace<\/span><\/h2>\n<p class=\"translation-block\"><span style=\"font-weight: 400\">Of course, <strong>Diocletian's Palace<\/strong> should be the centerpiece of any Split sightseeing tour. This imposing structure, built by no less than a <strong>Roman emperor<\/strong>, is still alive and well today, boasting impressive <strong>historical landmarks<\/strong> and many examples of different <strong>architecture styles<\/strong>.<\/span><\/p>\n<p class=\"translation-block\"><span style=\"font-weight: 400\">The central square of the palace is the <strong>Peristil<\/strong>, and during the summer you can often see \"<strong>Diocletian<\/strong>\" and his empress <strong>Prisca<\/strong> there at noon greeting all visitors and welcoming them. Of course, you won't be able to miss the <strong>Cathedral of St. Domnius<\/strong>, or St. Domnius, as the people of Split call their <strong>heavenly patron<\/strong>, which is located on the Peristyle itself.<\/span><\/p>\n<p class=\"translation-block\"><span style=\"font-weight: 400\">But the palace offers much more to see. Its narrow stone streets exude <strong>Mediterranean charm<\/strong> and are full of excellent restaurants where you can enjoy a meal in an unforgettable atmosphere. On the south side of the Peristyle is the entrance to the <strong>Diocletian's Cellars<\/strong>, where you can buy a variety of souvenirs, and you can also go deeper into the bowels of the palace itself, into rooms that were, among other things, used for filming the mega-popular <strong>Game of Thrones<\/strong> series.<\/span><\/p>\n<p><img class=\"aligncenter wp-image-2018 size-full\" src=\"https:\/\/sibeniktaxi.com\/wp-content\/uploads\/2021\/07\/taxi_sibenik.png\" alt=\"peristil\" width=\"100%\" srcset=\"https:\/\/sibeniktaxi.com\/wp-content\/uploads\/2021\/07\/taxi_sibenik.png 1920w, https:\/\/sibeniktaxi.com\/wp-content\/uploads\/2021\/07\/taxi_sibenik-300x200.png 300w, https:\/\/sibeniktaxi.com\/wp-content\/uploads\/2021\/07\/taxi_sibenik-768x512.png 768w, https:\/\/sibeniktaxi.com\/wp-content\/uploads\/2021\/07\/taxi_sibenik-1024x683.png 1024w, https:\/\/sibeniktaxi.com\/wp-content\/uploads\/2021\/07\/taxi_sibenik-272x182.png 272w\" sizes=\"(max-width: 1920px) 100vw, 1920px\" \/><\/p>\n<p>&nbsp;<\/p>\n<h2><span style=\"font-weight: 400;\">Riva<\/span><\/h2>\n<p class=\"translation-block\"><span style=\"font-weight: 400\">The southern exit and basement of the palace will take you right to <strong>Split's Riva<\/strong>, the favorite promenade of the people of Split. Numerous cafes here offer you the opportunity to enjoy your favorite drink with <strong>the sound of seagulls<\/strong>, <strong>a view of the sea and islands<\/strong> in the distance. True, the prices are a bit more expensive than usual, but for drinking drinks in the hot summer months, this is by far the <strong>most popular place in the city<\/strong>, and a visit to Split is not complete until you have had a coffee here.<\/span><\/p>\n<p class=\"translation-block\"><span style=\"font-weight: 400\">You will also find restaurants on and near the Riva, and on its <strong>western part<\/strong>, the Riva connects to <strong>Prokurative<\/strong>, another famous city square. This place is the stage for many concerts and other <strong>cultural events<\/strong>, and the famous <strong>Split Summer<\/strong> music festival is held here.<\/span><\/p>\n<p><img class=\"aligncenter wp-image-2017 size-full\" src=\"https:\/\/sibeniktaxi.com\/wp-content\/uploads\/2021\/07\/splitska-riva.png\" alt=\"splitska riva\" width=\"100%\" srcset=\"https:\/\/sibeniktaxi.com\/wp-content\/uploads\/2021\/07\/splitska-riva.png 1920w, https:\/\/sibeniktaxi.com\/wp-content\/uploads\/2021\/07\/splitska-riva-300x200.png 300w, https:\/\/sibeniktaxi.com\/wp-content\/uploads\/2021\/07\/splitska-riva-768x512.png 768w, https:\/\/sibeniktaxi.com\/wp-content\/uploads\/2021\/07\/splitska-riva-1024x683.png 1024w, https:\/\/sibeniktaxi.com\/wp-content\/uploads\/2021\/07\/splitska-riva-272x182.png 272w\" sizes=\"(max-width: 1920px) 100vw, 1920px\" \/><\/p>\n<p>&nbsp;<\/p>\n<h2><span style=\"font-weight: 400;\">Marjan and the seersucker<\/span><\/h2>\n<p class=\"translation-block\"><span style=\"font-weight: 400\">From the Riva, there is a perfect view of <strong>Marjan Hill<\/strong>, a green oasis that is also one of the <strong>symbols of Split<\/strong>. If you want to climb it, good news - you can easily do so because from the Riva you can easily reach the stairs that lead to the famous \"<strong>first viewpoint<\/strong>\", a lookout point from which you can enjoy a beautiful view of the old part of the city. <\/span><\/p>\n<p class=\"translation-block\"><span style=\"font-weight: 400\">And if by any chance you can come here in the evening, don't miss it because <strong>the experience is simply magical<\/strong>. There is also a caf\u00e9\/restaurant where you can get refreshments, and dinner here will surely enchant your better half.<\/span><\/p>\n<p class=\"translation-block\"><span style=\"font-weight: 400\">But this is not the only viewpoint you can enjoy. There are several of them all over the hill, and there is also a terrace at the top of Marjan that offers an incredible view. In addition, if you decide to do a little <strong>hiking<\/strong>, you will discover a series of <strong>charming churches<\/strong> hidden among this greenery. A little effort can bring you an unforgettable day in Split.<\/span><\/p>\n<p><img class=\"aligncenter wp-image-2015 size-full\" src=\"https:\/\/sibeniktaxi.com\/wp-content\/uploads\/2021\/07\/marjan-split.png\" alt=\"marjan split\" width=\"100%\" srcset=\"https:\/\/sibeniktaxi.com\/wp-content\/uploads\/2021\/07\/marjan-split.png 1920w, https:\/\/sibeniktaxi.com\/wp-content\/uploads\/2021\/07\/marjan-split-300x200.png 300w, https:\/\/sibeniktaxi.com\/wp-content\/uploads\/2021\/07\/marjan-split-768x512.png 768w, https:\/\/sibeniktaxi.com\/wp-content\/uploads\/2021\/07\/marjan-split-1024x683.png 1024w, https:\/\/sibeniktaxi.com\/wp-content\/uploads\/2021\/07\/marjan-split-272x182.png 272w\" sizes=\"(max-width: 1920px) 100vw, 1920px\" \/><\/p>\n<p>&nbsp;<\/p>\n<h2><span style=\"font-weight: 400;\">Other attractions<\/span><\/h2>\n<p class=\"translation-block\"><span style=\"font-weight: 400\">Of course, there is much more to enjoy in Split. <strong>Pjaca<\/strong> is another beautiful city square that is really worth a visit, and the <strong>Split City Museum<\/strong> is located in a unique location in the beautiful <strong>Papali\u0107 Palace<\/strong>, and <strong>Poljud Stadium<\/strong> is also worth a visit, not only because it is the home of <strong>Hajduk<\/strong>, which is like a religion to all Split residents, but also because it is an extremely valuable architectural achievement that has been declared a <strong>cultural asset of the Republic of Croatia<\/strong>. <\/span><\/p>\n<p class=\"translation-block\"><span style=\"font-weight: 400\">And if you're into swimming, <strong>Ba\u010dvice<\/strong> is a cult Split beach, but there are also beautiful beaches around Marjan: <strong>Ka\u0161juni<\/strong> on one side and <strong>Bena and Prva voda<\/strong> on the other.<\/span><\/p>\n<p><img class=\"aligncenter wp-image-2016 size-full\" src=\"https:\/\/sibeniktaxi.com\/wp-content\/uploads\/2021\/07\/plaza-bacvice.png\" alt=\"plaza bacvice\" width=\"100%\" srcset=\"https:\/\/sibeniktaxi.com\/wp-content\/uploads\/2021\/07\/plaza-bacvice.png 1920w, https:\/\/sibeniktaxi.com\/wp-content\/uploads\/2021\/07\/plaza-bacvice-300x200.png 300w, https:\/\/sibeniktaxi.com\/wp-content\/uploads\/2021\/07\/plaza-bacvice-768x512.png 768w, https:\/\/sibeniktaxi.com\/wp-content\/uploads\/2021\/07\/plaza-bacvice-1024x683.png 1024w, https:\/\/sibeniktaxi.com\/wp-content\/uploads\/2021\/07\/plaza-bacvice-272x182.png 272w\" sizes=\"(max-width: 1920px) 100vw, 1920px\" \/><\/p>\n<p>&nbsp;<\/p>\n<h2><span style=\"font-weight: 400;\">Treat yourself to a trip to the Dalmatian metropolis<\/span><\/h2>\n<p class=\"translation-block\"><span style=\"font-weight: 400\">All in all <strong>from \u0160ibenik to Split<\/strong> can be reached quite quickly, and <strong>Taxi \u0160ibenik<\/strong> will make sure that your trip is as comfortable as possible. Get to know this very special <strong>Mediterranean city<\/strong> and check for yourself if all the stories you've heard about it are true. Thanks to numerous <strong>sights<\/strong>, excellent <strong>restaurants and cafes<\/strong>, <strong>Marjan<\/strong> and fantastic <strong>beaches<\/strong>, you can be sure that one day in Split will be filled with positive experiences.<\/span><\/p>\n<p class=\"translation-block\"><span style=\"font-weight: 400\">All you need to do is <strong>contact us<\/strong> and <strong>arrange a departure<\/strong>. Then relax and enjoy the trip.<\/span><\/p>\n<p><iframe loading=\"lazy\" title=\"Split in 4K\" width=\"790\" height=\"444\" src=\"https:\/\/www.youtube.com\/embed\/kb1cOVOZZBE?feature=oembed\" frameborder=\"0\" allow=\"accelerometer; autoplay; clipboard-write; encrypted-media; gyroscope; picture-in-picture\" allowfullscreen><\/iframe><\/p>","protected":false},"excerpt":{"rendered":"<p>Zahvaljuju\u0107i njegovom odli\u010dnom zemljopisnom polo\u017eaju, iz \u0160ibenika je prili\u010dno lako otisnuti se u istra\u017eivanje ostatka Dalmacije. Bilo da vas zanima njezino zale\u0111e ili druga prekrasna mjesta na obali, zanimljivih destinacija je pregr\u0161t, a prometne veze vrlo dobre. Brza autocesta ili idili\u010dna magistrala pru\u017eaju vam nebrojene mogu\u0107nosti kada su putovanja u&#8230;<\/p>","protected":false},"author":5,"featured_media":2014,"parent":0,"menu_order":0,"comment_status":"closed","ping_status":"closed","template":"","meta":{"_mi_skip_tracking":false,"_exactmetrics_sitenote_active":false,"_exactmetrics_sitenote_note":"","_exactmetrics_sitenote_category":0},"yoast_head":"<!-- This site is optimized with the Yoast SEO plugin v19.6.1 - https:\/\/yoast.com\/wordpress\/plugins\/seo\/ -->\n<title>Jednodnevni izlet u Split | Taxi \u0160ibenik<\/title>\n<meta name=\"description\" content=\"\u017delite na izlet u Split? Jednostavno organizirajte brz, povoljan i udoban prijevoz iz \u0160ibenika i u\u017eivajte u Dioklecijanovom gradu!\" \/>\n<meta name=\"robots\" content=\"index, follow, max-snippet:-1, max-image-preview:large, max-video-preview:-1\" \/>\n<link rel=\"canonical\" href=\"https:\/\/sibeniktaxi.com\/en\/jednodnevni-izlet-u-split\/\" \/>\n<meta property=\"og:locale\" content=\"en_US\" \/>\n<meta property=\"og:type\" content=\"article\" \/>\n<meta property=\"og:title\" content=\"Jednodnevni izlet u Split | Taxi \u0160ibenik\" \/>\n<meta property=\"og:description\" content=\"\u017delite na izlet u Split? Jednostavno organizirajte brz, povoljan i udoban prijevoz iz \u0160ibenika i u\u017eivajte u Dioklecijanovom gradu!\" \/>\n<meta property=\"og:url\" content=\"https:\/\/sibeniktaxi.com\/en\/jednodnevni-izlet-u-split\/\" \/>\n<meta property=\"og:site_name\" content=\"Taxi \u0160ibenik\" \/>\n<meta property=\"article:publisher\" content=\"https:\/\/www.facebook.com\/sibeniktaxi\/\" \/>\n<meta property=\"article:modified_time\" content=\"2021-07-12T22:56:22+00:00\" \/>\n<meta property=\"og:image\" content=\"https:\/\/sibeniktaxi.com\/wp-content\/uploads\/2021\/07\/grad-split.png\" \/>\n\t<meta property=\"og:image:width\" content=\"1920\" \/>\n\t<meta property=\"og:image:height\" content=\"1280\" \/>\n\t<meta property=\"og:image:type\" content=\"image\/png\" \/>\n<meta name=\"twitter:card\" content=\"summary\" \/>\n<meta name=\"twitter:label1\" content=\"Est. reading time\" \/>\n\t<meta name=\"twitter:data1\" content=\"4 minutes\" \/>\n<script type=\"application\/ld+json\" class=\"yoast-schema-graph\">{\"@context\":\"https:\/\/schema.org\",\"@graph\":[{\"@type\":\"WebPage\",\"@id\":\"https:\/\/sibeniktaxi.com\/jednodnevni-izlet-u-split\/\",\"url\":\"https:\/\/sibeniktaxi.com\/jednodnevni-izlet-u-split\/\",\"name\":\"Jednodnevni izlet u Split | Taxi \u0160ibenik\",\"isPartOf\":{\"@id\":\"https:\/\/sibeniktaxi.com\/#website\"},\"datePublished\":\"2021-06-29T12:00:50+00:00\",\"dateModified\":\"2021-07-12T22:56:22+00:00\",\"description\":\"\u017delite na izlet u Split? Jednostavno organizirajte brz, povoljan i udoban prijevoz iz \u0160ibenika i u\u017eivajte u Dioklecijanovom gradu!\",\"breadcrumb\":{\"@id\":\"https:\/\/sibeniktaxi.com\/jednodnevni-izlet-u-split\/#breadcrumb\"},\"inLanguage\":\"en-US\",\"potentialAction\":[{\"@type\":\"ReadAction\",\"target\":[\"https:\/\/sibeniktaxi.com\/jednodnevni-izlet-u-split\/\"]}]},{\"@type\":\"BreadcrumbList\",\"@id\":\"https:\/\/sibeniktaxi.com\/jednodnevni-izlet-u-split\/#breadcrumb\",\"itemListElement\":[{\"@type\":\"ListItem\",\"position\":1,\"name\":\"Taxi \u0160ibenik\",\"item\":\"https:\/\/sibeniktaxi.com\/\"},{\"@type\":\"ListItem\",\"position\":2,\"name\":\"Jednodnevni izlet u Split\"}]},{\"@type\":\"WebSite\",\"@id\":\"https:\/\/sibeniktaxi.com\/#website\",\"url\":\"https:\/\/sibeniktaxi.com\/\",\"name\":\"Taxi \u0160ibenik\",\"description\":\"Najbolji Taxi u gradu\",\"publisher\":{\"@id\":\"https:\/\/sibeniktaxi.com\/#organization\"},\"potentialAction\":[{\"@type\":\"SearchAction\",\"target\":{\"@type\":\"EntryPoint\",\"urlTemplate\":\"https:\/\/sibeniktaxi.com\/?s={search_term_string}\"},\"query-input\":\"required name=search_term_string\"}],\"inLanguage\":\"en-US\"},{\"@type\":\"Organization\",\"@id\":\"https:\/\/sibeniktaxi.com\/#organization\",\"name\":\"Taxi \u0160ibenik\",\"url\":\"https:\/\/sibeniktaxi.com\/\",\"sameAs\":[\"https:\/\/www.facebook.com\/sibeniktaxi\/\"],\"logo\":{\"@type\":\"ImageObject\",\"inLanguage\":\"en-US\",\"@id\":\"https:\/\/sibeniktaxi.com\/#\/schema\/logo\/image\/\",\"url\":\"https:\/\/sibeniktaxi.com\/wp-content\/uploads\/2018\/04\/cropped-TAXI-DALMACIJA-logo-lav-rose-3.png\",\"contentUrl\":\"https:\/\/sibeniktaxi.com\/wp-content\/uploads\/2018\/04\/cropped-TAXI-DALMACIJA-logo-lav-rose-3.png\",\"width\":\"240\",\"height\":\"116\",\"caption\":\"Taxi \u0160ibenik\"},\"image\":{\"@id\":\"https:\/\/sibeniktaxi.com\/#\/schema\/logo\/image\/\"}}]}<\/script>\n<!-- \/ Yoast SEO plugin. -->","yoast_head_json":{"title":"Jednodnevni izlet u Split | Taxi \u0160ibenik","description":"\u017delite na izlet u Split? Jednostavno organizirajte brz, povoljan i udoban prijevoz iz \u0160ibenika i u\u017eivajte u Dioklecijanovom gradu!","robots":{"index":"index","follow":"follow","max-snippet":"max-snippet:-1","max-image-preview":"max-image-preview:large","max-video-preview":"max-video-preview:-1"},"canonical":"https:\/\/sibeniktaxi.com\/en\/jednodnevni-izlet-u-split\/","og_locale":"en_US","og_type":"article","og_title":"Jednodnevni izlet u Split | Taxi \u0160ibenik","og_description":"\u017delite na izlet u Split? Jednostavno organizirajte brz, povoljan i udoban prijevoz iz \u0160ibenika i u\u017eivajte u Dioklecijanovom gradu!","og_url":"https:\/\/sibeniktaxi.com\/en\/jednodnevni-izlet-u-split\/","og_site_name":"Taxi \u0160ibenik","article_publisher":"https:\/\/www.facebook.com\/sibeniktaxi\/","article_modified_time":"2021-07-12T22:56:22+00:00","og_image":[{"width":1920,"height":1280,"url":"https:\/\/sibeniktaxi.com\/wp-content\/uploads\/2021\/07\/grad-split.png","type":"image\/png"}],"twitter_card":"summary","twitter_misc":{"Est. reading time":"4 minutes"},"schema":{"@context":"https:\/\/schema.org","@graph":[{"@type":"WebPage","@id":"https:\/\/sibeniktaxi.com\/jednodnevni-izlet-u-split\/","url":"https:\/\/sibeniktaxi.com\/jednodnevni-izlet-u-split\/","name":"Jednodnevni izlet u Split | Taxi \u0160ibenik","isPartOf":{"@id":"https:\/\/sibeniktaxi.com\/#website"},"datePublished":"2021-06-29T12:00:50+00:00","dateModified":"2021-07-12T22:56:22+00:00","description":"\u017delite na izlet u Split? Jednostavno organizirajte brz, povoljan i udoban prijevoz iz \u0160ibenika i u\u017eivajte u Dioklecijanovom gradu!","breadcrumb":{"@id":"https:\/\/sibeniktaxi.com\/jednodnevni-izlet-u-split\/#breadcrumb"},"inLanguage":"en-US","potentialAction":[{"@type":"ReadAction","target":["https:\/\/sibeniktaxi.com\/jednodnevni-izlet-u-split\/"]}]},{"@type":"BreadcrumbList","@id":"https:\/\/sibeniktaxi.com\/jednodnevni-izlet-u-split\/#breadcrumb","itemListElement":[{"@type":"ListItem","position":1,"name":"Taxi \u0160ibenik","item":"https:\/\/sibeniktaxi.com\/"},{"@type":"ListItem","position":2,"name":"Jednodnevni izlet u Split"}]},{"@type":"WebSite","@id":"https:\/\/sibeniktaxi.com\/#website","url":"https:\/\/sibeniktaxi.com\/","name":"Taxi \u0160ibenik","description":"Najbolji Taxi u gradu","publisher":{"@id":"https:\/\/sibeniktaxi.com\/#organization"},"potentialAction":[{"@type":"SearchAction","target":{"@type":"EntryPoint","urlTemplate":"https:\/\/sibeniktaxi.com\/?s={search_term_string}"},"query-input":"required name=search_term_string"}],"inLanguage":"en-US"},{"@type":"Organization","@id":"https:\/\/sibeniktaxi.com\/#organization","name":"Taxi \u0160ibenik","url":"https:\/\/sibeniktaxi.com\/","sameAs":["https:\/\/www.facebook.com\/sibeniktaxi\/"],"logo":{"@type":"ImageObject","inLanguage":"en-US","@id":"https:\/\/sibeniktaxi.com\/#\/schema\/logo\/image\/","url":"https:\/\/sibeniktaxi.com\/wp-content\/uploads\/2018\/04\/cropped-TAXI-DALMACIJA-logo-lav-rose-3.png","contentUrl":"https:\/\/sibeniktaxi.com\/wp-content\/uploads\/2018\/04\/cropped-TAXI-DALMACIJA-logo-lav-rose-3.png","width":"240","height":"116","caption":"Taxi \u0160ibenik"},"image":{"@id":"https:\/\/sibeniktaxi.com\/#\/schema\/logo\/image\/"}}]}},"_links":{"self":[{"href":"https:\/\/sibeniktaxi.com\/en\/wp-json\/wp\/v2\/pages\/2012"}],"collection":[{"href":"https:\/\/sibeniktaxi.com\/en\/wp-json\/wp\/v2\/pages"}],"about":[{"href":"https:\/\/sibeniktaxi.com\/en\/wp-json\/wp\/v2\/types\/page"}],"author":[{"embeddable":true,"href":"https:\/\/sibeniktaxi.com\/en\/wp-json\/wp\/v2\/users\/5"}],"replies":[{"embeddable":true,"href":"https:\/\/sibeniktaxi.com\/en\/wp-json\/wp\/v2\/comments?post=2012"}],"version-history":[{"count":3,"href":"https:\/\/sibeniktaxi.com\/en\/wp-json\/wp\/v2\/pages\/2012\/revisions"}],"predecessor-version":[{"id":2100,"href":"https:\/\/sibeniktaxi.com\/en\/wp-json\/wp\/v2\/pages\/2012\/revisions\/2100"}],"wp:featuredmedia":[{"embeddable":true,"href":"https:\/\/sibeniktaxi.com\/en\/wp-json\/wp\/v2\/media\/2014"}],"wp:attachment":[{"href":"https:\/\/sibeniktaxi.com\/en\/wp-json\/wp\/v2\/media?parent=2012"}],"curies":[{"name":"wp","href":"https:\/\/api.w.org\/{rel}","templated":true}]}}