{"id":2023,"date":"2021-06-30T13:07:05","date_gmt":"2021-06-30T13:07:05","guid":{"rendered":"https:\/\/sibeniktaxi.com\/?page_id=2023"},"modified":"2021-07-12T22:54:22","modified_gmt":"2021-07-12T22:54:22","slug":"izlet-u-np-krka","status":"publish","type":"page","link":"https:\/\/sibeniktaxi.com\/en\/trip-to-krka-national-park\/","title":{"rendered":"Trip to Krka National Park"},"content":{"rendered":"<p class=\"translation-block\"><span style=\"font-weight: 400\"><strong>One of the most beautiful places<\/strong> you can visit during your stay in \u0160ibenik is without a doubt <\/span><a href=\"https:\/\/sibeniktaxi.com\/en\/sibenski-krski-biser-np-krka\/\" target=\"_self\"><span style=\"font-weight: 400\">Krka National Park<\/span><\/a><span style=\"font-weight: 400\">. This <strong>beautiful river<\/strong> has carved out an incredible <strong>canyon in the \u0160ibenik hinterland<\/strong> and created natural beauties that would be a real shame not to visit. <\/span><\/p>\n<p class=\"translation-block\"><span style=\"font-weight: 400\">However, if you don't have your own car, <strong>organizing a trip to Krka National Park<\/strong> can be a bit more complicated, and even if you do have a car with you, you'll want to completely relax and enjoy everything this <strong>magical place<\/strong> has to offer. Driving is definitely not one of them.<\/span><\/p>\n<p class=\"translation-block\"><span style=\"font-weight: 400\">Therefore, the best solution is to contact <\/span><a href=\"https:\/\/sibeniktaxi.com\/en\/\" target=\"_self\"><span style=\"font-weight: 400\">Taxi \u0160ibenik<\/span><\/a><span style=\"font-weight: 400\"> and arrange an <strong>organized trip to Krka<\/strong>. That way, you will see all the best of the <strong>national park<\/strong> and know that you are in safe hands.<\/span><\/p>\n<p><img class=\"aligncenter wp-image-2025 size-full\" src=\"https:\/\/sibeniktaxi.com\/wp-content\/uploads\/2021\/07\/np-krka.png\" alt=\"np krka\" width=\"100%\" srcset=\"https:\/\/sibeniktaxi.com\/wp-content\/uploads\/2021\/07\/np-krka.png 1920w, https:\/\/sibeniktaxi.com\/wp-content\/uploads\/2021\/07\/np-krka-300x200.png 300w, https:\/\/sibeniktaxi.com\/wp-content\/uploads\/2021\/07\/np-krka-768x512.png 768w, https:\/\/sibeniktaxi.com\/wp-content\/uploads\/2021\/07\/np-krka-1024x683.png 1024w, https:\/\/sibeniktaxi.com\/wp-content\/uploads\/2021\/07\/np-krka-272x182.png 272w\" sizes=\"(max-width: 1920px) 100vw, 1920px\" \/><\/p>\n<p>&nbsp;<\/p>\n<h2><span style=\"font-weight: 400;\">Sights of Krka National Park<\/span><\/h2>\n<p class=\"translation-block\"><span style=\"font-weight: 400\"><strong>Krka National Park<\/strong> abounds in incredible beauty, the most important of which are the <strong>tuff waterfalls<\/strong> that leave visitors breathless. There are <strong>seven<\/strong> of them in total, and the most famous among them are <strong>Ro\u0161ki slap and Skradinski buk<\/strong>.<\/span><\/p>\n<p class=\"translation-block\"><span style=\"font-weight: 400\">In addition, the river is surrounded by <strong>lush greenery<\/strong>, and there is also the beautiful <strong>Visovac Lake<\/strong> into which <strong>Ro\u0161ki slap<\/strong> flows, one of the many lakes that the Krka creates on its way. In the center of the lake is a <strong>small island<\/strong> on which a <strong>monastery<\/strong> is located, and all this gives a magical touch to this entire part of the park.<\/span><\/p>\n<p class=\"translation-block\"><span style=\"font-weight: 400\">One \u200b\u200bof the interesting places is <strong>Ozi\u0111ana pe\u0107ina<\/strong>, a geological object on the banks of the Krka River in which <strong>ceramic remains<\/strong> were found, proving that this area was inhabited as early as the <strong>Neolithic<\/strong> era. In fact, the oldest findings date back to some <strong>6000 BC!<\/strong><\/span><\/p>\n<p class=\"translation-block\"><span style=\"font-weight: 400\">All in all, a visit to Krka National Park offers <strong>a handful of unforgettable moments<\/strong>, and this excursion will allow you to enjoy them in the best possible way.<\/span><\/p>\n<p><img class=\"aligncenter wp-image-2028 size-full\" src=\"https:\/\/sibeniktaxi.com\/wp-content\/uploads\/2021\/07\/visovacko-jezero.png\" alt=\"visovacko jezero\" width=\"100%\" srcset=\"https:\/\/sibeniktaxi.com\/wp-content\/uploads\/2021\/07\/visovacko-jezero.png 1920w, https:\/\/sibeniktaxi.com\/wp-content\/uploads\/2021\/07\/visovacko-jezero-300x200.png 300w, https:\/\/sibeniktaxi.com\/wp-content\/uploads\/2021\/07\/visovacko-jezero-768x512.png 768w, https:\/\/sibeniktaxi.com\/wp-content\/uploads\/2021\/07\/visovacko-jezero-1024x683.png 1024w, https:\/\/sibeniktaxi.com\/wp-content\/uploads\/2021\/07\/visovacko-jezero-272x182.png 272w\" sizes=\"(max-width: 1920px) 100vw, 1920px\" \/><\/p>\n<p>&nbsp;<\/p>\n<h2><span style=\"font-weight: 400;\">What does the trip include?<\/span><\/h2>\n<p class=\"translation-block\"><span style=\"font-weight: 400\">The price of this trip includes not only <strong>transportation<\/strong>, but also an <strong>expert guide and lunch in the park<\/strong>. Please note that the price does <strong>NOT include the entrance fee<\/strong> which is paid at the entrance to the park itself.<\/span><\/p>\n<p>&nbsp;<\/p>\n<h2><span style=\"font-weight: 400;\">Travel plan<\/span><\/h2>\n<ul>\n<li><strong>10:30 \u2013 Departure<\/strong><\/li>\n<\/ul>\n<p class=\"translation-block\"><span style=\"font-weight: 400\">The \u0160ibenik Taxi vehicle will pick you up at 10:30 am at the <strong>agreed location<\/strong>, followed by a <strong>comfortable and relatively short drive<\/strong> to the national park (Krka National Park is only about 15 kilometers away). With our experienced drivers, you are in the park in approximately <strong>15 minutes<\/strong>. Your guide will meet you there, after which you enter the park.<\/span><\/p>\n<p>&nbsp;<\/p>\n<ul>\n<li><strong>11:30 \u2013 Ethno presentation<\/strong><\/li>\n<\/ul>\n<p class=\"translation-block\"><span style=\"font-weight: 400\">After a short <strong>tour of the park<\/strong>, there will be an ethnographic presentation about <strong>watermills<\/strong>, of which there are quite a few in the park. These mills date back to the 19th century and are considered <strong>ethnological-ethnographic monuments<\/strong>, and in them you will be able to see how the people of this region <strong>grinded grain, forged horseshoes, prepared food, weaved<\/strong> and generally lived. In short, you will get a unique insight into the way of life before the <strong>industrial age<\/strong>.<\/span><\/p>\n<p>&nbsp;<\/p>\n<ul>\n<li><strong>12:00 \u2013 Lunch<\/strong><\/li>\n<\/ul>\n<p class=\"translation-block\"><span style=\"font-weight: 400\">After the ethno presentation, there will be <strong>lunch in a restaurant<\/strong> where you can enjoy excellently prepared food typical of <strong>Dalmatian cuisine<\/strong>. Eat your fill because you will need the strength for what is to come.<\/span><\/p>\n<p><img class=\"aligncenter wp-image-2031 size-full\" src=\"https:\/\/sibeniktaxi.com\/wp-content\/uploads\/2021\/07\/rucak-u-np-krka.png\" alt=\"rucak u np krka\" width=\"100%\" srcset=\"https:\/\/sibeniktaxi.com\/wp-content\/uploads\/2021\/07\/rucak-u-np-krka.png 1920w, https:\/\/sibeniktaxi.com\/wp-content\/uploads\/2021\/07\/rucak-u-np-krka-300x200.png 300w, https:\/\/sibeniktaxi.com\/wp-content\/uploads\/2021\/07\/rucak-u-np-krka-768x512.png 768w, https:\/\/sibeniktaxi.com\/wp-content\/uploads\/2021\/07\/rucak-u-np-krka-1024x683.png 1024w, https:\/\/sibeniktaxi.com\/wp-content\/uploads\/2021\/07\/rucak-u-np-krka-272x182.png 272w\" sizes=\"(max-width: 1920px) 100vw, 1920px\" \/><\/p>\n<p>&nbsp;<\/p>\n<ul>\n<li><strong>1:00 PM \u2013 Free time for exploration<\/strong><\/li>\n<\/ul>\n<p class=\"translation-block\"><span style=\"font-weight: 400\">Once lunch is over, you'll have free time to explore the park. In the hot summer months, the best thing to do is <strong>swim under the waterfalls<\/strong>, which will surely be an experience you'll remember for a long time. Just make sure to swim in the <strong>marked areas<\/strong> - swimming is not allowed in other parts of the park.<\/span><\/p>\n<p class=\"translation-block\"><span style=\"font-weight: 400\">Nature lovers can use this time to <strong>walk along the banks of the Krka<\/strong> and <strong>explore the forest<\/strong> that surrounds the river, but regardless of which activity you decide on, you can be sure that you will enjoy it.<\/span><\/p>\n<p><img class=\"aligncenter wp-image-2024 size-full\" src=\"https:\/\/sibeniktaxi.com\/wp-content\/uploads\/2021\/07\/kupanje-u-np-krka.png\" alt=\"kupanje u np krka\" width=\"100%\" srcset=\"https:\/\/sibeniktaxi.com\/wp-content\/uploads\/2021\/07\/kupanje-u-np-krka.png 1920w, https:\/\/sibeniktaxi.com\/wp-content\/uploads\/2021\/07\/kupanje-u-np-krka-300x200.png 300w, https:\/\/sibeniktaxi.com\/wp-content\/uploads\/2021\/07\/kupanje-u-np-krka-768x512.png 768w, https:\/\/sibeniktaxi.com\/wp-content\/uploads\/2021\/07\/kupanje-u-np-krka-1024x683.png 1024w, https:\/\/sibeniktaxi.com\/wp-content\/uploads\/2021\/07\/kupanje-u-np-krka-272x182.png 272w\" sizes=\"(max-width: 1920px) 100vw, 1920px\" \/><\/p>\n<p>&nbsp;<\/p>\n<ul>\n<li><strong>15:30 \u2013 Ozi\u0111ana Cave<\/strong><\/li>\n<\/ul>\n<p class=\"translation-block\"><span style=\"font-weight: 400\">The last activity in our program is a visit to <strong>Ozi\u0111ana pe\u0107ina<\/strong>, which we already mentioned in the first part of this text. It is a beautiful cave in which Neolithic artifacts have been found, and it is located <strong>right above Ro\u0161ki slap<\/strong>.<\/span><\/p>\n<p class=\"translation-block\"><span style=\"font-weight: 400\">The beautifully decorated interior allows visitors to enjoy all <strong>59 meters of its length<\/strong>, and entering the cave is an opportunity to escape the summer heat. Of course, and to enjoy the creative <strong>power of nature<\/strong>.<\/span><\/p>\n<p>&nbsp;<\/p>\n<ul>\n<li><strong>17:00 \u2013 Return<\/strong><\/li>\n<\/ul>\n<p class=\"translation-block\"><span style=\"font-weight: 400\">After all that, it's time to head back. As with arriving at the park, you'll be at your destination very quickly, and \u0160ibenik Taxi will drop you off <strong>at the location of your choice<\/strong>. After a full day of enjoying nature, you'll have enough time to enjoy a <strong>beautiful \u0160ibenik evening<\/strong> and perhaps have dinner in one of the restaurants to gather your impressions of this wonderful excursion.<\/span><\/p>\n<p><img loading=\"lazy\" class=\"aligncenter wp-image-2029 size-full\" src=\"https:\/\/sibeniktaxi.com\/wp-content\/uploads\/2021\/07\/vecer-u-sibeniku.png\" alt=\"vecer u sibeniku\" width=\"1920\" height=\"1280\" srcset=\"https:\/\/sibeniktaxi.com\/wp-content\/uploads\/2021\/07\/vecer-u-sibeniku.png 1920w, https:\/\/sibeniktaxi.com\/wp-content\/uploads\/2021\/07\/vecer-u-sibeniku-300x200.png 300w, https:\/\/sibeniktaxi.com\/wp-content\/uploads\/2021\/07\/vecer-u-sibeniku-768x512.png 768w, https:\/\/sibeniktaxi.com\/wp-content\/uploads\/2021\/07\/vecer-u-sibeniku-1024x683.png 1024w, https:\/\/sibeniktaxi.com\/wp-content\/uploads\/2021\/07\/vecer-u-sibeniku-272x182.png 272w\" sizes=\"(max-width: 1920px) 100vw, 1920px\" \/><\/p>\n<p>&nbsp;<\/p>\n<h2><span style=\"font-weight: 400;\">A perfect day in the vicinity of \u0160ibenik<\/span><\/h2>\n<p class=\"translation-block\"><span style=\"font-weight: 400\"><strong>A visit to Krka National Park<\/strong> should be at the top of the list of priorities for anyone visiting \u0160ibenik. With <strong>reliable transportation<\/strong>, getting to the park is really not a problem, and the <strong>short trip<\/strong> will be worth it many times over by the end of the day.<\/span><\/p>\n<p class=\"translation-block\"><span style=\"font-weight: 400\">This excursion will show you some of the <strong>greatest beauties<\/strong> of the national park, give you plenty of time to enjoy yourself, and still leave you with a free evening to enjoy \u0160ibenik under the stars. Don't waste time, <strong>book your appointment now<\/strong>!<\/span><\/p>\n<p><iframe loading=\"lazy\" title=\"@ Nacionalni park Krka\" width=\"790\" height=\"444\" src=\"https:\/\/www.youtube.com\/embed\/Xl4ScrruFeY?feature=oembed\" frameborder=\"0\" allow=\"accelerometer; autoplay; clipboard-write; encrypted-media; gyroscope; picture-in-picture\" allowfullscreen><\/iframe><\/p>","protected":false},"excerpt":{"rendered":"<p>Jedno od najljep\u0161ih mjesta koje mo\u017eete posjetiti tijekom va\u0161eg boravka u \u0160ibeniku bez sumnje je Nacionalni park Krka. Ova prekrasna rijeka izdubila je nevjerojatan kanjon u \u0161ibenskom zale\u0111u i stvorila prirodne ljepote koje bi zaista bilo \u0161teta ne posjetiti.\u00a0 No, ako nemate svoj automobil, organizacija izleta u NP Krka mo\u017ee&#8230;<\/p>","protected":false},"author":5,"featured_media":2025,"parent":0,"menu_order":0,"comment_status":"closed","ping_status":"closed","template":"","meta":{"_mi_skip_tracking":false,"_exactmetrics_sitenote_active":false,"_exactmetrics_sitenote_note":"","_exactmetrics_sitenote_category":0},"yoast_head":"<!-- This site is optimized with the Yoast SEO plugin v19.6.1 - https:\/\/yoast.com\/wordpress\/plugins\/seo\/ -->\n<title>Izlet u NP Krka | Taxi \u0160ibenik<\/title>\n<meta name=\"description\" content=\"\u017delite lako i brzo do\u0107i iz \u0160ibenika do Nacionalnog parka Krka? Onda se predbilje\u017eite na ovaj izlet i u\u017eivajte u ovom \u010darobnom mjestu!\" \/>\n<meta name=\"robots\" content=\"index, follow, max-snippet:-1, max-image-preview:large, max-video-preview:-1\" \/>\n<link rel=\"canonical\" href=\"https:\/\/sibeniktaxi.com\/en\/izlet-u-np-krka\/\" \/>\n<meta property=\"og:locale\" content=\"en_US\" \/>\n<meta property=\"og:type\" content=\"article\" \/>\n<meta property=\"og:title\" content=\"Izlet u NP Krka | Taxi \u0160ibenik\" \/>\n<meta property=\"og:description\" content=\"\u017delite lako i brzo do\u0107i iz \u0160ibenika do Nacionalnog parka Krka? Onda se predbilje\u017eite na ovaj izlet i u\u017eivajte u ovom \u010darobnom mjestu!\" \/>\n<meta property=\"og:url\" content=\"https:\/\/sibeniktaxi.com\/en\/izlet-u-np-krka\/\" \/>\n<meta property=\"og:site_name\" content=\"Taxi \u0160ibenik\" \/>\n<meta property=\"article:publisher\" content=\"https:\/\/www.facebook.com\/sibeniktaxi\/\" \/>\n<meta property=\"article:modified_time\" content=\"2021-07-12T22:54:22+00:00\" \/>\n<meta property=\"og:image\" content=\"https:\/\/sibeniktaxi.com\/wp-content\/uploads\/2021\/07\/np-krka.png\" \/>\n\t<meta property=\"og:image:width\" content=\"1920\" \/>\n\t<meta property=\"og:image:height\" content=\"1280\" \/>\n\t<meta property=\"og:image:type\" content=\"image\/png\" \/>\n<meta name=\"twitter:card\" content=\"summary\" \/>\n<meta name=\"twitter:label1\" content=\"Est. reading time\" \/>\n\t<meta name=\"twitter:data1\" content=\"4 minutes\" \/>\n<script type=\"application\/ld+json\" class=\"yoast-schema-graph\">{\"@context\":\"https:\/\/schema.org\",\"@graph\":[{\"@type\":\"WebPage\",\"@id\":\"https:\/\/sibeniktaxi.com\/izlet-u-np-krka\/\",\"url\":\"https:\/\/sibeniktaxi.com\/izlet-u-np-krka\/\",\"name\":\"Izlet u NP Krka | Taxi \u0160ibenik\",\"isPartOf\":{\"@id\":\"https:\/\/sibeniktaxi.com\/#website\"},\"datePublished\":\"2021-06-30T13:07:05+00:00\",\"dateModified\":\"2021-07-12T22:54:22+00:00\",\"description\":\"\u017delite lako i brzo do\u0107i iz \u0160ibenika do Nacionalnog parka Krka? Onda se predbilje\u017eite na ovaj izlet i u\u017eivajte u ovom \u010darobnom mjestu!\",\"breadcrumb\":{\"@id\":\"https:\/\/sibeniktaxi.com\/izlet-u-np-krka\/#breadcrumb\"},\"inLanguage\":\"en-US\",\"potentialAction\":[{\"@type\":\"ReadAction\",\"target\":[\"https:\/\/sibeniktaxi.com\/izlet-u-np-krka\/\"]}]},{\"@type\":\"BreadcrumbList\",\"@id\":\"https:\/\/sibeniktaxi.com\/izlet-u-np-krka\/#breadcrumb\",\"itemListElement\":[{\"@type\":\"ListItem\",\"position\":1,\"name\":\"Taxi \u0160ibenik\",\"item\":\"https:\/\/sibeniktaxi.com\/\"},{\"@type\":\"ListItem\",\"position\":2,\"name\":\"Izlet u NP Krka\"}]},{\"@type\":\"WebSite\",\"@id\":\"https:\/\/sibeniktaxi.com\/#website\",\"url\":\"https:\/\/sibeniktaxi.com\/\",\"name\":\"Taxi \u0160ibenik\",\"description\":\"Najbolji Taxi u gradu\",\"publisher\":{\"@id\":\"https:\/\/sibeniktaxi.com\/#organization\"},\"potentialAction\":[{\"@type\":\"SearchAction\",\"target\":{\"@type\":\"EntryPoint\",\"urlTemplate\":\"https:\/\/sibeniktaxi.com\/?s={search_term_string}\"},\"query-input\":\"required name=search_term_string\"}],\"inLanguage\":\"en-US\"},{\"@type\":\"Organization\",\"@id\":\"https:\/\/sibeniktaxi.com\/#organization\",\"name\":\"Taxi \u0160ibenik\",\"url\":\"https:\/\/sibeniktaxi.com\/\",\"sameAs\":[\"https:\/\/www.facebook.com\/sibeniktaxi\/\"],\"logo\":{\"@type\":\"ImageObject\",\"inLanguage\":\"en-US\",\"@id\":\"https:\/\/sibeniktaxi.com\/#\/schema\/logo\/image\/\",\"url\":\"https:\/\/sibeniktaxi.com\/wp-content\/uploads\/2018\/04\/cropped-TAXI-DALMACIJA-logo-lav-rose-3.png\",\"contentUrl\":\"https:\/\/sibeniktaxi.com\/wp-content\/uploads\/2018\/04\/cropped-TAXI-DALMACIJA-logo-lav-rose-3.png\",\"width\":\"240\",\"height\":\"116\",\"caption\":\"Taxi \u0160ibenik\"},\"image\":{\"@id\":\"https:\/\/sibeniktaxi.com\/#\/schema\/logo\/image\/\"}}]}<\/script>\n<!-- \/ Yoast SEO plugin. -->","yoast_head_json":{"title":"Izlet u NP Krka | Taxi \u0160ibenik","description":"\u017delite lako i brzo do\u0107i iz \u0160ibenika do Nacionalnog parka Krka? Onda se predbilje\u017eite na ovaj izlet i u\u017eivajte u ovom \u010darobnom mjestu!","robots":{"index":"index","follow":"follow","max-snippet":"max-snippet:-1","max-image-preview":"max-image-preview:large","max-video-preview":"max-video-preview:-1"},"canonical":"https:\/\/sibeniktaxi.com\/en\/izlet-u-np-krka\/","og_locale":"en_US","og_type":"article","og_title":"Izlet u NP Krka | Taxi \u0160ibenik","og_description":"\u017delite lako i brzo do\u0107i iz \u0160ibenika do Nacionalnog parka Krka? Onda se predbilje\u017eite na ovaj izlet i u\u017eivajte u ovom \u010darobnom mjestu!","og_url":"https:\/\/sibeniktaxi.com\/en\/izlet-u-np-krka\/","og_site_name":"Taxi \u0160ibenik","article_publisher":"https:\/\/www.facebook.com\/sibeniktaxi\/","article_modified_time":"2021-07-12T22:54:22+00:00","og_image":[{"width":1920,"height":1280,"url":"https:\/\/sibeniktaxi.com\/wp-content\/uploads\/2021\/07\/np-krka.png","type":"image\/png"}],"twitter_card":"summary","twitter_misc":{"Est. reading time":"4 minutes"},"schema":{"@context":"https:\/\/schema.org","@graph":[{"@type":"WebPage","@id":"https:\/\/sibeniktaxi.com\/izlet-u-np-krka\/","url":"https:\/\/sibeniktaxi.com\/izlet-u-np-krka\/","name":"Izlet u NP Krka | Taxi \u0160ibenik","isPartOf":{"@id":"https:\/\/sibeniktaxi.com\/#website"},"datePublished":"2021-06-30T13:07:05+00:00","dateModified":"2021-07-12T22:54:22+00:00","description":"\u017delite lako i brzo do\u0107i iz \u0160ibenika do Nacionalnog parka Krka? Onda se predbilje\u017eite na ovaj izlet i u\u017eivajte u ovom \u010darobnom mjestu!","breadcrumb":{"@id":"https:\/\/sibeniktaxi.com\/izlet-u-np-krka\/#breadcrumb"},"inLanguage":"en-US","potentialAction":[{"@type":"ReadAction","target":["https:\/\/sibeniktaxi.com\/izlet-u-np-krka\/"]}]},{"@type":"BreadcrumbList","@id":"https:\/\/sibeniktaxi.com\/izlet-u-np-krka\/#breadcrumb","itemListElement":[{"@type":"ListItem","position":1,"name":"Taxi \u0160ibenik","item":"https:\/\/sibeniktaxi.com\/"},{"@type":"ListItem","position":2,"name":"Izlet u NP Krka"}]},{"@type":"WebSite","@id":"https:\/\/sibeniktaxi.com\/#website","url":"https:\/\/sibeniktaxi.com\/","name":"Taxi \u0160ibenik","description":"Najbolji Taxi u gradu","publisher":{"@id":"https:\/\/sibeniktaxi.com\/#organization"},"potentialAction":[{"@type":"SearchAction","target":{"@type":"EntryPoint","urlTemplate":"https:\/\/sibeniktaxi.com\/?s={search_term_string}"},"query-input":"required name=search_term_string"}],"inLanguage":"en-US"},{"@type":"Organization","@id":"https:\/\/sibeniktaxi.com\/#organization","name":"Taxi \u0160ibenik","url":"https:\/\/sibeniktaxi.com\/","sameAs":["https:\/\/www.facebook.com\/sibeniktaxi\/"],"logo":{"@type":"ImageObject","inLanguage":"en-US","@id":"https:\/\/sibeniktaxi.com\/#\/schema\/logo\/image\/","url":"https:\/\/sibeniktaxi.com\/wp-content\/uploads\/2018\/04\/cropped-TAXI-DALMACIJA-logo-lav-rose-3.png","contentUrl":"https:\/\/sibeniktaxi.com\/wp-content\/uploads\/2018\/04\/cropped-TAXI-DALMACIJA-logo-lav-rose-3.png","width":"240","height":"116","caption":"Taxi \u0160ibenik"},"image":{"@id":"https:\/\/sibeniktaxi.com\/#\/schema\/logo\/image\/"}}]}},"_links":{"self":[{"href":"https:\/\/sibeniktaxi.com\/en\/wp-json\/wp\/v2\/pages\/2023"}],"collection":[{"href":"https:\/\/sibeniktaxi.com\/en\/wp-json\/wp\/v2\/pages"}],"about":[{"href":"https:\/\/sibeniktaxi.com\/en\/wp-json\/wp\/v2\/types\/page"}],"author":[{"embeddable":true,"href":"https:\/\/sibeniktaxi.com\/en\/wp-json\/wp\/v2\/users\/5"}],"replies":[{"embeddable":true,"href":"https:\/\/sibeniktaxi.com\/en\/wp-json\/wp\/v2\/comments?post=2023"}],"version-history":[{"count":4,"href":"https:\/\/sibeniktaxi.com\/en\/wp-json\/wp\/v2\/pages\/2023\/revisions"}],"predecessor-version":[{"id":2099,"href":"https:\/\/sibeniktaxi.com\/en\/wp-json\/wp\/v2\/pages\/2023\/revisions\/2099"}],"wp:featuredmedia":[{"embeddable":true,"href":"https:\/\/sibeniktaxi.com\/en\/wp-json\/wp\/v2\/media\/2025"}],"wp:attachment":[{"href":"https:\/\/sibeniktaxi.com\/en\/wp-json\/wp\/v2\/media?parent=2023"}],"curies":[{"name":"wp","href":"https:\/\/api.w.org\/{rel}","templated":true}]}}