{"id":2075,"date":"2021-07-09T21:00:46","date_gmt":"2021-07-09T21:00:46","guid":{"rendered":"https:\/\/sibeniktaxi.com\/?page_id=2075"},"modified":"2021-07-12T22:46:01","modified_gmt":"2021-07-12T22:46:01","slug":"jednodnevni-izlet-na-plitvicka-jezera","status":"publish","type":"page","link":"https:\/\/sibeniktaxi.com\/en\/one-day-trip-to-plitvice-lakes\/","title":{"rendered":"One day trip to Plitvice Lakes"},"content":{"rendered":"<p class=\"translation-block\"><span style=\"font-weight: 400\"><strong>Croatia<\/strong> is undoubtedly full of <strong>natural beauty<\/strong>. From beautiful islands and beaches to majestic mountains and untouched forests, every nature lover can easily find a place to enjoy.<\/span><\/p>\n<p class=\"translation-block\"><span style=\"font-weight: 400\">But when it comes to natural beauty, <strong>Croatian national parks<\/strong> are at the top, and among them is probably the most famous <\/span><a href=\"https:\/\/np-plitvicka-jezera.hr\/\" target=\"_self\"><span style=\"font-weight: 400\">Plitvice Lakes National Park<\/span><\/a><span style=\"font-weight: 400\">. This magical place is known all over the world thanks to its <strong>16 enchanting lakes<\/strong> and <strong>numerous waterfalls<\/strong> that connect them, which will simply leave you breathless. Therefore, it is not surprising that this place is included in the <strong>UNESCO<\/strong> <strong>World Heritage<\/strong> list. The value of this park is difficult to express in words.<\/span><\/p>\n<p class=\"translation-block\"><span style=\"font-weight: 400\">Whether you're a tourist visiting \u0160ibenik or a resident of Kre\u0161imir's town, getting to Plitvice Lakes is relatively easy. All you need to do is find the right transportation, and <strong>Taxi \u0160ibenik<\/strong> is the ideal choice. Here's why.<\/span><\/p>\n<p><img class=\"aligncenter wp-image-2076 size-full\" src=\"https:\/\/sibeniktaxi.com\/wp-content\/uploads\/2021\/07\/Jednodnevni-izlet-na-plitvicka-jezera.png\" alt=\"Jednodnevni izlet na plitvicka jezera\" width=\"100%\" srcset=\"https:\/\/sibeniktaxi.com\/wp-content\/uploads\/2021\/07\/Jednodnevni-izlet-na-plitvicka-jezera.png 1920w, https:\/\/sibeniktaxi.com\/wp-content\/uploads\/2021\/07\/Jednodnevni-izlet-na-plitvicka-jezera-300x200.png 300w, https:\/\/sibeniktaxi.com\/wp-content\/uploads\/2021\/07\/Jednodnevni-izlet-na-plitvicka-jezera-768x512.png 768w, https:\/\/sibeniktaxi.com\/wp-content\/uploads\/2021\/07\/Jednodnevni-izlet-na-plitvicka-jezera-1024x683.png 1024w, https:\/\/sibeniktaxi.com\/wp-content\/uploads\/2021\/07\/Jednodnevni-izlet-na-plitvicka-jezera-272x182.png 272w\" sizes=\"(max-width: 1920px) 100vw, 1920px\" \/><\/p>\n<p>&nbsp;<\/p>\n<h2><span style=\"font-weight: 400;\">The road from \u0160ibenik to Plitvice Lakes<\/span><\/h2>\n<p class=\"translation-block\"><span style=\"font-weight: 400\">The distance from \u0160ibenik to Plitvice is about <strong>190 kilometers<\/strong>, which means you can be in the national park about <strong>two hours after departure<\/strong>. So, it's not a long distance. In fact, if you're planning a full-day trip, you'll be hard-pressed to find a better destination than this.<\/span><\/p>\n<p class=\"translation-block\"><span style=\"font-weight: 400\">With the help of Taxi \u0160ibenik, you can reach your destination while enjoying a <strong>comfortable ride and a view<\/strong> of the Dalmatian coast and the beauty of the Lika region. Our experienced and professional drivers will make sure that you reach your destination in the best possible way, and they can pick you up at a previously agreed location in \u0160ibenik.<\/span><\/p>\n<p><span style=\"font-weight: 400;\">This is undoubtedly a much faster and more pleasant way to get to Plitvice Lakes compared to taking a bus, and even if you have your own car, this way you will have more energy left to explore the national park. You will simply be able to fully relax and enjoy your trip.<\/span><\/p>\n<p>&nbsp;<\/p>\n<h2><span style=\"font-weight: 400;\">What to see in Plitvice Lakes National Park?<\/span><\/h2>\n<p class=\"translation-block\"><span style=\"font-weight: 400\">Plitvice is everything you imagine when someone starts talking about <strong>untouched nature<\/strong>. The dense forest dotted with the aforementioned lakes and waterfalls is home to many animals: <strong>deer, bears, numerous birds, wild boars<\/strong> and many others. Through all this you are led by <strong>numerous trails<\/strong> whose total length is measured in kilometers, which means that everyone can find something for themselves, no matter how much you like hiking or walking through the forest.<\/span><\/p>\n<p class=\"translation-block\"><span style=\"font-weight: 400\">There are also <strong>tourist trains<\/strong> that can help you explore the park, and an electric boat ride across <strong>Lake Kozjak<\/strong> is something that will surely be etched in your memory.<\/span><\/p>\n<p class=\"translation-block\"><span style=\"font-weight: 400\">The lakes themselves are divided into <strong>Upper and Lower<\/strong>, and an essential part of every visit to the park is the exploration of <strong>Velika slap<\/strong>, a <strong>70 meter<\/strong> waterfall which is one of the main attractions. But, apart from it, there is also <strong>Veliki pr\u0161tavac, Milanova\u010dki waterfall<\/strong> and many others, which means that you will have a handful of things to explore.<\/span><\/p>\n<p class=\"translation-block\"><span style=\"font-weight: 400\">Once you enter the national park, you can choose from several different tour programs that can last <strong>from two to eight hours<\/strong>. Each program will take you on different routes through the park and show you a variety of natural beauties. But no matter how much time you spend here, you won't regret it for a second. <\/span><\/p>\n<p class=\"translation-block\"><span style=\"font-weight: 400\">Keep in mind that there are plenty of great <strong>restaurants<\/strong> near the park, and you can also find refreshments at several <strong>cafes<\/strong> in the park itself. So, you don't have to worry about food and drinks when you come here because Plitvice has everything you need for an unforgettable day trip. <\/span><\/p>\n<p class=\"translation-block\"><span style=\"font-weight: 400\">Given the park's great popularity, you can expect a large number of visitors in the summer months, but Plitvice Lakes are open to visitors all year round, and the scenes you can see <strong>in winter when it snows<\/strong> can only be described as <strong>fairytale<\/strong>. So, no matter what time of year you find yourself in \u0160ibenik, you can always organize a trip to this beautiful national park, and if you are not there during the peak tourist season, you will be able to enjoy the tranquility that nature offers here much more.<\/span><\/p>\n<p><img class=\"aligncenter wp-image-2078 size-full\" src=\"https:\/\/sibeniktaxi.com\/wp-content\/uploads\/2021\/07\/voznja-brodom-preko-jezera-kozjak.png\" alt=\"voznja brodom preko jezera kozjak\" width=\"100%\" srcset=\"https:\/\/sibeniktaxi.com\/wp-content\/uploads\/2021\/07\/voznja-brodom-preko-jezera-kozjak.png 1920w, https:\/\/sibeniktaxi.com\/wp-content\/uploads\/2021\/07\/voznja-brodom-preko-jezera-kozjak-300x200.png 300w, https:\/\/sibeniktaxi.com\/wp-content\/uploads\/2021\/07\/voznja-brodom-preko-jezera-kozjak-768x512.png 768w, https:\/\/sibeniktaxi.com\/wp-content\/uploads\/2021\/07\/voznja-brodom-preko-jezera-kozjak-1024x683.png 1024w, https:\/\/sibeniktaxi.com\/wp-content\/uploads\/2021\/07\/voznja-brodom-preko-jezera-kozjak-272x182.png 272w\" sizes=\"(max-width: 1920px) 100vw, 1920px\" \/><\/p>\n<p>&nbsp;<\/p>\n<h2><span style=\"font-weight: 400;\">Spend a day in beautiful nature<\/span><\/h2>\n<p class=\"translation-block\"><span style=\"font-weight: 400\">All in all, if you're spending a few days in \u0160ibenik, it would be a shame to miss the opportunity to visit Plitvice Lakes. You'll be hard-pressed to find a better destination for a <strong>full-day trip.<\/strong><\/span><\/p>\n<p class=\"translation-block\"><span style=\"font-weight: 400\">All you need to do is <strong>contact<\/strong><\/span><a href=\"https:\/\/sibeniktaxi.com\/en\/\" target=\"_self\"><span style=\"font-weight: 400\">Taxi \u0160ibenik<\/span><\/a><span style=\"font-weight: 400\"> and <strong>arrange a trip<\/strong>, and you can do this in any way you want - via email, phone call or social media you will always get a quick response and organize everything in the blink of an eye.<\/span><\/p>\n<p class=\"translation-block\"><span style=\"font-weight: 400\">After that, all you have to do is indulge in a pleasant ride that will take you through one of the most beautiful parts of the Croatian interior, and <strong>comfortable vehicles and top-notch drivers<\/strong> will make sure that you arrive at your destination <strong>rested and ready to explore<\/strong> and enjoy the natural beauty. <strong>Contact us now<\/strong> and treat yourself to a perfect day at Plitvice Lakes.<\/span><\/p>\n<p>&nbsp;<\/p>\n<p><iframe loading=\"lazy\" src=\"\/\/www.youtube.com\/embed\/tmyeewSObfY\" width=\"560\" height=\"314\" allowfullscreen=\"allowfullscreen\"><\/iframe><\/p>","protected":false},"excerpt":{"rendered":"<p>Hrvatska je bez sumnje prepuna prirodnih ljepota. Od prekrasnih otoka i pla\u017ea do veli\u010danstvenih planina i netaknutih \u0161uma, svaki zaljubljenik u prirodu mo\u017ee lako prona\u0107i mjesto u kojem \u0107e u\u017eivati. No, kada su prirodne ljepote u pitanju, nacionalni parkovi Hrvatske su na samome vrhu, a me\u0111u njima je vjerojatno najpoznatiji&#8230;<\/p>","protected":false},"author":5,"featured_media":2076,"parent":0,"menu_order":0,"comment_status":"closed","ping_status":"closed","template":"","meta":{"_mi_skip_tracking":false,"_exactmetrics_sitenote_active":false,"_exactmetrics_sitenote_note":"","_exactmetrics_sitenote_category":0},"yoast_head":"<!-- This site is optimized with the Yoast SEO plugin v19.6.1 - https:\/\/yoast.com\/wordpress\/plugins\/seo\/ -->\n<title>Jednodnevni izlet na Plitvi\u010dka jezera | Taxi \u0160ibenik<\/title>\n<meta name=\"description\" content=\"\u017delite li provesti \u010daroban dan na Plitvi\u010dkim jezerima? Organizirajte savr\u0161en posjet iz \u0160ibenika ovom nevjerojatnom nacionalnom parku uz na\u0161u pomo\u0107!\" \/>\n<meta name=\"robots\" content=\"index, follow, max-snippet:-1, max-image-preview:large, max-video-preview:-1\" \/>\n<link rel=\"canonical\" href=\"https:\/\/sibeniktaxi.com\/en\/jednodnevni-izlet-na-plitvicka-jezera\/\" \/>\n<meta property=\"og:locale\" content=\"en_US\" \/>\n<meta property=\"og:type\" content=\"article\" \/>\n<meta property=\"og:title\" content=\"Jednodnevni izlet na Plitvi\u010dka jezera | Taxi \u0160ibenik\" \/>\n<meta property=\"og:description\" content=\"\u017delite li provesti \u010daroban dan na Plitvi\u010dkim jezerima? Organizirajte savr\u0161en posjet iz \u0160ibenika ovom nevjerojatnom nacionalnom parku uz na\u0161u pomo\u0107!\" \/>\n<meta property=\"og:url\" content=\"https:\/\/sibeniktaxi.com\/en\/jednodnevni-izlet-na-plitvicka-jezera\/\" \/>\n<meta property=\"og:site_name\" content=\"Taxi \u0160ibenik\" \/>\n<meta property=\"article:publisher\" content=\"https:\/\/www.facebook.com\/sibeniktaxi\/\" \/>\n<meta property=\"article:modified_time\" content=\"2021-07-12T22:46:01+00:00\" \/>\n<meta property=\"og:image\" content=\"https:\/\/sibeniktaxi.com\/wp-content\/uploads\/2021\/07\/Jednodnevni-izlet-na-plitvicka-jezera.png\" \/>\n\t<meta property=\"og:image:width\" content=\"1920\" \/>\n\t<meta property=\"og:image:height\" content=\"1280\" \/>\n\t<meta property=\"og:image:type\" content=\"image\/png\" \/>\n<meta name=\"twitter:card\" content=\"summary\" \/>\n<meta name=\"twitter:label1\" content=\"Est. reading time\" \/>\n\t<meta name=\"twitter:data1\" content=\"4 minutes\" \/>\n<script type=\"application\/ld+json\" class=\"yoast-schema-graph\">{\"@context\":\"https:\/\/schema.org\",\"@graph\":[{\"@type\":\"WebPage\",\"@id\":\"https:\/\/sibeniktaxi.com\/jednodnevni-izlet-na-plitvicka-jezera\/\",\"url\":\"https:\/\/sibeniktaxi.com\/jednodnevni-izlet-na-plitvicka-jezera\/\",\"name\":\"Jednodnevni izlet na Plitvi\u010dka jezera | Taxi \u0160ibenik\",\"isPartOf\":{\"@id\":\"https:\/\/sibeniktaxi.com\/#website\"},\"datePublished\":\"2021-07-09T21:00:46+00:00\",\"dateModified\":\"2021-07-12T22:46:01+00:00\",\"description\":\"\u017delite li provesti \u010daroban dan na Plitvi\u010dkim jezerima? Organizirajte savr\u0161en posjet iz \u0160ibenika ovom nevjerojatnom nacionalnom parku uz na\u0161u pomo\u0107!\",\"breadcrumb\":{\"@id\":\"https:\/\/sibeniktaxi.com\/jednodnevni-izlet-na-plitvicka-jezera\/#breadcrumb\"},\"inLanguage\":\"en-US\",\"potentialAction\":[{\"@type\":\"ReadAction\",\"target\":[\"https:\/\/sibeniktaxi.com\/jednodnevni-izlet-na-plitvicka-jezera\/\"]}]},{\"@type\":\"BreadcrumbList\",\"@id\":\"https:\/\/sibeniktaxi.com\/jednodnevni-izlet-na-plitvicka-jezera\/#breadcrumb\",\"itemListElement\":[{\"@type\":\"ListItem\",\"position\":1,\"name\":\"Taxi \u0160ibenik\",\"item\":\"https:\/\/sibeniktaxi.com\/\"},{\"@type\":\"ListItem\",\"position\":2,\"name\":\"Jednodnevni izlet na Plitvi\u010dka jezera\"}]},{\"@type\":\"WebSite\",\"@id\":\"https:\/\/sibeniktaxi.com\/#website\",\"url\":\"https:\/\/sibeniktaxi.com\/\",\"name\":\"Taxi \u0160ibenik\",\"description\":\"Najbolji Taxi u gradu\",\"publisher\":{\"@id\":\"https:\/\/sibeniktaxi.com\/#organization\"},\"potentialAction\":[{\"@type\":\"SearchAction\",\"target\":{\"@type\":\"EntryPoint\",\"urlTemplate\":\"https:\/\/sibeniktaxi.com\/?s={search_term_string}\"},\"query-input\":\"required name=search_term_string\"}],\"inLanguage\":\"en-US\"},{\"@type\":\"Organization\",\"@id\":\"https:\/\/sibeniktaxi.com\/#organization\",\"name\":\"Taxi \u0160ibenik\",\"url\":\"https:\/\/sibeniktaxi.com\/\",\"sameAs\":[\"https:\/\/www.facebook.com\/sibeniktaxi\/\"],\"logo\":{\"@type\":\"ImageObject\",\"inLanguage\":\"en-US\",\"@id\":\"https:\/\/sibeniktaxi.com\/#\/schema\/logo\/image\/\",\"url\":\"https:\/\/sibeniktaxi.com\/wp-content\/uploads\/2018\/04\/cropped-TAXI-DALMACIJA-logo-lav-rose-3.png\",\"contentUrl\":\"https:\/\/sibeniktaxi.com\/wp-content\/uploads\/2018\/04\/cropped-TAXI-DALMACIJA-logo-lav-rose-3.png\",\"width\":\"240\",\"height\":\"116\",\"caption\":\"Taxi \u0160ibenik\"},\"image\":{\"@id\":\"https:\/\/sibeniktaxi.com\/#\/schema\/logo\/image\/\"}}]}<\/script>\n<!-- \/ Yoast SEO plugin. -->","yoast_head_json":{"title":"Jednodnevni izlet na Plitvi\u010dka jezera | Taxi \u0160ibenik","description":"\u017delite li provesti \u010daroban dan na Plitvi\u010dkim jezerima? Organizirajte savr\u0161en posjet iz \u0160ibenika ovom nevjerojatnom nacionalnom parku uz na\u0161u pomo\u0107!","robots":{"index":"index","follow":"follow","max-snippet":"max-snippet:-1","max-image-preview":"max-image-preview:large","max-video-preview":"max-video-preview:-1"},"canonical":"https:\/\/sibeniktaxi.com\/en\/jednodnevni-izlet-na-plitvicka-jezera\/","og_locale":"en_US","og_type":"article","og_title":"Jednodnevni izlet na Plitvi\u010dka jezera | Taxi \u0160ibenik","og_description":"\u017delite li provesti \u010daroban dan na Plitvi\u010dkim jezerima? Organizirajte savr\u0161en posjet iz \u0160ibenika ovom nevjerojatnom nacionalnom parku uz na\u0161u pomo\u0107!","og_url":"https:\/\/sibeniktaxi.com\/en\/jednodnevni-izlet-na-plitvicka-jezera\/","og_site_name":"Taxi \u0160ibenik","article_publisher":"https:\/\/www.facebook.com\/sibeniktaxi\/","article_modified_time":"2021-07-12T22:46:01+00:00","og_image":[{"width":1920,"height":1280,"url":"https:\/\/sibeniktaxi.com\/wp-content\/uploads\/2021\/07\/Jednodnevni-izlet-na-plitvicka-jezera.png","type":"image\/png"}],"twitter_card":"summary","twitter_misc":{"Est. reading time":"4 minutes"},"schema":{"@context":"https:\/\/schema.org","@graph":[{"@type":"WebPage","@id":"https:\/\/sibeniktaxi.com\/jednodnevni-izlet-na-plitvicka-jezera\/","url":"https:\/\/sibeniktaxi.com\/jednodnevni-izlet-na-plitvicka-jezera\/","name":"Jednodnevni izlet na Plitvi\u010dka jezera | Taxi \u0160ibenik","isPartOf":{"@id":"https:\/\/sibeniktaxi.com\/#website"},"datePublished":"2021-07-09T21:00:46+00:00","dateModified":"2021-07-12T22:46:01+00:00","description":"\u017delite li provesti \u010daroban dan na Plitvi\u010dkim jezerima? Organizirajte savr\u0161en posjet iz \u0160ibenika ovom nevjerojatnom nacionalnom parku uz na\u0161u pomo\u0107!","breadcrumb":{"@id":"https:\/\/sibeniktaxi.com\/jednodnevni-izlet-na-plitvicka-jezera\/#breadcrumb"},"inLanguage":"en-US","potentialAction":[{"@type":"ReadAction","target":["https:\/\/sibeniktaxi.com\/jednodnevni-izlet-na-plitvicka-jezera\/"]}]},{"@type":"BreadcrumbList","@id":"https:\/\/sibeniktaxi.com\/jednodnevni-izlet-na-plitvicka-jezera\/#breadcrumb","itemListElement":[{"@type":"ListItem","position":1,"name":"Taxi \u0160ibenik","item":"https:\/\/sibeniktaxi.com\/"},{"@type":"ListItem","position":2,"name":"Jednodnevni izlet na Plitvi\u010dka jezera"}]},{"@type":"WebSite","@id":"https:\/\/sibeniktaxi.com\/#website","url":"https:\/\/sibeniktaxi.com\/","name":"Taxi \u0160ibenik","description":"Najbolji Taxi u gradu","publisher":{"@id":"https:\/\/sibeniktaxi.com\/#organization"},"potentialAction":[{"@type":"SearchAction","target":{"@type":"EntryPoint","urlTemplate":"https:\/\/sibeniktaxi.com\/?s={search_term_string}"},"query-input":"required name=search_term_string"}],"inLanguage":"en-US"},{"@type":"Organization","@id":"https:\/\/sibeniktaxi.com\/#organization","name":"Taxi \u0160ibenik","url":"https:\/\/sibeniktaxi.com\/","sameAs":["https:\/\/www.facebook.com\/sibeniktaxi\/"],"logo":{"@type":"ImageObject","inLanguage":"en-US","@id":"https:\/\/sibeniktaxi.com\/#\/schema\/logo\/image\/","url":"https:\/\/sibeniktaxi.com\/wp-content\/uploads\/2018\/04\/cropped-TAXI-DALMACIJA-logo-lav-rose-3.png","contentUrl":"https:\/\/sibeniktaxi.com\/wp-content\/uploads\/2018\/04\/cropped-TAXI-DALMACIJA-logo-lav-rose-3.png","width":"240","height":"116","caption":"Taxi \u0160ibenik"},"image":{"@id":"https:\/\/sibeniktaxi.com\/#\/schema\/logo\/image\/"}}]}},"_links":{"self":[{"href":"https:\/\/sibeniktaxi.com\/en\/wp-json\/wp\/v2\/pages\/2075"}],"collection":[{"href":"https:\/\/sibeniktaxi.com\/en\/wp-json\/wp\/v2\/pages"}],"about":[{"href":"https:\/\/sibeniktaxi.com\/en\/wp-json\/wp\/v2\/types\/page"}],"author":[{"embeddable":true,"href":"https:\/\/sibeniktaxi.com\/en\/wp-json\/wp\/v2\/users\/5"}],"replies":[{"embeddable":true,"href":"https:\/\/sibeniktaxi.com\/en\/wp-json\/wp\/v2\/comments?post=2075"}],"version-history":[{"count":2,"href":"https:\/\/sibeniktaxi.com\/en\/wp-json\/wp\/v2\/pages\/2075\/revisions"}],"predecessor-version":[{"id":2098,"href":"https:\/\/sibeniktaxi.com\/en\/wp-json\/wp\/v2\/pages\/2075\/revisions\/2098"}],"wp:featuredmedia":[{"embeddable":true,"href":"https:\/\/sibeniktaxi.com\/en\/wp-json\/wp\/v2\/media\/2076"}],"wp:attachment":[{"href":"https:\/\/sibeniktaxi.com\/en\/wp-json\/wp\/v2\/media?parent=2075"}],"curies":[{"name":"wp","href":"https:\/\/api.w.org\/{rel}","templated":true}]}}