{"id":2089,"date":"2021-07-12T22:32:28","date_gmt":"2021-07-12T22:32:28","guid":{"rendered":"https:\/\/sibeniktaxi.com\/?page_id=2089"},"modified":"2021-08-26T11:24:03","modified_gmt":"2021-08-26T11:24:03","slug":"jednodnevni-izlet-u-zadar","status":"publish","type":"page","link":"https:\/\/sibeniktaxi.com\/en\/one-day-trip-to-zadar\/","title":{"rendered":"One day trip to Zadar"},"content":{"rendered":"<p class=\"translation-block\"><span style=\"font-weight: 400\"><strong>Dalmatian cities<\/strong> have so much to offer anyone who decides to visit them. From a long history and rich cultural heritage, to fantastic restaurants, tempting beaches and connections to numerous islands, every traveler will easily find something he or she enjoys.<\/span><\/p>\n<p class=\"translation-block\"><span style=\"font-weight: 400\">And if you enjoy traveling and especially day trips, <strong>\u0160ibenik<\/strong> is an ideal city to visit, primarily because of its location.<\/span><\/p>\n<p class=\"translation-block\"><span style=\"font-weight: 400\">Namely, from \u0160ibenik you can easily reach many other beautiful places in Dalmatia, among them <strong>Zadar<\/strong>, the pearl of the northern part of this region and definitely a place you must visit at least once. <\/span><a href=\"https:\/\/hr.wikipedia.org\/wiki\/Zadar\" target=\"_self\"><span style=\"font-weight: 400\">Zadar<\/span><\/a><span style=\"font-weight: 400\"> has so many well-known places that missing the opportunity to visit it would be a real sin.<\/span><\/p>\n<p><span style=\"font-weight: 400;\">Whether you live in \u0160ibenik or are just visiting, taking a day to \"jump\" to Zadar will always prove to be a great decision.<\/span><\/p>\n<p><img class=\"aligncenter wp-image-2091 size-full\" src=\"https:\/\/sibeniktaxi.com\/wp-content\/uploads\/2021\/07\/jednodnevni-izlet-u-zadar.png\" alt=\"jednodnevni izlet u zadar\" width=\"100%\" srcset=\"https:\/\/sibeniktaxi.com\/wp-content\/uploads\/2021\/07\/jednodnevni-izlet-u-zadar.png 1920w, https:\/\/sibeniktaxi.com\/wp-content\/uploads\/2021\/07\/jednodnevni-izlet-u-zadar-300x200.png 300w, https:\/\/sibeniktaxi.com\/wp-content\/uploads\/2021\/07\/jednodnevni-izlet-u-zadar-768x512.png 768w, https:\/\/sibeniktaxi.com\/wp-content\/uploads\/2021\/07\/jednodnevni-izlet-u-zadar-1024x683.png 1024w, https:\/\/sibeniktaxi.com\/wp-content\/uploads\/2021\/07\/jednodnevni-izlet-u-zadar-272x182.png 272w\" sizes=\"(max-width: 1920px) 100vw, 1920px\" \/><\/p>\n<p>&nbsp;<\/p>\n<h2><span style=\"font-weight: 400;\">The road from \u0160ibenik to Zadar<\/span><\/h2>\n<p class=\"translation-block\"><span style=\"font-weight: 400\">It is very easy to get from \u0160ibenik to Zadar by car, as these two cities are connected by two important roads. A slightly faster option is to take the <strong>A1 motorway<\/strong> (Zagreb \u2013 Split) and you will be at your destination in about an hour.<\/span><\/p>\n<p class=\"translation-block\"><span style=\"font-weight: 400\">However, if you are not in a hurry, and especially if this trip is part of your vacation, we heartily recommend the <strong>Adriatic Highway<\/strong>. This road will take you along the Dalmatian coast and offer you a wealth of beautiful scenery and views of the islands of <strong>Pa\u0161man and Ugljan<\/strong>, beyond which you can see the rest of the magical <strong>Zadar archipelago<\/strong>, and closer to \u0160ibenik is <strong>Murter<\/strong>.<\/span><\/p>\n<p class=\"translation-block\"><span style=\"font-weight: 400\">So, if you want to really enjoy the ride to Zadar, all you need to do is contact <strong>Taxi \u0160ibenik<\/strong> and leave yourself in the safe hands of our experienced drivers. Combined with reliable vehicles, you will be completely free to soak up every scene of this beautiful stretch.<\/span><\/p>\n<p><img class=\"aligncenter wp-image-2092 size-full\" src=\"https:\/\/sibeniktaxi.com\/wp-content\/uploads\/2021\/07\/pogled-na-ugljan-iz-zadra.png\" alt=\"pogled na ugljan iz zadra\" width=\"100%\" srcset=\"https:\/\/sibeniktaxi.com\/wp-content\/uploads\/2021\/07\/pogled-na-ugljan-iz-zadra.png 1920w, https:\/\/sibeniktaxi.com\/wp-content\/uploads\/2021\/07\/pogled-na-ugljan-iz-zadra-300x200.png 300w, https:\/\/sibeniktaxi.com\/wp-content\/uploads\/2021\/07\/pogled-na-ugljan-iz-zadra-768x512.png 768w, https:\/\/sibeniktaxi.com\/wp-content\/uploads\/2021\/07\/pogled-na-ugljan-iz-zadra-1024x683.png 1024w, https:\/\/sibeniktaxi.com\/wp-content\/uploads\/2021\/07\/pogled-na-ugljan-iz-zadra-272x182.png 272w\" sizes=\"(max-width: 1920px) 100vw, 1920px\" \/><\/p>\n<p>&nbsp;<\/p>\n<h2><span style=\"font-weight: 400;\">What to see in Zadar?<\/span><\/h2>\n<p class=\"translation-block\"><span style=\"font-weight: 400\">As we've already said, Zadar is full of fantastic sights and places you should visit. For example, did you know that the Zadar <strong>Forum<\/strong> is the largest Roman forum on this side of the Adriatic Sea? And right next to it is the <strong>Church of St. Donatus<\/strong>, also one of the symbols of the city. Here you can also find a nice cafe and escape the heat (if you're coming in the summer, of course) with a refreshing drink or coffee, and thanks to the view of this old part of the city, the feeling will be very special.<\/span><\/p>\n<p class=\"translation-block\"><span style=\"font-weight: 400\">Another thing you shouldn't miss is a walk around the outer part of the <strong>Zadar peninsula<\/strong>, where the <strong>old part of the city<\/strong> is located. Not only will you be able to study the city walls in detail, but at the top of the peninsula you will be able to see and hear two modern art installations that have made the city famous \u2013 <strong>Greeting to the Sun and the Sea Organ<\/strong>.<\/span><\/p>\n<p class=\"translation-block\"><span style=\"font-weight: 400\"><strong>The sea organ is \"played\" by the Adriatic Sea itself<\/strong>, which pushes air through pipes dug into the shore with its waves, thus producing a unique \"melody\", so take a moment and sit on the nearby steps and enjoy something unique. Just a little further from that place is <strong>Greetings to the Sun<\/strong>, an installation consisting of <strong>solar panels<\/strong> that light up once the sun sets. If you can, come to this place at dusk and enjoy the sunset that the great <strong>Orson Wells<\/strong> described as the most beautiful in the world.<\/span><\/p>\n<p class=\"translation-block\"><span style=\"font-weight: 400\">Of course, Zadar offers much more \u2013 stroll along the famous <strong>Kalelarga<\/strong>, visit <strong>Trg pet bunara<\/strong> and generally enjoy everything that makes old Mediterranean cities so attractive. Narrow stone streets and a lively city center will fill you with positive emotions.<\/span><\/p>\n<p class=\"translation-block\"><span style=\"font-weight: 400\">It should certainly be said that Zadar also has excellent museums that are well worth visiting. The <strong>Museum of Illusions<\/strong> will entertain you, and the <strong>Museum of Ancient Glass<\/strong> and the <strong>Archaeological Museum<\/strong> will tell you incredible stories about the ancient Roman Iadera, Zadar in Roman times.<\/span><\/p>\n<p class=\"translation-block\"><span style=\"font-weight: 400\">All in all, Zadar is well worth a visit, and your day there will be filled with opportunities for sightseeing and enjoyment. And if you get too hot, you can always head to <strong>Kolovare<\/strong> beach, a favorite beach in Zadar that is located very close to the peninsula and the old town, so you won't have to waste much time after sightseeing.<\/span><\/p>\n<p><img class=\"aligncenter wp-image-2093 size-full\" src=\"https:\/\/sibeniktaxi.com\/wp-content\/uploads\/2021\/07\/zadarski-forum-i-sv.donat_.png\" alt=\"zadarski forum i sv.donat\" width=\"100%\" srcset=\"https:\/\/sibeniktaxi.com\/wp-content\/uploads\/2021\/07\/zadarski-forum-i-sv.donat_.png 1920w, https:\/\/sibeniktaxi.com\/wp-content\/uploads\/2021\/07\/zadarski-forum-i-sv.donat_-300x200.png 300w, https:\/\/sibeniktaxi.com\/wp-content\/uploads\/2021\/07\/zadarski-forum-i-sv.donat_-768x512.png 768w, https:\/\/sibeniktaxi.com\/wp-content\/uploads\/2021\/07\/zadarski-forum-i-sv.donat_-1024x683.png 1024w, https:\/\/sibeniktaxi.com\/wp-content\/uploads\/2021\/07\/zadarski-forum-i-sv.donat_-272x182.png 272w\" sizes=\"(max-width: 1920px) 100vw, 1920px\" \/><\/p>\n<p>&nbsp;<\/p>\n<h2><span style=\"font-weight: 400;\">Organize a fantastic trip<\/span><\/h2>\n<p class=\"translation-block\"><span style=\"font-weight: 400\">Zadar, therefore, offers its guests everything they need for a wonderful day in a beautiful <strong>Mediterranean city<\/strong>. <strong>Historical sights<\/strong> that date back to ancient times and modern art installations that have made this city recognizable on the world map. All of this is spiced up with an incredibly attractive old town, cozy cafes, excellent restaurants, and Kolovare beach is nearby if you want to take a swim.<\/span><\/p>\n<p class=\"translation-block\"><span style=\"font-weight: 400\">If you want to enrich your holiday in \u0160ibenik or are simply looking for a way to change your everyday life a little, all you need to do is contact <\/span><a href=\"https:\/\/sibeniktaxi.com\/en\/\" target=\"_self\"><span style=\"font-weight: 400\">Taxi \u0160ibenik<\/span><\/a><span style=\"font-weight: 400\"> and you can be sure that you will have a fantastic day ahead. <strong>Leave everything in our safe hands<\/strong>!<\/span><\/p>\n<p><iframe loading=\"lazy\" title=\"Zadar in 4K\" width=\"790\" height=\"444\" src=\"https:\/\/www.youtube.com\/embed\/edkv2J0Uv1c?feature=oembed\" frameborder=\"0\" allow=\"accelerometer; autoplay; clipboard-write; encrypted-media; gyroscope; picture-in-picture\" allowfullscreen><\/iframe><\/p>","protected":false},"excerpt":{"rendered":"<p>Dalmatinski gradovi imaju toliko toga za ponuditi svakome tko ih odlu\u010di posjetiti. Od duge povijesti i bogate kulturne ba\u0161tine, pa sve do fantasti\u010dnih restorana, primamljivih pla\u017ea i veza s mnogobrojnim otocima, za svakog putnika \u0107e se lako prona\u0107i ne\u0161to u \u010demu on ili ona u\u017eiva. A ako u\u017eiva u putovanjima&#8230;<\/p>","protected":false},"author":5,"featured_media":2091,"parent":0,"menu_order":0,"comment_status":"closed","ping_status":"closed","template":"","meta":{"_mi_skip_tracking":false,"_exactmetrics_sitenote_active":false,"_exactmetrics_sitenote_note":"","_exactmetrics_sitenote_category":0},"yoast_head":"<!-- This site is optimized with the Yoast SEO plugin v19.6.1 - https:\/\/yoast.com\/wordpress\/plugins\/seo\/ -->\n<title>Jednodnevni izlet u Zadar | Taxi \u0160ibenik<\/title>\n<meta name=\"description\" content=\"Planirate jednodnevni izlet u Zadar? Organizirajte ga uz pouzdanog partnera koji \u0107e se pobrinuti da u\u017eivate u svom danu od po\u010detka pa sve do samog kraja!\" \/>\n<meta name=\"robots\" content=\"index, follow, max-snippet:-1, max-image-preview:large, max-video-preview:-1\" \/>\n<link rel=\"canonical\" href=\"https:\/\/sibeniktaxi.com\/en\/jednodnevni-izlet-u-zadar\/\" \/>\n<meta property=\"og:locale\" content=\"en_US\" \/>\n<meta property=\"og:type\" content=\"article\" \/>\n<meta property=\"og:title\" content=\"Jednodnevni izlet u Zadar | Taxi \u0160ibenik\" \/>\n<meta property=\"og:description\" content=\"Planirate jednodnevni izlet u Zadar? Organizirajte ga uz pouzdanog partnera koji \u0107e se pobrinuti da u\u017eivate u svom danu od po\u010detka pa sve do samog kraja!\" \/>\n<meta property=\"og:url\" content=\"https:\/\/sibeniktaxi.com\/en\/jednodnevni-izlet-u-zadar\/\" \/>\n<meta property=\"og:site_name\" content=\"Taxi \u0160ibenik\" \/>\n<meta property=\"article:publisher\" content=\"https:\/\/www.facebook.com\/sibeniktaxi\/\" \/>\n<meta property=\"article:modified_time\" content=\"2021-08-26T11:24:03+00:00\" \/>\n<meta property=\"og:image\" content=\"https:\/\/sibeniktaxi.com\/wp-content\/uploads\/2021\/07\/jednodnevni-izlet-u-zadar.png\" \/>\n\t<meta property=\"og:image:width\" content=\"1920\" \/>\n\t<meta property=\"og:image:height\" content=\"1280\" \/>\n\t<meta property=\"og:image:type\" content=\"image\/png\" \/>\n<meta name=\"twitter:card\" content=\"summary\" \/>\n<meta name=\"twitter:label1\" content=\"Est. reading time\" \/>\n\t<meta name=\"twitter:data1\" content=\"4 minutes\" \/>\n<script type=\"application\/ld+json\" class=\"yoast-schema-graph\">{\"@context\":\"https:\/\/schema.org\",\"@graph\":[{\"@type\":\"WebPage\",\"@id\":\"https:\/\/sibeniktaxi.com\/jednodnevni-izlet-u-zadar\/\",\"url\":\"https:\/\/sibeniktaxi.com\/jednodnevni-izlet-u-zadar\/\",\"name\":\"Jednodnevni izlet u Zadar | Taxi \u0160ibenik\",\"isPartOf\":{\"@id\":\"https:\/\/sibeniktaxi.com\/#website\"},\"datePublished\":\"2021-07-12T22:32:28+00:00\",\"dateModified\":\"2021-08-26T11:24:03+00:00\",\"description\":\"Planirate jednodnevni izlet u Zadar? Organizirajte ga uz pouzdanog partnera koji \u0107e se pobrinuti da u\u017eivate u svom danu od po\u010detka pa sve do samog kraja!\",\"breadcrumb\":{\"@id\":\"https:\/\/sibeniktaxi.com\/jednodnevni-izlet-u-zadar\/#breadcrumb\"},\"inLanguage\":\"en-US\",\"potentialAction\":[{\"@type\":\"ReadAction\",\"target\":[\"https:\/\/sibeniktaxi.com\/jednodnevni-izlet-u-zadar\/\"]}]},{\"@type\":\"BreadcrumbList\",\"@id\":\"https:\/\/sibeniktaxi.com\/jednodnevni-izlet-u-zadar\/#breadcrumb\",\"itemListElement\":[{\"@type\":\"ListItem\",\"position\":1,\"name\":\"Taxi \u0160ibenik\",\"item\":\"https:\/\/sibeniktaxi.com\/\"},{\"@type\":\"ListItem\",\"position\":2,\"name\":\"Jednodnevni izlet u Zadar\"}]},{\"@type\":\"WebSite\",\"@id\":\"https:\/\/sibeniktaxi.com\/#website\",\"url\":\"https:\/\/sibeniktaxi.com\/\",\"name\":\"Taxi \u0160ibenik\",\"description\":\"Najbolji Taxi u gradu\",\"publisher\":{\"@id\":\"https:\/\/sibeniktaxi.com\/#organization\"},\"potentialAction\":[{\"@type\":\"SearchAction\",\"target\":{\"@type\":\"EntryPoint\",\"urlTemplate\":\"https:\/\/sibeniktaxi.com\/?s={search_term_string}\"},\"query-input\":\"required name=search_term_string\"}],\"inLanguage\":\"en-US\"},{\"@type\":\"Organization\",\"@id\":\"https:\/\/sibeniktaxi.com\/#organization\",\"name\":\"Taxi \u0160ibenik\",\"url\":\"https:\/\/sibeniktaxi.com\/\",\"sameAs\":[\"https:\/\/www.facebook.com\/sibeniktaxi\/\"],\"logo\":{\"@type\":\"ImageObject\",\"inLanguage\":\"en-US\",\"@id\":\"https:\/\/sibeniktaxi.com\/#\/schema\/logo\/image\/\",\"url\":\"https:\/\/sibeniktaxi.com\/wp-content\/uploads\/2018\/04\/cropped-TAXI-DALMACIJA-logo-lav-rose-3.png\",\"contentUrl\":\"https:\/\/sibeniktaxi.com\/wp-content\/uploads\/2018\/04\/cropped-TAXI-DALMACIJA-logo-lav-rose-3.png\",\"width\":\"240\",\"height\":\"116\",\"caption\":\"Taxi \u0160ibenik\"},\"image\":{\"@id\":\"https:\/\/sibeniktaxi.com\/#\/schema\/logo\/image\/\"}}]}<\/script>\n<!-- \/ Yoast SEO plugin. -->","yoast_head_json":{"title":"Jednodnevni izlet u Zadar | Taxi \u0160ibenik","description":"Planirate jednodnevni izlet u Zadar? Organizirajte ga uz pouzdanog partnera koji \u0107e se pobrinuti da u\u017eivate u svom danu od po\u010detka pa sve do samog kraja!","robots":{"index":"index","follow":"follow","max-snippet":"max-snippet:-1","max-image-preview":"max-image-preview:large","max-video-preview":"max-video-preview:-1"},"canonical":"https:\/\/sibeniktaxi.com\/en\/jednodnevni-izlet-u-zadar\/","og_locale":"en_US","og_type":"article","og_title":"Jednodnevni izlet u Zadar | Taxi \u0160ibenik","og_description":"Planirate jednodnevni izlet u Zadar? Organizirajte ga uz pouzdanog partnera koji \u0107e se pobrinuti da u\u017eivate u svom danu od po\u010detka pa sve do samog kraja!","og_url":"https:\/\/sibeniktaxi.com\/en\/jednodnevni-izlet-u-zadar\/","og_site_name":"Taxi \u0160ibenik","article_publisher":"https:\/\/www.facebook.com\/sibeniktaxi\/","article_modified_time":"2021-08-26T11:24:03+00:00","og_image":[{"width":1920,"height":1280,"url":"https:\/\/sibeniktaxi.com\/wp-content\/uploads\/2021\/07\/jednodnevni-izlet-u-zadar.png","type":"image\/png"}],"twitter_card":"summary","twitter_misc":{"Est. reading time":"4 minutes"},"schema":{"@context":"https:\/\/schema.org","@graph":[{"@type":"WebPage","@id":"https:\/\/sibeniktaxi.com\/jednodnevni-izlet-u-zadar\/","url":"https:\/\/sibeniktaxi.com\/jednodnevni-izlet-u-zadar\/","name":"Jednodnevni izlet u Zadar | Taxi \u0160ibenik","isPartOf":{"@id":"https:\/\/sibeniktaxi.com\/#website"},"datePublished":"2021-07-12T22:32:28+00:00","dateModified":"2021-08-26T11:24:03+00:00","description":"Planirate jednodnevni izlet u Zadar? Organizirajte ga uz pouzdanog partnera koji \u0107e se pobrinuti da u\u017eivate u svom danu od po\u010detka pa sve do samog kraja!","breadcrumb":{"@id":"https:\/\/sibeniktaxi.com\/jednodnevni-izlet-u-zadar\/#breadcrumb"},"inLanguage":"en-US","potentialAction":[{"@type":"ReadAction","target":["https:\/\/sibeniktaxi.com\/jednodnevni-izlet-u-zadar\/"]}]},{"@type":"BreadcrumbList","@id":"https:\/\/sibeniktaxi.com\/jednodnevni-izlet-u-zadar\/#breadcrumb","itemListElement":[{"@type":"ListItem","position":1,"name":"Taxi \u0160ibenik","item":"https:\/\/sibeniktaxi.com\/"},{"@type":"ListItem","position":2,"name":"Jednodnevni izlet u Zadar"}]},{"@type":"WebSite","@id":"https:\/\/sibeniktaxi.com\/#website","url":"https:\/\/sibeniktaxi.com\/","name":"Taxi \u0160ibenik","description":"Najbolji Taxi u gradu","publisher":{"@id":"https:\/\/sibeniktaxi.com\/#organization"},"potentialAction":[{"@type":"SearchAction","target":{"@type":"EntryPoint","urlTemplate":"https:\/\/sibeniktaxi.com\/?s={search_term_string}"},"query-input":"required name=search_term_string"}],"inLanguage":"en-US"},{"@type":"Organization","@id":"https:\/\/sibeniktaxi.com\/#organization","name":"Taxi \u0160ibenik","url":"https:\/\/sibeniktaxi.com\/","sameAs":["https:\/\/www.facebook.com\/sibeniktaxi\/"],"logo":{"@type":"ImageObject","inLanguage":"en-US","@id":"https:\/\/sibeniktaxi.com\/#\/schema\/logo\/image\/","url":"https:\/\/sibeniktaxi.com\/wp-content\/uploads\/2018\/04\/cropped-TAXI-DALMACIJA-logo-lav-rose-3.png","contentUrl":"https:\/\/sibeniktaxi.com\/wp-content\/uploads\/2018\/04\/cropped-TAXI-DALMACIJA-logo-lav-rose-3.png","width":"240","height":"116","caption":"Taxi \u0160ibenik"},"image":{"@id":"https:\/\/sibeniktaxi.com\/#\/schema\/logo\/image\/"}}]}},"_links":{"self":[{"href":"https:\/\/sibeniktaxi.com\/en\/wp-json\/wp\/v2\/pages\/2089"}],"collection":[{"href":"https:\/\/sibeniktaxi.com\/en\/wp-json\/wp\/v2\/pages"}],"about":[{"href":"https:\/\/sibeniktaxi.com\/en\/wp-json\/wp\/v2\/types\/page"}],"author":[{"embeddable":true,"href":"https:\/\/sibeniktaxi.com\/en\/wp-json\/wp\/v2\/users\/5"}],"replies":[{"embeddable":true,"href":"https:\/\/sibeniktaxi.com\/en\/wp-json\/wp\/v2\/comments?post=2089"}],"version-history":[{"count":3,"href":"https:\/\/sibeniktaxi.com\/en\/wp-json\/wp\/v2\/pages\/2089\/revisions"}],"predecessor-version":[{"id":2196,"href":"https:\/\/sibeniktaxi.com\/en\/wp-json\/wp\/v2\/pages\/2089\/revisions\/2196"}],"wp:featuredmedia":[{"embeddable":true,"href":"https:\/\/sibeniktaxi.com\/en\/wp-json\/wp\/v2\/media\/2091"}],"wp:attachment":[{"href":"https:\/\/sibeniktaxi.com\/en\/wp-json\/wp\/v2\/media?parent=2089"}],"curies":[{"name":"wp","href":"https:\/\/api.w.org\/{rel}","templated":true}]}}