{"id":2187,"date":"2021-08-26T11:16:27","date_gmt":"2021-08-26T11:16:27","guid":{"rendered":"https:\/\/sibeniktaxi.com\/?page_id=2187"},"modified":"2022-09-23T07:31:45","modified_gmt":"2022-09-23T07:31:45","slug":"izlet-na-vransko-jezero","status":"publish","type":"page","link":"https:\/\/sibeniktaxi.com\/en\/trip-to-vransko-lake\/","title":{"rendered":"Trip to Vrana Lake"},"content":{"rendered":"<p class=\"translation-block\"><span style=\"font-weight: 400\"><strong>Dalmatia<\/strong> offers every visitor a wealth of fascinating destinations \u2013 whether you're looking for incredible beaches, picturesque locations, or sights that date back centuries, you'll easily find a place to enjoy.<\/span><\/p>\n<p class=\"translation-block\"><span style=\"font-weight: 400\">But <strong>animal and nature lovers<\/strong> will also find their place here. In addition to the beautiful national parks that attract guests from all over the world, there are also many nature parks, <strong>oases of peace<\/strong> where you can spend a wonderful day.<\/span><\/p>\n<p class=\"translation-block\"><span style=\"font-weight: 400\">One \u200b\u200bsuch place is <strong>Vransko jezero<\/strong>, <strong>the largest natural lake in Croatia<\/strong>, just <strong>20 kilometers from \u0160ibenik<\/strong>. So, if you're visiting Kre\u0161imir's town or live there, but haven't visited this beautiful place (in a long time), reserve a day for this interesting excursion. We assure you that you won't regret it!<\/span><\/p>\n<p><img loading=\"lazy\" class=\"aligncenter size-full wp-image-2188\" src=\"https:\/\/sibeniktaxi.com\/wp-content\/uploads\/2021\/08\/vransko-jezero.jpg\" alt=\"Vrana Lake\" width=\"1600\" height=\"900\" srcset=\"https:\/\/sibeniktaxi.com\/wp-content\/uploads\/2021\/08\/vransko-jezero.jpg 1600w, https:\/\/sibeniktaxi.com\/wp-content\/uploads\/2021\/08\/vransko-jezero-300x169.jpg 300w, https:\/\/sibeniktaxi.com\/wp-content\/uploads\/2021\/08\/vransko-jezero-768x432.jpg 768w, https:\/\/sibeniktaxi.com\/wp-content\/uploads\/2021\/08\/vransko-jezero-1024x576.jpg 1024w\" sizes=\"(max-width: 1600px) 100vw, 1600px\" \/><\/p>\n<p>&nbsp;<\/p>\n<h2><span style=\"font-weight: 400;\">How to get to Vrana Lake?<\/span><\/h2>\n<p class=\"translation-block\"><span style=\"font-weight: 400\"><strong>Lake Vransko<\/strong> is located exactly halfway between <strong>\u0160ibenik<\/strong> and <\/span><strong><a href=\"https:\/\/sibeniktaxi.com\/en\/jednodnevni-izlet-u-zadar\/\" target=\"_self\">Zadar<\/a><\/strong><span style=\"font-weight: 400\">, and as we have already said, it is a distance of slightly more than 20 kilometers as the crow flies. More precisely, the borders of this nature park are between <strong>Pirovac<\/strong> and <strong>Pako\u0161tane<\/strong>.<\/span><\/p>\n<p class=\"translation-block\"><span style=\"font-weight: 400\">The lake's location itself is a <strong>unique natural phenomenon<\/strong>, as it is located right next to the <strong>Adriatic Sea<\/strong>, separated from it by a stretch of land that is less than a kilometer wide in some places. On one side, you can enjoy the view of the islets in front of <strong>Murter<\/strong>, while on the other, <strong>Lake Vrana<\/strong> awaits you.<\/span><\/p>\n<p class=\"translation-block\"><span style=\"font-weight: 400\">The best way to get to this destination is to travel on the <strong>Adriatic highway<\/strong>, because that way you will be able to enjoy some truly wonderful sights of the Adriatic coast. Of course, it will be much easier if you don't have to drive yourself, so contact <\/span><a href=\"https:\/\/sibeniktaxi.com\/en\/\" target=\"_self\"><span style=\"font-weight: 400\">Taxi \u0160ibenik<\/span><\/a><span style=\"font-weight: 400\"> to help you organize this fantastic trip and enjoy it to the fullest.<\/span><\/p>\n<p class=\"translation-block\"><span style=\"font-weight: 400\">The islets in front of <strong>Murter<\/strong> will create a beautiful scene in front of you that will serve as an ideal introduction to what follows.<\/span><\/p>\n<p><img loading=\"lazy\" class=\"aligncenter size-full wp-image-2189\" src=\"https:\/\/sibeniktaxi.com\/wp-content\/uploads\/2021\/08\/jezero-vransko.jpeg\" alt=\"kako doci do vranskog jezera\" width=\"1600\" height=\"1068\" srcset=\"https:\/\/sibeniktaxi.com\/wp-content\/uploads\/2021\/08\/jezero-vransko.jpeg 1600w, https:\/\/sibeniktaxi.com\/wp-content\/uploads\/2021\/08\/jezero-vransko-300x200.jpeg 300w, https:\/\/sibeniktaxi.com\/wp-content\/uploads\/2021\/08\/jezero-vransko-768x513.jpeg 768w, https:\/\/sibeniktaxi.com\/wp-content\/uploads\/2021\/08\/jezero-vransko-1024x684.jpeg 1024w, https:\/\/sibeniktaxi.com\/wp-content\/uploads\/2021\/08\/jezero-vransko-272x182.jpeg 272w\" sizes=\"(max-width: 1600px) 100vw, 1600px\" \/><\/p>\n<p>&nbsp;<\/p>\n<h2><span style=\"font-weight: 400;\">The importance of Lake Vrana<\/span><\/h2>\n<p class=\"translation-block\"><span style=\"font-weight: 400\">Vransko Jezero Nature Park is an exceptionally <strong>valuable ornithological site<\/strong> that extends over <strong>57 square kilometers<\/strong> and is filled with brackish water. Its most important part is located at the northwestern end of the lake, which is covered with reeds, which makes this part of the lake a <strong>wetland<\/strong>.<\/span><\/p>\n<p class=\"translation-block\"><span style=\"font-weight: 400\">This is why this part of the lake is extremely <strong>biologically diverse<\/strong> \u2013 the numerous plants and insects <strong>are an ideal habitat for birds<\/strong>, of which more than <strong>250 different species<\/strong> have been recorded here, many of which are considered endangered. It is estimated that more than <strong>100,000 birds<\/strong> visit Vrana Lake every winter.<\/span><\/p>\n<p class=\"translation-block\"><span style=\"font-weight: 400\">With all of this, it won't come as a surprise that one of the most popular activities here is <strong>watching birds in the wild<\/strong> as they care for their young and build their nests. Truly, this kind of untouched nature experience is hard to find anywhere else.<\/span><\/p>\n<p class=\"translation-block\"><span style=\"font-weight: 400\">But that's not the only reason why you should visit Lake Vrana. It is also <strong>very rich in fish<\/strong>, so if you are a fan of <strong>sport fishing<\/strong>, you will be happy to know that you can fish at this location almost <strong>all year round<\/strong>.<\/span><\/p>\n<p class=\"translation-block\"><span style=\"font-weight: 400\">In addition, there is a <strong>40 kilometer<\/strong> <strong>bicycle trail<\/strong> around the lake, which is another option for those who want an active vacation. Of course, the trail is also suitable for walks, and there are various <strong>viewpoints<\/strong> scattered along it, providing you with an ideal place to take a break, surrounded by beautiful greenery. The strong and intoxicating scent of sage will only enhance the experience, and the trail also passes through a dense pine forest, which you can also enjoy.<\/span><\/p>\n<p><img loading=\"lazy\" class=\"aligncenter size-full wp-image-2190\" src=\"https:\/\/sibeniktaxi.com\/wp-content\/uploads\/2021\/08\/vransko-jezero-izlet.jpg\" alt=\"vransko jezero izlet\" width=\"1537\" height=\"1024\" srcset=\"https:\/\/sibeniktaxi.com\/wp-content\/uploads\/2021\/08\/vransko-jezero-izlet.jpg 1537w, https:\/\/sibeniktaxi.com\/wp-content\/uploads\/2021\/08\/vransko-jezero-izlet-300x200.jpg 300w, https:\/\/sibeniktaxi.com\/wp-content\/uploads\/2021\/08\/vransko-jezero-izlet-768x512.jpg 768w, https:\/\/sibeniktaxi.com\/wp-content\/uploads\/2021\/08\/vransko-jezero-izlet-1024x682.jpg 1024w, https:\/\/sibeniktaxi.com\/wp-content\/uploads\/2021\/08\/vransko-jezero-izlet-272x182.jpg 272w\" sizes=\"(max-width: 1537px) 100vw, 1537px\" \/><\/p>\n<p>&nbsp;<\/p>\n<h2><span style=\"font-weight: 400;\">Archaeological finds and hinterland<\/span><\/h2>\n<p class=\"translation-block\"><span style=\"font-weight: 400\">There are numerous <strong>archaeological sites<\/strong> around Lake Vrana, and traces of civilization in this area date back to two thousand years BC. This area was very important even during the <strong>Roman Empire<\/strong>, when the so-called villas rustica were built, as well as the water supply system that supplied Zadar.<\/span><\/p>\n<p class=\"translation-block\"><span style=\"font-weight: 400\">There are also a handful of remains of <strong>medieval towers<\/strong> and other buildings that served Croatian nobles until <strong>the Turkish invasion in the 16th century<\/strong>.<\/span><\/p>\n<p class=\"translation-block\"><span style=\"font-weight: 400\">Once you've finished enjoying Lake Vrana, if you have time left, explore the small Dalmatian hinterland and round off a fantastic day with the third special geographical entity after the Adriatic Sea and the lake. <strong>Benkovac<\/strong> is only five kilometers away, and there you can discover many more archaeological sites, as well as excellent food (don't miss trying <strong>homemade peka<\/strong>!).<\/span><\/p>\n<p><img loading=\"lazy\" class=\"aligncenter size-full wp-image-2191\" src=\"https:\/\/sibeniktaxi.com\/wp-content\/uploads\/2021\/08\/izlet-vransko-jezero.jpg\" alt=\"izlet vransko jezero\" width=\"1152\" height=\"768\" srcset=\"https:\/\/sibeniktaxi.com\/wp-content\/uploads\/2021\/08\/izlet-vransko-jezero.jpg 1152w, https:\/\/sibeniktaxi.com\/wp-content\/uploads\/2021\/08\/izlet-vransko-jezero-300x200.jpg 300w, https:\/\/sibeniktaxi.com\/wp-content\/uploads\/2021\/08\/izlet-vransko-jezero-768x512.jpg 768w, https:\/\/sibeniktaxi.com\/wp-content\/uploads\/2021\/08\/izlet-vransko-jezero-1024x683.jpg 1024w, https:\/\/sibeniktaxi.com\/wp-content\/uploads\/2021\/08\/izlet-vransko-jezero-272x182.jpg 272w\" sizes=\"(max-width: 1152px) 100vw, 1152px\" \/><\/p>\n<p>&nbsp;<\/p>\n<h2><span style=\"font-weight: 400;\">Relax in untouched nature<\/span><\/h2>\n<p><span style=\"font-weight: 400;\">All in all, a trip to Lake Vrana is ideal if you want to spend a day in nature or if you are looking for a place for activities such as cycling, walking or fishing away from the hustle and bustle of the city and numerous tourists. Enjoy the wonderful scenes of birds in the wild and relax in the untouched greenery.<\/span><\/p>\n<p class=\"translation-block\"><span style=\"font-weight: 400\">One \u200b\u200bcall or e-mail to <strong>Taxi \u0160ibenik<\/strong> will be enough to organize everything, and our experienced drivers and top-quality vehicles will allow you to enjoy this day in the best possible way. Book your trip today!<\/span><\/p>\n<p><iframe loading=\"lazy\" title=\"Vransko jezero (Vrana Lake) in Croatia\" width=\"790\" height=\"444\" src=\"https:\/\/www.youtube.com\/embed\/3XCdhEnHyvo?feature=oembed\" frameborder=\"0\" allow=\"accelerometer; autoplay; clipboard-write; encrypted-media; gyroscope; picture-in-picture\" allowfullscreen><\/iframe><\/p>","protected":false},"excerpt":{"rendered":"<p>Dalmacija svakom posjetitelju nudi pregr\u0161t fascinantnih destinacija &#8211; bilo da tra\u017eite nevjerojatne pla\u017ee, pitoreskna mjesta ili znamenitosti koje se\u017eu stolje\u0107ima u pro\u0161lost, lako \u0107ete prona\u0107i mjesto za u\u017eivanje. No na svoje \u0107e ovdje do\u0107i i ljubitelji \u017eivotinja i prirode. Osim prekrasnih nacionalnih parkova koji privla\u010de goste iz cijelog svijeta, tu&#8230;<\/p>","protected":false},"author":5,"featured_media":0,"parent":0,"menu_order":0,"comment_status":"closed","ping_status":"closed","template":"","meta":{"_mi_skip_tracking":false,"_exactmetrics_sitenote_active":false,"_exactmetrics_sitenote_note":"","_exactmetrics_sitenote_category":0},"yoast_head":"<!-- This site is optimized with the Yoast SEO plugin v19.6.1 - https:\/\/yoast.com\/wordpress\/plugins\/seo\/ -->\n<title>Izlet na Vransko jezero | Taxi \u0160ibenik<\/title>\n<meta name=\"description\" content=\"\u0160to vas \u010deka na Vranskom jezeru? Rezervirajte svoj izlet i otkrijte ovaj \u010darobni svijet ptica u neposrednoj blizini \u0160ibenika! Idealno za cijelu obitelj!\" \/>\n<meta name=\"robots\" content=\"index, follow, max-snippet:-1, max-image-preview:large, max-video-preview:-1\" \/>\n<link rel=\"canonical\" href=\"https:\/\/sibeniktaxi.com\/en\/izlet-na-vransko-jezero\/\" \/>\n<meta property=\"og:locale\" content=\"en_US\" \/>\n<meta property=\"og:type\" content=\"article\" \/>\n<meta property=\"og:title\" content=\"Izlet na Vransko jezero | Taxi \u0160ibenik\" \/>\n<meta property=\"og:description\" content=\"\u0160to vas \u010deka na Vranskom jezeru? Rezervirajte svoj izlet i otkrijte ovaj \u010darobni svijet ptica u neposrednoj blizini \u0160ibenika! Idealno za cijelu obitelj!\" \/>\n<meta property=\"og:url\" content=\"https:\/\/sibeniktaxi.com\/en\/izlet-na-vransko-jezero\/\" \/>\n<meta property=\"og:site_name\" content=\"Taxi \u0160ibenik\" \/>\n<meta property=\"article:publisher\" content=\"https:\/\/www.facebook.com\/sibeniktaxi\/\" \/>\n<meta property=\"article:modified_time\" content=\"2022-09-23T07:31:45+00:00\" \/>\n<meta property=\"og:image\" content=\"https:\/\/sibeniktaxi.com\/wp-content\/uploads\/2021\/08\/vransko-jezero.jpg\" \/>\n<meta name=\"twitter:card\" content=\"summary\" \/>\n<meta name=\"twitter:label1\" content=\"Est. reading time\" \/>\n\t<meta name=\"twitter:data1\" content=\"5 minutes\" \/>\n<script type=\"application\/ld+json\" class=\"yoast-schema-graph\">{\"@context\":\"https:\/\/schema.org\",\"@graph\":[{\"@type\":\"WebPage\",\"@id\":\"https:\/\/sibeniktaxi.com\/izlet-na-vransko-jezero\/\",\"url\":\"https:\/\/sibeniktaxi.com\/izlet-na-vransko-jezero\/\",\"name\":\"Izlet na Vransko jezero | Taxi \u0160ibenik\",\"isPartOf\":{\"@id\":\"https:\/\/sibeniktaxi.com\/#website\"},\"datePublished\":\"2021-08-26T11:16:27+00:00\",\"dateModified\":\"2022-09-23T07:31:45+00:00\",\"description\":\"\u0160to vas \u010deka na Vranskom jezeru? Rezervirajte svoj izlet i otkrijte ovaj \u010darobni svijet ptica u neposrednoj blizini \u0160ibenika! Idealno za cijelu obitelj!\",\"breadcrumb\":{\"@id\":\"https:\/\/sibeniktaxi.com\/izlet-na-vransko-jezero\/#breadcrumb\"},\"inLanguage\":\"en-US\",\"potentialAction\":[{\"@type\":\"ReadAction\",\"target\":[\"https:\/\/sibeniktaxi.com\/izlet-na-vransko-jezero\/\"]}]},{\"@type\":\"BreadcrumbList\",\"@id\":\"https:\/\/sibeniktaxi.com\/izlet-na-vransko-jezero\/#breadcrumb\",\"itemListElement\":[{\"@type\":\"ListItem\",\"position\":1,\"name\":\"Taxi \u0160ibenik\",\"item\":\"https:\/\/sibeniktaxi.com\/\"},{\"@type\":\"ListItem\",\"position\":2,\"name\":\"Izlet na Vransko jezero\"}]},{\"@type\":\"WebSite\",\"@id\":\"https:\/\/sibeniktaxi.com\/#website\",\"url\":\"https:\/\/sibeniktaxi.com\/\",\"name\":\"Taxi \u0160ibenik\",\"description\":\"Najbolji Taxi u gradu\",\"publisher\":{\"@id\":\"https:\/\/sibeniktaxi.com\/#organization\"},\"potentialAction\":[{\"@type\":\"SearchAction\",\"target\":{\"@type\":\"EntryPoint\",\"urlTemplate\":\"https:\/\/sibeniktaxi.com\/?s={search_term_string}\"},\"query-input\":\"required name=search_term_string\"}],\"inLanguage\":\"en-US\"},{\"@type\":\"Organization\",\"@id\":\"https:\/\/sibeniktaxi.com\/#organization\",\"name\":\"Taxi \u0160ibenik\",\"url\":\"https:\/\/sibeniktaxi.com\/\",\"sameAs\":[\"https:\/\/www.facebook.com\/sibeniktaxi\/\"],\"logo\":{\"@type\":\"ImageObject\",\"inLanguage\":\"en-US\",\"@id\":\"https:\/\/sibeniktaxi.com\/#\/schema\/logo\/image\/\",\"url\":\"https:\/\/sibeniktaxi.com\/wp-content\/uploads\/2018\/04\/cropped-TAXI-DALMACIJA-logo-lav-rose-3.png\",\"contentUrl\":\"https:\/\/sibeniktaxi.com\/wp-content\/uploads\/2018\/04\/cropped-TAXI-DALMACIJA-logo-lav-rose-3.png\",\"width\":\"240\",\"height\":\"116\",\"caption\":\"Taxi \u0160ibenik\"},\"image\":{\"@id\":\"https:\/\/sibeniktaxi.com\/#\/schema\/logo\/image\/\"}}]}<\/script>\n<!-- \/ Yoast SEO plugin. -->","yoast_head_json":{"title":"Izlet na Vransko jezero | Taxi \u0160ibenik","description":"\u0160to vas \u010deka na Vranskom jezeru? Rezervirajte svoj izlet i otkrijte ovaj \u010darobni svijet ptica u neposrednoj blizini \u0160ibenika! Idealno za cijelu obitelj!","robots":{"index":"index","follow":"follow","max-snippet":"max-snippet:-1","max-image-preview":"max-image-preview:large","max-video-preview":"max-video-preview:-1"},"canonical":"https:\/\/sibeniktaxi.com\/en\/izlet-na-vransko-jezero\/","og_locale":"en_US","og_type":"article","og_title":"Izlet na Vransko jezero | Taxi \u0160ibenik","og_description":"\u0160to vas \u010deka na Vranskom jezeru? Rezervirajte svoj izlet i otkrijte ovaj \u010darobni svijet ptica u neposrednoj blizini \u0160ibenika! Idealno za cijelu obitelj!","og_url":"https:\/\/sibeniktaxi.com\/en\/izlet-na-vransko-jezero\/","og_site_name":"Taxi \u0160ibenik","article_publisher":"https:\/\/www.facebook.com\/sibeniktaxi\/","article_modified_time":"2022-09-23T07:31:45+00:00","og_image":[{"url":"https:\/\/sibeniktaxi.com\/wp-content\/uploads\/2021\/08\/vransko-jezero.jpg"}],"twitter_card":"summary","twitter_misc":{"Est. reading time":"5 minutes"},"schema":{"@context":"https:\/\/schema.org","@graph":[{"@type":"WebPage","@id":"https:\/\/sibeniktaxi.com\/izlet-na-vransko-jezero\/","url":"https:\/\/sibeniktaxi.com\/izlet-na-vransko-jezero\/","name":"Izlet na Vransko jezero | Taxi \u0160ibenik","isPartOf":{"@id":"https:\/\/sibeniktaxi.com\/#website"},"datePublished":"2021-08-26T11:16:27+00:00","dateModified":"2022-09-23T07:31:45+00:00","description":"\u0160to vas \u010deka na Vranskom jezeru? Rezervirajte svoj izlet i otkrijte ovaj \u010darobni svijet ptica u neposrednoj blizini \u0160ibenika! Idealno za cijelu obitelj!","breadcrumb":{"@id":"https:\/\/sibeniktaxi.com\/izlet-na-vransko-jezero\/#breadcrumb"},"inLanguage":"en-US","potentialAction":[{"@type":"ReadAction","target":["https:\/\/sibeniktaxi.com\/izlet-na-vransko-jezero\/"]}]},{"@type":"BreadcrumbList","@id":"https:\/\/sibeniktaxi.com\/izlet-na-vransko-jezero\/#breadcrumb","itemListElement":[{"@type":"ListItem","position":1,"name":"Taxi \u0160ibenik","item":"https:\/\/sibeniktaxi.com\/"},{"@type":"ListItem","position":2,"name":"Izlet na Vransko jezero"}]},{"@type":"WebSite","@id":"https:\/\/sibeniktaxi.com\/#website","url":"https:\/\/sibeniktaxi.com\/","name":"Taxi \u0160ibenik","description":"Najbolji Taxi u gradu","publisher":{"@id":"https:\/\/sibeniktaxi.com\/#organization"},"potentialAction":[{"@type":"SearchAction","target":{"@type":"EntryPoint","urlTemplate":"https:\/\/sibeniktaxi.com\/?s={search_term_string}"},"query-input":"required name=search_term_string"}],"inLanguage":"en-US"},{"@type":"Organization","@id":"https:\/\/sibeniktaxi.com\/#organization","name":"Taxi \u0160ibenik","url":"https:\/\/sibeniktaxi.com\/","sameAs":["https:\/\/www.facebook.com\/sibeniktaxi\/"],"logo":{"@type":"ImageObject","inLanguage":"en-US","@id":"https:\/\/sibeniktaxi.com\/#\/schema\/logo\/image\/","url":"https:\/\/sibeniktaxi.com\/wp-content\/uploads\/2018\/04\/cropped-TAXI-DALMACIJA-logo-lav-rose-3.png","contentUrl":"https:\/\/sibeniktaxi.com\/wp-content\/uploads\/2018\/04\/cropped-TAXI-DALMACIJA-logo-lav-rose-3.png","width":"240","height":"116","caption":"Taxi \u0160ibenik"},"image":{"@id":"https:\/\/sibeniktaxi.com\/#\/schema\/logo\/image\/"}}]}},"_links":{"self":[{"href":"https:\/\/sibeniktaxi.com\/en\/wp-json\/wp\/v2\/pages\/2187"}],"collection":[{"href":"https:\/\/sibeniktaxi.com\/en\/wp-json\/wp\/v2\/pages"}],"about":[{"href":"https:\/\/sibeniktaxi.com\/en\/wp-json\/wp\/v2\/types\/page"}],"author":[{"embeddable":true,"href":"https:\/\/sibeniktaxi.com\/en\/wp-json\/wp\/v2\/users\/5"}],"replies":[{"embeddable":true,"href":"https:\/\/sibeniktaxi.com\/en\/wp-json\/wp\/v2\/comments?post=2187"}],"version-history":[{"count":4,"href":"https:\/\/sibeniktaxi.com\/en\/wp-json\/wp\/v2\/pages\/2187\/revisions"}],"predecessor-version":[{"id":2198,"href":"https:\/\/sibeniktaxi.com\/en\/wp-json\/wp\/v2\/pages\/2187\/revisions\/2198"}],"wp:attachment":[{"href":"https:\/\/sibeniktaxi.com\/en\/wp-json\/wp\/v2\/media?parent=2187"}],"curies":[{"name":"wp","href":"https:\/\/api.w.org\/{rel}","templated":true}]}}