{"id":2199,"date":"2021-08-29T08:28:10","date_gmt":"2021-08-29T08:28:10","guid":{"rendered":"https:\/\/sibeniktaxi.com\/?page_id=2199"},"modified":"2022-05-31T15:54:08","modified_gmt":"2022-05-31T15:54:08","slug":"jednodnevni-izlet-u-trogir","status":"publish","type":"page","link":"https:\/\/sibeniktaxi.com\/en\/one-day-trip-to-trogir\/","title":{"rendered":"One day trip to Trogir"},"content":{"rendered":"<p class=\"translation-block\"><span style=\"font-weight: 400\">The location of <strong>\u0160ibenik<\/strong> allows every resident or visitor to thoroughly explore <strong>Dalmatia<\/strong> without investing much effort in traveling. Simply put, from this city you can reach a handful of great destinations in a very reasonable time.<\/span><\/p>\n<p class=\"translation-block\"><span style=\"font-weight: 400\">A day trip to <strong>Trogir<\/strong>, however, is truly something special, as this incredibly charming town is full of cultural and historical sights that will make your day pass in the blink of an eye. Suffice it to say that the entire Trogir core is listed as a <strong>UNESCO World Heritage Site<\/strong>.<\/span><\/p>\n<p class=\"translation-block\"><span style=\"font-weight: 400\">Of course, there is also <strong>\u010ciovo<\/strong>, an island that is inextricably linked with Trogir and which abounds in fantastic beaches, as, after all, does the entire surrounding area. You will certainly enjoy this place, and <\/span><strong><a href=\"https:\/\/sibeniktaxi.com\/en\/\" target=\"_self\">Taxi \u0160ibenik<\/a><\/strong><span style=\"font-weight: 400\"> will bring you there quickly and safely, allowing you to enjoy the beautiful scenery of this part of the Dalmatian coast along the way.<\/span><\/p>\n<p><img loading=\"lazy\" class=\"aligncenter size-full wp-image-2201\" src=\"https:\/\/sibeniktaxi.com\/wp-content\/uploads\/2021\/08\/Trogir-centar-grada.jpg\" alt=\"izlet u Trogir\" width=\"1000\" height=\"667\" srcset=\"https:\/\/sibeniktaxi.com\/wp-content\/uploads\/2021\/08\/Trogir-centar-grada.jpg 1000w, https:\/\/sibeniktaxi.com\/wp-content\/uploads\/2021\/08\/Trogir-centar-grada-300x200.jpg 300w, https:\/\/sibeniktaxi.com\/wp-content\/uploads\/2021\/08\/Trogir-centar-grada-768x512.jpg 768w, https:\/\/sibeniktaxi.com\/wp-content\/uploads\/2021\/08\/Trogir-centar-grada-272x182.jpg 272w\" sizes=\"(max-width: 1000px) 100vw, 1000px\" \/><\/p>\n<p>&nbsp;<\/p>\n<h2><span style=\"font-weight: 400;\">First, explore the center\u2026.<\/span><\/h2>\n<p class=\"translation-block\"><span style=\"font-weight: 400\">The end of Trogir will always be your destination if you book our <\/span><strong><a href=\"https:\/\/sibeniktaxi.com\/en\/transfer-sibenik-zracna-luka-split\/\" target=\"_self\">airport transfer from \u0160ibenik to Split Airport<\/a><\/strong><span style=\"font-weight: 400\">because the city center is only about five kilometers away as the crow flies. But it would be a real shame if your acquaintance with this place remained only a superficial view from afar before you board the plane.<\/span><\/p>\n<p class=\"translation-block\"><span style=\"font-weight: 400\">Exploring Trogir is best started in its center, which is one of the best preserved old towns in this part of Europe and is full of beautiful <strong>Baroque<\/strong>, <strong>Gothic<\/strong> and <strong>Renaissance buildings<\/strong>. It should also be said that Trogir has been continuously inhabited for <strong>more than 2300 years<\/strong>.<\/span><\/p>\n<p class=\"translation-block\"><span style=\"font-weight: 400\"><strong>Trogir Cathedral<\/strong> dedicated to <strong>St. Lawrence<\/strong> is the first place you must visit. This beautiful building took three centuries to build and features a masterpiece known as <strong>Radovan's Portal<\/strong>, which adorns the main entrance to the cathedral.<\/span><\/p>\n<p class=\"translation-block\"><span style=\"font-weight: 400\">Immediately opposite the cathedral is the <strong>\u0106ipiko Family Palace<\/strong>, which was created by merging several buildings from different periods into one, and is home to many valuable works of art. There is also the <strong>City Museum<\/strong>, as well as the <strong>Rector's Palace<\/strong>, and the great thing is that all these sights are only a few dozen meters away and form a harmonious whole, ideal for visiting during a day trip.<\/span><\/p>\n<p class=\"translation-block\"><span style=\"font-weight: 400\">Of course, there are also the beautiful <strong>narrow stone streets<\/strong>, so characteristic of coastal towns, which means that if you need a break from all this sightseeing, just sit down for a coffee or lunch and enjoy the wonderful atmosphere of this beautiful city.<\/span><\/p>\n<p><img loading=\"lazy\" class=\"aligncenter size-full wp-image-2208\" src=\"https:\/\/sibeniktaxi.com\/wp-content\/uploads\/2021\/08\/Trogir-stari-grad.jpg\" alt=\"Trogir stari grad\" width=\"1236\" height=\"821\" srcset=\"https:\/\/sibeniktaxi.com\/wp-content\/uploads\/2021\/08\/Trogir-stari-grad.jpg 1236w, https:\/\/sibeniktaxi.com\/wp-content\/uploads\/2021\/08\/Trogir-stari-grad-300x199.jpg 300w, https:\/\/sibeniktaxi.com\/wp-content\/uploads\/2021\/08\/Trogir-stari-grad-768x510.jpg 768w, https:\/\/sibeniktaxi.com\/wp-content\/uploads\/2021\/08\/Trogir-stari-grad-1024x680.jpg 1024w, https:\/\/sibeniktaxi.com\/wp-content\/uploads\/2021\/08\/Trogir-stari-grad-272x182.jpg 272w\" sizes=\"(max-width: 1236px) 100vw, 1236px\" \/><\/p>\n<p>&nbsp;<\/p>\n<h2><span style=\"font-weight: 400;\">...and then move on.<\/span><\/h2>\n<p class=\"translation-block\"><span style=\"font-weight: 400\">The above-mentioned sights are not the only ones worth visiting in the city center. The <strong>City Gate<\/strong>, <strong>Benedictine Monastery<\/strong>, and <strong>Museum of Sacred Art<\/strong> are also worth your time.<\/span><\/p>\n<p class=\"translation-block\"><span style=\"font-weight: 400\">But once you're done with them, head down to the <strong>Trogir waterfront<\/strong> and enjoy a nice walk (this is also a good place for lunch) and head west. In front of you will be the magnificent <strong>Kamerlengo fortress<\/strong> from the <strong>15th century<\/strong>, which served as a shelter for the Venetian army. Today, it is a truly magical backdrop for various <strong>cultural events<\/strong>, such as concerts or theater performances.<\/span><\/p>\n<p class=\"translation-block\"><span style=\"font-weight: 400\">If you return to the eastern part of the waterfront, you will notice the small bridge that connects the city to the island of \u010ciovo - it is only a few meters long (a new bridge was recently built just outside the city) and is a connection to some of the most beautiful beaches in the wider Split area (<strong>Okrug Gornji<\/strong> is one of the more popular places on the island). <\/span><\/p>\n<p class=\"translation-block\"><span style=\"font-weight: 400\">\u010ciovo is full of apartments and holiday homes, and if you have a car or Taxi \u0160ibenik with you, you will be able to explore it quite well, but even on foot you can reach the nearest beach relatively easily. If \u010ciovo for some reason does not suit you, the beach of the <strong>Medena Hotel<\/strong> is also excellent, and there is also the small town of <strong>Marina<\/strong>, located just over ten kilometers west of Trogir.<\/span><\/p>\n<p class=\"translation-block\"><span style=\"font-weight: 400\">It should also be said that Trogir is well connected to <strong>Split<\/strong> by expressway, so you can easily hop over to the Dalmatian metropolis before returning to \u0160ibenik. However, we recommend that you don't do this at the expense of getting to know Trogir, because this small town has so much to offer. Organizing a special <\/span><strong><a href=\"https:\/\/sibeniktaxi.com\/en\/jednodnevni-izlet-u-split\/\" target=\"_self\">trip to Split<\/a><\/strong><span style=\"font-weight: 400\">is a much better option if you have enough time.<\/span><\/p>\n<p><img loading=\"lazy\" class=\"aligncenter size-full wp-image-2202\" src=\"https:\/\/sibeniktaxi.com\/wp-content\/uploads\/2021\/08\/Trogir-riva.jpeg\" alt=\"Trogir riva\" width=\"2880\" height=\"1922\" srcset=\"https:\/\/sibeniktaxi.com\/wp-content\/uploads\/2021\/08\/Trogir-riva.jpeg 2880w, https:\/\/sibeniktaxi.com\/wp-content\/uploads\/2021\/08\/Trogir-riva-300x200.jpeg 300w, https:\/\/sibeniktaxi.com\/wp-content\/uploads\/2021\/08\/Trogir-riva-768x513.jpeg 768w, https:\/\/sibeniktaxi.com\/wp-content\/uploads\/2021\/08\/Trogir-riva-1024x683.jpeg 1024w, https:\/\/sibeniktaxi.com\/wp-content\/uploads\/2021\/08\/Trogir-riva-272x182.jpeg 272w\" sizes=\"(max-width: 2880px) 100vw, 2880px\" \/><\/p>\n<p>&nbsp;<\/p>\n<h2><span style=\"font-weight: 400;\">Book your dream trip<\/span><\/h2>\n<p><span style=\"font-weight: 400;\">Such trips can be exhausting if you have to worry about getting to and from your destination, parking, and other little things. That's why it's best to leave everything to Taxi \u0160ibenik, whose experienced and reliable drivers will take you to your destination in quality and comfortable vehicles.<\/span><\/p>\n<p><span style=\"font-weight: 400;\">Not only will you not get tired, but you will also be able to enjoy the beautiful scenery that this part of the Croatian coast and its islands have to offer. If you want to explore \u010ciovo or the surroundings of Trogir, this form of transportation is always fantastic.<\/span><\/p>\n<p><span style=\"font-weight: 400;\">So, don't hesitate and contact us in a way that suits you \u2013 email, Facebook, phone call or filling out the form on our portal are all ways you can reach us. In just a few minutes or a message, your trip will be arranged!<\/span><\/p>\n<p><iframe loading=\"lazy\" title=\"Trogir - Croatia 2018\" width=\"790\" height=\"444\" src=\"https:\/\/www.youtube.com\/embed\/igngM6sFGJE?feature=oembed\" frameborder=\"0\" allow=\"accelerometer; autoplay; clipboard-write; encrypted-media; gyroscope; picture-in-picture\" allowfullscreen><\/iframe><\/p>","protected":false},"excerpt":{"rendered":"<p>Pozicija \u0160ibenika omogu\u0107ava svakom stanovniku ili gostu da temeljito istra\u017ei Dalmaciju bez ulaganja velikih napora u putovanje. Jednostavno, iz ovog grada mo\u017eete sti\u0107i do pregr\u0161t sjajnih destinacija u vrlo razumnom roku. Jednodnevni izlet u Trogir, me\u0111utim, zaista je ne\u0161to posebno jer ovaj nevjerojatno \u0161armantni gradi\u0107 obiluje kulturnim i povijesnim znamenitostima&#8230;<\/p>","protected":false},"author":5,"featured_media":0,"parent":0,"menu_order":0,"comment_status":"open","ping_status":"open","template":"","meta":{"_mi_skip_tracking":false,"_exactmetrics_sitenote_active":false,"_exactmetrics_sitenote_note":"","_exactmetrics_sitenote_category":0},"yoast_head":"<!-- This site is optimized with the Yoast SEO plugin v19.6.1 - https:\/\/yoast.com\/wordpress\/plugins\/seo\/ -->\n<title>Jednodnevni izlet u Trogir | Taxi \u0160ibenik<\/title>\n<meta name=\"description\" content=\"Jednodnevni izlet u Trogir idealan je na\u010din da provedete dan na dalmatinskoj obali. Kako do tamo sti\u0107i? Prepustite se iskusnim rukama Taxi \u0160ibenika i u\u017eivajte!\" \/>\n<meta name=\"robots\" content=\"index, follow, max-snippet:-1, max-image-preview:large, max-video-preview:-1\" \/>\n<link rel=\"canonical\" href=\"https:\/\/sibeniktaxi.com\/en\/jednodnevni-izlet-u-trogir\/\" \/>\n<meta property=\"og:locale\" content=\"en_US\" \/>\n<meta property=\"og:type\" content=\"article\" \/>\n<meta property=\"og:title\" content=\"Jednodnevni izlet u Trogir | Taxi \u0160ibenik\" \/>\n<meta property=\"og:description\" content=\"Jednodnevni izlet u Trogir idealan je na\u010din da provedete dan na dalmatinskoj obali. Kako do tamo sti\u0107i? Prepustite se iskusnim rukama Taxi \u0160ibenika i u\u017eivajte!\" \/>\n<meta property=\"og:url\" content=\"https:\/\/sibeniktaxi.com\/en\/jednodnevni-izlet-u-trogir\/\" \/>\n<meta property=\"og:site_name\" content=\"Taxi \u0160ibenik\" \/>\n<meta property=\"article:publisher\" content=\"https:\/\/www.facebook.com\/sibeniktaxi\/\" \/>\n<meta property=\"article:modified_time\" content=\"2022-05-31T15:54:08+00:00\" \/>\n<meta property=\"og:image\" content=\"https:\/\/sibeniktaxi.com\/wp-content\/uploads\/2021\/08\/Trogir-centar-grada.jpg\" \/>\n<meta name=\"twitter:card\" content=\"summary\" \/>\n<meta name=\"twitter:label1\" content=\"Est. reading time\" \/>\n\t<meta name=\"twitter:data1\" content=\"4 minutes\" \/>\n<script type=\"application\/ld+json\" class=\"yoast-schema-graph\">{\"@context\":\"https:\/\/schema.org\",\"@graph\":[{\"@type\":\"WebPage\",\"@id\":\"https:\/\/sibeniktaxi.com\/jednodnevni-izlet-u-trogir\/\",\"url\":\"https:\/\/sibeniktaxi.com\/jednodnevni-izlet-u-trogir\/\",\"name\":\"Jednodnevni izlet u Trogir | Taxi \u0160ibenik\",\"isPartOf\":{\"@id\":\"https:\/\/sibeniktaxi.com\/#website\"},\"datePublished\":\"2021-08-29T08:28:10+00:00\",\"dateModified\":\"2022-05-31T15:54:08+00:00\",\"description\":\"Jednodnevni izlet u Trogir idealan je na\u010din da provedete dan na dalmatinskoj obali. Kako do tamo sti\u0107i? Prepustite se iskusnim rukama Taxi \u0160ibenika i u\u017eivajte!\",\"breadcrumb\":{\"@id\":\"https:\/\/sibeniktaxi.com\/jednodnevni-izlet-u-trogir\/#breadcrumb\"},\"inLanguage\":\"en-US\",\"potentialAction\":[{\"@type\":\"ReadAction\",\"target\":[\"https:\/\/sibeniktaxi.com\/jednodnevni-izlet-u-trogir\/\"]}]},{\"@type\":\"BreadcrumbList\",\"@id\":\"https:\/\/sibeniktaxi.com\/jednodnevni-izlet-u-trogir\/#breadcrumb\",\"itemListElement\":[{\"@type\":\"ListItem\",\"position\":1,\"name\":\"Taxi \u0160ibenik\",\"item\":\"https:\/\/sibeniktaxi.com\/\"},{\"@type\":\"ListItem\",\"position\":2,\"name\":\"Jednodnevni izlet u Trogir\"}]},{\"@type\":\"WebSite\",\"@id\":\"https:\/\/sibeniktaxi.com\/#website\",\"url\":\"https:\/\/sibeniktaxi.com\/\",\"name\":\"Taxi \u0160ibenik\",\"description\":\"Najbolji Taxi u gradu\",\"publisher\":{\"@id\":\"https:\/\/sibeniktaxi.com\/#organization\"},\"potentialAction\":[{\"@type\":\"SearchAction\",\"target\":{\"@type\":\"EntryPoint\",\"urlTemplate\":\"https:\/\/sibeniktaxi.com\/?s={search_term_string}\"},\"query-input\":\"required name=search_term_string\"}],\"inLanguage\":\"en-US\"},{\"@type\":\"Organization\",\"@id\":\"https:\/\/sibeniktaxi.com\/#organization\",\"name\":\"Taxi \u0160ibenik\",\"url\":\"https:\/\/sibeniktaxi.com\/\",\"sameAs\":[\"https:\/\/www.facebook.com\/sibeniktaxi\/\"],\"logo\":{\"@type\":\"ImageObject\",\"inLanguage\":\"en-US\",\"@id\":\"https:\/\/sibeniktaxi.com\/#\/schema\/logo\/image\/\",\"url\":\"https:\/\/sibeniktaxi.com\/wp-content\/uploads\/2018\/04\/cropped-TAXI-DALMACIJA-logo-lav-rose-3.png\",\"contentUrl\":\"https:\/\/sibeniktaxi.com\/wp-content\/uploads\/2018\/04\/cropped-TAXI-DALMACIJA-logo-lav-rose-3.png\",\"width\":\"240\",\"height\":\"116\",\"caption\":\"Taxi \u0160ibenik\"},\"image\":{\"@id\":\"https:\/\/sibeniktaxi.com\/#\/schema\/logo\/image\/\"}}]}<\/script>\n<!-- \/ Yoast SEO plugin. -->","yoast_head_json":{"title":"Jednodnevni izlet u Trogir | Taxi \u0160ibenik","description":"Jednodnevni izlet u Trogir idealan je na\u010din da provedete dan na dalmatinskoj obali. Kako do tamo sti\u0107i? Prepustite se iskusnim rukama Taxi \u0160ibenika i u\u017eivajte!","robots":{"index":"index","follow":"follow","max-snippet":"max-snippet:-1","max-image-preview":"max-image-preview:large","max-video-preview":"max-video-preview:-1"},"canonical":"https:\/\/sibeniktaxi.com\/en\/jednodnevni-izlet-u-trogir\/","og_locale":"en_US","og_type":"article","og_title":"Jednodnevni izlet u Trogir | Taxi \u0160ibenik","og_description":"Jednodnevni izlet u Trogir idealan je na\u010din da provedete dan na dalmatinskoj obali. Kako do tamo sti\u0107i? Prepustite se iskusnim rukama Taxi \u0160ibenika i u\u017eivajte!","og_url":"https:\/\/sibeniktaxi.com\/en\/jednodnevni-izlet-u-trogir\/","og_site_name":"Taxi \u0160ibenik","article_publisher":"https:\/\/www.facebook.com\/sibeniktaxi\/","article_modified_time":"2022-05-31T15:54:08+00:00","og_image":[{"url":"https:\/\/sibeniktaxi.com\/wp-content\/uploads\/2021\/08\/Trogir-centar-grada.jpg"}],"twitter_card":"summary","twitter_misc":{"Est. reading time":"4 minutes"},"schema":{"@context":"https:\/\/schema.org","@graph":[{"@type":"WebPage","@id":"https:\/\/sibeniktaxi.com\/jednodnevni-izlet-u-trogir\/","url":"https:\/\/sibeniktaxi.com\/jednodnevni-izlet-u-trogir\/","name":"Jednodnevni izlet u Trogir | Taxi \u0160ibenik","isPartOf":{"@id":"https:\/\/sibeniktaxi.com\/#website"},"datePublished":"2021-08-29T08:28:10+00:00","dateModified":"2022-05-31T15:54:08+00:00","description":"Jednodnevni izlet u Trogir idealan je na\u010din da provedete dan na dalmatinskoj obali. Kako do tamo sti\u0107i? Prepustite se iskusnim rukama Taxi \u0160ibenika i u\u017eivajte!","breadcrumb":{"@id":"https:\/\/sibeniktaxi.com\/jednodnevni-izlet-u-trogir\/#breadcrumb"},"inLanguage":"en-US","potentialAction":[{"@type":"ReadAction","target":["https:\/\/sibeniktaxi.com\/jednodnevni-izlet-u-trogir\/"]}]},{"@type":"BreadcrumbList","@id":"https:\/\/sibeniktaxi.com\/jednodnevni-izlet-u-trogir\/#breadcrumb","itemListElement":[{"@type":"ListItem","position":1,"name":"Taxi \u0160ibenik","item":"https:\/\/sibeniktaxi.com\/"},{"@type":"ListItem","position":2,"name":"Jednodnevni izlet u Trogir"}]},{"@type":"WebSite","@id":"https:\/\/sibeniktaxi.com\/#website","url":"https:\/\/sibeniktaxi.com\/","name":"Taxi \u0160ibenik","description":"Najbolji Taxi u gradu","publisher":{"@id":"https:\/\/sibeniktaxi.com\/#organization"},"potentialAction":[{"@type":"SearchAction","target":{"@type":"EntryPoint","urlTemplate":"https:\/\/sibeniktaxi.com\/?s={search_term_string}"},"query-input":"required name=search_term_string"}],"inLanguage":"en-US"},{"@type":"Organization","@id":"https:\/\/sibeniktaxi.com\/#organization","name":"Taxi \u0160ibenik","url":"https:\/\/sibeniktaxi.com\/","sameAs":["https:\/\/www.facebook.com\/sibeniktaxi\/"],"logo":{"@type":"ImageObject","inLanguage":"en-US","@id":"https:\/\/sibeniktaxi.com\/#\/schema\/logo\/image\/","url":"https:\/\/sibeniktaxi.com\/wp-content\/uploads\/2018\/04\/cropped-TAXI-DALMACIJA-logo-lav-rose-3.png","contentUrl":"https:\/\/sibeniktaxi.com\/wp-content\/uploads\/2018\/04\/cropped-TAXI-DALMACIJA-logo-lav-rose-3.png","width":"240","height":"116","caption":"Taxi \u0160ibenik"},"image":{"@id":"https:\/\/sibeniktaxi.com\/#\/schema\/logo\/image\/"}}]}},"_links":{"self":[{"href":"https:\/\/sibeniktaxi.com\/en\/wp-json\/wp\/v2\/pages\/2199"}],"collection":[{"href":"https:\/\/sibeniktaxi.com\/en\/wp-json\/wp\/v2\/pages"}],"about":[{"href":"https:\/\/sibeniktaxi.com\/en\/wp-json\/wp\/v2\/types\/page"}],"author":[{"embeddable":true,"href":"https:\/\/sibeniktaxi.com\/en\/wp-json\/wp\/v2\/users\/5"}],"replies":[{"embeddable":true,"href":"https:\/\/sibeniktaxi.com\/en\/wp-json\/wp\/v2\/comments?post=2199"}],"version-history":[{"count":3,"href":"https:\/\/sibeniktaxi.com\/en\/wp-json\/wp\/v2\/pages\/2199\/revisions"}],"predecessor-version":[{"id":2209,"href":"https:\/\/sibeniktaxi.com\/en\/wp-json\/wp\/v2\/pages\/2199\/revisions\/2209"}],"wp:attachment":[{"href":"https:\/\/sibeniktaxi.com\/en\/wp-json\/wp\/v2\/media?parent=2199"}],"curies":[{"name":"wp","href":"https:\/\/api.w.org\/{rel}","templated":true}]}}