{"id":2214,"date":"2022-05-30T21:33:53","date_gmt":"2022-05-30T21:33:53","guid":{"rendered":"https:\/\/sibeniktaxi.com\/?page_id=2214"},"modified":"2023-01-25T11:42:05","modified_gmt":"2023-01-25T11:42:05","slug":"od-sibenika-do-zracne-luke-dubrovnik","status":"publish","type":"page","link":"https:\/\/sibeniktaxi.com\/en\/airport-transfers\/from-sibenik-to-dubrovnik-airport\/","title":{"rendered":"Transfer from \u0160ibenik to Dubrovnik Airport"},"content":{"rendered":"<div data-elementor-type=\"wp-page\" data-elementor-id=\"2214\" class=\"elementor elementor-2214\">\n\t\t\t\t\t\t\t\t\t<section class=\"elementor-section elementor-top-section elementor-element elementor-element-eba9b48 elementor-section-boxed elementor-section-height-default elementor-section-height-default\" data-id=\"eba9b48\" data-element_type=\"section\">\n\t\t\t\t\t\t<div class=\"elementor-container elementor-column-gap-default\">\n\t\t\t\t\t<div class=\"elementor-column elementor-col-100 elementor-top-column elementor-element elementor-element-2ee48de4\" data-id=\"2ee48de4\" data-element_type=\"column\">\n\t\t\t<div class=\"elementor-widget-wrap elementor-element-populated\">\n\t\t\t\t\t\t\t\t<div class=\"elementor-element elementor-element-52ecddac elementor-widget elementor-widget-text-editor\" data-id=\"52ecddac\" data-element_type=\"widget\" data-widget_type=\"text-editor.default\">\n\t\t\t\t<div class=\"elementor-widget-container\">\n\t\t\t<style>\/*! elementor - v3.14.0 - 26-06-2023 *\/\n.elementor-widget-text-editor.elementor-drop-cap-view-stacked .elementor-drop-cap{background-color:#69727d;color:#fff}.elementor-widget-text-editor.elementor-drop-cap-view-framed .elementor-drop-cap{color:#69727d;border:3px solid;background-color:transparent}.elementor-widget-text-editor:not(.elementor-drop-cap-view-default) .elementor-drop-cap{margin-top:8px}.elementor-widget-text-editor:not(.elementor-drop-cap-view-default) .elementor-drop-cap-letter{width:1em;height:1em}.elementor-widget-text-editor .elementor-drop-cap{float:left;text-align:center;line-height:1;font-size:50px}.elementor-widget-text-editor .elementor-drop-cap-letter{display:inline-block}<\/style>\t\t\t\t<p class=\"translation-block\"><span style=\"font-weight: 400\">When planning a trip, we all aim to make the most of our precious time and travel without worries. If you want safe and reliable transportation, tailored just for you, <\/span><a href=\"https:\/\/sibeniktaxi.com\/en\/\" target=\"_self\"><span style=\"font-weight: 400\">Taxi \u0160ibenik<\/span><\/a><span style=\"font-weight: 400\"> is here to help you get to your destination in the most comfortable and fastest way. &lt;\/s<\/p><p><span style=\"font-weight: 400;\">You can use our services at any time of the day or night, seven days a week. We offer our clients professional service, comfortable vehicles and pleasant transportation, so contact us with confidence.\u00a0<\/span><\/p><h2><strong>Transfer from \u0160ibenik to Dubrovnik Airport<\/strong><\/h2><p><span style=\"font-weight: 400;\">Dubrovnik International Airport is the third busiest airport in Croatia, after \"Franjo Tu\u0111man\" Airport in Zagreb and Split Airport.\u00a0<\/span><\/p><p class=\"translation-block\"><span style=\"font-weight: 400\">It is located 20 km south of the city of <a href=\"https:\/\/en.wikipedia.org\/wiki\/Dubrovnik\" target=\"_self\">Dubrovnik<\/a> in \u010cilipi, so the port itself is also known as \u010cilipi Airport. If you have chosen this airport for your trip, our Taxi provides passenger transport on this route as well. <\/span><\/p><p><span style=\"font-weight: 400;\">In order to successfully register for your flight, you need to arrive at this airport at least 120 minutes before your flight, and registration is possible at the counter or online. Dubrovnik Airport is open every day from 04:00 to 00:00.<\/span><\/p><p><span style=\"font-weight: 400;\">If you are flying on a domestic flight, you can find a mini market and an exchange office at the airport, and relax in the coffee bar before your flight. If your flight is international, there is also a Duty Free shop open for you at the airport.\u00a0<\/span><\/p><p><span style=\"font-weight: 400;\">\u0160ibenik is 296 km from Dubrovnik Airport and the drive itself takes just under 4 hours. Compared to other transportation options, taxi transportation is guaranteed to be the safest and fastest way to get from \u0160ibenik to Dubrovnik Airport.\u00a0<\/span><\/p><p><span style=\"font-weight: 400;\">Tailored just for you and your schedule, Taxi \u0160ibenik will get you to your flight quickly and safely. Whether you're traveling alone or in a group, we're here for you! You can book our vehicles quickly and easily, and our drivers will make sure your trip starts without any worries.\u00a0<\/span><\/p><p><span style=\"font-weight: 400;\">Regardless of whether you are flying on a domestic or international flight, Dubrovnik Airport has an organized taxi stand in front of the passenger terminal in building \"B\", to make your trip as comfortable as possible.\u00a0<\/span><\/p><p><img loading=\"lazy\" class=\"aligncenter size-full wp-image-2216\" src=\"https:\/\/sibeniktaxi.com\/wp-content\/uploads\/2022\/05\/aircraft_wing_fly_sky_clouds_return_flight_home_arrival-590816.jpgd_.jpeg\" alt=\"Transfer from \u0160ibenik to Dubrovnik\" width=\"1200\" height=\"800\" srcset=\"https:\/\/sibeniktaxi.com\/wp-content\/uploads\/2022\/05\/aircraft_wing_fly_sky_clouds_return_flight_home_arrival-590816.jpgd_.jpeg 1200w, https:\/\/sibeniktaxi.com\/wp-content\/uploads\/2022\/05\/aircraft_wing_fly_sky_clouds_return_flight_home_arrival-590816.jpgd_-300x200.jpeg 300w, https:\/\/sibeniktaxi.com\/wp-content\/uploads\/2022\/05\/aircraft_wing_fly_sky_clouds_return_flight_home_arrival-590816.jpgd_-768x512.jpeg 768w, https:\/\/sibeniktaxi.com\/wp-content\/uploads\/2022\/05\/aircraft_wing_fly_sky_clouds_return_flight_home_arrival-590816.jpgd_-1024x683.jpeg 1024w, https:\/\/sibeniktaxi.com\/wp-content\/uploads\/2022\/05\/aircraft_wing_fly_sky_clouds_return_flight_home_arrival-590816.jpgd_-272x182.jpeg 272w\" sizes=\"(max-width: 1200px) 100vw, 1200px\" \/><\/p><h2><strong>The price of a taxi transfer to Dubrovnik Airport<\/strong><\/h2><p><span style=\"font-weight: 400;\">Taxi \u0160ibenik guarantees you the best transportation service, safely entrust yourself to our professional drivers with many years of driving experience.\u00a0<\/span><\/p><p><span style=\"font-weight: 400;\">Our main goal is your satisfaction, and in order to make it complete, we have provided you with the most affordable prices on the market. Catch your flight quickly, safely and at the best price with our Taxi!<\/span><\/p><p><span style=\"font-weight: 400;\">If you are traveling with friends or family and need transportation for several people, we have several vehicles in our fleet for up to 8 people, feel free to contact us and share the cost of the ride with your loved ones.<\/span><\/p><p><span style=\"font-weight: 400;\">Our services are available to everyone, at any time of the day or night, and reserving a vehicle is extremely simple, so you can reserve our vehicles by phone or fill out the contact form!<\/span><\/p><p class=\"translation-block\"><span style=\"font-weight: 400\">In addition to transfers to Dubrovnik Airport, we also offer transportation services to <\/span><a href=\"https:\/\/sibeniktaxi.com\/en\/transfer-sibenik-zracna-luka-split\/\" target=\"_self\"><span style=\"font-weight: 400\">Split Airport<\/span><\/a><span style=\"font-weight: 400\"> and <\/span><a href=\"https:\/\/sibeniktaxi.com\/en\/transfer-sibenik-zracna-luka-zadar\/\" target=\"_self\"><span style=\"font-weight: 400\">Zadar Airport<\/span><\/a><span style=\"font-weight: 400\">.<\/span><\/p><h2><strong>Frequently asked questions<\/strong><\/h2><p>            <div class=\"qae-faqs-container qae-faqs-toggle-container\">\n\t\t\t\t\t\t\t<ul class=\"qe-faqs-filters-container\">\n\t\t\t\t<li class=\"active\"><a class=\"qe-faqs-filter all-faqs\" href=\"#\" data-filter=\"*\">All<\/a><\/li>\n\t\t\t\t<li><a class=\"qe-faqs-filter\" href=\"#faq-transfer-sibenik-zracna-luke-dubrovnik\" data-filter=\".faq-transfer-sibenik-zracna-luke-dubrovnik\">FAQ &#8211; Transfer do Zra\u010dne luke Dubrovnik<\/a><\/li>\t\t\t<\/ul>\n\t\t\t\t\t<div id=\"qaef-2220\" class=\"qe-faq-toggle faq-transfer-sibenik-zracna-luke-dubrovnik\">\n\t\t\t<div class=\"qe-toggle-title\">\n\t\t\t\t<h4>\n\t\t\t\t\t<i class=\"fa fa-minus-circle\"><\/i> Koliko traje vo\u017enja od \u0160ibenika do Zra\u010dne luke Dubrovnik?\t\t\t\t<\/h4>\n\t\t\t<\/div>\n\t\t\t<div class=\"qe-toggle-content\">\n\t\t\t\t<p><span style=\"font-weight: 400\">3 hours and 42 minutes<\/span><\/p>\n\t\t\t<\/div>\n\t\t<\/div>\n\t\t\t\t<div id=\"qaef-2221\" class=\"qe-faq-toggle faq-transfer-sibenik-zracna-luke-dubrovnik\">\n\t\t\t<div class=\"qe-toggle-title\">\n\t\t\t\t<h4>\n\t\t\t\t\t<i class=\"fa fa-minus-circle\"><\/i> Koliko je udaljen \u0160ibenik od Zra\u010dne luke Dubrovnik?\t\t\t\t<\/h4>\n\t\t\t<\/div>\n\t\t\t<div class=\"qe-toggle-content\">\n\t\t\t\t<p><span style=\"font-weight: 400\">296 km<\/span><\/p>\n\t\t\t<\/div>\n\t\t<\/div>\n\t\t\t\t<div id=\"qaef-2219\" class=\"qe-faq-toggle faq-transfer-sibenik-zracna-luke-dubrovnik\">\n\t\t\t<div class=\"qe-toggle-title\">\n\t\t\t\t<h4>\n\t\t\t\t\t<i class=\"fa fa-minus-circle\"><\/i> Koliko ranije je potrebno do\u0107i u Zra\u010dnu luku Dubrovnik prije leta?\t\t\t\t<\/h4>\n\t\t\t<\/div>\n\t\t\t<div class=\"qe-toggle-content\">\n\t\t\t\t<p><span style=\"font-weight: 400\">At least 120 min (2 hours) before flight<\/span><\/p>\n\t\t\t<\/div>\n\t\t<\/div>\n\t\t            <\/div>\n\t\t<\/p><h2><strong>Book a Transfer<\/strong><\/h2><p class=\"translation-block\">We all deserve to create our own plans. This time, therefore, <a href=\"tel:+38598266550\" target=\"_self\">call our Taxi \u0160ibenik<\/a> that runs according to <strong>your<\/strong> schedule or fill out the contact form!<\/p><p>\n<div class=\"wpcf7 no-js\" id=\"wpcf7-f2109-o1\" lang=\"en-US\" dir=\"ltr\">\n<div class=\"screen-reader-response\"><p role=\"status\" aria-live=\"polite\" aria-atomic=\"true\"><\/p> <ul><\/ul><\/div>\n<form action=\"\/en\/wp-json\/wp\/v2\/pages\/2214#wpcf7-f2109-o1\" method=\"post\" class=\"wpcf7-form init\" aria-label=\"Contact form\" novalidate=\"novalidate\" data-status=\"init\" data-trp-original-action=\"\/en\/wp-json\/wp\/v2\/pages\/2214#wpcf7-f2109-o1\">\n<div style=\"display: none;\">\n<input type=\"hidden\" name=\"_wpcf7\" value=\"2109\" \/>\n<input type=\"hidden\" name=\"_wpcf7_version\" value=\"5.7.7\" \/>\n<input type=\"hidden\" name=\"_wpcf7_locale\" value=\"en_US\" \/>\n<input type=\"hidden\" name=\"_wpcf7_unit_tag\" value=\"wpcf7-f2109-o1\" \/>\n<input type=\"hidden\" name=\"_wpcf7_container_post\" value=\"0\" \/>\n<input type=\"hidden\" name=\"_wpcf7_posted_data_hash\" value=\"\" \/>\n<input type=\"hidden\" name=\"_wpcf7_recaptcha_response\" value=\"\" \/>\n<\/div>\n<p><label> Your Email (required)<br \/>\n<span class=\"wpcf7-form-control-wrap\" data-name=\"your-email\"><input size=\"40\" class=\"wpcf7-form-control wpcf7-text wpcf7-email wpcf7-validates-as-required wpcf7-validates-as-email\" aria-required=\"true\" aria-invalid=\"false\" value=\"\" type=\"email\" name=\"your-email\" \/><\/span> <\/label>\n<\/p>\n<p><label> Contact Number<br \/>\n<span class=\"wpcf7-form-control-wrap\" data-name=\"your-phone\"><input size=\"40\" class=\"wpcf7-form-control wpcf7-text wpcf7-tel wpcf7-validates-as-tel\" aria-invalid=\"false\" placeholder=\"+385\" value=\"\" type=\"tel\" name=\"your-phone\" \/><\/span><\/label>\n<\/p>\n<p><label> Time (required)<br \/>\n<span class=\"wpcf7-form-control-wrap\" data-name=\"your-time\"><input size=\"40\" class=\"wpcf7-form-control wpcf7-text wpcf7-validates-as-required\" aria-required=\"true\" aria-invalid=\"false\" value=\"\" type=\"text\" name=\"your-time\" \/><\/span> <\/label>\n<\/p>\n<p><label> Date (required)<br \/>\n<span class=\"wpcf7-form-control-wrap\" data-name=\"your-date\"><input class=\"wpcf7-form-control wpcf7-date wpcf7-validates-as-required wpcf7-validates-as-date required\" min=\"2026-04-13\" step=\"1\" aria-required=\"true\" aria-invalid=\"false\" value=\"\" type=\"date\" name=\"your-date\" \/><\/span> <\/label>\n<\/p>\n<p><label> Note<br \/>\n<span class=\"wpcf7-form-control-wrap\" data-name=\"your-message\"><textarea cols=\"40\" rows=\"10\" class=\"wpcf7-form-control wpcf7-textarea\" aria-invalid=\"false\" name=\"your-message\"><\/textarea><\/span> <\/label>\n<\/p>\n<p><input class=\"wpcf7-form-control has-spinner wpcf7-submit\" type=\"submit\" value=\"Send\" \/>\n<\/p><div class=\"wpcf7-response-output\" aria-hidden=\"true\"><\/div>\n<input type=\"hidden\" name=\"trp-form-language\" value=\"en\"\/><\/form>\n<\/div>\n<\/p>\t\t\t\t\t\t<\/div>\n\t\t\t\t<\/div>\n\t\t\t\t\t<\/div>\n\t\t<\/div>\n\t\t\t\t\t\t\t<\/div>\n\t\t<\/section>\n\t\t\t\t<section class=\"elementor-section elementor-top-section elementor-element elementor-element-5ce2bf9 elementor-section-boxed elementor-section-height-default elementor-section-height-default\" data-id=\"5ce2bf9\" data-element_type=\"section\">\n\t\t\t\t\t\t<div class=\"elementor-container elementor-column-gap-default\">\n\t\t\t\t\t<div class=\"elementor-column elementor-col-100 elementor-top-column elementor-element elementor-element-1247e98\" data-id=\"1247e98\" data-element_type=\"column\">\n\t\t\t<div class=\"elementor-widget-wrap elementor-element-populated\">\n\t\t\t\t\t\t\t\t<div class=\"elementor-element elementor-element-f34c037 elementor-widget elementor-widget-heading\" data-id=\"f34c037\" data-element_type=\"widget\" data-widget_type=\"heading.default\">\n\t\t\t\t<div class=\"elementor-widget-container\">\n\t\t\t<style>\/*! elementor - v3.14.0 - 26-06-2023 *\/\n.elementor-heading-title{padding:0;margin:0;line-height:1}.elementor-widget-heading .elementor-heading-title[class*=elementor-size-]>a{color:inherit;font-size:inherit;line-height:inherit}.elementor-widget-heading .elementor-heading-title.elementor-size-small{font-size:15px}.elementor-widget-heading .elementor-heading-title.elementor-size-medium{font-size:19px}.elementor-widget-heading .elementor-heading-title.elementor-size-large{font-size:29px}.elementor-widget-heading .elementor-heading-title.elementor-size-xl{font-size:39px}.elementor-widget-heading .elementor-heading-title.elementor-size-xxl{font-size:59px}<\/style><h2 class=\"elementor-heading-title elementor-size-default\">You might be interested...<\/h2>\t\t<\/div>\n\t\t\t\t<\/div>\n\t\t\t\t\t<\/div>\n\t\t<\/div>\n\t\t\t\t\t\t\t<\/div>\n\t\t<\/section>\n\t\t\t\t<section class=\"elementor-section elementor-top-section elementor-element elementor-element-dc9f626 elementor-section-boxed elementor-section-height-default elementor-section-height-default\" data-id=\"dc9f626\" data-element_type=\"section\">\n\t\t\t\t\t\t<div class=\"elementor-container elementor-column-gap-default\">\n\t\t\t\t\t<div class=\"elementor-column elementor-col-100 elementor-top-column elementor-element elementor-element-c5f783a\" data-id=\"c5f783a\" data-element_type=\"column\">\n\t\t\t<div class=\"elementor-widget-wrap elementor-element-populated\">\n\t\t\t\t\t\t\t\t\t<\/div>\n\t\t<\/div>\n\t\t\t\t\t\t\t<\/div>\n\t\t<\/section>\n\t\t\t\t\t\t\t<\/div>","protected":false},"excerpt":{"rendered":"<p>Kada planiramo putovanje svima nam je u cilju \u0161to bolje iskoristili dragocjeno vrijeme i putovati bez briga. Ako \u017eelite siguran i pouzdan prijevoz, prilago\u0111en samo Vama, Taxi \u0160ibenik je tu kako bi do\u0161li do svoje destinacije na najudobniji i najbr\u017ei na\u010din. Na\u0161e usluge mo\u017eete iskoristit u bilo koje doba dana&#8230;<\/p>","protected":false},"author":5,"featured_media":2215,"parent":2168,"menu_order":0,"comment_status":"closed","ping_status":"closed","template":"","meta":{"_mi_skip_tracking":false,"_exactmetrics_sitenote_active":false,"_exactmetrics_sitenote_note":"","_exactmetrics_sitenote_category":0},"yoast_head":"<!-- This site is optimized with the Yoast SEO plugin v19.6.1 - https:\/\/yoast.com\/wordpress\/plugins\/seo\/ -->\n<title>Transfer \u0160ibenik - Zra\u010dna luka Dubrovnik | Taxi \u0160ibenik<\/title>\n<meta name=\"description\" content=\"Taxi \u0160ibenik Va\u0161 je najbolji izbor prijevoza. Putujte brzo, sigurno i po najpovoljnijim cijenama od \u0160ibenika do Zra\u010dne luke Dubrovnik.\" \/>\n<meta name=\"robots\" content=\"index, follow, max-snippet:-1, max-image-preview:large, max-video-preview:-1\" \/>\n<link rel=\"canonical\" href=\"https:\/\/sibeniktaxi.com\/en\/airport-transferi\/od-sibenika-do-zracne-luke-dubrovnik\/\" \/>\n<meta property=\"og:locale\" content=\"en_US\" \/>\n<meta property=\"og:type\" content=\"article\" \/>\n<meta property=\"og:title\" content=\"Transfer \u0160ibenik - Zra\u010dna luka Dubrovnik | Taxi \u0160ibenik\" \/>\n<meta property=\"og:description\" content=\"Taxi \u0160ibenik Va\u0161 je najbolji izbor prijevoza. Putujte brzo, sigurno i po najpovoljnijim cijenama od \u0160ibenika do Zra\u010dne luke Dubrovnik.\" \/>\n<meta property=\"og:url\" content=\"https:\/\/sibeniktaxi.com\/en\/airport-transferi\/od-sibenika-do-zracne-luke-dubrovnik\/\" \/>\n<meta property=\"og:site_name\" content=\"Taxi \u0160ibenik\" \/>\n<meta property=\"article:publisher\" content=\"https:\/\/www.facebook.com\/sibeniktaxi\/\" \/>\n<meta property=\"article:modified_time\" content=\"2023-01-25T11:42:05+00:00\" \/>\n<meta property=\"og:image\" content=\"https:\/\/sibeniktaxi.com\/wp-content\/uploads\/2022\/05\/zldubrovnik-102-1280x720.jpg\" \/>\n\t<meta property=\"og:image:width\" content=\"1280\" \/>\n\t<meta property=\"og:image:height\" content=\"720\" \/>\n\t<meta property=\"og:image:type\" content=\"image\/jpeg\" \/>\n<meta name=\"twitter:card\" content=\"summary\" \/>\n<meta name=\"twitter:label1\" content=\"Est. reading time\" \/>\n\t<meta name=\"twitter:data1\" content=\"3 minutes\" \/>\n<script type=\"application\/ld+json\" class=\"yoast-schema-graph\">{\"@context\":\"https:\/\/schema.org\",\"@graph\":[{\"@type\":\"WebPage\",\"@id\":\"https:\/\/sibeniktaxi.com\/airport-transferi\/od-sibenika-do-zracne-luke-dubrovnik\/\",\"url\":\"https:\/\/sibeniktaxi.com\/airport-transferi\/od-sibenika-do-zracne-luke-dubrovnik\/\",\"name\":\"Transfer \u0160ibenik - Zra\u010dna luka Dubrovnik | Taxi \u0160ibenik\",\"isPartOf\":{\"@id\":\"https:\/\/sibeniktaxi.com\/#website\"},\"datePublished\":\"2022-05-30T21:33:53+00:00\",\"dateModified\":\"2023-01-25T11:42:05+00:00\",\"description\":\"Taxi \u0160ibenik Va\u0161 je najbolji izbor prijevoza. Putujte brzo, sigurno i po najpovoljnijim cijenama od \u0160ibenika do Zra\u010dne luke Dubrovnik.\",\"breadcrumb\":{\"@id\":\"https:\/\/sibeniktaxi.com\/airport-transferi\/od-sibenika-do-zracne-luke-dubrovnik\/#breadcrumb\"},\"inLanguage\":\"en-US\",\"potentialAction\":[{\"@type\":\"ReadAction\",\"target\":[\"https:\/\/sibeniktaxi.com\/airport-transferi\/od-sibenika-do-zracne-luke-dubrovnik\/\"]}]},{\"@type\":\"BreadcrumbList\",\"@id\":\"https:\/\/sibeniktaxi.com\/airport-transferi\/od-sibenika-do-zracne-luke-dubrovnik\/#breadcrumb\",\"itemListElement\":[{\"@type\":\"ListItem\",\"position\":1,\"name\":\"Taxi \u0160ibenik\",\"item\":\"https:\/\/sibeniktaxi.com\/\"},{\"@type\":\"ListItem\",\"position\":2,\"name\":\"Airport transferi\",\"item\":\"https:\/\/sibeniktaxi.com\/airport-transferi\/\"},{\"@type\":\"ListItem\",\"position\":3,\"name\":\"Transfer od \u0160ibenika do Zra\u010dne Luke Dubrovnik\"}]},{\"@type\":\"WebSite\",\"@id\":\"https:\/\/sibeniktaxi.com\/#website\",\"url\":\"https:\/\/sibeniktaxi.com\/\",\"name\":\"Taxi \u0160ibenik\",\"description\":\"Najbolji Taxi u gradu\",\"publisher\":{\"@id\":\"https:\/\/sibeniktaxi.com\/#organization\"},\"potentialAction\":[{\"@type\":\"SearchAction\",\"target\":{\"@type\":\"EntryPoint\",\"urlTemplate\":\"https:\/\/sibeniktaxi.com\/?s={search_term_string}\"},\"query-input\":\"required name=search_term_string\"}],\"inLanguage\":\"en-US\"},{\"@type\":\"Organization\",\"@id\":\"https:\/\/sibeniktaxi.com\/#organization\",\"name\":\"Taxi \u0160ibenik\",\"url\":\"https:\/\/sibeniktaxi.com\/\",\"sameAs\":[\"https:\/\/www.facebook.com\/sibeniktaxi\/\"],\"logo\":{\"@type\":\"ImageObject\",\"inLanguage\":\"en-US\",\"@id\":\"https:\/\/sibeniktaxi.com\/#\/schema\/logo\/image\/\",\"url\":\"https:\/\/sibeniktaxi.com\/wp-content\/uploads\/2018\/04\/cropped-TAXI-DALMACIJA-logo-lav-rose-3.png\",\"contentUrl\":\"https:\/\/sibeniktaxi.com\/wp-content\/uploads\/2018\/04\/cropped-TAXI-DALMACIJA-logo-lav-rose-3.png\",\"width\":\"240\",\"height\":\"116\",\"caption\":\"Taxi \u0160ibenik\"},\"image\":{\"@id\":\"https:\/\/sibeniktaxi.com\/#\/schema\/logo\/image\/\"}}]}<\/script>\n<!-- \/ Yoast SEO plugin. -->","yoast_head_json":{"title":"Transfer \u0160ibenik - Zra\u010dna luka Dubrovnik | Taxi \u0160ibenik","description":"Taxi \u0160ibenik Va\u0161 je najbolji izbor prijevoza. Putujte brzo, sigurno i po najpovoljnijim cijenama od \u0160ibenika do Zra\u010dne luke Dubrovnik.","robots":{"index":"index","follow":"follow","max-snippet":"max-snippet:-1","max-image-preview":"max-image-preview:large","max-video-preview":"max-video-preview:-1"},"canonical":"https:\/\/sibeniktaxi.com\/en\/airport-transferi\/od-sibenika-do-zracne-luke-dubrovnik\/","og_locale":"en_US","og_type":"article","og_title":"Transfer \u0160ibenik - Zra\u010dna luka Dubrovnik | Taxi \u0160ibenik","og_description":"Taxi \u0160ibenik Va\u0161 je najbolji izbor prijevoza. Putujte brzo, sigurno i po najpovoljnijim cijenama od \u0160ibenika do Zra\u010dne luke Dubrovnik.","og_url":"https:\/\/sibeniktaxi.com\/en\/airport-transferi\/od-sibenika-do-zracne-luke-dubrovnik\/","og_site_name":"Taxi \u0160ibenik","article_publisher":"https:\/\/www.facebook.com\/sibeniktaxi\/","article_modified_time":"2023-01-25T11:42:05+00:00","og_image":[{"width":1280,"height":720,"url":"https:\/\/sibeniktaxi.com\/wp-content\/uploads\/2022\/05\/zldubrovnik-102-1280x720.jpg","type":"image\/jpeg"}],"twitter_card":"summary","twitter_misc":{"Est. reading time":"3 minutes"},"schema":{"@context":"https:\/\/schema.org","@graph":[{"@type":"WebPage","@id":"https:\/\/sibeniktaxi.com\/airport-transferi\/od-sibenika-do-zracne-luke-dubrovnik\/","url":"https:\/\/sibeniktaxi.com\/airport-transferi\/od-sibenika-do-zracne-luke-dubrovnik\/","name":"Transfer \u0160ibenik - Zra\u010dna luka Dubrovnik | Taxi \u0160ibenik","isPartOf":{"@id":"https:\/\/sibeniktaxi.com\/#website"},"datePublished":"2022-05-30T21:33:53+00:00","dateModified":"2023-01-25T11:42:05+00:00","description":"Taxi \u0160ibenik Va\u0161 je najbolji izbor prijevoza. Putujte brzo, sigurno i po najpovoljnijim cijenama od \u0160ibenika do Zra\u010dne luke Dubrovnik.","breadcrumb":{"@id":"https:\/\/sibeniktaxi.com\/airport-transferi\/od-sibenika-do-zracne-luke-dubrovnik\/#breadcrumb"},"inLanguage":"en-US","potentialAction":[{"@type":"ReadAction","target":["https:\/\/sibeniktaxi.com\/airport-transferi\/od-sibenika-do-zracne-luke-dubrovnik\/"]}]},{"@type":"BreadcrumbList","@id":"https:\/\/sibeniktaxi.com\/airport-transferi\/od-sibenika-do-zracne-luke-dubrovnik\/#breadcrumb","itemListElement":[{"@type":"ListItem","position":1,"name":"Taxi \u0160ibenik","item":"https:\/\/sibeniktaxi.com\/"},{"@type":"ListItem","position":2,"name":"Airport transferi","item":"https:\/\/sibeniktaxi.com\/airport-transferi\/"},{"@type":"ListItem","position":3,"name":"Transfer od \u0160ibenika do Zra\u010dne Luke Dubrovnik"}]},{"@type":"WebSite","@id":"https:\/\/sibeniktaxi.com\/#website","url":"https:\/\/sibeniktaxi.com\/","name":"Taxi \u0160ibenik","description":"Najbolji Taxi u gradu","publisher":{"@id":"https:\/\/sibeniktaxi.com\/#organization"},"potentialAction":[{"@type":"SearchAction","target":{"@type":"EntryPoint","urlTemplate":"https:\/\/sibeniktaxi.com\/?s={search_term_string}"},"query-input":"required name=search_term_string"}],"inLanguage":"en-US"},{"@type":"Organization","@id":"https:\/\/sibeniktaxi.com\/#organization","name":"Taxi \u0160ibenik","url":"https:\/\/sibeniktaxi.com\/","sameAs":["https:\/\/www.facebook.com\/sibeniktaxi\/"],"logo":{"@type":"ImageObject","inLanguage":"en-US","@id":"https:\/\/sibeniktaxi.com\/#\/schema\/logo\/image\/","url":"https:\/\/sibeniktaxi.com\/wp-content\/uploads\/2018\/04\/cropped-TAXI-DALMACIJA-logo-lav-rose-3.png","contentUrl":"https:\/\/sibeniktaxi.com\/wp-content\/uploads\/2018\/04\/cropped-TAXI-DALMACIJA-logo-lav-rose-3.png","width":"240","height":"116","caption":"Taxi \u0160ibenik"},"image":{"@id":"https:\/\/sibeniktaxi.com\/#\/schema\/logo\/image\/"}}]}},"_links":{"self":[{"href":"https:\/\/sibeniktaxi.com\/en\/wp-json\/wp\/v2\/pages\/2214"}],"collection":[{"href":"https:\/\/sibeniktaxi.com\/en\/wp-json\/wp\/v2\/pages"}],"about":[{"href":"https:\/\/sibeniktaxi.com\/en\/wp-json\/wp\/v2\/types\/page"}],"author":[{"embeddable":true,"href":"https:\/\/sibeniktaxi.com\/en\/wp-json\/wp\/v2\/users\/5"}],"replies":[{"embeddable":true,"href":"https:\/\/sibeniktaxi.com\/en\/wp-json\/wp\/v2\/comments?post=2214"}],"version-history":[{"count":25,"href":"https:\/\/sibeniktaxi.com\/en\/wp-json\/wp\/v2\/pages\/2214\/revisions"}],"predecessor-version":[{"id":2914,"href":"https:\/\/sibeniktaxi.com\/en\/wp-json\/wp\/v2\/pages\/2214\/revisions\/2914"}],"up":[{"embeddable":true,"href":"https:\/\/sibeniktaxi.com\/en\/wp-json\/wp\/v2\/pages\/2168"}],"wp:featuredmedia":[{"embeddable":true,"href":"https:\/\/sibeniktaxi.com\/en\/wp-json\/wp\/v2\/media\/2215"}],"wp:attachment":[{"href":"https:\/\/sibeniktaxi.com\/en\/wp-json\/wp\/v2\/media?parent=2214"}],"curies":[{"name":"wp","href":"https:\/\/api.w.org\/{rel}","templated":true}]}}