{"id":2231,"date":"2022-06-02T09:19:33","date_gmt":"2022-06-02T09:19:33","guid":{"rendered":"https:\/\/sibeniktaxi.com\/?page_id=2231"},"modified":"2023-01-25T11:42:40","modified_gmt":"2023-01-25T11:42:40","slug":"od-sibenika-do-zracne-luke-zagreb","status":"publish","type":"page","link":"https:\/\/sibeniktaxi.com\/en\/airport-transfers\/from-sibenik-to-zagreb-airport\/","title":{"rendered":"Transfer from \u0160ibenik to Zagreb Airport"},"content":{"rendered":"<div data-elementor-type=\"wp-page\" data-elementor-id=\"2231\" class=\"elementor elementor-2231\">\n\t\t\t\t\t\t\t\t\t<section class=\"elementor-section elementor-top-section elementor-element elementor-element-76aa9b7d elementor-section-boxed elementor-section-height-default elementor-section-height-default\" data-id=\"76aa9b7d\" data-element_type=\"section\">\n\t\t\t\t\t\t<div class=\"elementor-container elementor-column-gap-default\">\n\t\t\t\t\t<div class=\"elementor-column elementor-col-100 elementor-top-column elementor-element elementor-element-76ea3cfb\" data-id=\"76ea3cfb\" data-element_type=\"column\">\n\t\t\t<div class=\"elementor-widget-wrap elementor-element-populated\">\n\t\t\t\t\t\t\t\t<div class=\"elementor-element elementor-element-5644b660 elementor-widget elementor-widget-text-editor\" data-id=\"5644b660\" data-element_type=\"widget\" data-widget_type=\"text-editor.default\">\n\t\t\t\t<div class=\"elementor-widget-container\">\n\t\t\t<style>\/*! elementor - v3.14.0 - 26-06-2023 *\/\n.elementor-widget-text-editor.elementor-drop-cap-view-stacked .elementor-drop-cap{background-color:#69727d;color:#fff}.elementor-widget-text-editor.elementor-drop-cap-view-framed .elementor-drop-cap{color:#69727d;border:3px solid;background-color:transparent}.elementor-widget-text-editor:not(.elementor-drop-cap-view-default) .elementor-drop-cap{margin-top:8px}.elementor-widget-text-editor:not(.elementor-drop-cap-view-default) .elementor-drop-cap-letter{width:1em;height:1em}.elementor-widget-text-editor .elementor-drop-cap{float:left;text-align:center;line-height:1;font-size:50px}.elementor-widget-text-editor .elementor-drop-cap-letter{display:inline-block}<\/style>\t\t\t\t<p><span style=\"font-weight: 400;\">Are you planning a vacation, a trip with friends, or a business trip? So that the search for parking near the airport and public transportation schedules don't spoil your mood on the day of your trip, we have come up with a safe and proven solution.&nbsp;<\/span><\/p>\n<p><span style=\"font-weight: 400;\">We transport you quickly and safely to your desired destination, when it suits you.&nbsp;<\/span><\/p>\n<p><span style=\"font-weight: 400;\">Our passenger cars and vans are modern and comfortable, our drivers are professionals with many years of driving experience, and our services are available to you 7 days a week, at any time of the day or night.&nbsp;<\/span><\/p>\n<p><span style=\"font-weight: 400;\">Contact us with confidence and start your journey carefree!<\/span><\/p>\n<p><img loading=\"lazy\" class=\"aligncenter size-full wp-image-2234\" src=\"https:\/\/sibeniktaxi.com\/wp-content\/uploads\/2022\/06\/DkFgNINXoAApBj2.jpg-large.jpeg\" alt=\"Transfer od \u0160ibenika do Zagreba\" width=\"1440\" height=\"960\" srcset=\"https:\/\/sibeniktaxi.com\/wp-content\/uploads\/2022\/06\/DkFgNINXoAApBj2.jpg-large.jpeg 1440w, https:\/\/sibeniktaxi.com\/wp-content\/uploads\/2022\/06\/DkFgNINXoAApBj2.jpg-large-300x200.jpeg 300w, https:\/\/sibeniktaxi.com\/wp-content\/uploads\/2022\/06\/DkFgNINXoAApBj2.jpg-large-768x512.jpeg 768w, https:\/\/sibeniktaxi.com\/wp-content\/uploads\/2022\/06\/DkFgNINXoAApBj2.jpg-large-1024x683.jpeg 1024w, https:\/\/sibeniktaxi.com\/wp-content\/uploads\/2022\/06\/DkFgNINXoAApBj2.jpg-large-272x182.jpeg 272w\" sizes=\"(max-width: 1440px) 100vw, 1440px\" \/><\/p>\n<p>&nbsp;<\/p>\n<h2><strong>Transfer from \u0160ibenik to Zagreb Airport<\/strong><\/h2>\n<p><span style=\"font-weight: 400;\">Zagreb International Airport, also known as Franjo Tu\u0111man Airport, is the most important and significant airport in Croatia. It is located 12 km from the center of the capital Zagreb, in an area called Pleso, in the town of Velika Gorica.&nbsp;<\/span><\/p>\n<p><span style=\"font-weight: 400;\">Zagreb Airport is connected to more than 50 international and domestic destinations by 30 airlines throughout the year, and more than 2.5 million passengers pass through this airport annually.<\/span><\/p>\n<p><span style=\"font-weight: 400;\">In order to check in for your flight on time at Zagreb Airport, you need to arrive at least 90 minutes before your flight if you are flying on domestic flights, and at least 120 minutes before if your flight is international. The same terminal is used for domestic and international flights, which is spread over three levels, which makes navigating the airport very simple.&nbsp;<\/span><\/p>\n<p><span style=\"font-weight: 400;\">To make your time at the airport as pleasant as possible, Zagreb Airport offers a variety of facilities. In the international departures area, you can find a Duty Free shop, which offers, among other things, various local products, and there are several different restaurants and coffee bars, as well as a VIP lounge, where you can relax while waiting for your flight. The airport also has an exchange office, a chapel, a tourist office and a bank.&nbsp;<\/span><\/p>\n<p><span style=\"font-weight: 400;\">Free internet is available to all passengers in all areas of the passenger terminal.<\/span><\/p>\n<p class=\"translation-block\"><span style=\"font-weight: 400\">\u0160ibenik is 349 km from Zagreb Airport, and the drive on this route takes a little over 3 hours by highway. If your flight departs from this airport, <\/span><a href=\"https:\/\/sibeniktaxi.com\/en\/\" target=\"_self\"><span style=\"font-weight: 400\">Taxi \u0160ibenik<\/span><\/a><span style=\"font-weight: 400\">is the best choice of transportation for you. Forget about unreliable public transport schedules and set off on a journey relaxed and without worries. Our professional drivers will take you from your door to your desired destination in comfortable vehicles, quickly and safely. <\/span><\/p>\n<p><span style=\"font-weight: 400;\">The taxi stand is located in front of the airport passenger terminal, to make your trip as comfortable as possible.&nbsp;<\/span><\/p>\n<p>&nbsp;<\/p>\n<h2><strong>The price of a taxi transfer to Zagreb Airport<\/strong><\/h2>\n<p><span style=\"font-weight: 400;\">Private transfers are the most flexible and reliable choice for traveling to more distant airports. Save your time and money and travel carefree. Taxi \u0160ibenik is here to help you catch your flight safely, quickly and at the best prices.<\/span><\/p>\n<p><span style=\"font-weight: 400;\">Our professional drivers and quality service are available to everyone, at any time of the day or night, seven days a week. And to ensure your complete satisfaction, we have also provided you with the most affordable prices on the market.&nbsp;<\/span><\/p>\n<p><span style=\"font-weight: 400;\">In addition to modern passenger cars, in our fleet you can also find several vans for transporting up to 8 people, which is a great option for those who are not traveling alone but with friends or family and want to share the cost of the trip.&nbsp;<\/span><\/p>\n<p><span style=\"font-weight: 400;\">Avoid the stress of transportation on the day of your trip and trust us! Book your taxi quickly and easily by phone or fill out the contact form!<\/span><\/p>\n<p class=\"translation-block\"><span style=\"font-weight: 400\">In addition to transfers to Dubrovnik Airport, we also offer transportation services to <\/span><a href=\"https:\/\/sibeniktaxi.com\/en\/transfer-sibenik-zracna-luka-split\/\" target=\"_self\"><span style=\"font-weight: 400\">Split Airport<\/span><\/a><span style=\"font-weight: 400\">, <\/span><a href=\"https:\/\/sibeniktaxi.com\/en\/transfer-sibenik-zracna-luka-zadar\/\" target=\"_self\"><span style=\"font-weight: 400\">Zadar<\/span><\/a><span style=\"font-weight: 400\"> or <a href=\"https:\/\/sibeniktaxi.com\/en\/transfer-sibenik-zracna-luka-dubrovnik\/\" target=\"_self\">Dubrovnik<\/a>.<\/span><\/p><p><span style=\"font-weight: 400;\"><br><\/span><\/p>\n<h2><\/h2>\n<h2><strong>Frequently asked questions<\/strong><\/h2>\n<p>            <div class=\"qae-faqs-container qae-faqs-toggle-container\">\n\t\t\t\t\t\t\t<ul class=\"qe-faqs-filters-container\">\n\t\t\t\t<li class=\"active\"><a class=\"qe-faqs-filter all-faqs\" href=\"#\" data-filter=\"*\">All<\/a><\/li>\n\t\t\t\t<li><a class=\"qe-faqs-filter\" href=\"#faq-transfer-do-zracne-luke-zagreb\" data-filter=\".faq-transfer-do-zracne-luke-zagreb\">FAQ \u2013 Transfer do Zra\u010dne luke Zagreb<\/a><\/li>\t\t\t<\/ul>\n\t\t\t\t\t<div id=\"qaef-2238\" class=\"qe-faq-toggle faq-transfer-do-zracne-luke-zagreb\">\n\t\t\t<div class=\"qe-toggle-title\">\n\t\t\t\t<h4>\n\t\t\t\t\t<i class=\"fa fa-minus-circle\"><\/i> Koliko ranije je potrebno do\u0107i u Zra\u010dnu luku Dubrovnik prije leta?\t\t\t\t<\/h4>\n\t\t\t<\/div>\n\t\t\t<div class=\"qe-toggle-content\">\n\t\t\t\t<p><span style=\"font-weight: 400\">At least 90 minutes (1.5 hours) before departure for domestic flights and at least 120 minutes (2 hours) for international flights <\/span><\/p>\n\t\t\t<\/div>\n\t\t<\/div>\n\t\t\t\t<div id=\"qaef-2237\" class=\"qe-faq-toggle faq-transfer-do-zracne-luke-zagreb\">\n\t\t\t<div class=\"qe-toggle-title\">\n\t\t\t\t<h4>\n\t\t\t\t\t<i class=\"fa fa-minus-circle\"><\/i> Koliko traje vo\u017enja od \u0160ibenika do Zra\u010dne luke Dubrovnik?\t\t\t\t<\/h4>\n\t\t\t<\/div>\n\t\t\t<div class=\"qe-toggle-content\">\n\t\t\t\t<p><span style=\"font-weight: 400\">3 hours and 20 minutes<\/span><\/p>\n<p>&nbsp;<\/p>\n\t\t\t<\/div>\n\t\t<\/div>\n\t\t\t\t<div id=\"qaef-2236\" class=\"qe-faq-toggle faq-transfer-do-zracne-luke-zagreb\">\n\t\t\t<div class=\"qe-toggle-title\">\n\t\t\t\t<h4>\n\t\t\t\t\t<i class=\"fa fa-minus-circle\"><\/i> Koliko je udaljen \u0160ibenik od Zra\u010dne luke Dubrovnik?\t\t\t\t<\/h4>\n\t\t\t<\/div>\n\t\t\t<div class=\"qe-toggle-content\">\n\t\t\t\t<p><span style=\"font-weight: 400\">349 km<\/span><\/p>\n<p>&nbsp;<\/p>\n\t\t\t<\/div>\n\t\t<\/div>\n\t\t            <\/div>\n\t\t<\/p>\n<p>&nbsp;<\/p>\n<p>&nbsp;<\/p>\n<h2><strong>Book a Transfer<\/strong><\/h2>\n<p class=\"translation-block\">We all deserve to create our own plans. This time, therefore, <a href=\"tel:+38598266550\" target=\"_self\">call our Taxi \u0160ibenik<\/a> that runs according to <strong>your<\/strong> schedule or fill out the contact form!<\/p>\n<p>\n<div class=\"wpcf7 no-js\" id=\"wpcf7-f2109-o1\" lang=\"en-US\" dir=\"ltr\">\n<div class=\"screen-reader-response\"><p role=\"status\" aria-live=\"polite\" aria-atomic=\"true\"><\/p> <ul><\/ul><\/div>\n<form action=\"\/en\/wp-json\/wp\/v2\/pages\/2231#wpcf7-f2109-o1\" method=\"post\" class=\"wpcf7-form init\" aria-label=\"Contact form\" novalidate=\"novalidate\" data-status=\"init\" data-trp-original-action=\"\/en\/wp-json\/wp\/v2\/pages\/2231#wpcf7-f2109-o1\">\n<div style=\"display: none;\">\n<input type=\"hidden\" name=\"_wpcf7\" value=\"2109\" \/>\n<input type=\"hidden\" name=\"_wpcf7_version\" value=\"5.7.7\" \/>\n<input type=\"hidden\" name=\"_wpcf7_locale\" value=\"en_US\" \/>\n<input type=\"hidden\" name=\"_wpcf7_unit_tag\" value=\"wpcf7-f2109-o1\" \/>\n<input type=\"hidden\" name=\"_wpcf7_container_post\" value=\"0\" \/>\n<input type=\"hidden\" name=\"_wpcf7_posted_data_hash\" value=\"\" \/>\n<input type=\"hidden\" name=\"_wpcf7_recaptcha_response\" value=\"\" \/>\n<\/div>\n<p><label> Your Email (required)<br \/>\n<span class=\"wpcf7-form-control-wrap\" data-name=\"your-email\"><input size=\"40\" class=\"wpcf7-form-control wpcf7-text wpcf7-email wpcf7-validates-as-required wpcf7-validates-as-email\" aria-required=\"true\" aria-invalid=\"false\" value=\"\" type=\"email\" name=\"your-email\" \/><\/span> <\/label>\n<\/p>\n<p><label> Contact Number<br \/>\n<span class=\"wpcf7-form-control-wrap\" data-name=\"your-phone\"><input size=\"40\" class=\"wpcf7-form-control wpcf7-text wpcf7-tel wpcf7-validates-as-tel\" aria-invalid=\"false\" placeholder=\"+385\" value=\"\" type=\"tel\" name=\"your-phone\" \/><\/span><\/label>\n<\/p>\n<p><label> Time (required)<br \/>\n<span class=\"wpcf7-form-control-wrap\" data-name=\"your-time\"><input size=\"40\" class=\"wpcf7-form-control wpcf7-text wpcf7-validates-as-required\" aria-required=\"true\" aria-invalid=\"false\" value=\"\" type=\"text\" name=\"your-time\" \/><\/span> <\/label>\n<\/p>\n<p><label> Date (required)<br \/>\n<span class=\"wpcf7-form-control-wrap\" data-name=\"your-date\"><input class=\"wpcf7-form-control wpcf7-date wpcf7-validates-as-required wpcf7-validates-as-date required\" min=\"2026-04-17\" step=\"1\" aria-required=\"true\" aria-invalid=\"false\" value=\"\" type=\"date\" name=\"your-date\" \/><\/span> <\/label>\n<\/p>\n<p><label> Note<br \/>\n<span class=\"wpcf7-form-control-wrap\" data-name=\"your-message\"><textarea cols=\"40\" rows=\"10\" class=\"wpcf7-form-control wpcf7-textarea\" aria-invalid=\"false\" name=\"your-message\"><\/textarea><\/span> <\/label>\n<\/p>\n<p><input class=\"wpcf7-form-control has-spinner wpcf7-submit\" type=\"submit\" value=\"Send\" \/>\n<\/p><div class=\"wpcf7-response-output\" aria-hidden=\"true\"><\/div>\n<input type=\"hidden\" name=\"trp-form-language\" value=\"en\"\/><\/form>\n<\/div>\n<\/p>\t\t\t\t\t\t<\/div>\n\t\t\t\t<\/div>\n\t\t\t\t\t<\/div>\n\t\t<\/div>\n\t\t\t\t\t\t\t<\/div>\n\t\t<\/section>\n\t\t\t\t<section class=\"elementor-section elementor-top-section elementor-element elementor-element-fae7dbd elementor-section-boxed elementor-section-height-default elementor-section-height-default\" data-id=\"fae7dbd\" data-element_type=\"section\">\n\t\t\t\t\t\t<div class=\"elementor-container elementor-column-gap-default\">\n\t\t\t\t\t<div class=\"elementor-column elementor-col-100 elementor-top-column elementor-element elementor-element-85c1ace\" data-id=\"85c1ace\" data-element_type=\"column\">\n\t\t\t<div class=\"elementor-widget-wrap elementor-element-populated\">\n\t\t\t\t\t\t\t\t<div class=\"elementor-element elementor-element-d3c4233 elementor-widget elementor-widget-heading\" data-id=\"d3c4233\" data-element_type=\"widget\" data-widget_type=\"heading.default\">\n\t\t\t\t<div class=\"elementor-widget-container\">\n\t\t\t<style>\/*! elementor - v3.14.0 - 26-06-2023 *\/\n.elementor-heading-title{padding:0;margin:0;line-height:1}.elementor-widget-heading .elementor-heading-title[class*=elementor-size-]>a{color:inherit;font-size:inherit;line-height:inherit}.elementor-widget-heading .elementor-heading-title.elementor-size-small{font-size:15px}.elementor-widget-heading .elementor-heading-title.elementor-size-medium{font-size:19px}.elementor-widget-heading .elementor-heading-title.elementor-size-large{font-size:29px}.elementor-widget-heading .elementor-heading-title.elementor-size-xl{font-size:39px}.elementor-widget-heading .elementor-heading-title.elementor-size-xxl{font-size:59px}<\/style><h2 class=\"elementor-heading-title elementor-size-default\">You might be interested...<\/h2>\t\t<\/div>\n\t\t\t\t<\/div>\n\t\t\t\t\t<\/div>\n\t\t<\/div>\n\t\t\t\t\t\t\t<\/div>\n\t\t<\/section>\n\t\t\t\t<section class=\"elementor-section elementor-top-section elementor-element elementor-element-f28845d elementor-section-boxed elementor-section-height-default elementor-section-height-default\" data-id=\"f28845d\" data-element_type=\"section\">\n\t\t\t\t\t\t<div class=\"elementor-container elementor-column-gap-default\">\n\t\t\t\t\t<div class=\"elementor-column elementor-col-100 elementor-top-column elementor-element elementor-element-df78a1f\" data-id=\"df78a1f\" data-element_type=\"column\">\n\t\t\t<div class=\"elementor-widget-wrap elementor-element-populated\">\n\t\t\t\t\t\t\t\t\t<\/div>\n\t\t<\/div>\n\t\t\t\t\t\t\t<\/div>\n\t\t<\/section>\n\t\t\t\t\t\t\t<\/div>","protected":false},"excerpt":{"rendered":"<p>Planirate godi\u0161nji odmor, putovanje s prijateljima ili Vas \u010deka poslovno putovanje? Kako vam potraga za parkingom u blizini aerodroma i vozni redovi javnog prijevoza ne bi kvarili raspolo\u017eenje na dan putovanja, osmislili smo sigurno i provjereno rje\u0161enje. Brzo i sigurno Vas prevozimo do \u017eeljene destinacije, onda kada Vama to odgovara&#8230;.<\/p>","protected":false},"author":5,"featured_media":2233,"parent":2168,"menu_order":0,"comment_status":"closed","ping_status":"closed","template":"","meta":{"_mi_skip_tracking":false,"_exactmetrics_sitenote_active":false,"_exactmetrics_sitenote_note":"","_exactmetrics_sitenote_category":0},"yoast_head":"<!-- This site is optimized with the Yoast SEO plugin v19.6.1 - https:\/\/yoast.com\/wordpress\/plugins\/seo\/ -->\n<title>Transfer \u0160ibenik - Zra\u010dna luka Zagreb | Taxi \u0160ibenik<\/title>\n<meta name=\"description\" content=\"Taxi \u0160ibenik Va\u0161 je najpouzdaniji i sigurniji izbor prijevoza. Putujte od \u0160ibenika do Zra\u010dne luke Zagreb ugodno, sigurno i povoljno.\" \/>\n<meta name=\"robots\" content=\"index, follow, max-snippet:-1, max-image-preview:large, max-video-preview:-1\" \/>\n<link rel=\"canonical\" href=\"https:\/\/sibeniktaxi.com\/en\/airport-transferi\/od-sibenika-do-zracne-luke-zagreb\/\" \/>\n<meta property=\"og:locale\" content=\"en_US\" \/>\n<meta property=\"og:type\" content=\"article\" \/>\n<meta property=\"og:title\" content=\"Transfer \u0160ibenik - Zra\u010dna luka Zagreb | Taxi \u0160ibenik\" \/>\n<meta property=\"og:description\" content=\"Taxi \u0160ibenik Va\u0161 je najpouzdaniji i sigurniji izbor prijevoza. Putujte od \u0160ibenika do Zra\u010dne luke Zagreb ugodno, sigurno i povoljno.\" \/>\n<meta property=\"og:url\" content=\"https:\/\/sibeniktaxi.com\/en\/airport-transferi\/od-sibenika-do-zracne-luke-zagreb\/\" \/>\n<meta property=\"og:site_name\" content=\"Taxi \u0160ibenik\" \/>\n<meta property=\"article:publisher\" content=\"https:\/\/www.facebook.com\/sibeniktaxi\/\" \/>\n<meta property=\"article:modified_time\" content=\"2023-01-25T11:42:40+00:00\" \/>\n<meta property=\"og:image\" content=\"https:\/\/sibeniktaxi.com\/wp-content\/uploads\/2022\/06\/dlxJ5lu.jpg\" \/>\n\t<meta property=\"og:image:width\" content=\"1200\" \/>\n\t<meta property=\"og:image:height\" content=\"675\" \/>\n\t<meta property=\"og:image:type\" content=\"image\/jpeg\" \/>\n<meta name=\"twitter:card\" content=\"summary\" \/>\n<meta name=\"twitter:label1\" content=\"Est. reading time\" \/>\n\t<meta name=\"twitter:data1\" content=\"3 minutes\" \/>\n<script type=\"application\/ld+json\" class=\"yoast-schema-graph\">{\"@context\":\"https:\/\/schema.org\",\"@graph\":[{\"@type\":\"WebPage\",\"@id\":\"https:\/\/sibeniktaxi.com\/airport-transferi\/od-sibenika-do-zracne-luke-zagreb\/\",\"url\":\"https:\/\/sibeniktaxi.com\/airport-transferi\/od-sibenika-do-zracne-luke-zagreb\/\",\"name\":\"Transfer \u0160ibenik - Zra\u010dna luka Zagreb | Taxi \u0160ibenik\",\"isPartOf\":{\"@id\":\"https:\/\/sibeniktaxi.com\/#website\"},\"datePublished\":\"2022-06-02T09:19:33+00:00\",\"dateModified\":\"2023-01-25T11:42:40+00:00\",\"description\":\"Taxi \u0160ibenik Va\u0161 je najpouzdaniji i sigurniji izbor prijevoza. Putujte od \u0160ibenika do Zra\u010dne luke Zagreb ugodno, sigurno i povoljno.\",\"breadcrumb\":{\"@id\":\"https:\/\/sibeniktaxi.com\/airport-transferi\/od-sibenika-do-zracne-luke-zagreb\/#breadcrumb\"},\"inLanguage\":\"en-US\",\"potentialAction\":[{\"@type\":\"ReadAction\",\"target\":[\"https:\/\/sibeniktaxi.com\/airport-transferi\/od-sibenika-do-zracne-luke-zagreb\/\"]}]},{\"@type\":\"BreadcrumbList\",\"@id\":\"https:\/\/sibeniktaxi.com\/airport-transferi\/od-sibenika-do-zracne-luke-zagreb\/#breadcrumb\",\"itemListElement\":[{\"@type\":\"ListItem\",\"position\":1,\"name\":\"Taxi \u0160ibenik\",\"item\":\"https:\/\/sibeniktaxi.com\/\"},{\"@type\":\"ListItem\",\"position\":2,\"name\":\"Airport transferi\",\"item\":\"https:\/\/sibeniktaxi.com\/airport-transferi\/\"},{\"@type\":\"ListItem\",\"position\":3,\"name\":\"Transfer od \u0160ibenika do Zra\u010dne Luke Zagreb\"}]},{\"@type\":\"WebSite\",\"@id\":\"https:\/\/sibeniktaxi.com\/#website\",\"url\":\"https:\/\/sibeniktaxi.com\/\",\"name\":\"Taxi \u0160ibenik\",\"description\":\"Najbolji Taxi u gradu\",\"publisher\":{\"@id\":\"https:\/\/sibeniktaxi.com\/#organization\"},\"potentialAction\":[{\"@type\":\"SearchAction\",\"target\":{\"@type\":\"EntryPoint\",\"urlTemplate\":\"https:\/\/sibeniktaxi.com\/?s={search_term_string}\"},\"query-input\":\"required name=search_term_string\"}],\"inLanguage\":\"en-US\"},{\"@type\":\"Organization\",\"@id\":\"https:\/\/sibeniktaxi.com\/#organization\",\"name\":\"Taxi \u0160ibenik\",\"url\":\"https:\/\/sibeniktaxi.com\/\",\"sameAs\":[\"https:\/\/www.facebook.com\/sibeniktaxi\/\"],\"logo\":{\"@type\":\"ImageObject\",\"inLanguage\":\"en-US\",\"@id\":\"https:\/\/sibeniktaxi.com\/#\/schema\/logo\/image\/\",\"url\":\"https:\/\/sibeniktaxi.com\/wp-content\/uploads\/2018\/04\/cropped-TAXI-DALMACIJA-logo-lav-rose-3.png\",\"contentUrl\":\"https:\/\/sibeniktaxi.com\/wp-content\/uploads\/2018\/04\/cropped-TAXI-DALMACIJA-logo-lav-rose-3.png\",\"width\":\"240\",\"height\":\"116\",\"caption\":\"Taxi \u0160ibenik\"},\"image\":{\"@id\":\"https:\/\/sibeniktaxi.com\/#\/schema\/logo\/image\/\"}}]}<\/script>\n<!-- \/ Yoast SEO plugin. -->","yoast_head_json":{"title":"Transfer \u0160ibenik - Zra\u010dna luka Zagreb | Taxi \u0160ibenik","description":"Taxi \u0160ibenik Va\u0161 je najpouzdaniji i sigurniji izbor prijevoza. Putujte od \u0160ibenika do Zra\u010dne luke Zagreb ugodno, sigurno i povoljno.","robots":{"index":"index","follow":"follow","max-snippet":"max-snippet:-1","max-image-preview":"max-image-preview:large","max-video-preview":"max-video-preview:-1"},"canonical":"https:\/\/sibeniktaxi.com\/en\/airport-transferi\/od-sibenika-do-zracne-luke-zagreb\/","og_locale":"en_US","og_type":"article","og_title":"Transfer \u0160ibenik - Zra\u010dna luka Zagreb | Taxi \u0160ibenik","og_description":"Taxi \u0160ibenik Va\u0161 je najpouzdaniji i sigurniji izbor prijevoza. Putujte od \u0160ibenika do Zra\u010dne luke Zagreb ugodno, sigurno i povoljno.","og_url":"https:\/\/sibeniktaxi.com\/en\/airport-transferi\/od-sibenika-do-zracne-luke-zagreb\/","og_site_name":"Taxi \u0160ibenik","article_publisher":"https:\/\/www.facebook.com\/sibeniktaxi\/","article_modified_time":"2023-01-25T11:42:40+00:00","og_image":[{"width":1200,"height":675,"url":"https:\/\/sibeniktaxi.com\/wp-content\/uploads\/2022\/06\/dlxJ5lu.jpg","type":"image\/jpeg"}],"twitter_card":"summary","twitter_misc":{"Est. reading time":"3 minutes"},"schema":{"@context":"https:\/\/schema.org","@graph":[{"@type":"WebPage","@id":"https:\/\/sibeniktaxi.com\/airport-transferi\/od-sibenika-do-zracne-luke-zagreb\/","url":"https:\/\/sibeniktaxi.com\/airport-transferi\/od-sibenika-do-zracne-luke-zagreb\/","name":"Transfer \u0160ibenik - Zra\u010dna luka Zagreb | Taxi \u0160ibenik","isPartOf":{"@id":"https:\/\/sibeniktaxi.com\/#website"},"datePublished":"2022-06-02T09:19:33+00:00","dateModified":"2023-01-25T11:42:40+00:00","description":"Taxi \u0160ibenik Va\u0161 je najpouzdaniji i sigurniji izbor prijevoza. Putujte od \u0160ibenika do Zra\u010dne luke Zagreb ugodno, sigurno i povoljno.","breadcrumb":{"@id":"https:\/\/sibeniktaxi.com\/airport-transferi\/od-sibenika-do-zracne-luke-zagreb\/#breadcrumb"},"inLanguage":"en-US","potentialAction":[{"@type":"ReadAction","target":["https:\/\/sibeniktaxi.com\/airport-transferi\/od-sibenika-do-zracne-luke-zagreb\/"]}]},{"@type":"BreadcrumbList","@id":"https:\/\/sibeniktaxi.com\/airport-transferi\/od-sibenika-do-zracne-luke-zagreb\/#breadcrumb","itemListElement":[{"@type":"ListItem","position":1,"name":"Taxi \u0160ibenik","item":"https:\/\/sibeniktaxi.com\/"},{"@type":"ListItem","position":2,"name":"Airport transferi","item":"https:\/\/sibeniktaxi.com\/airport-transferi\/"},{"@type":"ListItem","position":3,"name":"Transfer od \u0160ibenika do Zra\u010dne Luke Zagreb"}]},{"@type":"WebSite","@id":"https:\/\/sibeniktaxi.com\/#website","url":"https:\/\/sibeniktaxi.com\/","name":"Taxi \u0160ibenik","description":"Najbolji Taxi u gradu","publisher":{"@id":"https:\/\/sibeniktaxi.com\/#organization"},"potentialAction":[{"@type":"SearchAction","target":{"@type":"EntryPoint","urlTemplate":"https:\/\/sibeniktaxi.com\/?s={search_term_string}"},"query-input":"required name=search_term_string"}],"inLanguage":"en-US"},{"@type":"Organization","@id":"https:\/\/sibeniktaxi.com\/#organization","name":"Taxi \u0160ibenik","url":"https:\/\/sibeniktaxi.com\/","sameAs":["https:\/\/www.facebook.com\/sibeniktaxi\/"],"logo":{"@type":"ImageObject","inLanguage":"en-US","@id":"https:\/\/sibeniktaxi.com\/#\/schema\/logo\/image\/","url":"https:\/\/sibeniktaxi.com\/wp-content\/uploads\/2018\/04\/cropped-TAXI-DALMACIJA-logo-lav-rose-3.png","contentUrl":"https:\/\/sibeniktaxi.com\/wp-content\/uploads\/2018\/04\/cropped-TAXI-DALMACIJA-logo-lav-rose-3.png","width":"240","height":"116","caption":"Taxi \u0160ibenik"},"image":{"@id":"https:\/\/sibeniktaxi.com\/#\/schema\/logo\/image\/"}}]}},"_links":{"self":[{"href":"https:\/\/sibeniktaxi.com\/en\/wp-json\/wp\/v2\/pages\/2231"}],"collection":[{"href":"https:\/\/sibeniktaxi.com\/en\/wp-json\/wp\/v2\/pages"}],"about":[{"href":"https:\/\/sibeniktaxi.com\/en\/wp-json\/wp\/v2\/types\/page"}],"author":[{"embeddable":true,"href":"https:\/\/sibeniktaxi.com\/en\/wp-json\/wp\/v2\/users\/5"}],"replies":[{"embeddable":true,"href":"https:\/\/sibeniktaxi.com\/en\/wp-json\/wp\/v2\/comments?post=2231"}],"version-history":[{"count":18,"href":"https:\/\/sibeniktaxi.com\/en\/wp-json\/wp\/v2\/pages\/2231\/revisions"}],"predecessor-version":[{"id":2873,"href":"https:\/\/sibeniktaxi.com\/en\/wp-json\/wp\/v2\/pages\/2231\/revisions\/2873"}],"up":[{"embeddable":true,"href":"https:\/\/sibeniktaxi.com\/en\/wp-json\/wp\/v2\/pages\/2168"}],"wp:featuredmedia":[{"embeddable":true,"href":"https:\/\/sibeniktaxi.com\/en\/wp-json\/wp\/v2\/media\/2233"}],"wp:attachment":[{"href":"https:\/\/sibeniktaxi.com\/en\/wp-json\/wp\/v2\/media?parent=2231"}],"curies":[{"name":"wp","href":"https:\/\/api.w.org\/{rel}","templated":true}]}}