{"id":2288,"date":"2022-06-28T19:42:25","date_gmt":"2022-06-28T19:42:25","guid":{"rendered":"https:\/\/sibeniktaxi.com\/?page_id=2288"},"modified":"2023-01-25T11:42:56","modified_gmt":"2023-01-25T11:42:56","slug":"od-solarisa-do-aerodroma-u-splitu","status":"publish","type":"page","link":"https:\/\/sibeniktaxi.com\/en\/airport-transfers\/from-solaris-to-split-airport\/","title":{"rendered":"Transfer from Solaris to Split Airport"},"content":{"rendered":"<div data-elementor-type=\"wp-page\" data-elementor-id=\"2288\" class=\"elementor elementor-2288\">\n\t\t\t\t\t\t\t\t\t<section class=\"elementor-section elementor-top-section elementor-element elementor-element-97d9c86 elementor-section-boxed elementor-section-height-default elementor-section-height-default\" data-id=\"97d9c86\" data-element_type=\"section\">\n\t\t\t\t\t\t<div class=\"elementor-container elementor-column-gap-default\">\n\t\t\t\t\t<div class=\"elementor-column elementor-col-100 elementor-top-column elementor-element elementor-element-7bd15fa\" data-id=\"7bd15fa\" data-element_type=\"column\">\n\t\t\t<div class=\"elementor-widget-wrap elementor-element-populated\">\n\t\t\t\t\t\t\t\t<div class=\"elementor-element elementor-element-acbddc8 elementor-widget elementor-widget-text-editor\" data-id=\"acbddc8\" data-element_type=\"widget\" data-widget_type=\"text-editor.default\">\n\t\t\t\t<div class=\"elementor-widget-container\">\n\t\t\t<style>\/*! elementor - v3.14.0 - 26-06-2023 *\/\n.elementor-widget-text-editor.elementor-drop-cap-view-stacked .elementor-drop-cap{background-color:#69727d;color:#fff}.elementor-widget-text-editor.elementor-drop-cap-view-framed .elementor-drop-cap{color:#69727d;border:3px solid;background-color:transparent}.elementor-widget-text-editor:not(.elementor-drop-cap-view-default) .elementor-drop-cap{margin-top:8px}.elementor-widget-text-editor:not(.elementor-drop-cap-view-default) .elementor-drop-cap-letter{width:1em;height:1em}.elementor-widget-text-editor .elementor-drop-cap{float:left;text-align:center;line-height:1;font-size:50px}.elementor-widget-text-editor .elementor-drop-cap-letter{display:inline-block}<\/style>\t\t\t\t<p class=\"translation-block\"><a href=\"https:\/\/sibeniktaxi.com\/en\/\" target=\"_self\"><span style=\"font-weight: 400\">Taxi \u0160ibenik<\/span><\/a><span style=\"font-weight: 400\"> makes it easy for you to find a taxi, with a wide range of offers, such as airport transfers, airport drop-offs and local transport.<\/span><\/p><p><span style=\"font-weight: 400;\">It is common practice to take a taxi from one destination to another. Taxi drivers will often have a list of destinations and fares for people going to those destinations.<\/span><\/p><p><span style=\"font-weight: 400;\">This is the best way to get from one destination to another, as it is affordable and practical.<\/span><\/p><h2><b>Driving from Solaris to Split Airport<\/b><\/h2><p><span style=\"font-weight: 400;\">Split Airport is the second busiest airport in Croatia, after the \"Franjo Tu\u0111man\" Airport in Zagreb.<\/span><\/p><p><span style=\"font-weight: 400;\">If you have chosen this airport for your trip, our Taxi has provided transportation for passengers to this destination as well.<\/span><\/p><p><span style=\"font-weight: 400;\">Booking a private taxi transfer from Solaris to Split Airport is the most convenient way to get to your destination. The distance from Solaris to Split Airport is 60 km and it will take you about an hour to get there.<\/span><\/p><p><span style=\"font-weight: 400;\">Our driver will be waiting for you at Solaris with a sign with your name on it, and will take you to your destination.<\/span><\/p><p><span style=\"font-weight: 400;\">Our Taxi takes you straight to Split Airport, the closest airport to \u0160ibenik.\u00a0<\/span><\/p><p><span style=\"font-weight: 400;\">There is a place reserved for taxis at the airport, so don't worry, leave all your worries to your driver.<\/span><\/p><p><span style=\"font-weight: 400;\">You must arrive at this airport for registration at least 90 minutes in advance for a trip within Croatia, or 180 minutes in advance for an international flight.\u00a0<\/span><\/p><p><span style=\"font-weight: 400;\">With the most affordable prices, Taxi \u0160ibenik will enable you to quickly arrive at the airport in Split.\u00a0<\/span><\/p><p><span style=\"font-weight: 400;\">You can use our services 24\/7. At your convenience, wherever you want. Count on us!<\/span><\/p><h3><b>Advantages of driving with \u0160ibenik taxi<\/b><\/h3><p><span style=\"font-weight: 400;\">If you are traveling to \u0160ibenik by bus or car, taxi service is the best way to get around the city.<\/span><\/p><p><span style=\"font-weight: 400;\">A taxi is a more economical option for those who do not want to pay for parking in the center of \u0160ibenik or who want a more comfortable ride than public transport provides.<\/span><\/p><p><span style=\"font-weight: 400;\"><img loading=\"lazy\" class=\"aligncenter wp-image-2296 size-full\" src=\"https:\/\/sibeniktaxi.com\/wp-content\/uploads\/2022\/06\/Solaris-\u0160ibenik.jpg\" alt=\"Solaris \u0160ibenik\" width=\"1728\" height=\"1151\" \/><\/span><\/p><h2><b>Taxi transfer price from Solaris to Split Airport<\/b><\/h2><p><span style=\"font-weight: 400;\">Taxi \u0160ibenik guarantees you the best transportation service, relax and enjoy our comfortable seats and leave your worries to our professional drivers.<\/span><\/p><p><span style=\"font-weight: 400;\">Our main goal is your satisfaction, so we have provided you with the most affordable prices on the market. With our Taxi, catch your flight quickly at the best price!<\/span><\/p><p><span style=\"font-weight: 400;\">If you are traveling with friends or family, we offer vehicles for up to 8 people. Feel free to contact us if you need transportation for more people.<\/span><\/p><p><span style=\"font-weight: 400;\">Reserving a vehicle is extremely simple. You can reserve our vehicles by phone or via the contact form.<\/span><\/p><p class=\"translation-block\"><span style=\"font-weight: 400\">In addition to transfers from Solaris to <\/span><a href=\"https:\/\/sibeniktaxi.com\/en\/transfer-sibenik-zracna-luka-split\/\" target=\"_self\"><span style=\"font-weight: 400\">Split Airport<\/span><\/a><span style=\"font-weight: 400\">, in our offer you can also find transport services to <\/span><a href=\"https:\/\/sibeniktaxi.com\/en\/transfer-sibenik-zracna-luka-zadar\/\" target=\"_self\"><span style=\"font-weight: 400\">Zadar Airport<\/span><\/a><span style=\"font-weight: 400\">, <\/span><a href=\"https:\/\/sibeniktaxi.com\/en\/transfer-do-zracne-luke-zagreb\/\" target=\"_self\"><span style=\"font-weight: 400\">Zagreb<\/span><\/a><span style=\"font-weight: 400\"> or <\/span><a href=\"https:\/\/sibeniktaxi.com\/en\/transfer-sibenik-zracna-luka-dubrovnik\/\" target=\"_self\"><span style=\"font-weight: 400\">Dubrovnik<\/span><\/a><span style=\"font-weight: 400\">!<\/span><\/p><h2><b>Book a Transfer<\/b><\/h2><p class=\"translation-block\"><a href=\"https:\/\/sibeniktaxi.com\/en\/#contact\" target=\"_self\"><span style=\"font-weight: 400\">Call<\/span><\/a><span style=\"font-weight: 400\">Taxi \u0160ibenik or fill out the contact form to ride according to <\/span><b>Your <\/b><span style=\"font-weight: 400\">schedule!<\/span><\/p><p>\n<div class=\"wpcf7 no-js\" id=\"wpcf7-f2109-o1\" lang=\"en-US\" dir=\"ltr\">\n<div class=\"screen-reader-response\"><p role=\"status\" aria-live=\"polite\" aria-atomic=\"true\"><\/p> <ul><\/ul><\/div>\n<form action=\"\/en\/wp-json\/wp\/v2\/pages\/2288#wpcf7-f2109-o1\" method=\"post\" class=\"wpcf7-form init\" aria-label=\"Contact form\" novalidate=\"novalidate\" data-status=\"init\" data-trp-original-action=\"\/en\/wp-json\/wp\/v2\/pages\/2288#wpcf7-f2109-o1\">\n<div style=\"display: none;\">\n<input type=\"hidden\" name=\"_wpcf7\" value=\"2109\" \/>\n<input type=\"hidden\" name=\"_wpcf7_version\" value=\"5.7.7\" \/>\n<input type=\"hidden\" name=\"_wpcf7_locale\" value=\"en_US\" \/>\n<input type=\"hidden\" name=\"_wpcf7_unit_tag\" value=\"wpcf7-f2109-o1\" \/>\n<input type=\"hidden\" name=\"_wpcf7_container_post\" value=\"0\" \/>\n<input type=\"hidden\" name=\"_wpcf7_posted_data_hash\" value=\"\" \/>\n<input type=\"hidden\" name=\"_wpcf7_recaptcha_response\" value=\"\" \/>\n<\/div>\n<p><label> Your Email (required)<br \/>\n<span class=\"wpcf7-form-control-wrap\" data-name=\"your-email\"><input size=\"40\" class=\"wpcf7-form-control wpcf7-text wpcf7-email wpcf7-validates-as-required wpcf7-validates-as-email\" aria-required=\"true\" aria-invalid=\"false\" value=\"\" type=\"email\" name=\"your-email\" \/><\/span> <\/label>\n<\/p>\n<p><label> Contact Number<br \/>\n<span class=\"wpcf7-form-control-wrap\" data-name=\"your-phone\"><input size=\"40\" class=\"wpcf7-form-control wpcf7-text wpcf7-tel wpcf7-validates-as-tel\" aria-invalid=\"false\" placeholder=\"+385\" value=\"\" type=\"tel\" name=\"your-phone\" \/><\/span><\/label>\n<\/p>\n<p><label> Time (required)<br \/>\n<span class=\"wpcf7-form-control-wrap\" data-name=\"your-time\"><input size=\"40\" class=\"wpcf7-form-control wpcf7-text wpcf7-validates-as-required\" aria-required=\"true\" aria-invalid=\"false\" value=\"\" type=\"text\" name=\"your-time\" \/><\/span> <\/label>\n<\/p>\n<p><label> Date (required)<br \/>\n<span class=\"wpcf7-form-control-wrap\" data-name=\"your-date\"><input class=\"wpcf7-form-control wpcf7-date wpcf7-validates-as-required wpcf7-validates-as-date required\" min=\"2026-04-07\" step=\"1\" aria-required=\"true\" aria-invalid=\"false\" value=\"\" type=\"date\" name=\"your-date\" \/><\/span> <\/label>\n<\/p>\n<p><label> Note<br \/>\n<span class=\"wpcf7-form-control-wrap\" data-name=\"your-message\"><textarea cols=\"40\" rows=\"10\" class=\"wpcf7-form-control wpcf7-textarea\" aria-invalid=\"false\" name=\"your-message\"><\/textarea><\/span> <\/label>\n<\/p>\n<p><input class=\"wpcf7-form-control has-spinner wpcf7-submit\" type=\"submit\" value=\"Send\" \/>\n<\/p><div class=\"wpcf7-response-output\" aria-hidden=\"true\"><\/div>\n<input type=\"hidden\" name=\"trp-form-language\" value=\"en\"\/><\/form>\n<\/div>\n<\/p>\t\t\t\t\t\t<\/div>\n\t\t\t\t<\/div>\n\t\t\t\t\t<\/div>\n\t\t<\/div>\n\t\t\t\t\t\t\t<\/div>\n\t\t<\/section>\n\t\t\t\t<section class=\"elementor-section elementor-top-section elementor-element elementor-element-c0287fd elementor-section-boxed elementor-section-height-default elementor-section-height-default\" data-id=\"c0287fd\" data-element_type=\"section\">\n\t\t\t\t\t\t<div class=\"elementor-container elementor-column-gap-default\">\n\t\t\t\t\t<div class=\"elementor-column elementor-col-100 elementor-top-column elementor-element elementor-element-33c412e\" data-id=\"33c412e\" data-element_type=\"column\">\n\t\t\t<div class=\"elementor-widget-wrap elementor-element-populated\">\n\t\t\t\t\t\t\t\t<div class=\"elementor-element elementor-element-2a5e07b elementor-widget elementor-widget-heading\" data-id=\"2a5e07b\" data-element_type=\"widget\" data-widget_type=\"heading.default\">\n\t\t\t\t<div class=\"elementor-widget-container\">\n\t\t\t<style>\/*! elementor - v3.14.0 - 26-06-2023 *\/\n.elementor-heading-title{padding:0;margin:0;line-height:1}.elementor-widget-heading .elementor-heading-title[class*=elementor-size-]>a{color:inherit;font-size:inherit;line-height:inherit}.elementor-widget-heading .elementor-heading-title.elementor-size-small{font-size:15px}.elementor-widget-heading .elementor-heading-title.elementor-size-medium{font-size:19px}.elementor-widget-heading .elementor-heading-title.elementor-size-large{font-size:29px}.elementor-widget-heading .elementor-heading-title.elementor-size-xl{font-size:39px}.elementor-widget-heading .elementor-heading-title.elementor-size-xxl{font-size:59px}<\/style><h2 class=\"elementor-heading-title elementor-size-default\">You might be interested...<\/h2>\t\t<\/div>\n\t\t\t\t<\/div>\n\t\t\t\t\t<\/div>\n\t\t<\/div>\n\t\t\t\t\t\t\t<\/div>\n\t\t<\/section>\n\t\t\t\t<section class=\"elementor-section elementor-top-section elementor-element elementor-element-389564a elementor-section-boxed elementor-section-height-default elementor-section-height-default\" data-id=\"389564a\" data-element_type=\"section\">\n\t\t\t\t\t\t<div class=\"elementor-container elementor-column-gap-default\">\n\t\t\t\t\t<div class=\"elementor-column elementor-col-100 elementor-top-column elementor-element elementor-element-dbd9db9\" data-id=\"dbd9db9\" data-element_type=\"column\">\n\t\t\t<div class=\"elementor-widget-wrap elementor-element-populated\">\n\t\t\t\t\t\t\t\t\t<\/div>\n\t\t<\/div>\n\t\t\t\t\t\t\t<\/div>\n\t\t<\/section>\n\t\t\t\t\t\t\t<\/div>","protected":false},"excerpt":{"rendered":"<p>Taxi \u0160ibenik vam olak\u0161ava pronala\u017eenje taksija, uz \u0161irok raspon ponuda, kao \u0161to su vo\u017enje do zra\u010dne luke, odlazak iz zra\u010dne luke i lokalni prijevoz. Uobi\u010dajena je praksa voziti se taksijem od jednog do drugog odredi\u0161ta. Taksisti \u0107e \u010desto imati popis destinacija i cijena karata za ljude koji idu na ta&#8230;<\/p>","protected":false},"author":5,"featured_media":2289,"parent":2168,"menu_order":0,"comment_status":"closed","ping_status":"closed","template":"","meta":{"_mi_skip_tracking":false,"_exactmetrics_sitenote_active":false,"_exactmetrics_sitenote_note":"","_exactmetrics_sitenote_category":0},"yoast_head":"<!-- This site is optimized with the Yoast SEO plugin v19.6.1 - https:\/\/yoast.com\/wordpress\/plugins\/seo\/ -->\n<title>Transfer od Solarisa do Zra\u010dne luke Split | Taxi \u0160ibenik<\/title>\n<meta name=\"description\" content=\"Taxi \u0160ibenik vam olak\u0161ava pronala\u017eenje taksija, uz \u0161irok raspon ponuda, kao \u0161to su vo\u017enje do zra\u010dne luke, odlazak iz zra\u010dne luke i lokalni prijevoz.\" \/>\n<meta name=\"robots\" content=\"index, follow, max-snippet:-1, max-image-preview:large, max-video-preview:-1\" \/>\n<link rel=\"canonical\" href=\"https:\/\/sibeniktaxi.com\/en\/airport-transferi\/od-solarisa-do-aerodroma-u-splitu\/\" \/>\n<meta property=\"og:locale\" content=\"en_US\" \/>\n<meta property=\"og:type\" content=\"article\" \/>\n<meta property=\"og:title\" content=\"Transfer od Solarisa do Zra\u010dne luke Split | Taxi \u0160ibenik\" \/>\n<meta property=\"og:description\" content=\"Taxi \u0160ibenik vam olak\u0161ava pronala\u017eenje taksija, uz \u0161irok raspon ponuda, kao \u0161to su vo\u017enje do zra\u010dne luke, odlazak iz zra\u010dne luke i lokalni prijevoz.\" \/>\n<meta property=\"og:url\" content=\"https:\/\/sibeniktaxi.com\/en\/airport-transferi\/od-solarisa-do-aerodroma-u-splitu\/\" \/>\n<meta property=\"og:site_name\" content=\"Taxi \u0160ibenik\" \/>\n<meta property=\"article:publisher\" content=\"https:\/\/www.facebook.com\/sibeniktaxi\/\" \/>\n<meta property=\"article:modified_time\" content=\"2023-01-25T11:42:56+00:00\" \/>\n<meta property=\"og:image\" content=\"https:\/\/sibeniktaxi.com\/wp-content\/uploads\/2022\/06\/aerodrom-u-Splitu.jpg\" \/>\n\t<meta property=\"og:image:width\" content=\"1600\" \/>\n\t<meta property=\"og:image:height\" content=\"1067\" \/>\n\t<meta property=\"og:image:type\" content=\"image\/jpeg\" \/>\n<meta name=\"twitter:card\" content=\"summary\" \/>\n<meta name=\"twitter:label1\" content=\"Est. reading time\" \/>\n\t<meta name=\"twitter:data1\" content=\"3 minutes\" \/>\n<script type=\"application\/ld+json\" class=\"yoast-schema-graph\">{\"@context\":\"https:\/\/schema.org\",\"@graph\":[{\"@type\":\"WebPage\",\"@id\":\"https:\/\/sibeniktaxi.com\/airport-transferi\/od-solarisa-do-aerodroma-u-splitu\/\",\"url\":\"https:\/\/sibeniktaxi.com\/airport-transferi\/od-solarisa-do-aerodroma-u-splitu\/\",\"name\":\"Transfer od Solarisa do Zra\u010dne luke Split | Taxi \u0160ibenik\",\"isPartOf\":{\"@id\":\"https:\/\/sibeniktaxi.com\/#website\"},\"datePublished\":\"2022-06-28T19:42:25+00:00\",\"dateModified\":\"2023-01-25T11:42:56+00:00\",\"description\":\"Taxi \u0160ibenik vam olak\u0161ava pronala\u017eenje taksija, uz \u0161irok raspon ponuda, kao \u0161to su vo\u017enje do zra\u010dne luke, odlazak iz zra\u010dne luke i lokalni prijevoz.\",\"breadcrumb\":{\"@id\":\"https:\/\/sibeniktaxi.com\/airport-transferi\/od-solarisa-do-aerodroma-u-splitu\/#breadcrumb\"},\"inLanguage\":\"en-US\",\"potentialAction\":[{\"@type\":\"ReadAction\",\"target\":[\"https:\/\/sibeniktaxi.com\/airport-transferi\/od-solarisa-do-aerodroma-u-splitu\/\"]}]},{\"@type\":\"BreadcrumbList\",\"@id\":\"https:\/\/sibeniktaxi.com\/airport-transferi\/od-solarisa-do-aerodroma-u-splitu\/#breadcrumb\",\"itemListElement\":[{\"@type\":\"ListItem\",\"position\":1,\"name\":\"Taxi \u0160ibenik\",\"item\":\"https:\/\/sibeniktaxi.com\/\"},{\"@type\":\"ListItem\",\"position\":2,\"name\":\"Airport transferi\",\"item\":\"https:\/\/sibeniktaxi.com\/airport-transferi\/\"},{\"@type\":\"ListItem\",\"position\":3,\"name\":\"Transfer od Solarisa do Zra\u010dne luke Split\"}]},{\"@type\":\"WebSite\",\"@id\":\"https:\/\/sibeniktaxi.com\/#website\",\"url\":\"https:\/\/sibeniktaxi.com\/\",\"name\":\"Taxi \u0160ibenik\",\"description\":\"Najbolji Taxi u gradu\",\"publisher\":{\"@id\":\"https:\/\/sibeniktaxi.com\/#organization\"},\"potentialAction\":[{\"@type\":\"SearchAction\",\"target\":{\"@type\":\"EntryPoint\",\"urlTemplate\":\"https:\/\/sibeniktaxi.com\/?s={search_term_string}\"},\"query-input\":\"required name=search_term_string\"}],\"inLanguage\":\"en-US\"},{\"@type\":\"Organization\",\"@id\":\"https:\/\/sibeniktaxi.com\/#organization\",\"name\":\"Taxi \u0160ibenik\",\"url\":\"https:\/\/sibeniktaxi.com\/\",\"sameAs\":[\"https:\/\/www.facebook.com\/sibeniktaxi\/\"],\"logo\":{\"@type\":\"ImageObject\",\"inLanguage\":\"en-US\",\"@id\":\"https:\/\/sibeniktaxi.com\/#\/schema\/logo\/image\/\",\"url\":\"https:\/\/sibeniktaxi.com\/wp-content\/uploads\/2018\/04\/cropped-TAXI-DALMACIJA-logo-lav-rose-3.png\",\"contentUrl\":\"https:\/\/sibeniktaxi.com\/wp-content\/uploads\/2018\/04\/cropped-TAXI-DALMACIJA-logo-lav-rose-3.png\",\"width\":\"240\",\"height\":\"116\",\"caption\":\"Taxi \u0160ibenik\"},\"image\":{\"@id\":\"https:\/\/sibeniktaxi.com\/#\/schema\/logo\/image\/\"}}]}<\/script>\n<!-- \/ Yoast SEO plugin. -->","yoast_head_json":{"title":"Transfer od Solarisa do Zra\u010dne luke Split | Taxi \u0160ibenik","description":"Taxi \u0160ibenik vam olak\u0161ava pronala\u017eenje taksija, uz \u0161irok raspon ponuda, kao \u0161to su vo\u017enje do zra\u010dne luke, odlazak iz zra\u010dne luke i lokalni prijevoz.","robots":{"index":"index","follow":"follow","max-snippet":"max-snippet:-1","max-image-preview":"max-image-preview:large","max-video-preview":"max-video-preview:-1"},"canonical":"https:\/\/sibeniktaxi.com\/en\/airport-transferi\/od-solarisa-do-aerodroma-u-splitu\/","og_locale":"en_US","og_type":"article","og_title":"Transfer od Solarisa do Zra\u010dne luke Split | Taxi \u0160ibenik","og_description":"Taxi \u0160ibenik vam olak\u0161ava pronala\u017eenje taksija, uz \u0161irok raspon ponuda, kao \u0161to su vo\u017enje do zra\u010dne luke, odlazak iz zra\u010dne luke i lokalni prijevoz.","og_url":"https:\/\/sibeniktaxi.com\/en\/airport-transferi\/od-solarisa-do-aerodroma-u-splitu\/","og_site_name":"Taxi \u0160ibenik","article_publisher":"https:\/\/www.facebook.com\/sibeniktaxi\/","article_modified_time":"2023-01-25T11:42:56+00:00","og_image":[{"width":1600,"height":1067,"url":"https:\/\/sibeniktaxi.com\/wp-content\/uploads\/2022\/06\/aerodrom-u-Splitu.jpg","type":"image\/jpeg"}],"twitter_card":"summary","twitter_misc":{"Est. reading time":"3 minutes"},"schema":{"@context":"https:\/\/schema.org","@graph":[{"@type":"WebPage","@id":"https:\/\/sibeniktaxi.com\/airport-transferi\/od-solarisa-do-aerodroma-u-splitu\/","url":"https:\/\/sibeniktaxi.com\/airport-transferi\/od-solarisa-do-aerodroma-u-splitu\/","name":"Transfer od Solarisa do Zra\u010dne luke Split | Taxi \u0160ibenik","isPartOf":{"@id":"https:\/\/sibeniktaxi.com\/#website"},"datePublished":"2022-06-28T19:42:25+00:00","dateModified":"2023-01-25T11:42:56+00:00","description":"Taxi \u0160ibenik vam olak\u0161ava pronala\u017eenje taksija, uz \u0161irok raspon ponuda, kao \u0161to su vo\u017enje do zra\u010dne luke, odlazak iz zra\u010dne luke i lokalni prijevoz.","breadcrumb":{"@id":"https:\/\/sibeniktaxi.com\/airport-transferi\/od-solarisa-do-aerodroma-u-splitu\/#breadcrumb"},"inLanguage":"en-US","potentialAction":[{"@type":"ReadAction","target":["https:\/\/sibeniktaxi.com\/airport-transferi\/od-solarisa-do-aerodroma-u-splitu\/"]}]},{"@type":"BreadcrumbList","@id":"https:\/\/sibeniktaxi.com\/airport-transferi\/od-solarisa-do-aerodroma-u-splitu\/#breadcrumb","itemListElement":[{"@type":"ListItem","position":1,"name":"Taxi \u0160ibenik","item":"https:\/\/sibeniktaxi.com\/"},{"@type":"ListItem","position":2,"name":"Airport transferi","item":"https:\/\/sibeniktaxi.com\/airport-transferi\/"},{"@type":"ListItem","position":3,"name":"Transfer od Solarisa do Zra\u010dne luke Split"}]},{"@type":"WebSite","@id":"https:\/\/sibeniktaxi.com\/#website","url":"https:\/\/sibeniktaxi.com\/","name":"Taxi \u0160ibenik","description":"Najbolji Taxi u gradu","publisher":{"@id":"https:\/\/sibeniktaxi.com\/#organization"},"potentialAction":[{"@type":"SearchAction","target":{"@type":"EntryPoint","urlTemplate":"https:\/\/sibeniktaxi.com\/?s={search_term_string}"},"query-input":"required name=search_term_string"}],"inLanguage":"en-US"},{"@type":"Organization","@id":"https:\/\/sibeniktaxi.com\/#organization","name":"Taxi \u0160ibenik","url":"https:\/\/sibeniktaxi.com\/","sameAs":["https:\/\/www.facebook.com\/sibeniktaxi\/"],"logo":{"@type":"ImageObject","inLanguage":"en-US","@id":"https:\/\/sibeniktaxi.com\/#\/schema\/logo\/image\/","url":"https:\/\/sibeniktaxi.com\/wp-content\/uploads\/2018\/04\/cropped-TAXI-DALMACIJA-logo-lav-rose-3.png","contentUrl":"https:\/\/sibeniktaxi.com\/wp-content\/uploads\/2018\/04\/cropped-TAXI-DALMACIJA-logo-lav-rose-3.png","width":"240","height":"116","caption":"Taxi \u0160ibenik"},"image":{"@id":"https:\/\/sibeniktaxi.com\/#\/schema\/logo\/image\/"}}]}},"_links":{"self":[{"href":"https:\/\/sibeniktaxi.com\/en\/wp-json\/wp\/v2\/pages\/2288"}],"collection":[{"href":"https:\/\/sibeniktaxi.com\/en\/wp-json\/wp\/v2\/pages"}],"about":[{"href":"https:\/\/sibeniktaxi.com\/en\/wp-json\/wp\/v2\/types\/page"}],"author":[{"embeddable":true,"href":"https:\/\/sibeniktaxi.com\/en\/wp-json\/wp\/v2\/users\/5"}],"replies":[{"embeddable":true,"href":"https:\/\/sibeniktaxi.com\/en\/wp-json\/wp\/v2\/comments?post=2288"}],"version-history":[{"count":24,"href":"https:\/\/sibeniktaxi.com\/en\/wp-json\/wp\/v2\/pages\/2288\/revisions"}],"predecessor-version":[{"id":2876,"href":"https:\/\/sibeniktaxi.com\/en\/wp-json\/wp\/v2\/pages\/2288\/revisions\/2876"}],"up":[{"embeddable":true,"href":"https:\/\/sibeniktaxi.com\/en\/wp-json\/wp\/v2\/pages\/2168"}],"wp:featuredmedia":[{"embeddable":true,"href":"https:\/\/sibeniktaxi.com\/en\/wp-json\/wp\/v2\/media\/2289"}],"wp:attachment":[{"href":"https:\/\/sibeniktaxi.com\/en\/wp-json\/wp\/v2\/media?parent=2288"}],"curies":[{"name":"wp","href":"https:\/\/api.w.org\/{rel}","templated":true}]}}