{"id":2300,"date":"2022-06-29T07:57:48","date_gmt":"2022-06-29T07:57:48","guid":{"rendered":"https:\/\/sibeniktaxi.com\/?page_id=2300"},"modified":"2022-09-14T14:12:24","modified_gmt":"2022-09-14T14:12:24","slug":"od-solarisa-do-np-krka","status":"publish","type":"page","link":"https:\/\/sibeniktaxi.com\/en\/transfers\/from-solaris-to-np-krka\/","title":{"rendered":"Transfer from Solaris to NP Krk"},"content":{"rendered":"<p><span style=\"font-weight: 400;\">Planning a trip is not easy, especially if you don't have a car or don't know what to visit.<\/span><\/p>\n<p><span style=\"font-weight: 400;\">\u0160ibenik Taxi comes to your rescue. With their service, you don't have to worry about anything. Our drivers will take you on an adventure to your destination, and will recommend destinations you shouldn't miss!<\/span><\/p>\n<p>&nbsp;<\/p>\n<h2><strong>Driving from Solaris to Krka National Park<\/strong><\/h2>\n<p><span style=\"font-weight: 400;\">A visit to Krka National Park should be a must for anyone in \u0160ibenik. Its sound of the Krka waterfalls attracts people from all over the world.<\/span><\/p>\n<p><span style=\"font-weight: 400;\">Krka National Park is 25 minutes away from Solaris. If you need a taxi for up to 8 people, please let us know so we can organize it.<\/span><\/p>\n<p><span style=\"font-weight: 400;\">Our get-together begins at Solaris, where our driver will be waiting for you with a sign with your name on it. After that, all you need to do is relax, because our drivers will take care of all your worries.<\/span><\/p>\n<p class=\"translation-block\"><span style=\"font-weight: 400\">With us you can even order a <\/span><a href=\"https:\/\/sibeniktaxi.com\/en\/izlet-u-np-krka\/\" target=\"_self\"><span style=\"font-weight: 400\">trip to Krka National Park<\/span><\/a><span style=\"font-weight: 400\">. Where we organize the entire itinerary for you, from the place where we pick you up to the return.<\/span><\/p>\n<p><img loading=\"lazy\" class=\"wp-image-2301 alignleft\" src=\"https:\/\/sibeniktaxi.com\/wp-content\/uploads\/2022\/06\/Nacionalni-park-Krka.jpg\" alt=\"Krka National park\" width=\"761\" height=\"507\" srcset=\"https:\/\/sibeniktaxi.com\/wp-content\/uploads\/2022\/06\/Nacionalni-park-Krka.jpg 720w, https:\/\/sibeniktaxi.com\/wp-content\/uploads\/2022\/06\/Nacionalni-park-Krka-300x200.jpg 300w, https:\/\/sibeniktaxi.com\/wp-content\/uploads\/2022\/06\/Nacionalni-park-Krka-272x182.jpg 272w\" sizes=\"(max-width: 761px) 100vw, 761px\" \/><\/p>\n<p>&nbsp;<\/p>\n<h2><strong>What does Krka National Park offer?<\/strong><\/h2>\n<p><span style=\"font-weight: 400;\">Krka National Park is one of the most famous national parks in Croatia. Its river Krka rises at the foot of Dinara.\u00a0<\/span><\/p>\n<p class=\"translation-block\"><span style=\"font-weight: 400\">The national park consists of 7 travertine waterfalls. Skradinski buk which is the most famous waterfall, Ro\u0161ki slap which is the second most famous waterfall, Manojlova\u010dki slap which is also the largest waterfall <\/span><span style=\"font-weight: 400\">with 32 meters high<\/span><span style=\"font-weight: 400\">, Ro\u0161njak which is the smallest waterfall, and there are also the Brljan, Bilu\u0161i\u0107a buk and Miljacka waterfalls.<\/span><\/p>\n<p class=\"translation-block\"><span style=\"font-weight: 400\">Krka<\/span><span style=\"font-weight: 400\"> abounds in plant species, reaching up to 860 plant species, and animal species, 10 of which are endemic.<\/span><\/p>\n<p><span style=\"font-weight: 400;\">The national park offers educational trails, the most notable of which is the Stinice trail located near Ro\u0161ki slap.<\/span><\/p>\n<p><span style=\"font-weight: 400;\">While you are in this area, it is recommended to take a taxi and visit the small and oldest town in Croatia, Skradin.\u00a0<\/span><\/p>\n<p><span style=\"font-weight: 400;\">Where, after a hard day's walking, you can enjoy taverns where you can try local specialties cooked under a baking sheet.\u00a0<\/span><\/p>\n<p>&nbsp;<\/p>\n<h2><strong>Taxi transfer price from Solaris to Krka National Park<\/strong><\/h2>\n<p><span style=\"font-weight: 400;\">Taxi \u0160ibenik will provide you with a safe ride to the Krka National Park. Our goal is to satisfy you and your wishes at the most affordable prices.\u00a0<\/span><\/p>\n<p><span style=\"font-weight: 400;\">We have the best drivers with many years of experience and an extremely high level of driving organization, who will make your trip unforgettable!<\/span><\/p>\n<p class=\"translation-block\"><span style=\"font-weight: 400\">If you are coming from abroad, we also have a <\/span><a href=\"https:\/\/sibeniktaxi.com\/en\/transfer-sibenik-zracna-luka-split\/\" target=\"_self\"><span style=\"font-weight: 400\">transfer to Split Airport.<\/span><\/a><\/p>\n<p>&nbsp;<\/p>\n<h2><span style=\"font-weight: 400;\"><strong>Book a Transfer<\/strong>\u00a0<\/span><\/h2>\n<p class=\"translation-block\"><span style=\"font-weight: 400\">A visit to Krka National Park is an experience that most will never forget. <\/span><a href=\"https:\/\/sibeniktaxi.com\/en\/\" target=\"_self\"><span style=\"font-weight: 400\">Contact us<\/span><\/a><span style=\"font-weight: 400\"> to experience your trip without stress and obligations!<\/span><\/p>","protected":false},"excerpt":{"rendered":"<p>Planiranje izleta nije lako. Pogotovo ako nemate auto ili ne znate \u0161to posjetiti. \u0160ibenik Taxi Vam tu dolazi u spas. Uz njihovu uslugu, Vi ne morate brinuti o ni\u010demu. Na\u0161i voza\u010di \u0107e Vas povesti u avanturu do Va\u0161e destinacije, i preporu\u010dit \u0107e Vam destinacije koje ne smijete propustiti! &nbsp; Vo\u017enja&#8230;<\/p>","protected":false},"author":5,"featured_media":2303,"parent":2346,"menu_order":0,"comment_status":"closed","ping_status":"closed","template":"","meta":{"_mi_skip_tracking":false,"_exactmetrics_sitenote_active":false,"_exactmetrics_sitenote_note":"","_exactmetrics_sitenote_category":0},"yoast_head":"<!-- This site is optimized with the Yoast SEO plugin v19.6.1 - https:\/\/yoast.com\/wordpress\/plugins\/seo\/ -->\n<title>Transfer od Solarisa do NP Krka | Taxi \u0160ibenik<\/title>\n<meta name=\"description\" content=\"Rezervirajte privatni transfer od Solarisa do Nacionalnog parka Krka po najpristupa\u010dnijim cijenama uz najbolje voza\u010de.\" \/>\n<meta name=\"robots\" content=\"index, follow, max-snippet:-1, max-image-preview:large, max-video-preview:-1\" \/>\n<link rel=\"canonical\" href=\"https:\/\/sibeniktaxi.com\/en\/transferi\/od-solarisa-do-np-krka\/\" \/>\n<meta property=\"og:locale\" content=\"en_US\" \/>\n<meta property=\"og:type\" content=\"article\" \/>\n<meta property=\"og:title\" content=\"Transfer od Solarisa do NP Krka | Taxi \u0160ibenik\" \/>\n<meta property=\"og:description\" content=\"Rezervirajte privatni transfer od Solarisa do Nacionalnog parka Krka po najpristupa\u010dnijim cijenama uz najbolje voza\u010de.\" \/>\n<meta property=\"og:url\" content=\"https:\/\/sibeniktaxi.com\/en\/transferi\/od-solarisa-do-np-krka\/\" \/>\n<meta property=\"og:site_name\" content=\"Taxi \u0160ibenik\" \/>\n<meta property=\"article:publisher\" content=\"https:\/\/www.facebook.com\/sibeniktaxi\/\" \/>\n<meta property=\"article:modified_time\" content=\"2022-09-14T14:12:24+00:00\" \/>\n<meta property=\"og:image\" content=\"https:\/\/sibeniktaxi.com\/wp-content\/uploads\/2022\/06\/Transfer-Solaris-NP-Krka.jpg\" \/>\n\t<meta property=\"og:image:width\" content=\"640\" \/>\n\t<meta property=\"og:image:height\" content=\"480\" \/>\n\t<meta property=\"og:image:type\" content=\"image\/jpeg\" \/>\n<meta name=\"twitter:card\" content=\"summary\" \/>\n<meta name=\"twitter:label1\" content=\"Est. reading time\" \/>\n\t<meta name=\"twitter:data1\" content=\"2 minutes\" \/>\n<script type=\"application\/ld+json\" class=\"yoast-schema-graph\">{\"@context\":\"https:\/\/schema.org\",\"@graph\":[{\"@type\":\"WebPage\",\"@id\":\"https:\/\/sibeniktaxi.com\/transferi\/od-solarisa-do-np-krka\/\",\"url\":\"https:\/\/sibeniktaxi.com\/transferi\/od-solarisa-do-np-krka\/\",\"name\":\"Transfer od Solarisa do NP Krka | Taxi \u0160ibenik\",\"isPartOf\":{\"@id\":\"https:\/\/sibeniktaxi.com\/#website\"},\"datePublished\":\"2022-06-29T07:57:48+00:00\",\"dateModified\":\"2022-09-14T14:12:24+00:00\",\"description\":\"Rezervirajte privatni transfer od Solarisa do Nacionalnog parka Krka po najpristupa\u010dnijim cijenama uz najbolje voza\u010de.\",\"breadcrumb\":{\"@id\":\"https:\/\/sibeniktaxi.com\/transferi\/od-solarisa-do-np-krka\/#breadcrumb\"},\"inLanguage\":\"en-US\",\"potentialAction\":[{\"@type\":\"ReadAction\",\"target\":[\"https:\/\/sibeniktaxi.com\/transferi\/od-solarisa-do-np-krka\/\"]}]},{\"@type\":\"BreadcrumbList\",\"@id\":\"https:\/\/sibeniktaxi.com\/transferi\/od-solarisa-do-np-krka\/#breadcrumb\",\"itemListElement\":[{\"@type\":\"ListItem\",\"position\":1,\"name\":\"Taxi \u0160ibenik\",\"item\":\"https:\/\/sibeniktaxi.com\/\"},{\"@type\":\"ListItem\",\"position\":2,\"name\":\"Transferi\",\"item\":\"https:\/\/sibeniktaxi.com\/transferi\/\"},{\"@type\":\"ListItem\",\"position\":3,\"name\":\"Transfer od Solarisa do NP Krka\"}]},{\"@type\":\"WebSite\",\"@id\":\"https:\/\/sibeniktaxi.com\/#website\",\"url\":\"https:\/\/sibeniktaxi.com\/\",\"name\":\"Taxi \u0160ibenik\",\"description\":\"Najbolji Taxi u gradu\",\"publisher\":{\"@id\":\"https:\/\/sibeniktaxi.com\/#organization\"},\"potentialAction\":[{\"@type\":\"SearchAction\",\"target\":{\"@type\":\"EntryPoint\",\"urlTemplate\":\"https:\/\/sibeniktaxi.com\/?s={search_term_string}\"},\"query-input\":\"required name=search_term_string\"}],\"inLanguage\":\"en-US\"},{\"@type\":\"Organization\",\"@id\":\"https:\/\/sibeniktaxi.com\/#organization\",\"name\":\"Taxi \u0160ibenik\",\"url\":\"https:\/\/sibeniktaxi.com\/\",\"sameAs\":[\"https:\/\/www.facebook.com\/sibeniktaxi\/\"],\"logo\":{\"@type\":\"ImageObject\",\"inLanguage\":\"en-US\",\"@id\":\"https:\/\/sibeniktaxi.com\/#\/schema\/logo\/image\/\",\"url\":\"https:\/\/sibeniktaxi.com\/wp-content\/uploads\/2018\/04\/cropped-TAXI-DALMACIJA-logo-lav-rose-3.png\",\"contentUrl\":\"https:\/\/sibeniktaxi.com\/wp-content\/uploads\/2018\/04\/cropped-TAXI-DALMACIJA-logo-lav-rose-3.png\",\"width\":\"240\",\"height\":\"116\",\"caption\":\"Taxi \u0160ibenik\"},\"image\":{\"@id\":\"https:\/\/sibeniktaxi.com\/#\/schema\/logo\/image\/\"}}]}<\/script>\n<!-- \/ Yoast SEO plugin. -->","yoast_head_json":{"title":"Transfer od Solarisa do NP Krka | Taxi \u0160ibenik","description":"Rezervirajte privatni transfer od Solarisa do Nacionalnog parka Krka po najpristupa\u010dnijim cijenama uz najbolje voza\u010de.","robots":{"index":"index","follow":"follow","max-snippet":"max-snippet:-1","max-image-preview":"max-image-preview:large","max-video-preview":"max-video-preview:-1"},"canonical":"https:\/\/sibeniktaxi.com\/en\/transferi\/od-solarisa-do-np-krka\/","og_locale":"en_US","og_type":"article","og_title":"Transfer od Solarisa do NP Krka | Taxi \u0160ibenik","og_description":"Rezervirajte privatni transfer od Solarisa do Nacionalnog parka Krka po najpristupa\u010dnijim cijenama uz najbolje voza\u010de.","og_url":"https:\/\/sibeniktaxi.com\/en\/transferi\/od-solarisa-do-np-krka\/","og_site_name":"Taxi \u0160ibenik","article_publisher":"https:\/\/www.facebook.com\/sibeniktaxi\/","article_modified_time":"2022-09-14T14:12:24+00:00","og_image":[{"width":640,"height":480,"url":"https:\/\/sibeniktaxi.com\/wp-content\/uploads\/2022\/06\/Transfer-Solaris-NP-Krka.jpg","type":"image\/jpeg"}],"twitter_card":"summary","twitter_misc":{"Est. reading time":"2 minutes"},"schema":{"@context":"https:\/\/schema.org","@graph":[{"@type":"WebPage","@id":"https:\/\/sibeniktaxi.com\/transferi\/od-solarisa-do-np-krka\/","url":"https:\/\/sibeniktaxi.com\/transferi\/od-solarisa-do-np-krka\/","name":"Transfer od Solarisa do NP Krka | Taxi \u0160ibenik","isPartOf":{"@id":"https:\/\/sibeniktaxi.com\/#website"},"datePublished":"2022-06-29T07:57:48+00:00","dateModified":"2022-09-14T14:12:24+00:00","description":"Rezervirajte privatni transfer od Solarisa do Nacionalnog parka Krka po najpristupa\u010dnijim cijenama uz najbolje voza\u010de.","breadcrumb":{"@id":"https:\/\/sibeniktaxi.com\/transferi\/od-solarisa-do-np-krka\/#breadcrumb"},"inLanguage":"en-US","potentialAction":[{"@type":"ReadAction","target":["https:\/\/sibeniktaxi.com\/transferi\/od-solarisa-do-np-krka\/"]}]},{"@type":"BreadcrumbList","@id":"https:\/\/sibeniktaxi.com\/transferi\/od-solarisa-do-np-krka\/#breadcrumb","itemListElement":[{"@type":"ListItem","position":1,"name":"Taxi \u0160ibenik","item":"https:\/\/sibeniktaxi.com\/"},{"@type":"ListItem","position":2,"name":"Transferi","item":"https:\/\/sibeniktaxi.com\/transferi\/"},{"@type":"ListItem","position":3,"name":"Transfer od Solarisa do NP Krka"}]},{"@type":"WebSite","@id":"https:\/\/sibeniktaxi.com\/#website","url":"https:\/\/sibeniktaxi.com\/","name":"Taxi \u0160ibenik","description":"Najbolji Taxi u gradu","publisher":{"@id":"https:\/\/sibeniktaxi.com\/#organization"},"potentialAction":[{"@type":"SearchAction","target":{"@type":"EntryPoint","urlTemplate":"https:\/\/sibeniktaxi.com\/?s={search_term_string}"},"query-input":"required name=search_term_string"}],"inLanguage":"en-US"},{"@type":"Organization","@id":"https:\/\/sibeniktaxi.com\/#organization","name":"Taxi \u0160ibenik","url":"https:\/\/sibeniktaxi.com\/","sameAs":["https:\/\/www.facebook.com\/sibeniktaxi\/"],"logo":{"@type":"ImageObject","inLanguage":"en-US","@id":"https:\/\/sibeniktaxi.com\/#\/schema\/logo\/image\/","url":"https:\/\/sibeniktaxi.com\/wp-content\/uploads\/2018\/04\/cropped-TAXI-DALMACIJA-logo-lav-rose-3.png","contentUrl":"https:\/\/sibeniktaxi.com\/wp-content\/uploads\/2018\/04\/cropped-TAXI-DALMACIJA-logo-lav-rose-3.png","width":"240","height":"116","caption":"Taxi \u0160ibenik"},"image":{"@id":"https:\/\/sibeniktaxi.com\/#\/schema\/logo\/image\/"}}]}},"_links":{"self":[{"href":"https:\/\/sibeniktaxi.com\/en\/wp-json\/wp\/v2\/pages\/2300"}],"collection":[{"href":"https:\/\/sibeniktaxi.com\/en\/wp-json\/wp\/v2\/pages"}],"about":[{"href":"https:\/\/sibeniktaxi.com\/en\/wp-json\/wp\/v2\/types\/page"}],"author":[{"embeddable":true,"href":"https:\/\/sibeniktaxi.com\/en\/wp-json\/wp\/v2\/users\/5"}],"replies":[{"embeddable":true,"href":"https:\/\/sibeniktaxi.com\/en\/wp-json\/wp\/v2\/comments?post=2300"}],"version-history":[{"count":8,"href":"https:\/\/sibeniktaxi.com\/en\/wp-json\/wp\/v2\/pages\/2300\/revisions"}],"predecessor-version":[{"id":2313,"href":"https:\/\/sibeniktaxi.com\/en\/wp-json\/wp\/v2\/pages\/2300\/revisions\/2313"}],"up":[{"embeddable":true,"href":"https:\/\/sibeniktaxi.com\/en\/wp-json\/wp\/v2\/pages\/2346"}],"wp:featuredmedia":[{"embeddable":true,"href":"https:\/\/sibeniktaxi.com\/en\/wp-json\/wp\/v2\/media\/2303"}],"wp:attachment":[{"href":"https:\/\/sibeniktaxi.com\/en\/wp-json\/wp\/v2\/media?parent=2300"}],"curies":[{"name":"wp","href":"https:\/\/api.w.org\/{rel}","templated":true}]}}