{"id":2315,"date":"2022-06-30T14:17:45","date_gmt":"2022-06-30T14:17:45","guid":{"rendered":"https:\/\/sibeniktaxi.com\/?page_id=2315"},"modified":"2023-01-25T11:43:09","modified_gmt":"2023-01-25T11:43:09","slug":"od-solarisa-do-aerodroma-u-zadru","status":"publish","type":"page","link":"https:\/\/sibeniktaxi.com\/en\/airport-transfers\/from-solaris-to-the-airport-in-zadar\/","title":{"rendered":"Transfer from Solaris to Zadar Airport"},"content":{"rendered":"<div data-elementor-type=\"wp-page\" data-elementor-id=\"2315\" class=\"elementor elementor-2315\">\n\t\t\t\t\t\t\t\t\t<section class=\"elementor-section elementor-top-section elementor-element elementor-element-888320 elementor-section-boxed elementor-section-height-default elementor-section-height-default\" data-id=\"888320\" data-element_type=\"section\">\n\t\t\t\t\t\t<div class=\"elementor-container elementor-column-gap-default\">\n\t\t\t\t\t<div class=\"elementor-column elementor-col-100 elementor-top-column elementor-element elementor-element-12dd0aea\" data-id=\"12dd0aea\" data-element_type=\"column\">\n\t\t\t<div class=\"elementor-widget-wrap elementor-element-populated\">\n\t\t\t\t\t\t\t\t<div class=\"elementor-element elementor-element-1d682859 elementor-widget elementor-widget-text-editor\" data-id=\"1d682859\" data-element_type=\"widget\" data-widget_type=\"text-editor.default\">\n\t\t\t\t<div class=\"elementor-widget-container\">\n\t\t\t<style>\/*! elementor - v3.14.0 - 26-06-2023 *\/\n.elementor-widget-text-editor.elementor-drop-cap-view-stacked .elementor-drop-cap{background-color:#69727d;color:#fff}.elementor-widget-text-editor.elementor-drop-cap-view-framed .elementor-drop-cap{color:#69727d;border:3px solid;background-color:transparent}.elementor-widget-text-editor:not(.elementor-drop-cap-view-default) .elementor-drop-cap{margin-top:8px}.elementor-widget-text-editor:not(.elementor-drop-cap-view-default) .elementor-drop-cap-letter{width:1em;height:1em}.elementor-widget-text-editor .elementor-drop-cap{float:left;text-align:center;line-height:1;font-size:50px}.elementor-widget-text-editor .elementor-drop-cap-letter{display:inline-block}<\/style>\t\t\t\t<p><span style=\"font-weight: 400;\">You are staying at the Hotel Solaris in \u0160ibenik and need to catch an outbound flight from Zadar Airport, and you are worried about how you will manage to do that? You are not alone. Most guests are in a similar situation, and this problem is easily solved.<\/span><\/p><h2><strong>Transportation options to Zadar<\/strong><\/h2><p><span style=\"font-weight: 400;\">The first thing that comes to everyone's mind is to use public transport, or buy a bus ticket, and that's the easiest and cheapest way to get to Zadar. That's possible, however, the journey from Solaris to Zadar will take about an hour and a half, during which you'll make a million stops along the way to pick up other passengers, because the bus goes along the Adriatic Highway.<\/span><\/p><p><span style=\"font-weight: 400;\">After that, upon arrival in Zadar, you have to find a transfer to the airport again. There is a bus that goes from the station to the airport, but it doesn't go very often, about every hour. What does that mean? You will have to leave from \u0160ibenik much earlier to catch all the combinations of transport lines, since there is no direct route.<\/span><\/p><p><img loading=\"lazy\" class=\"size-full wp-image-2317 alignleft\" src=\"https:\/\/sibeniktaxi.com\/wp-content\/uploads\/2022\/06\/Zra\u010dna-luka-Zadar.jpg\" alt=\"Zadar airport\" width=\"700\" height=\"444\" srcset=\"https:\/\/sibeniktaxi.com\/wp-content\/uploads\/2022\/06\/Zra\u010dna-luka-Zadar.jpg 700w, https:\/\/sibeniktaxi.com\/wp-content\/uploads\/2022\/06\/Zra\u010dna-luka-Zadar-300x190.jpg 300w\" sizes=\"(max-width: 700px) 100vw, 700px\" \/><\/p><p>\u00a0<\/p><h2>\u00a0<\/h2><p>\u00a0<\/p><h2><strong>Transfer from Solaris to the Airport<\/strong><\/h2><p class=\"translation-block\"><span style=\"font-weight: 400\">In order to avoid such a multi-hour journey, unnecessary waste of time and energy before you have even started your journey back home, the best option is <\/span><a href=\"https:\/\/sibeniktaxi.com\/en\/transfer-sibenik-zracna-luka-zadar\/\" target=\"_self\"><span style=\"font-weight: 400\">book a transfer<\/span><\/a><span style=\"font-weight: 400\">. The transfer from Hotel Solaris to Zadar Airport will take about an hour and 10 minutes, given that it is a distance of 91 kilometers.<\/span><\/p><p class=\"translation-block\"><span style=\"font-weight: 400\">What makes your transfer easier? It's mainly about getting home without any worries. You can book your transfer flexibly, exactly when you want to arrive at the airport. This does not only apply to Zadar Airport, but you can also arrange a transfer to <\/span><a href=\"https:\/\/sibeniktaxi.com\/en\/transfer-sibenik-zracna-luka-split\/\" target=\"_self\"><span style=\"font-weight: 400\">Split<\/span><\/a><span style=\"font-weight: 400\">, and even <\/span><a href=\"https:\/\/sibeniktaxi.com\/en\/transfer-sibenik-zracna-luka-dubrovnik\/\" target=\"_self\"><span style=\"font-weight: 400\">to Dubrovnik<\/span><\/a><span style=\"font-weight: 400\">. You don't have to adapt to existing transport options, they adapt to you. <\/span><\/p><p><span style=\"font-weight: 400;\">Transfers are especially useful if you have an early morning flight, so you can leave an hour before you need to be at the airport from Solaris, and you have peace of mind. You know you will have enough time to go through check-in, security and still wait at the gate for boarding time.\u00a0<\/span><\/p><p><span style=\"font-weight: 400;\">The price will depend on how many people need transportation. Don't worry, you can book a transfer for 8 people in one vehicle, so you won't have to go separately if you come in a large group, with several family members, etc.\u00a0<\/span><\/p><p>\u00a0<\/p><h2><strong>Additional suggestion<\/strong><\/h2><p class=\"translation-block\"><span style=\"font-weight: 400\">While you're in Solaris, don't hesitate to take advantage of the opportunity to take day trips with transfers, such as those to the nearby Vrana Lake<\/span><\/a><span style=\"font-weight: 400\">or to hop on a <\/span><a href=\"https:\/\/sibeniktaxi.com\/en\/izlet-na-vransko-jezero\/\" target=\"_self\"><span style=\"font-weight: 400\">day trip to Trogir<\/span><\/a><span style=\"font-weight: 400\">day tour of Trogir. You don't have to visit just the most popular ones, such as the Krka National Park or Split. <\/span><\/p><p><span style=\"font-weight: 400;\">Transfers are a definite solution if you want to make the most of every moment of your vacation, quickly, easily and by arrangement to reach all the locations you want to visit while you are in \u0160ibenik!<\/span><\/p><p>\u00a0<\/p><h2><strong>Book a Transfer<\/strong><\/h2><p class=\"translation-block\"><a href=\"https:\/\/sibeniktaxi.com\/en\/#contact\" target=\"_self\"><span style=\"font-weight: 400\">Call<\/span><\/a><span style=\"font-weight: 400\">Taxi \u0160ibenik or fill out the contact form to ride according to <\/span><b>Your <\/b><span style=\"font-weight: 400\">schedule!<\/span><\/p><p>\n<div class=\"wpcf7 no-js\" id=\"wpcf7-f2109-o1\" lang=\"en-US\" dir=\"ltr\">\n<div class=\"screen-reader-response\"><p role=\"status\" aria-live=\"polite\" aria-atomic=\"true\"><\/p> <ul><\/ul><\/div>\n<form action=\"\/en\/wp-json\/wp\/v2\/pages\/2315#wpcf7-f2109-o1\" method=\"post\" class=\"wpcf7-form init\" aria-label=\"Contact form\" novalidate=\"novalidate\" data-status=\"init\" data-trp-original-action=\"\/en\/wp-json\/wp\/v2\/pages\/2315#wpcf7-f2109-o1\">\n<div style=\"display: none;\">\n<input type=\"hidden\" name=\"_wpcf7\" value=\"2109\" \/>\n<input type=\"hidden\" name=\"_wpcf7_version\" value=\"5.7.7\" \/>\n<input type=\"hidden\" name=\"_wpcf7_locale\" value=\"en_US\" \/>\n<input type=\"hidden\" name=\"_wpcf7_unit_tag\" value=\"wpcf7-f2109-o1\" \/>\n<input type=\"hidden\" name=\"_wpcf7_container_post\" value=\"0\" \/>\n<input type=\"hidden\" name=\"_wpcf7_posted_data_hash\" value=\"\" \/>\n<input type=\"hidden\" name=\"_wpcf7_recaptcha_response\" value=\"\" \/>\n<\/div>\n<p><label> Your Email (required)<br \/>\n<span class=\"wpcf7-form-control-wrap\" data-name=\"your-email\"><input size=\"40\" class=\"wpcf7-form-control wpcf7-text wpcf7-email wpcf7-validates-as-required wpcf7-validates-as-email\" aria-required=\"true\" aria-invalid=\"false\" value=\"\" type=\"email\" name=\"your-email\" \/><\/span> <\/label>\n<\/p>\n<p><label> Contact Number<br \/>\n<span class=\"wpcf7-form-control-wrap\" data-name=\"your-phone\"><input size=\"40\" class=\"wpcf7-form-control wpcf7-text wpcf7-tel wpcf7-validates-as-tel\" aria-invalid=\"false\" placeholder=\"+385\" value=\"\" type=\"tel\" name=\"your-phone\" \/><\/span><\/label>\n<\/p>\n<p><label> Time (required)<br \/>\n<span class=\"wpcf7-form-control-wrap\" data-name=\"your-time\"><input size=\"40\" class=\"wpcf7-form-control wpcf7-text wpcf7-validates-as-required\" aria-required=\"true\" aria-invalid=\"false\" value=\"\" type=\"text\" name=\"your-time\" \/><\/span> <\/label>\n<\/p>\n<p><label> Date (required)<br \/>\n<span class=\"wpcf7-form-control-wrap\" data-name=\"your-date\"><input class=\"wpcf7-form-control wpcf7-date wpcf7-validates-as-required wpcf7-validates-as-date required\" min=\"2026-04-13\" step=\"1\" aria-required=\"true\" aria-invalid=\"false\" value=\"\" type=\"date\" name=\"your-date\" \/><\/span> <\/label>\n<\/p>\n<p><label> Note<br \/>\n<span class=\"wpcf7-form-control-wrap\" data-name=\"your-message\"><textarea cols=\"40\" rows=\"10\" class=\"wpcf7-form-control wpcf7-textarea\" aria-invalid=\"false\" name=\"your-message\"><\/textarea><\/span> <\/label>\n<\/p>\n<p><input class=\"wpcf7-form-control has-spinner wpcf7-submit\" type=\"submit\" value=\"Send\" \/>\n<\/p><div class=\"wpcf7-response-output\" aria-hidden=\"true\"><\/div>\n<input type=\"hidden\" name=\"trp-form-language\" value=\"en\"\/><\/form>\n<\/div>\n<\/p>\t\t\t\t\t\t<\/div>\n\t\t\t\t<\/div>\n\t\t\t\t\t<\/div>\n\t\t<\/div>\n\t\t\t\t\t\t\t<\/div>\n\t\t<\/section>\n\t\t\t\t<section class=\"elementor-section elementor-top-section elementor-element elementor-element-2876e56 elementor-section-boxed elementor-section-height-default elementor-section-height-default\" data-id=\"2876e56\" data-element_type=\"section\">\n\t\t\t\t\t\t<div class=\"elementor-container elementor-column-gap-default\">\n\t\t\t\t\t<div class=\"elementor-column elementor-col-100 elementor-top-column elementor-element elementor-element-bb18444\" data-id=\"bb18444\" data-element_type=\"column\">\n\t\t\t<div class=\"elementor-widget-wrap elementor-element-populated\">\n\t\t\t\t\t\t\t\t<div class=\"elementor-element elementor-element-2fcca8e elementor-widget elementor-widget-heading\" data-id=\"2fcca8e\" data-element_type=\"widget\" data-widget_type=\"heading.default\">\n\t\t\t\t<div class=\"elementor-widget-container\">\n\t\t\t<style>\/*! elementor - v3.14.0 - 26-06-2023 *\/\n.elementor-heading-title{padding:0;margin:0;line-height:1}.elementor-widget-heading .elementor-heading-title[class*=elementor-size-]>a{color:inherit;font-size:inherit;line-height:inherit}.elementor-widget-heading .elementor-heading-title.elementor-size-small{font-size:15px}.elementor-widget-heading .elementor-heading-title.elementor-size-medium{font-size:19px}.elementor-widget-heading .elementor-heading-title.elementor-size-large{font-size:29px}.elementor-widget-heading .elementor-heading-title.elementor-size-xl{font-size:39px}.elementor-widget-heading .elementor-heading-title.elementor-size-xxl{font-size:59px}<\/style><h2 class=\"elementor-heading-title elementor-size-default\">You might be interested...<\/h2>\t\t<\/div>\n\t\t\t\t<\/div>\n\t\t\t\t\t<\/div>\n\t\t<\/div>\n\t\t\t\t\t\t\t<\/div>\n\t\t<\/section>\n\t\t\t\t<section class=\"elementor-section elementor-top-section elementor-element elementor-element-5cff19e elementor-section-boxed elementor-section-height-default elementor-section-height-default\" data-id=\"5cff19e\" data-element_type=\"section\">\n\t\t\t\t\t\t<div class=\"elementor-container elementor-column-gap-default\">\n\t\t\t\t\t<div class=\"elementor-column elementor-col-100 elementor-top-column elementor-element elementor-element-c8a3b7c\" data-id=\"c8a3b7c\" data-element_type=\"column\">\n\t\t\t<div class=\"elementor-widget-wrap elementor-element-populated\">\n\t\t\t\t\t\t\t\t\t<\/div>\n\t\t<\/div>\n\t\t\t\t\t\t\t<\/div>\n\t\t<\/section>\n\t\t\t\t\t\t\t<\/div>","protected":false},"excerpt":{"rendered":"<p>Smje\u0161teni ste u Hotelu Solaris u \u0160ibeniku i trebate uhvatiti odlazni let sa Aerodroma u Zadru, a brine Vas kako \u0107ete to uspjeti?\u00a0 Niste sami. Ve\u0107ina gostiju nalazi se u sli\u010dnoj situaciji, i taj je problem lako rje\u0161iv. Opcije za prijevoz do Zadra Ono \u0161to svima prvo padne na pamet&#8230;<\/p>","protected":false},"author":5,"featured_media":2319,"parent":2168,"menu_order":0,"comment_status":"closed","ping_status":"closed","template":"","meta":{"_mi_skip_tracking":false,"_exactmetrics_sitenote_active":false,"_exactmetrics_sitenote_note":"","_exactmetrics_sitenote_category":0},"yoast_head":"<!-- This site is optimized with the Yoast SEO plugin v19.6.1 - https:\/\/yoast.com\/wordpress\/plugins\/seo\/ -->\n<title>Transfer od Solarisa do Aerodroma u Zadru | Taxi \u0160ibenik<\/title>\n<meta name=\"description\" content=\"\u017delite brzo i povoljno do Aerodroma u Zadru, a ne znate kako? \u0160ibenik Taxi nudi rje\u0161enje - transferom od Solarisa do zadarskog aerodroma!\" \/>\n<meta name=\"robots\" content=\"index, follow, max-snippet:-1, max-image-preview:large, max-video-preview:-1\" \/>\n<link rel=\"canonical\" href=\"https:\/\/sibeniktaxi.com\/en\/airport-transferi\/od-solarisa-do-aerodroma-u-zadru\/\" \/>\n<meta property=\"og:locale\" content=\"en_US\" \/>\n<meta property=\"og:type\" content=\"article\" \/>\n<meta property=\"og:title\" content=\"Transfer od Solarisa do Aerodroma u Zadru | Taxi \u0160ibenik\" \/>\n<meta property=\"og:description\" content=\"\u017delite brzo i povoljno do Aerodroma u Zadru, a ne znate kako? \u0160ibenik Taxi nudi rje\u0161enje - transferom od Solarisa do zadarskog aerodroma!\" \/>\n<meta property=\"og:url\" content=\"https:\/\/sibeniktaxi.com\/en\/airport-transferi\/od-solarisa-do-aerodroma-u-zadru\/\" \/>\n<meta property=\"og:site_name\" content=\"Taxi \u0160ibenik\" \/>\n<meta property=\"article:publisher\" content=\"https:\/\/www.facebook.com\/sibeniktaxi\/\" \/>\n<meta property=\"article:modified_time\" content=\"2023-01-25T11:43:09+00:00\" \/>\n<meta property=\"og:image\" content=\"https:\/\/sibeniktaxi.com\/wp-content\/uploads\/2022\/06\/Aerodrom-Zadar.jpg\" \/>\n\t<meta property=\"og:image:width\" content=\"640\" \/>\n\t<meta property=\"og:image:height\" content=\"400\" \/>\n\t<meta property=\"og:image:type\" content=\"image\/jpeg\" \/>\n<meta name=\"twitter:card\" content=\"summary\" \/>\n<meta name=\"twitter:label1\" content=\"Est. reading time\" \/>\n\t<meta name=\"twitter:data1\" content=\"3 minutes\" \/>\n<script type=\"application\/ld+json\" class=\"yoast-schema-graph\">{\"@context\":\"https:\/\/schema.org\",\"@graph\":[{\"@type\":\"WebPage\",\"@id\":\"https:\/\/sibeniktaxi.com\/airport-transferi\/od-solarisa-do-aerodroma-u-zadru\/\",\"url\":\"https:\/\/sibeniktaxi.com\/airport-transferi\/od-solarisa-do-aerodroma-u-zadru\/\",\"name\":\"Transfer od Solarisa do Aerodroma u Zadru | Taxi \u0160ibenik\",\"isPartOf\":{\"@id\":\"https:\/\/sibeniktaxi.com\/#website\"},\"datePublished\":\"2022-06-30T14:17:45+00:00\",\"dateModified\":\"2023-01-25T11:43:09+00:00\",\"description\":\"\u017delite brzo i povoljno do Aerodroma u Zadru, a ne znate kako? \u0160ibenik Taxi nudi rje\u0161enje - transferom od Solarisa do zadarskog aerodroma!\",\"breadcrumb\":{\"@id\":\"https:\/\/sibeniktaxi.com\/airport-transferi\/od-solarisa-do-aerodroma-u-zadru\/#breadcrumb\"},\"inLanguage\":\"en-US\",\"potentialAction\":[{\"@type\":\"ReadAction\",\"target\":[\"https:\/\/sibeniktaxi.com\/airport-transferi\/od-solarisa-do-aerodroma-u-zadru\/\"]}]},{\"@type\":\"BreadcrumbList\",\"@id\":\"https:\/\/sibeniktaxi.com\/airport-transferi\/od-solarisa-do-aerodroma-u-zadru\/#breadcrumb\",\"itemListElement\":[{\"@type\":\"ListItem\",\"position\":1,\"name\":\"Taxi \u0160ibenik\",\"item\":\"https:\/\/sibeniktaxi.com\/\"},{\"@type\":\"ListItem\",\"position\":2,\"name\":\"Airport transferi\",\"item\":\"https:\/\/sibeniktaxi.com\/airport-transferi\/\"},{\"@type\":\"ListItem\",\"position\":3,\"name\":\"Transfer od Solarisa do Zra\u010dne luke Zadar\"}]},{\"@type\":\"WebSite\",\"@id\":\"https:\/\/sibeniktaxi.com\/#website\",\"url\":\"https:\/\/sibeniktaxi.com\/\",\"name\":\"Taxi \u0160ibenik\",\"description\":\"Najbolji Taxi u gradu\",\"publisher\":{\"@id\":\"https:\/\/sibeniktaxi.com\/#organization\"},\"potentialAction\":[{\"@type\":\"SearchAction\",\"target\":{\"@type\":\"EntryPoint\",\"urlTemplate\":\"https:\/\/sibeniktaxi.com\/?s={search_term_string}\"},\"query-input\":\"required name=search_term_string\"}],\"inLanguage\":\"en-US\"},{\"@type\":\"Organization\",\"@id\":\"https:\/\/sibeniktaxi.com\/#organization\",\"name\":\"Taxi \u0160ibenik\",\"url\":\"https:\/\/sibeniktaxi.com\/\",\"sameAs\":[\"https:\/\/www.facebook.com\/sibeniktaxi\/\"],\"logo\":{\"@type\":\"ImageObject\",\"inLanguage\":\"en-US\",\"@id\":\"https:\/\/sibeniktaxi.com\/#\/schema\/logo\/image\/\",\"url\":\"https:\/\/sibeniktaxi.com\/wp-content\/uploads\/2018\/04\/cropped-TAXI-DALMACIJA-logo-lav-rose-3.png\",\"contentUrl\":\"https:\/\/sibeniktaxi.com\/wp-content\/uploads\/2018\/04\/cropped-TAXI-DALMACIJA-logo-lav-rose-3.png\",\"width\":\"240\",\"height\":\"116\",\"caption\":\"Taxi \u0160ibenik\"},\"image\":{\"@id\":\"https:\/\/sibeniktaxi.com\/#\/schema\/logo\/image\/\"}}]}<\/script>\n<!-- \/ Yoast SEO plugin. -->","yoast_head_json":{"title":"Transfer od Solarisa do Aerodroma u Zadru | Taxi \u0160ibenik","description":"\u017delite brzo i povoljno do Aerodroma u Zadru, a ne znate kako? \u0160ibenik Taxi nudi rje\u0161enje - transferom od Solarisa do zadarskog aerodroma!","robots":{"index":"index","follow":"follow","max-snippet":"max-snippet:-1","max-image-preview":"max-image-preview:large","max-video-preview":"max-video-preview:-1"},"canonical":"https:\/\/sibeniktaxi.com\/en\/airport-transferi\/od-solarisa-do-aerodroma-u-zadru\/","og_locale":"en_US","og_type":"article","og_title":"Transfer od Solarisa do Aerodroma u Zadru | Taxi \u0160ibenik","og_description":"\u017delite brzo i povoljno do Aerodroma u Zadru, a ne znate kako? \u0160ibenik Taxi nudi rje\u0161enje - transferom od Solarisa do zadarskog aerodroma!","og_url":"https:\/\/sibeniktaxi.com\/en\/airport-transferi\/od-solarisa-do-aerodroma-u-zadru\/","og_site_name":"Taxi \u0160ibenik","article_publisher":"https:\/\/www.facebook.com\/sibeniktaxi\/","article_modified_time":"2023-01-25T11:43:09+00:00","og_image":[{"width":640,"height":400,"url":"https:\/\/sibeniktaxi.com\/wp-content\/uploads\/2022\/06\/Aerodrom-Zadar.jpg","type":"image\/jpeg"}],"twitter_card":"summary","twitter_misc":{"Est. reading time":"3 minutes"},"schema":{"@context":"https:\/\/schema.org","@graph":[{"@type":"WebPage","@id":"https:\/\/sibeniktaxi.com\/airport-transferi\/od-solarisa-do-aerodroma-u-zadru\/","url":"https:\/\/sibeniktaxi.com\/airport-transferi\/od-solarisa-do-aerodroma-u-zadru\/","name":"Transfer od Solarisa do Aerodroma u Zadru | Taxi \u0160ibenik","isPartOf":{"@id":"https:\/\/sibeniktaxi.com\/#website"},"datePublished":"2022-06-30T14:17:45+00:00","dateModified":"2023-01-25T11:43:09+00:00","description":"\u017delite brzo i povoljno do Aerodroma u Zadru, a ne znate kako? \u0160ibenik Taxi nudi rje\u0161enje - transferom od Solarisa do zadarskog aerodroma!","breadcrumb":{"@id":"https:\/\/sibeniktaxi.com\/airport-transferi\/od-solarisa-do-aerodroma-u-zadru\/#breadcrumb"},"inLanguage":"en-US","potentialAction":[{"@type":"ReadAction","target":["https:\/\/sibeniktaxi.com\/airport-transferi\/od-solarisa-do-aerodroma-u-zadru\/"]}]},{"@type":"BreadcrumbList","@id":"https:\/\/sibeniktaxi.com\/airport-transferi\/od-solarisa-do-aerodroma-u-zadru\/#breadcrumb","itemListElement":[{"@type":"ListItem","position":1,"name":"Taxi \u0160ibenik","item":"https:\/\/sibeniktaxi.com\/"},{"@type":"ListItem","position":2,"name":"Airport transferi","item":"https:\/\/sibeniktaxi.com\/airport-transferi\/"},{"@type":"ListItem","position":3,"name":"Transfer od Solarisa do Zra\u010dne luke Zadar"}]},{"@type":"WebSite","@id":"https:\/\/sibeniktaxi.com\/#website","url":"https:\/\/sibeniktaxi.com\/","name":"Taxi \u0160ibenik","description":"Najbolji Taxi u gradu","publisher":{"@id":"https:\/\/sibeniktaxi.com\/#organization"},"potentialAction":[{"@type":"SearchAction","target":{"@type":"EntryPoint","urlTemplate":"https:\/\/sibeniktaxi.com\/?s={search_term_string}"},"query-input":"required name=search_term_string"}],"inLanguage":"en-US"},{"@type":"Organization","@id":"https:\/\/sibeniktaxi.com\/#organization","name":"Taxi \u0160ibenik","url":"https:\/\/sibeniktaxi.com\/","sameAs":["https:\/\/www.facebook.com\/sibeniktaxi\/"],"logo":{"@type":"ImageObject","inLanguage":"en-US","@id":"https:\/\/sibeniktaxi.com\/#\/schema\/logo\/image\/","url":"https:\/\/sibeniktaxi.com\/wp-content\/uploads\/2018\/04\/cropped-TAXI-DALMACIJA-logo-lav-rose-3.png","contentUrl":"https:\/\/sibeniktaxi.com\/wp-content\/uploads\/2018\/04\/cropped-TAXI-DALMACIJA-logo-lav-rose-3.png","width":"240","height":"116","caption":"Taxi \u0160ibenik"},"image":{"@id":"https:\/\/sibeniktaxi.com\/#\/schema\/logo\/image\/"}}]}},"_links":{"self":[{"href":"https:\/\/sibeniktaxi.com\/en\/wp-json\/wp\/v2\/pages\/2315"}],"collection":[{"href":"https:\/\/sibeniktaxi.com\/en\/wp-json\/wp\/v2\/pages"}],"about":[{"href":"https:\/\/sibeniktaxi.com\/en\/wp-json\/wp\/v2\/types\/page"}],"author":[{"embeddable":true,"href":"https:\/\/sibeniktaxi.com\/en\/wp-json\/wp\/v2\/users\/5"}],"replies":[{"embeddable":true,"href":"https:\/\/sibeniktaxi.com\/en\/wp-json\/wp\/v2\/comments?post=2315"}],"version-history":[{"count":24,"href":"https:\/\/sibeniktaxi.com\/en\/wp-json\/wp\/v2\/pages\/2315\/revisions"}],"predecessor-version":[{"id":2877,"href":"https:\/\/sibeniktaxi.com\/en\/wp-json\/wp\/v2\/pages\/2315\/revisions\/2877"}],"up":[{"embeddable":true,"href":"https:\/\/sibeniktaxi.com\/en\/wp-json\/wp\/v2\/pages\/2168"}],"wp:featuredmedia":[{"embeddable":true,"href":"https:\/\/sibeniktaxi.com\/en\/wp-json\/wp\/v2\/media\/2319"}],"wp:attachment":[{"href":"https:\/\/sibeniktaxi.com\/en\/wp-json\/wp\/v2\/media?parent=2315"}],"curies":[{"name":"wp","href":"https:\/\/api.w.org\/{rel}","templated":true}]}}