{"id":2445,"date":"2022-07-25T13:42:36","date_gmt":"2022-07-25T13:42:36","guid":{"rendered":"https:\/\/sibeniktaxi.com\/?page_id=2445"},"modified":"2023-01-25T11:42:48","modified_gmt":"2023-01-25T11:42:48","slug":"od-solarisa-do-aerodroma-u-dubrovniku","status":"publish","type":"page","link":"https:\/\/sibeniktaxi.com\/en\/airport-transfers\/from-solaris-to-the-airport-in-dubrovnik\/","title":{"rendered":"Transfer from Solaris to Dubrovnik Airport"},"content":{"rendered":"<div data-elementor-type=\"wp-page\" data-elementor-id=\"2445\" class=\"elementor elementor-2445\">\n\t\t\t\t\t\t\t\t\t<section class=\"elementor-section elementor-top-section elementor-element elementor-element-f6409ef elementor-section-boxed elementor-section-height-default elementor-section-height-default\" data-id=\"f6409ef\" data-element_type=\"section\">\n\t\t\t\t\t\t<div class=\"elementor-container elementor-column-gap-default\">\n\t\t\t\t\t<div class=\"elementor-column elementor-col-100 elementor-top-column elementor-element elementor-element-c38cd66\" data-id=\"c38cd66\" data-element_type=\"column\">\n\t\t\t<div class=\"elementor-widget-wrap elementor-element-populated\">\n\t\t\t\t\t\t\t\t<div class=\"elementor-element elementor-element-4f4968f elementor-widget elementor-widget-text-editor\" data-id=\"4f4968f\" data-element_type=\"widget\" data-widget_type=\"text-editor.default\">\n\t\t\t\t<div class=\"elementor-widget-container\">\n\t\t\t<style>\/*! elementor - v3.14.0 - 26-06-2023 *\/\n.elementor-widget-text-editor.elementor-drop-cap-view-stacked .elementor-drop-cap{background-color:#69727d;color:#fff}.elementor-widget-text-editor.elementor-drop-cap-view-framed .elementor-drop-cap{color:#69727d;border:3px solid;background-color:transparent}.elementor-widget-text-editor:not(.elementor-drop-cap-view-default) .elementor-drop-cap{margin-top:8px}.elementor-widget-text-editor:not(.elementor-drop-cap-view-default) .elementor-drop-cap-letter{width:1em;height:1em}.elementor-widget-text-editor .elementor-drop-cap{float:left;text-align:center;line-height:1;font-size:50px}.elementor-widget-text-editor .elementor-drop-cap-letter{display:inline-block}<\/style>\t\t\t\t<p><span style=\"font-weight: 400;\">Are you staying at the Solaris Hotel and planning to continue your trip or are you traveling home via Dubrovnik Airport?\u00a0<\/span><\/p><p class=\"translation-block\"><span style=\"font-weight: 400\">Private transportation is the fastest and most comfortable way to get to an airport that is often quite far away, so forget about unreliable public transportation and hours of driving on congested intercity roads \u2013 <\/span><a href=\"https:\/\/sibeniktaxi.com\/en\/\" target=\"_self\"><span style=\"font-weight: 400\">Taxi \u0160ibenik<\/span><\/a><span style=\"font-weight: 400\"> is here for you to make your trip safe, worry-free and at the best prices. <\/span><\/p><h2><b>Why choose Taxi \u0160ibenik?<\/b><\/h2><p class=\"translation-block\"><a href=\"https:\/\/sibeniktaxi.com\/en\/transfer-sibenik-zracna-luka-dubrovnik\/\" target=\"_self\"><span style=\"font-weight: 400\">Dubrovnik Airport<\/span><\/a><span style=\"font-weight: 400\"> is located 20 kilometers south of the city of Dubrovnik and is the third busiest airport in Croatia. Solaris is 298 kilometers from Dubrovnik Airport, and in order to travel this distance using public and intercity transport, you will have to change several types of transport. <\/span><\/p><p><span style=\"font-weight: 400;\">The first step is to take a public city bus from Solaris to \u0160ibenik train station. Furthermore, to get from \u0160ibenik to Dubrovnik you will need to use one of the intercity lines which often take more than 7 hours with around 20 stops and the possibility of changing to another bus in Split.\u00a0<\/span><\/p><p><span style=\"font-weight: 400;\">When you finally arrive in Dubrovnik, your journey doesn't end there. To get to the airport, you'll need to catch the official shuttle bus or one of the city lines that stop at Dubrovnik Airport.\u00a0<\/span><\/p><p><span style=\"font-weight: 400;\">In order to avoid these complications and to start your journey carefree without thinking about timetables prone to change, choose Taxi \u0160ibenik!\u00a0<\/span><\/p><p><span style=\"font-weight: 400;\">Compared to other transportation options, Taxi \u0160ibenik is tailored to you and your schedule and will get you to Dubrovnik Airport quickly and safely. The taxi ride takes about 3 hours and 40 minutes, and our drivers are professionals with many successful trips, and booking a vehicle is quick and easy.<\/span><\/p><p><span style=\"font-weight: 400;\">Our driver will wait for you in front of the Solaris Hotel at the exact agreed time with a sign with your name on it and take you directly to the selected airport.\u00a0<\/span><\/p><p><span style=\"font-weight: 400;\">In order to successfully register for a flight at Dubrovnik Airport, you need to arrive at least 120 minutes before the flight, and to make your trip as comfortable as possible, an organized taxi stand is located directly in front of the airport's passenger terminal \"B\".<\/span><\/p><p><span style=\"font-weight: 400;\"> <img loading=\"lazy\" class=\"aligncenter size-full wp-image-2447\" src=\"https:\/\/sibeniktaxi.com\/wp-content\/uploads\/2022\/07\/zldubrovnik-1013.jpg\" alt=\"zra\u010dna luka Dubrovnik\" width=\"1600\" height=\"900\" srcset=\"https:\/\/sibeniktaxi.com\/wp-content\/uploads\/2022\/07\/zldubrovnik-1013.jpg 1600w, https:\/\/sibeniktaxi.com\/wp-content\/uploads\/2022\/07\/zldubrovnik-1013-300x169.jpg 300w, https:\/\/sibeniktaxi.com\/wp-content\/uploads\/2022\/07\/zldubrovnik-1013-768x432.jpg 768w, https:\/\/sibeniktaxi.com\/wp-content\/uploads\/2022\/07\/zldubrovnik-1013-1024x576.jpg 1024w\" sizes=\"(max-width: 1600px) 100vw, 1600px\" \/><\/span><\/p><h2><b>The price of a taxi transfer to Dubrovnik Airport<\/b><\/h2><p><span style=\"font-weight: 400;\">If you want to save time and money and start your trip without unnecessary stress when traveling to more distant airports, private transfers are the best and most reliable choice, and Taxi \u0160ibenik is here for you to catch your flight at the best price, quickly and safely.\u00a0<\/span><\/p><p><span style=\"font-weight: 400;\">In addition to the most affordable prices on the market, Taxi \u0160ibenik is proud of its modern fleet and professional drivers with numerous successfully completed rides, whose services are available to you seven days a week at any time of the day or night throughout the year.\u00a0<\/span><\/p><p><span style=\"font-weight: 400;\">All those who are traveling with family or friends and want to share the cost of driving need not worry, because in addition to modern passenger cars, our fleet also includes vans for up to 8 people.\u00a0<\/span><\/p><p class=\"translation-block\"><span style=\"font-weight: 400\">In addition to transfers from Solaris to Dubrovnik Airport, we also offer transfers from Solaris to the airport. <\/span><a><span style=\"font-weight: 400\">Split<\/span><\/a><span style=\"font-weight: 400\">, <\/span><a><span style=\"font-weight: 400\">Zadar<\/span><\/a><span style=\"font-weight: 400\"> or Zagreb. <\/span><\/p><p><span style=\"font-weight: 400;\">Give us your trust and ride safely and comfortably to your desired destination! You can book your taxi quickly and easily by phone or by filling out the contact form!<\/span><\/p><p>\n<div class=\"wpcf7 no-js\" id=\"wpcf7-f2109-o1\" lang=\"en-US\" dir=\"ltr\">\n<div class=\"screen-reader-response\"><p role=\"status\" aria-live=\"polite\" aria-atomic=\"true\"><\/p> <ul><\/ul><\/div>\n<form action=\"\/en\/wp-json\/wp\/v2\/pages\/2445#wpcf7-f2109-o1\" method=\"post\" class=\"wpcf7-form init\" aria-label=\"Contact form\" novalidate=\"novalidate\" data-status=\"init\" data-trp-original-action=\"\/en\/wp-json\/wp\/v2\/pages\/2445#wpcf7-f2109-o1\">\n<div style=\"display: none;\">\n<input type=\"hidden\" name=\"_wpcf7\" value=\"2109\" \/>\n<input type=\"hidden\" name=\"_wpcf7_version\" value=\"5.7.7\" \/>\n<input type=\"hidden\" name=\"_wpcf7_locale\" value=\"en_US\" \/>\n<input type=\"hidden\" name=\"_wpcf7_unit_tag\" value=\"wpcf7-f2109-o1\" \/>\n<input type=\"hidden\" name=\"_wpcf7_container_post\" value=\"0\" \/>\n<input type=\"hidden\" name=\"_wpcf7_posted_data_hash\" value=\"\" \/>\n<input type=\"hidden\" name=\"_wpcf7_recaptcha_response\" value=\"\" \/>\n<\/div>\n<p><label> Your Email (required)<br \/>\n<span class=\"wpcf7-form-control-wrap\" data-name=\"your-email\"><input size=\"40\" class=\"wpcf7-form-control wpcf7-text wpcf7-email wpcf7-validates-as-required wpcf7-validates-as-email\" aria-required=\"true\" aria-invalid=\"false\" value=\"\" type=\"email\" name=\"your-email\" \/><\/span> <\/label>\n<\/p>\n<p><label> Contact Number<br \/>\n<span class=\"wpcf7-form-control-wrap\" data-name=\"your-phone\"><input size=\"40\" class=\"wpcf7-form-control wpcf7-text wpcf7-tel wpcf7-validates-as-tel\" aria-invalid=\"false\" placeholder=\"+385\" value=\"\" type=\"tel\" name=\"your-phone\" \/><\/span><\/label>\n<\/p>\n<p><label> Time (required)<br \/>\n<span class=\"wpcf7-form-control-wrap\" data-name=\"your-time\"><input size=\"40\" class=\"wpcf7-form-control wpcf7-text wpcf7-validates-as-required\" aria-required=\"true\" aria-invalid=\"false\" value=\"\" type=\"text\" name=\"your-time\" \/><\/span> <\/label>\n<\/p>\n<p><label> Date (required)<br \/>\n<span class=\"wpcf7-form-control-wrap\" data-name=\"your-date\"><input class=\"wpcf7-form-control wpcf7-date wpcf7-validates-as-required wpcf7-validates-as-date required\" min=\"2026-04-20\" step=\"1\" aria-required=\"true\" aria-invalid=\"false\" value=\"\" type=\"date\" name=\"your-date\" \/><\/span> <\/label>\n<\/p>\n<p><label> Note<br \/>\n<span class=\"wpcf7-form-control-wrap\" data-name=\"your-message\"><textarea cols=\"40\" rows=\"10\" class=\"wpcf7-form-control wpcf7-textarea\" aria-invalid=\"false\" name=\"your-message\"><\/textarea><\/span> <\/label>\n<\/p>\n<p><input class=\"wpcf7-form-control has-spinner wpcf7-submit\" type=\"submit\" value=\"Send\" \/>\n<\/p><div class=\"wpcf7-response-output\" aria-hidden=\"true\"><\/div>\n<input type=\"hidden\" name=\"trp-form-language\" value=\"en\"\/><\/form>\n<\/div>\n<\/p>\t\t\t\t\t\t<\/div>\n\t\t\t\t<\/div>\n\t\t\t\t\t<\/div>\n\t\t<\/div>\n\t\t\t\t\t\t\t<\/div>\n\t\t<\/section>\n\t\t\t\t<section class=\"elementor-section elementor-top-section elementor-element elementor-element-4b7a3d8 elementor-section-boxed elementor-section-height-default elementor-section-height-default\" data-id=\"4b7a3d8\" data-element_type=\"section\">\n\t\t\t\t\t\t<div class=\"elementor-container elementor-column-gap-default\">\n\t\t\t\t\t<div class=\"elementor-column elementor-col-100 elementor-top-column elementor-element elementor-element-ac62f35\" data-id=\"ac62f35\" data-element_type=\"column\">\n\t\t\t<div class=\"elementor-widget-wrap elementor-element-populated\">\n\t\t\t\t\t\t\t\t<div class=\"elementor-element elementor-element-f89fdf2 elementor-widget elementor-widget-heading\" data-id=\"f89fdf2\" data-element_type=\"widget\" data-widget_type=\"heading.default\">\n\t\t\t\t<div class=\"elementor-widget-container\">\n\t\t\t<style>\/*! elementor - v3.14.0 - 26-06-2023 *\/\n.elementor-heading-title{padding:0;margin:0;line-height:1}.elementor-widget-heading .elementor-heading-title[class*=elementor-size-]>a{color:inherit;font-size:inherit;line-height:inherit}.elementor-widget-heading .elementor-heading-title.elementor-size-small{font-size:15px}.elementor-widget-heading .elementor-heading-title.elementor-size-medium{font-size:19px}.elementor-widget-heading .elementor-heading-title.elementor-size-large{font-size:29px}.elementor-widget-heading .elementor-heading-title.elementor-size-xl{font-size:39px}.elementor-widget-heading .elementor-heading-title.elementor-size-xxl{font-size:59px}<\/style><h2 class=\"elementor-heading-title elementor-size-default\">You might be interested...<\/h2>\t\t<\/div>\n\t\t\t\t<\/div>\n\t\t\t\t\t<\/div>\n\t\t<\/div>\n\t\t\t\t\t\t\t<\/div>\n\t\t<\/section>\n\t\t\t\t<section class=\"elementor-section elementor-top-section elementor-element elementor-element-a18a7ed elementor-section-boxed elementor-section-height-default elementor-section-height-default\" data-id=\"a18a7ed\" data-element_type=\"section\">\n\t\t\t\t\t\t<div class=\"elementor-container elementor-column-gap-default\">\n\t\t\t\t\t<div class=\"elementor-column elementor-col-100 elementor-top-column elementor-element elementor-element-8b0b996\" data-id=\"8b0b996\" data-element_type=\"column\">\n\t\t\t<div class=\"elementor-widget-wrap elementor-element-populated\">\n\t\t\t\t\t\t\t\t\t<\/div>\n\t\t<\/div>\n\t\t\t\t\t\t\t<\/div>\n\t\t<\/section>\n\t\t\t\t\t\t\t<\/div>","protected":false},"excerpt":{"rendered":"<p>Nalazite se u hotelu Solaris i planirate nastavak svog putovanja ili putujete ku\u0107i preko aerodroma u Dubrovniku? Privatni prijevoz najbr\u017ei je i najudobniji na\u010din prijevoza do \u010desto dosta udaljenog aerodroma i zato zaboravite na nepouzdane javne prijevoze i sate vo\u017enje na prekrcanim me\u0111ugradskim cestama &#8211; Taxi \u0160ibenik je tu za&#8230;<\/p>","protected":false},"author":5,"featured_media":2447,"parent":2168,"menu_order":0,"comment_status":"closed","ping_status":"closed","template":"","meta":{"_mi_skip_tracking":false,"_exactmetrics_sitenote_active":false,"_exactmetrics_sitenote_note":"","_exactmetrics_sitenote_category":0},"yoast_head":"<!-- This site is optimized with the Yoast SEO plugin v19.6.1 - https:\/\/yoast.com\/wordpress\/plugins\/seo\/ -->\n<title>Solaris - Aerodrom Dubrovnik Transfer | Taxi \u0160ibenik<\/title>\n<meta name=\"description\" content=\"Privatni prijevoz od Solarisa do zra\u010dne luke Dubrovnik najbr\u017ei je i najpouzdaniji na\u010din putovanja, a Taxi \u0160ibenik za vas ima i najpovoljnije cijene!\" \/>\n<meta name=\"robots\" content=\"index, follow, max-snippet:-1, max-image-preview:large, max-video-preview:-1\" \/>\n<link rel=\"canonical\" href=\"https:\/\/sibeniktaxi.com\/en\/airport-transferi\/od-solarisa-do-aerodroma-u-dubrovniku\/\" \/>\n<meta property=\"og:locale\" content=\"en_US\" \/>\n<meta property=\"og:type\" content=\"article\" \/>\n<meta property=\"og:title\" content=\"Solaris - Aerodrom Dubrovnik Transfer | Taxi \u0160ibenik\" \/>\n<meta property=\"og:description\" content=\"Privatni prijevoz od Solarisa do zra\u010dne luke Dubrovnik najbr\u017ei je i najpouzdaniji na\u010din putovanja, a Taxi \u0160ibenik za vas ima i najpovoljnije cijene!\" \/>\n<meta property=\"og:url\" content=\"https:\/\/sibeniktaxi.com\/en\/airport-transferi\/od-solarisa-do-aerodroma-u-dubrovniku\/\" \/>\n<meta property=\"og:site_name\" content=\"Taxi \u0160ibenik\" \/>\n<meta property=\"article:publisher\" content=\"https:\/\/www.facebook.com\/sibeniktaxi\/\" \/>\n<meta property=\"article:modified_time\" content=\"2023-01-25T11:42:48+00:00\" \/>\n<meta property=\"og:image\" content=\"https:\/\/sibeniktaxi.com\/wp-content\/uploads\/2022\/07\/zldubrovnik-1013.jpg\" \/>\n\t<meta property=\"og:image:width\" content=\"1600\" \/>\n\t<meta property=\"og:image:height\" content=\"900\" \/>\n\t<meta property=\"og:image:type\" content=\"image\/jpeg\" \/>\n<meta name=\"twitter:card\" content=\"summary\" \/>\n<meta name=\"twitter:label1\" content=\"Est. reading time\" \/>\n\t<meta name=\"twitter:data1\" content=\"3 minutes\" \/>\n<script type=\"application\/ld+json\" class=\"yoast-schema-graph\">{\"@context\":\"https:\/\/schema.org\",\"@graph\":[{\"@type\":\"WebPage\",\"@id\":\"https:\/\/sibeniktaxi.com\/airport-transferi\/od-solarisa-do-aerodroma-u-dubrovniku\/\",\"url\":\"https:\/\/sibeniktaxi.com\/airport-transferi\/od-solarisa-do-aerodroma-u-dubrovniku\/\",\"name\":\"Solaris - Aerodrom Dubrovnik Transfer | Taxi \u0160ibenik\",\"isPartOf\":{\"@id\":\"https:\/\/sibeniktaxi.com\/#website\"},\"datePublished\":\"2022-07-25T13:42:36+00:00\",\"dateModified\":\"2023-01-25T11:42:48+00:00\",\"description\":\"Privatni prijevoz od Solarisa do zra\u010dne luke Dubrovnik najbr\u017ei je i najpouzdaniji na\u010din putovanja, a Taxi \u0160ibenik za vas ima i najpovoljnije cijene!\",\"breadcrumb\":{\"@id\":\"https:\/\/sibeniktaxi.com\/airport-transferi\/od-solarisa-do-aerodroma-u-dubrovniku\/#breadcrumb\"},\"inLanguage\":\"en-US\",\"potentialAction\":[{\"@type\":\"ReadAction\",\"target\":[\"https:\/\/sibeniktaxi.com\/airport-transferi\/od-solarisa-do-aerodroma-u-dubrovniku\/\"]}]},{\"@type\":\"BreadcrumbList\",\"@id\":\"https:\/\/sibeniktaxi.com\/airport-transferi\/od-solarisa-do-aerodroma-u-dubrovniku\/#breadcrumb\",\"itemListElement\":[{\"@type\":\"ListItem\",\"position\":1,\"name\":\"Taxi \u0160ibenik\",\"item\":\"https:\/\/sibeniktaxi.com\/\"},{\"@type\":\"ListItem\",\"position\":2,\"name\":\"Airport transferi\",\"item\":\"https:\/\/sibeniktaxi.com\/airport-transferi\/\"},{\"@type\":\"ListItem\",\"position\":3,\"name\":\"Transfer od Solarisa do Zra\u010dne luke Dubrovnik\"}]},{\"@type\":\"WebSite\",\"@id\":\"https:\/\/sibeniktaxi.com\/#website\",\"url\":\"https:\/\/sibeniktaxi.com\/\",\"name\":\"Taxi \u0160ibenik\",\"description\":\"Najbolji Taxi u gradu\",\"publisher\":{\"@id\":\"https:\/\/sibeniktaxi.com\/#organization\"},\"potentialAction\":[{\"@type\":\"SearchAction\",\"target\":{\"@type\":\"EntryPoint\",\"urlTemplate\":\"https:\/\/sibeniktaxi.com\/?s={search_term_string}\"},\"query-input\":\"required name=search_term_string\"}],\"inLanguage\":\"en-US\"},{\"@type\":\"Organization\",\"@id\":\"https:\/\/sibeniktaxi.com\/#organization\",\"name\":\"Taxi \u0160ibenik\",\"url\":\"https:\/\/sibeniktaxi.com\/\",\"sameAs\":[\"https:\/\/www.facebook.com\/sibeniktaxi\/\"],\"logo\":{\"@type\":\"ImageObject\",\"inLanguage\":\"en-US\",\"@id\":\"https:\/\/sibeniktaxi.com\/#\/schema\/logo\/image\/\",\"url\":\"https:\/\/sibeniktaxi.com\/wp-content\/uploads\/2018\/04\/cropped-TAXI-DALMACIJA-logo-lav-rose-3.png\",\"contentUrl\":\"https:\/\/sibeniktaxi.com\/wp-content\/uploads\/2018\/04\/cropped-TAXI-DALMACIJA-logo-lav-rose-3.png\",\"width\":\"240\",\"height\":\"116\",\"caption\":\"Taxi \u0160ibenik\"},\"image\":{\"@id\":\"https:\/\/sibeniktaxi.com\/#\/schema\/logo\/image\/\"}}]}<\/script>\n<!-- \/ Yoast SEO plugin. -->","yoast_head_json":{"title":"Solaris - Aerodrom Dubrovnik Transfer | Taxi \u0160ibenik","description":"Privatni prijevoz od Solarisa do zra\u010dne luke Dubrovnik najbr\u017ei je i najpouzdaniji na\u010din putovanja, a Taxi \u0160ibenik za vas ima i najpovoljnije cijene!","robots":{"index":"index","follow":"follow","max-snippet":"max-snippet:-1","max-image-preview":"max-image-preview:large","max-video-preview":"max-video-preview:-1"},"canonical":"https:\/\/sibeniktaxi.com\/en\/airport-transferi\/od-solarisa-do-aerodroma-u-dubrovniku\/","og_locale":"en_US","og_type":"article","og_title":"Solaris - Aerodrom Dubrovnik Transfer | Taxi \u0160ibenik","og_description":"Privatni prijevoz od Solarisa do zra\u010dne luke Dubrovnik najbr\u017ei je i najpouzdaniji na\u010din putovanja, a Taxi \u0160ibenik za vas ima i najpovoljnije cijene!","og_url":"https:\/\/sibeniktaxi.com\/en\/airport-transferi\/od-solarisa-do-aerodroma-u-dubrovniku\/","og_site_name":"Taxi \u0160ibenik","article_publisher":"https:\/\/www.facebook.com\/sibeniktaxi\/","article_modified_time":"2023-01-25T11:42:48+00:00","og_image":[{"width":1600,"height":900,"url":"https:\/\/sibeniktaxi.com\/wp-content\/uploads\/2022\/07\/zldubrovnik-1013.jpg","type":"image\/jpeg"}],"twitter_card":"summary","twitter_misc":{"Est. reading time":"3 minutes"},"schema":{"@context":"https:\/\/schema.org","@graph":[{"@type":"WebPage","@id":"https:\/\/sibeniktaxi.com\/airport-transferi\/od-solarisa-do-aerodroma-u-dubrovniku\/","url":"https:\/\/sibeniktaxi.com\/airport-transferi\/od-solarisa-do-aerodroma-u-dubrovniku\/","name":"Solaris - Aerodrom Dubrovnik Transfer | Taxi \u0160ibenik","isPartOf":{"@id":"https:\/\/sibeniktaxi.com\/#website"},"datePublished":"2022-07-25T13:42:36+00:00","dateModified":"2023-01-25T11:42:48+00:00","description":"Privatni prijevoz od Solarisa do zra\u010dne luke Dubrovnik najbr\u017ei je i najpouzdaniji na\u010din putovanja, a Taxi \u0160ibenik za vas ima i najpovoljnije cijene!","breadcrumb":{"@id":"https:\/\/sibeniktaxi.com\/airport-transferi\/od-solarisa-do-aerodroma-u-dubrovniku\/#breadcrumb"},"inLanguage":"en-US","potentialAction":[{"@type":"ReadAction","target":["https:\/\/sibeniktaxi.com\/airport-transferi\/od-solarisa-do-aerodroma-u-dubrovniku\/"]}]},{"@type":"BreadcrumbList","@id":"https:\/\/sibeniktaxi.com\/airport-transferi\/od-solarisa-do-aerodroma-u-dubrovniku\/#breadcrumb","itemListElement":[{"@type":"ListItem","position":1,"name":"Taxi \u0160ibenik","item":"https:\/\/sibeniktaxi.com\/"},{"@type":"ListItem","position":2,"name":"Airport transferi","item":"https:\/\/sibeniktaxi.com\/airport-transferi\/"},{"@type":"ListItem","position":3,"name":"Transfer od Solarisa do Zra\u010dne luke Dubrovnik"}]},{"@type":"WebSite","@id":"https:\/\/sibeniktaxi.com\/#website","url":"https:\/\/sibeniktaxi.com\/","name":"Taxi \u0160ibenik","description":"Najbolji Taxi u gradu","publisher":{"@id":"https:\/\/sibeniktaxi.com\/#organization"},"potentialAction":[{"@type":"SearchAction","target":{"@type":"EntryPoint","urlTemplate":"https:\/\/sibeniktaxi.com\/?s={search_term_string}"},"query-input":"required name=search_term_string"}],"inLanguage":"en-US"},{"@type":"Organization","@id":"https:\/\/sibeniktaxi.com\/#organization","name":"Taxi \u0160ibenik","url":"https:\/\/sibeniktaxi.com\/","sameAs":["https:\/\/www.facebook.com\/sibeniktaxi\/"],"logo":{"@type":"ImageObject","inLanguage":"en-US","@id":"https:\/\/sibeniktaxi.com\/#\/schema\/logo\/image\/","url":"https:\/\/sibeniktaxi.com\/wp-content\/uploads\/2018\/04\/cropped-TAXI-DALMACIJA-logo-lav-rose-3.png","contentUrl":"https:\/\/sibeniktaxi.com\/wp-content\/uploads\/2018\/04\/cropped-TAXI-DALMACIJA-logo-lav-rose-3.png","width":"240","height":"116","caption":"Taxi \u0160ibenik"},"image":{"@id":"https:\/\/sibeniktaxi.com\/#\/schema\/logo\/image\/"}}]}},"_links":{"self":[{"href":"https:\/\/sibeniktaxi.com\/en\/wp-json\/wp\/v2\/pages\/2445"}],"collection":[{"href":"https:\/\/sibeniktaxi.com\/en\/wp-json\/wp\/v2\/pages"}],"about":[{"href":"https:\/\/sibeniktaxi.com\/en\/wp-json\/wp\/v2\/types\/page"}],"author":[{"embeddable":true,"href":"https:\/\/sibeniktaxi.com\/en\/wp-json\/wp\/v2\/users\/5"}],"replies":[{"embeddable":true,"href":"https:\/\/sibeniktaxi.com\/en\/wp-json\/wp\/v2\/comments?post=2445"}],"version-history":[{"count":13,"href":"https:\/\/sibeniktaxi.com\/en\/wp-json\/wp\/v2\/pages\/2445\/revisions"}],"predecessor-version":[{"id":2875,"href":"https:\/\/sibeniktaxi.com\/en\/wp-json\/wp\/v2\/pages\/2445\/revisions\/2875"}],"up":[{"embeddable":true,"href":"https:\/\/sibeniktaxi.com\/en\/wp-json\/wp\/v2\/pages\/2168"}],"wp:featuredmedia":[{"embeddable":true,"href":"https:\/\/sibeniktaxi.com\/en\/wp-json\/wp\/v2\/media\/2447"}],"wp:attachment":[{"href":"https:\/\/sibeniktaxi.com\/en\/wp-json\/wp\/v2\/media?parent=2445"}],"curies":[{"name":"wp","href":"https:\/\/api.w.org\/{rel}","templated":true}]}}