{"id":2462,"date":"2022-07-26T08:20:55","date_gmt":"2022-07-26T08:20:55","guid":{"rendered":"https:\/\/sibeniktaxi.com\/?page_id=2462"},"modified":"2023-01-25T11:41:48","modified_gmt":"2023-01-25T11:41:48","slug":"od-marine-mandalina-do-aerodroma-u-zagrebu","status":"publish","type":"page","link":"https:\/\/sibeniktaxi.com\/en\/airport-transfers\/from-marina-mandalina-to-airport-in-zagreb\/","title":{"rendered":"Transfer from Marina Mandalina to Zagreb Airport"},"content":{"rendered":"<div data-elementor-type=\"wp-page\" data-elementor-id=\"2462\" class=\"elementor elementor-2462\">\n\t\t\t\t\t\t\t\t\t<section class=\"elementor-section elementor-top-section elementor-element elementor-element-b291407 elementor-section-boxed elementor-section-height-default elementor-section-height-default\" data-id=\"b291407\" data-element_type=\"section\">\n\t\t\t\t\t\t<div class=\"elementor-container elementor-column-gap-default\">\n\t\t\t\t\t<div class=\"elementor-column elementor-col-100 elementor-top-column elementor-element elementor-element-c9c4870\" data-id=\"c9c4870\" data-element_type=\"column\">\n\t\t\t<div class=\"elementor-widget-wrap elementor-element-populated\">\n\t\t\t\t\t\t\t\t<div class=\"elementor-element elementor-element-92b00fd elementor-widget elementor-widget-text-editor\" data-id=\"92b00fd\" data-element_type=\"widget\" data-widget_type=\"text-editor.default\">\n\t\t\t\t<div class=\"elementor-widget-container\">\n\t\t\t<style>\/*! elementor - v3.14.0 - 26-06-2023 *\/\n.elementor-widget-text-editor.elementor-drop-cap-view-stacked .elementor-drop-cap{background-color:#69727d;color:#fff}.elementor-widget-text-editor.elementor-drop-cap-view-framed .elementor-drop-cap{color:#69727d;border:3px solid;background-color:transparent}.elementor-widget-text-editor:not(.elementor-drop-cap-view-default) .elementor-drop-cap{margin-top:8px}.elementor-widget-text-editor:not(.elementor-drop-cap-view-default) .elementor-drop-cap-letter{width:1em;height:1em}.elementor-widget-text-editor .elementor-drop-cap{float:left;text-align:center;line-height:1;font-size:50px}.elementor-widget-text-editor .elementor-drop-cap-letter{display:inline-block}<\/style>\t\t\t\t<p><span style=\"font-weight: 400;\">You've disembarked at Marina Mandalina and need to get to Zagreb Airport somehow? Maybe you've just arrived from a multi-day sailing trip across the wide blue Adriatic, or you've gone on a last-minute excursion before leaving and urgently need to get to Zagreb to catch your flight home.\u00a0<\/span><\/p><p class=\"translation-block\"><span style=\"font-weight: 400\">Regardless of the situation, there are several options how you can get to <\/span><a href=\"https:\/\/sibeniktaxi.com\/en\/transfer-do-zracne-luke-zagreb\/\" target=\"_self\"><span style=\"font-weight: 400\">Zagreb Airport<\/span><\/a><span style=\"font-weight: 400\">, and you decide which one suits you best.<\/span><\/p><h2><strong>Various combinations<\/strong><\/h2><p><span style=\"font-weight: 400;\">You can do it like this: you take a taxi from Marina Mandaline to the bus station in \u0160ibenik. You book a bus ticket, and if you are lucky, due to the summer traffic jams and heat, you will be in Zagreb in 4 hours. After that, you take the next taxi to Franjo Tu\u0111man Airport and you should get there in about 30 minutes. It is also possible to get to the Airport from the Zagreb Bus Station by city bus.<\/span><\/p><p><span style=\"font-weight: 400;\">However, the downside to all of these combinations is time, money, and unreliability. You can't be sure that the bus will arrive in Zagreb on time, as delays are common. Taxi drivers may not be immediately available, and even if they are, they will usually charge you a good price.\u00a0<\/span><\/p><p><span style=\"font-weight: 400;\">In addition to the high prices, you will lose a lot of time while arriving at all the agreed transfers, since it is always a good idea to be at the airport 2 hours before your flight. You must take into account possible additional bus stops, delays through the center of Zagreb, etc. So your journey to the airport will take about 5 and a half hours, without any delays.\u00a0<\/span><\/p><p><img loading=\"lazy\" class=\"aligncenter size-full wp-image-2463\" src=\"https:\/\/sibeniktaxi.com\/wp-content\/uploads\/2022\/07\/item_160831.jpg\" alt=\"zra\u010dna luka Zagreb\" width=\"900\" height=\"500\" srcset=\"https:\/\/sibeniktaxi.com\/wp-content\/uploads\/2022\/07\/item_160831.jpg 900w, https:\/\/sibeniktaxi.com\/wp-content\/uploads\/2022\/07\/item_160831-300x167.jpg 300w, https:\/\/sibeniktaxi.com\/wp-content\/uploads\/2022\/07\/item_160831-768x427.jpg 768w, https:\/\/sibeniktaxi.com\/wp-content\/uploads\/2022\/07\/item_160831-540x300.jpg 540w\" sizes=\"(max-width: 900px) 100vw, 900px\" \/><\/p><h2><strong>Book a transfer\u00a0<\/strong><\/h2><p class=\"translation-block\"><span style=\"font-weight: 400\">If you want to get to the airport quickly, saving both time and money, the best option is to book a transfer. It doesn't matter if you need to get to Zagreb, <\/span><a href=\"https:\/\/sibeniktaxi.com\/en\/transfer-sibenik-zracna-luka-zadar\/\" target=\"_self\"><span style=\"font-weight: 400\">to Zadar<\/span><\/a><span style=\"font-weight: 400\">or even <\/span><a href=\"https:\/\/sibeniktaxi.com\/en\/transfer-sibenik-zracna-luka-dubrovnik\/\" target=\"_self\"><span style=\"font-weight: 400\">to Dubrovnik<\/span><\/a><span style=\"font-weight: 400\">it is always possible to arrange a transfer and know that you will arrive on time.<\/span><\/p><p><span style=\"font-weight: 400;\">If you rely on a transfer, you know that someone will pick you up exactly where you are standing and take you to the gates of Zagreb Airport. You don't have to make any transfers, worry about being late for the next bus, or worry about whether you'll be able to get a taxi, whether it will arrive on time, and the worst part - what if it cancels.\u00a0<\/span><\/p><p class=\"translation-block\"><span style=\"font-weight: 400\">Once you<\/span><a href=\"https:\/\/sibeniktaxi.com\/en\/#contact\" target=\"_self\"><span style=\"font-weight: 400\">arrange a transfer<\/span><\/a><span style=\"font-weight: 400\">, the matter is over. You are sure that everything will be done properly, regardless of whether it is a trip<\/span><a href=\"https:\/\/sibeniktaxi.com\/en\/izlet-na-vransko-jezero\/\" target=\"_self\"><span style=\"font-weight: 400\">to Vrana Lake<\/span><\/a><span style=\"font-weight: 400\">or to any airport. <\/span><\/p><p><span style=\"font-weight: 400;\">The price will of course depend on the number of people, and it is possible to book for up to 8 people in one vehicle. A transfer is especially useful if, for example, you have an early morning flight, which means that you will have a hard time arranging other types of transport (like buses) which are rare at that time.\u00a0<\/span><\/p><p><span style=\"font-weight: 400;\">From Marina Mandaline to Zagreb Airport it will take approximately 3 hours and 15 minutes.\u00a0<\/span><\/p><h2><strong>Marina Mandalina<\/strong><\/h2><p><span style=\"font-weight: 400;\">Marina Mandalina is one of the most well-established marinas on the Adriatic coast due to its safety, but also its special design that allows it to accommodate megayachts. The easiest way to get to Zagreb from there is by choosing a transfer!<\/span><\/p><h2><strong>Book a Transfer<\/strong><\/h2><p class=\"translation-block\"><a href=\"https:\/\/sibeniktaxi.com\/en\/#contact\" target=\"_self\"><span style=\"font-weight: 400\">Call<\/span><\/a><span style=\"font-weight: 400\">Taxi \u0160ibenik or fill out the contact form to ride according to <\/span><b>Your <\/b><span style=\"font-weight: 400\">schedule!<\/span><\/p><p>\n<div class=\"wpcf7 no-js\" id=\"wpcf7-f2109-o1\" lang=\"en-US\" dir=\"ltr\">\n<div class=\"screen-reader-response\"><p role=\"status\" aria-live=\"polite\" aria-atomic=\"true\"><\/p> <ul><\/ul><\/div>\n<form action=\"\/en\/wp-json\/wp\/v2\/pages\/2462#wpcf7-f2109-o1\" method=\"post\" class=\"wpcf7-form init\" aria-label=\"Contact form\" novalidate=\"novalidate\" data-status=\"init\" data-trp-original-action=\"\/en\/wp-json\/wp\/v2\/pages\/2462#wpcf7-f2109-o1\">\n<div style=\"display: none;\">\n<input type=\"hidden\" name=\"_wpcf7\" value=\"2109\" \/>\n<input type=\"hidden\" name=\"_wpcf7_version\" value=\"5.7.7\" \/>\n<input type=\"hidden\" name=\"_wpcf7_locale\" value=\"en_US\" \/>\n<input type=\"hidden\" name=\"_wpcf7_unit_tag\" value=\"wpcf7-f2109-o1\" \/>\n<input type=\"hidden\" name=\"_wpcf7_container_post\" value=\"0\" \/>\n<input type=\"hidden\" name=\"_wpcf7_posted_data_hash\" value=\"\" \/>\n<input type=\"hidden\" name=\"_wpcf7_recaptcha_response\" value=\"\" \/>\n<\/div>\n<p><label> Your Email (required)<br \/>\n<span class=\"wpcf7-form-control-wrap\" data-name=\"your-email\"><input size=\"40\" class=\"wpcf7-form-control wpcf7-text wpcf7-email wpcf7-validates-as-required wpcf7-validates-as-email\" aria-required=\"true\" aria-invalid=\"false\" value=\"\" type=\"email\" name=\"your-email\" \/><\/span> <\/label>\n<\/p>\n<p><label> Contact Number<br \/>\n<span class=\"wpcf7-form-control-wrap\" data-name=\"your-phone\"><input size=\"40\" class=\"wpcf7-form-control wpcf7-text wpcf7-tel wpcf7-validates-as-tel\" aria-invalid=\"false\" placeholder=\"+385\" value=\"\" type=\"tel\" name=\"your-phone\" \/><\/span><\/label>\n<\/p>\n<p><label> Time (required)<br \/>\n<span class=\"wpcf7-form-control-wrap\" data-name=\"your-time\"><input size=\"40\" class=\"wpcf7-form-control wpcf7-text wpcf7-validates-as-required\" aria-required=\"true\" aria-invalid=\"false\" value=\"\" type=\"text\" name=\"your-time\" \/><\/span> <\/label>\n<\/p>\n<p><label> Date (required)<br \/>\n<span class=\"wpcf7-form-control-wrap\" data-name=\"your-date\"><input class=\"wpcf7-form-control wpcf7-date wpcf7-validates-as-required wpcf7-validates-as-date required\" min=\"2026-04-10\" step=\"1\" aria-required=\"true\" aria-invalid=\"false\" value=\"\" type=\"date\" name=\"your-date\" \/><\/span> <\/label>\n<\/p>\n<p><label> Note<br \/>\n<span class=\"wpcf7-form-control-wrap\" data-name=\"your-message\"><textarea cols=\"40\" rows=\"10\" class=\"wpcf7-form-control wpcf7-textarea\" aria-invalid=\"false\" name=\"your-message\"><\/textarea><\/span> <\/label>\n<\/p>\n<p><input class=\"wpcf7-form-control has-spinner wpcf7-submit\" type=\"submit\" value=\"Send\" \/>\n<\/p><div class=\"wpcf7-response-output\" aria-hidden=\"true\"><\/div>\n<input type=\"hidden\" name=\"trp-form-language\" value=\"en\"\/><\/form>\n<\/div>\n<\/p>\t\t\t\t\t\t<\/div>\n\t\t\t\t<\/div>\n\t\t\t\t\t<\/div>\n\t\t<\/div>\n\t\t\t\t\t\t\t<\/div>\n\t\t<\/section>\n\t\t\t\t<section class=\"elementor-section elementor-top-section elementor-element elementor-element-ba5bcc9 elementor-section-boxed elementor-section-height-default elementor-section-height-default\" data-id=\"ba5bcc9\" data-element_type=\"section\">\n\t\t\t\t\t\t<div class=\"elementor-container elementor-column-gap-default\">\n\t\t\t\t\t<div class=\"elementor-column elementor-col-100 elementor-top-column elementor-element elementor-element-454459e\" data-id=\"454459e\" data-element_type=\"column\">\n\t\t\t<div class=\"elementor-widget-wrap elementor-element-populated\">\n\t\t\t\t\t\t\t\t<div class=\"elementor-element elementor-element-73de6f1 elementor-widget elementor-widget-heading\" data-id=\"73de6f1\" data-element_type=\"widget\" data-widget_type=\"heading.default\">\n\t\t\t\t<div class=\"elementor-widget-container\">\n\t\t\t<style>\/*! elementor - v3.14.0 - 26-06-2023 *\/\n.elementor-heading-title{padding:0;margin:0;line-height:1}.elementor-widget-heading .elementor-heading-title[class*=elementor-size-]>a{color:inherit;font-size:inherit;line-height:inherit}.elementor-widget-heading .elementor-heading-title.elementor-size-small{font-size:15px}.elementor-widget-heading .elementor-heading-title.elementor-size-medium{font-size:19px}.elementor-widget-heading .elementor-heading-title.elementor-size-large{font-size:29px}.elementor-widget-heading .elementor-heading-title.elementor-size-xl{font-size:39px}.elementor-widget-heading .elementor-heading-title.elementor-size-xxl{font-size:59px}<\/style><h2 class=\"elementor-heading-title elementor-size-default\">You might be interested...<\/h2>\t\t<\/div>\n\t\t\t\t<\/div>\n\t\t\t\t\t<\/div>\n\t\t<\/div>\n\t\t\t\t\t\t\t<\/div>\n\t\t<\/section>\n\t\t\t\t<section class=\"elementor-section elementor-top-section elementor-element elementor-element-e8be58c elementor-section-boxed elementor-section-height-default elementor-section-height-default\" data-id=\"e8be58c\" data-element_type=\"section\">\n\t\t\t\t\t\t<div class=\"elementor-container elementor-column-gap-default\">\n\t\t\t\t\t<div class=\"elementor-column elementor-col-100 elementor-top-column elementor-element elementor-element-bd99cce\" data-id=\"bd99cce\" data-element_type=\"column\">\n\t\t\t<div class=\"elementor-widget-wrap elementor-element-populated\">\n\t\t\t\t\t\t\t\t\t<\/div>\n\t\t<\/div>\n\t\t\t\t\t\t\t<\/div>\n\t\t<\/section>\n\t\t\t\t\t\t\t<\/div>","protected":false},"excerpt":{"rendered":"<p>Iskrcali ste se u Marinu Mandalinu i trebate nekako do\u0107i do Zra\u010dne luke u Zagrebu? Mo\u017eda ste stigli sa vi\u0161ednevnog jedrenja po \u0161irokom plavom Jadranu, ili ste i\u0161li na zadnji izlet pred odlazak i hitno trebate sti\u0107i do Zagreba kako biste uhvatili let doma. Bez obzira na situaciju, postoji nekoliko&#8230;<\/p>","protected":false},"author":5,"featured_media":2463,"parent":2168,"menu_order":0,"comment_status":"closed","ping_status":"closed","template":"","meta":{"_mi_skip_tracking":false,"_exactmetrics_sitenote_active":false,"_exactmetrics_sitenote_note":"","_exactmetrics_sitenote_category":0},"yoast_head":"<!-- This site is optimized with the Yoast SEO plugin v19.6.1 - https:\/\/yoast.com\/wordpress\/plugins\/seo\/ -->\n<title>Marina Mandalina - Aerodrom Zagreb transfer | Taxi \u0160ibenik<\/title>\n<meta name=\"description\" content=\"Transfer od Marine Mandaline do Zra\u010dne luke u Zagrebu najsigurniji je na\u010din da na vrijeme stignete na let, a pritom u\u017eivate povoljne cijene.\" \/>\n<meta name=\"robots\" content=\"index, follow, max-snippet:-1, max-image-preview:large, max-video-preview:-1\" \/>\n<link rel=\"canonical\" href=\"https:\/\/sibeniktaxi.com\/en\/airport-transferi\/od-marine-mandalina-do-aerodroma-u-zagrebu\/\" \/>\n<meta property=\"og:locale\" content=\"en_US\" \/>\n<meta property=\"og:type\" content=\"article\" \/>\n<meta property=\"og:title\" content=\"Marina Mandalina - Aerodrom Zagreb transfer | Taxi \u0160ibenik\" \/>\n<meta property=\"og:description\" content=\"Transfer od Marine Mandaline do Zra\u010dne luke u Zagrebu najsigurniji je na\u010din da na vrijeme stignete na let, a pritom u\u017eivate povoljne cijene.\" \/>\n<meta property=\"og:url\" content=\"https:\/\/sibeniktaxi.com\/en\/airport-transferi\/od-marine-mandalina-do-aerodroma-u-zagrebu\/\" \/>\n<meta property=\"og:site_name\" content=\"Taxi \u0160ibenik\" \/>\n<meta property=\"article:publisher\" content=\"https:\/\/www.facebook.com\/sibeniktaxi\/\" \/>\n<meta property=\"article:modified_time\" content=\"2023-01-25T11:41:48+00:00\" \/>\n<meta property=\"og:image\" content=\"https:\/\/sibeniktaxi.com\/wp-content\/uploads\/2022\/07\/item_160831.jpg\" \/>\n\t<meta property=\"og:image:width\" content=\"900\" \/>\n\t<meta property=\"og:image:height\" content=\"500\" \/>\n\t<meta property=\"og:image:type\" content=\"image\/jpeg\" \/>\n<meta name=\"twitter:card\" content=\"summary\" \/>\n<meta name=\"twitter:label1\" content=\"Est. reading time\" \/>\n\t<meta name=\"twitter:data1\" content=\"3 minutes\" \/>\n<script type=\"application\/ld+json\" class=\"yoast-schema-graph\">{\"@context\":\"https:\/\/schema.org\",\"@graph\":[{\"@type\":\"WebPage\",\"@id\":\"https:\/\/sibeniktaxi.com\/airport-transferi\/od-marine-mandalina-do-aerodroma-u-zagrebu\/\",\"url\":\"https:\/\/sibeniktaxi.com\/airport-transferi\/od-marine-mandalina-do-aerodroma-u-zagrebu\/\",\"name\":\"Marina Mandalina - Aerodrom Zagreb transfer | Taxi \u0160ibenik\",\"isPartOf\":{\"@id\":\"https:\/\/sibeniktaxi.com\/#website\"},\"datePublished\":\"2022-07-26T08:20:55+00:00\",\"dateModified\":\"2023-01-25T11:41:48+00:00\",\"description\":\"Transfer od Marine Mandaline do Zra\u010dne luke u Zagrebu najsigurniji je na\u010din da na vrijeme stignete na let, a pritom u\u017eivate povoljne cijene.\",\"breadcrumb\":{\"@id\":\"https:\/\/sibeniktaxi.com\/airport-transferi\/od-marine-mandalina-do-aerodroma-u-zagrebu\/#breadcrumb\"},\"inLanguage\":\"en-US\",\"potentialAction\":[{\"@type\":\"ReadAction\",\"target\":[\"https:\/\/sibeniktaxi.com\/airport-transferi\/od-marine-mandalina-do-aerodroma-u-zagrebu\/\"]}]},{\"@type\":\"BreadcrumbList\",\"@id\":\"https:\/\/sibeniktaxi.com\/airport-transferi\/od-marine-mandalina-do-aerodroma-u-zagrebu\/#breadcrumb\",\"itemListElement\":[{\"@type\":\"ListItem\",\"position\":1,\"name\":\"Taxi \u0160ibenik\",\"item\":\"https:\/\/sibeniktaxi.com\/\"},{\"@type\":\"ListItem\",\"position\":2,\"name\":\"Airport transferi\",\"item\":\"https:\/\/sibeniktaxi.com\/airport-transferi\/\"},{\"@type\":\"ListItem\",\"position\":3,\"name\":\"Transfer od Marine Mandalina do Zra\u010dne Luke Zagreb\"}]},{\"@type\":\"WebSite\",\"@id\":\"https:\/\/sibeniktaxi.com\/#website\",\"url\":\"https:\/\/sibeniktaxi.com\/\",\"name\":\"Taxi \u0160ibenik\",\"description\":\"Najbolji Taxi u gradu\",\"publisher\":{\"@id\":\"https:\/\/sibeniktaxi.com\/#organization\"},\"potentialAction\":[{\"@type\":\"SearchAction\",\"target\":{\"@type\":\"EntryPoint\",\"urlTemplate\":\"https:\/\/sibeniktaxi.com\/?s={search_term_string}\"},\"query-input\":\"required name=search_term_string\"}],\"inLanguage\":\"en-US\"},{\"@type\":\"Organization\",\"@id\":\"https:\/\/sibeniktaxi.com\/#organization\",\"name\":\"Taxi \u0160ibenik\",\"url\":\"https:\/\/sibeniktaxi.com\/\",\"sameAs\":[\"https:\/\/www.facebook.com\/sibeniktaxi\/\"],\"logo\":{\"@type\":\"ImageObject\",\"inLanguage\":\"en-US\",\"@id\":\"https:\/\/sibeniktaxi.com\/#\/schema\/logo\/image\/\",\"url\":\"https:\/\/sibeniktaxi.com\/wp-content\/uploads\/2018\/04\/cropped-TAXI-DALMACIJA-logo-lav-rose-3.png\",\"contentUrl\":\"https:\/\/sibeniktaxi.com\/wp-content\/uploads\/2018\/04\/cropped-TAXI-DALMACIJA-logo-lav-rose-3.png\",\"width\":\"240\",\"height\":\"116\",\"caption\":\"Taxi \u0160ibenik\"},\"image\":{\"@id\":\"https:\/\/sibeniktaxi.com\/#\/schema\/logo\/image\/\"}}]}<\/script>\n<!-- \/ Yoast SEO plugin. -->","yoast_head_json":{"title":"Marina Mandalina - Aerodrom Zagreb transfer | Taxi \u0160ibenik","description":"Transfer od Marine Mandaline do Zra\u010dne luke u Zagrebu najsigurniji je na\u010din da na vrijeme stignete na let, a pritom u\u017eivate povoljne cijene.","robots":{"index":"index","follow":"follow","max-snippet":"max-snippet:-1","max-image-preview":"max-image-preview:large","max-video-preview":"max-video-preview:-1"},"canonical":"https:\/\/sibeniktaxi.com\/en\/airport-transferi\/od-marine-mandalina-do-aerodroma-u-zagrebu\/","og_locale":"en_US","og_type":"article","og_title":"Marina Mandalina - Aerodrom Zagreb transfer | Taxi \u0160ibenik","og_description":"Transfer od Marine Mandaline do Zra\u010dne luke u Zagrebu najsigurniji je na\u010din da na vrijeme stignete na let, a pritom u\u017eivate povoljne cijene.","og_url":"https:\/\/sibeniktaxi.com\/en\/airport-transferi\/od-marine-mandalina-do-aerodroma-u-zagrebu\/","og_site_name":"Taxi \u0160ibenik","article_publisher":"https:\/\/www.facebook.com\/sibeniktaxi\/","article_modified_time":"2023-01-25T11:41:48+00:00","og_image":[{"width":900,"height":500,"url":"https:\/\/sibeniktaxi.com\/wp-content\/uploads\/2022\/07\/item_160831.jpg","type":"image\/jpeg"}],"twitter_card":"summary","twitter_misc":{"Est. reading time":"3 minutes"},"schema":{"@context":"https:\/\/schema.org","@graph":[{"@type":"WebPage","@id":"https:\/\/sibeniktaxi.com\/airport-transferi\/od-marine-mandalina-do-aerodroma-u-zagrebu\/","url":"https:\/\/sibeniktaxi.com\/airport-transferi\/od-marine-mandalina-do-aerodroma-u-zagrebu\/","name":"Marina Mandalina - Aerodrom Zagreb transfer | Taxi \u0160ibenik","isPartOf":{"@id":"https:\/\/sibeniktaxi.com\/#website"},"datePublished":"2022-07-26T08:20:55+00:00","dateModified":"2023-01-25T11:41:48+00:00","description":"Transfer od Marine Mandaline do Zra\u010dne luke u Zagrebu najsigurniji je na\u010din da na vrijeme stignete na let, a pritom u\u017eivate povoljne cijene.","breadcrumb":{"@id":"https:\/\/sibeniktaxi.com\/airport-transferi\/od-marine-mandalina-do-aerodroma-u-zagrebu\/#breadcrumb"},"inLanguage":"en-US","potentialAction":[{"@type":"ReadAction","target":["https:\/\/sibeniktaxi.com\/airport-transferi\/od-marine-mandalina-do-aerodroma-u-zagrebu\/"]}]},{"@type":"BreadcrumbList","@id":"https:\/\/sibeniktaxi.com\/airport-transferi\/od-marine-mandalina-do-aerodroma-u-zagrebu\/#breadcrumb","itemListElement":[{"@type":"ListItem","position":1,"name":"Taxi \u0160ibenik","item":"https:\/\/sibeniktaxi.com\/"},{"@type":"ListItem","position":2,"name":"Airport transferi","item":"https:\/\/sibeniktaxi.com\/airport-transferi\/"},{"@type":"ListItem","position":3,"name":"Transfer od Marine Mandalina do Zra\u010dne Luke Zagreb"}]},{"@type":"WebSite","@id":"https:\/\/sibeniktaxi.com\/#website","url":"https:\/\/sibeniktaxi.com\/","name":"Taxi \u0160ibenik","description":"Najbolji Taxi u gradu","publisher":{"@id":"https:\/\/sibeniktaxi.com\/#organization"},"potentialAction":[{"@type":"SearchAction","target":{"@type":"EntryPoint","urlTemplate":"https:\/\/sibeniktaxi.com\/?s={search_term_string}"},"query-input":"required name=search_term_string"}],"inLanguage":"en-US"},{"@type":"Organization","@id":"https:\/\/sibeniktaxi.com\/#organization","name":"Taxi \u0160ibenik","url":"https:\/\/sibeniktaxi.com\/","sameAs":["https:\/\/www.facebook.com\/sibeniktaxi\/"],"logo":{"@type":"ImageObject","inLanguage":"en-US","@id":"https:\/\/sibeniktaxi.com\/#\/schema\/logo\/image\/","url":"https:\/\/sibeniktaxi.com\/wp-content\/uploads\/2018\/04\/cropped-TAXI-DALMACIJA-logo-lav-rose-3.png","contentUrl":"https:\/\/sibeniktaxi.com\/wp-content\/uploads\/2018\/04\/cropped-TAXI-DALMACIJA-logo-lav-rose-3.png","width":"240","height":"116","caption":"Taxi \u0160ibenik"},"image":{"@id":"https:\/\/sibeniktaxi.com\/#\/schema\/logo\/image\/"}}]}},"_links":{"self":[{"href":"https:\/\/sibeniktaxi.com\/en\/wp-json\/wp\/v2\/pages\/2462"}],"collection":[{"href":"https:\/\/sibeniktaxi.com\/en\/wp-json\/wp\/v2\/pages"}],"about":[{"href":"https:\/\/sibeniktaxi.com\/en\/wp-json\/wp\/v2\/types\/page"}],"author":[{"embeddable":true,"href":"https:\/\/sibeniktaxi.com\/en\/wp-json\/wp\/v2\/users\/5"}],"replies":[{"embeddable":true,"href":"https:\/\/sibeniktaxi.com\/en\/wp-json\/wp\/v2\/comments?post=2462"}],"version-history":[{"count":16,"href":"https:\/\/sibeniktaxi.com\/en\/wp-json\/wp\/v2\/pages\/2462\/revisions"}],"predecessor-version":[{"id":2869,"href":"https:\/\/sibeniktaxi.com\/en\/wp-json\/wp\/v2\/pages\/2462\/revisions\/2869"}],"up":[{"embeddable":true,"href":"https:\/\/sibeniktaxi.com\/en\/wp-json\/wp\/v2\/pages\/2168"}],"wp:featuredmedia":[{"embeddable":true,"href":"https:\/\/sibeniktaxi.com\/en\/wp-json\/wp\/v2\/media\/2463"}],"wp:attachment":[{"href":"https:\/\/sibeniktaxi.com\/en\/wp-json\/wp\/v2\/media?parent=2462"}],"curies":[{"name":"wp","href":"https:\/\/api.w.org\/{rel}","templated":true}]}}