{"id":2529,"date":"2022-07-27T06:11:57","date_gmt":"2022-07-27T06:11:57","guid":{"rendered":"https:\/\/sibeniktaxi.com\/?page_id=2529"},"modified":"2023-01-25T11:41:40","modified_gmt":"2023-01-25T11:41:40","slug":"od-marine-mandalina-do-aerodroma-u-dubrovniku","status":"publish","type":"page","link":"https:\/\/sibeniktaxi.com\/en\/airport-transfers\/from-the-marina-mandalin-to-the-airport-in-dubrovnik\/","title":{"rendered":"Transfer from Marina Mandalina to Dubrovnik Airport"},"content":{"rendered":"<div data-elementor-type=\"wp-page\" data-elementor-id=\"2529\" class=\"elementor elementor-2529\">\n\t\t\t\t\t\t\t\t\t<section class=\"elementor-section elementor-top-section elementor-element elementor-element-0ff650c elementor-section-boxed elementor-section-height-default elementor-section-height-default\" data-id=\"0ff650c\" data-element_type=\"section\">\n\t\t\t\t\t\t<div class=\"elementor-container elementor-column-gap-default\">\n\t\t\t\t\t<div class=\"elementor-column elementor-col-100 elementor-top-column elementor-element elementor-element-37ae734\" data-id=\"37ae734\" data-element_type=\"column\">\n\t\t\t<div class=\"elementor-widget-wrap elementor-element-populated\">\n\t\t\t\t\t\t\t\t<div class=\"elementor-element elementor-element-59d62cc elementor-widget elementor-widget-text-editor\" data-id=\"59d62cc\" data-element_type=\"widget\" data-widget_type=\"text-editor.default\">\n\t\t\t\t<div class=\"elementor-widget-container\">\n\t\t\t<style>\/*! elementor - v3.14.0 - 26-06-2023 *\/\n.elementor-widget-text-editor.elementor-drop-cap-view-stacked .elementor-drop-cap{background-color:#69727d;color:#fff}.elementor-widget-text-editor.elementor-drop-cap-view-framed .elementor-drop-cap{color:#69727d;border:3px solid;background-color:transparent}.elementor-widget-text-editor:not(.elementor-drop-cap-view-default) .elementor-drop-cap{margin-top:8px}.elementor-widget-text-editor:not(.elementor-drop-cap-view-default) .elementor-drop-cap-letter{width:1em;height:1em}.elementor-widget-text-editor .elementor-drop-cap{float:left;text-align:center;line-height:1;font-size:50px}.elementor-widget-text-editor .elementor-drop-cap-letter{display:inline-block}<\/style>\t\t\t\t<p><span style=\"font-weight: 400;\">If you want to visit Dubrovnik or any other city on the Adriatic, use our taxi. We will organize your transfer from Marina Mandaline to Dubrovnik airport.\u00a0<\/span><\/p><h2><strong>Travel from Marina Mandalina to Dubrovnik Airport<\/strong><\/h2><p><span style=\"font-weight: 400;\">After you have finished your vacation on the Adriatic, relaxing and enjoying the panoramic view in Marina Mandalina. You will have to remember one important thing \u2013 the transfer to the airport. To avoid stress and crowds, it is better to book a taxi in advance.\u00a0<\/span><\/p><p><span style=\"font-weight: 400;\">Taxi \u0160ibenik offers you the best transportation service, with a driver with many years of driving experience. Our main goal is customer satisfaction and providing them with the most affordable prices on the market.\u00a0<\/span><\/p><p><span style=\"font-weight: 400;\">You must arrive at the airport at least 2 hours early so that the controllers can check your documents and bags. This is why our transfers are very useful and reliable, because you will always arrive at your destination on time.<\/span><\/p><p><span style=\"font-weight: 400;\">Dubrovnik Airport is open every day from 04:00 to 00:00.<\/span><\/p><p><span style=\"font-weight: 400;\">At the airport you can find an exchange office and a mini market, and you can relax in the coffee bar before your flight.\u00a0<\/span><\/p><p><span style=\"font-weight: 400;\">Dubrovnik Airport has a taxi stand in front of the passenger terminal building \"B\", so you can arrive on time for your flight.<\/span><\/p><h2><strong>Why is a taxi transfer preferable?<\/strong><\/h2><p><span style=\"font-weight: 400;\">If you have a flight planned from Dubrovnik to a city in Croatia or abroad, and you don't want to bother with public transportation, then it's best to book a taxi transfer.\u00a0<\/span><\/p><p><span style=\"font-weight: 400;\">This way you will have a safe and easy ride to the airport, and you won't have to worry about how you will get to your flight.<\/span><\/p><p><img loading=\"lazy\" class=\"aligncenter size-full wp-image-2531\" src=\"https:\/\/sibeniktaxi.com\/wp-content\/uploads\/2022\/07\/aerodrom-Dubrovnik.jpg\" alt=\"aerodrom Dubrovnik\" width=\"1600\" height=\"1066\" srcset=\"https:\/\/sibeniktaxi.com\/wp-content\/uploads\/2022\/07\/aerodrom-Dubrovnik.jpg 1600w, https:\/\/sibeniktaxi.com\/wp-content\/uploads\/2022\/07\/aerodrom-Dubrovnik-300x200.jpg 300w, https:\/\/sibeniktaxi.com\/wp-content\/uploads\/2022\/07\/aerodrom-Dubrovnik-768x512.jpg 768w, https:\/\/sibeniktaxi.com\/wp-content\/uploads\/2022\/07\/aerodrom-Dubrovnik-1024x682.jpg 1024w, https:\/\/sibeniktaxi.com\/wp-content\/uploads\/2022\/07\/aerodrom-Dubrovnik-272x182.jpg 272w\" sizes=\"(max-width: 1600px) 100vw, 1600px\" \/><\/p><h2><strong>What other transfers are possible with Taxi \u0160ibenik?<\/strong><\/h2><p class=\"translation-block\"><span style=\"font-weight: 400\">If you are traveling in a larger group, we offer you <\/span><a href=\"https:\/\/sibeniktaxi.com\/en\/luksuzni-transfer\/\" target=\"_self\"><span style=\"font-weight: 400\">luxury transfer.<\/span><\/a><span style=\"font-weight: 400\"> Are you wondering what it is? It is our new Mercedes V class that has 7+1 comfortable seats where you will be able to relax without crowding.<\/span><\/p><p class=\"translation-block\"><span style=\"font-weight: 400\">If you are reading this blog a few days before your flight, don't miss a great offer of trips to <\/span><a href=\"https:\/\/sibeniktaxi.com\/en\/izlet-u-np-krka\/\" target=\"_self\"><span style=\"font-weight: 400\">NP Krka<\/span><\/a><span style=\"font-weight: 400\">,<\/span><a href=\"https:\/\/sibeniktaxi.com\/en\/jednodnevni-izlet-na-plitvicka-jezera\/\" target=\"_self\"><span style=\"font-weight: 400\"> Plitvice Lakes<\/span><\/a><span style=\"font-weight: 400\"> or other popular destinations!<\/span><\/p><p><span style=\"font-weight: 400;\">We have planned the entire itinerary for you, so all you have to do is sit in a taxi and enjoy the views of Dalmatia, and leave all other worries to your driver.\u00a0<\/span><\/p><h2><strong>How long does the ride take?<\/strong><\/h2><p><span style=\"font-weight: 400;\">The drive from Marina Mandaline to Dubrovnik Airport takes 4 to 5 hours. To get to Dubrovnik, you have to pass through Bosnia and Herzegovina, so don't forget all your necessary documents.<\/span><\/p><p><span style=\"font-weight: 400;\">The price of the transfer will depend on the number of people travelling. Currently, the maximum capacity for the transfer is our Mercedes V class, which has 7+1 seats. It is most suitable for large groups or family members.\u00a0<\/span><\/p><h2><strong>Why choose \u0160ibenik Taxi?<\/strong><\/h2><p><span style=\"font-weight: 400;\">\u0160ibenik Taxi is a top-notch transport company that offers fast, safe and reliable transfer service.\u00a0<\/span><\/p><p><span style=\"font-weight: 400;\">Our vehicles are comfortable and convenient for travel, and our drivers have years of driving experience. We assure you that with our service you will arrive at your destination on time.<\/span><\/p><p><span style=\"font-weight: 400;\">In addition to airport transfers, we also offer a wide range of excursions. Excursion itineraries are planned, so you don't have to worry about anything.\u00a0<\/span><\/p><p><span style=\"font-weight: 400;\">If you need help while driving with choosing the best location for your taxi to drop you off, or where to travel next, you can ask your drivers for help.\u00a0<\/span><\/p><p class=\"translation-block\"><a href=\"https:\/\/sibeniktaxi.com\/en\/#contact\" target=\"_self\"><span style=\"font-weight: 400\">Contact us<\/span><\/a><span style=\"font-weight: 400\"> and we will organize your transfer from Marina Mandalina to Dubrovnik Airport and other destinations you would like to visit.<\/span><\/p><h2><strong>Book a Transfer<\/strong><\/h2><p class=\"translation-block\"><a href=\"https:\/\/sibeniktaxi.com\/en\/#contact\" target=\"_self\"><span style=\"font-weight: 400\">Call<\/span><\/a><span style=\"font-weight: 400\">Taxi \u0160ibenik or fill out the contact form to ride according to <\/span><b>Your <\/b><span style=\"font-weight: 400\">schedule!<\/span><\/p><p>\n<div class=\"wpcf7 no-js\" id=\"wpcf7-f2109-o1\" lang=\"en-US\" dir=\"ltr\">\n<div class=\"screen-reader-response\"><p role=\"status\" aria-live=\"polite\" aria-atomic=\"true\"><\/p> <ul><\/ul><\/div>\n<form action=\"\/en\/wp-json\/wp\/v2\/pages\/2529#wpcf7-f2109-o1\" method=\"post\" class=\"wpcf7-form init\" aria-label=\"Contact form\" novalidate=\"novalidate\" data-status=\"init\" data-trp-original-action=\"\/en\/wp-json\/wp\/v2\/pages\/2529#wpcf7-f2109-o1\">\n<div style=\"display: none;\">\n<input type=\"hidden\" name=\"_wpcf7\" value=\"2109\" \/>\n<input type=\"hidden\" name=\"_wpcf7_version\" value=\"5.7.7\" \/>\n<input type=\"hidden\" name=\"_wpcf7_locale\" value=\"en_US\" \/>\n<input type=\"hidden\" name=\"_wpcf7_unit_tag\" value=\"wpcf7-f2109-o1\" \/>\n<input type=\"hidden\" name=\"_wpcf7_container_post\" value=\"0\" \/>\n<input type=\"hidden\" name=\"_wpcf7_posted_data_hash\" value=\"\" \/>\n<input type=\"hidden\" name=\"_wpcf7_recaptcha_response\" value=\"\" \/>\n<\/div>\n<p><label> Your Email (required)<br \/>\n<span class=\"wpcf7-form-control-wrap\" data-name=\"your-email\"><input size=\"40\" class=\"wpcf7-form-control wpcf7-text wpcf7-email wpcf7-validates-as-required wpcf7-validates-as-email\" aria-required=\"true\" aria-invalid=\"false\" value=\"\" type=\"email\" name=\"your-email\" \/><\/span> <\/label>\n<\/p>\n<p><label> Contact Number<br \/>\n<span class=\"wpcf7-form-control-wrap\" data-name=\"your-phone\"><input size=\"40\" class=\"wpcf7-form-control wpcf7-text wpcf7-tel wpcf7-validates-as-tel\" aria-invalid=\"false\" placeholder=\"+385\" value=\"\" type=\"tel\" name=\"your-phone\" \/><\/span><\/label>\n<\/p>\n<p><label> Time (required)<br \/>\n<span class=\"wpcf7-form-control-wrap\" data-name=\"your-time\"><input size=\"40\" class=\"wpcf7-form-control wpcf7-text wpcf7-validates-as-required\" aria-required=\"true\" aria-invalid=\"false\" value=\"\" type=\"text\" name=\"your-time\" \/><\/span> <\/label>\n<\/p>\n<p><label> Date (required)<br \/>\n<span class=\"wpcf7-form-control-wrap\" data-name=\"your-date\"><input class=\"wpcf7-form-control wpcf7-date wpcf7-validates-as-required wpcf7-validates-as-date required\" min=\"2026-04-10\" step=\"1\" aria-required=\"true\" aria-invalid=\"false\" value=\"\" type=\"date\" name=\"your-date\" \/><\/span> <\/label>\n<\/p>\n<p><label> Note<br \/>\n<span class=\"wpcf7-form-control-wrap\" data-name=\"your-message\"><textarea cols=\"40\" rows=\"10\" class=\"wpcf7-form-control wpcf7-textarea\" aria-invalid=\"false\" name=\"your-message\"><\/textarea><\/span> <\/label>\n<\/p>\n<p><input class=\"wpcf7-form-control has-spinner wpcf7-submit\" type=\"submit\" value=\"Send\" \/>\n<\/p><div class=\"wpcf7-response-output\" aria-hidden=\"true\"><\/div>\n<input type=\"hidden\" name=\"trp-form-language\" value=\"en\"\/><\/form>\n<\/div>\n<\/p>\t\t\t\t\t\t<\/div>\n\t\t\t\t<\/div>\n\t\t\t\t\t<\/div>\n\t\t<\/div>\n\t\t\t\t\t\t\t<\/div>\n\t\t<\/section>\n\t\t\t\t<section class=\"elementor-section elementor-top-section elementor-element elementor-element-3a125ea elementor-section-boxed elementor-section-height-default elementor-section-height-default\" data-id=\"3a125ea\" data-element_type=\"section\">\n\t\t\t\t\t\t<div class=\"elementor-container elementor-column-gap-default\">\n\t\t\t\t\t<div class=\"elementor-column elementor-col-100 elementor-top-column elementor-element elementor-element-15778ce\" data-id=\"15778ce\" data-element_type=\"column\">\n\t\t\t<div class=\"elementor-widget-wrap elementor-element-populated\">\n\t\t\t\t\t\t\t\t<div class=\"elementor-element elementor-element-a8b13ca elementor-widget elementor-widget-heading\" data-id=\"a8b13ca\" data-element_type=\"widget\" data-widget_type=\"heading.default\">\n\t\t\t\t<div class=\"elementor-widget-container\">\n\t\t\t<style>\/*! elementor - v3.14.0 - 26-06-2023 *\/\n.elementor-heading-title{padding:0;margin:0;line-height:1}.elementor-widget-heading .elementor-heading-title[class*=elementor-size-]>a{color:inherit;font-size:inherit;line-height:inherit}.elementor-widget-heading .elementor-heading-title.elementor-size-small{font-size:15px}.elementor-widget-heading .elementor-heading-title.elementor-size-medium{font-size:19px}.elementor-widget-heading .elementor-heading-title.elementor-size-large{font-size:29px}.elementor-widget-heading .elementor-heading-title.elementor-size-xl{font-size:39px}.elementor-widget-heading .elementor-heading-title.elementor-size-xxl{font-size:59px}<\/style><h2 class=\"elementor-heading-title elementor-size-default\">You might be interested...<\/h2>\t\t<\/div>\n\t\t\t\t<\/div>\n\t\t\t\t\t<\/div>\n\t\t<\/div>\n\t\t\t\t\t\t\t<\/div>\n\t\t<\/section>\n\t\t\t\t<section class=\"elementor-section elementor-top-section elementor-element elementor-element-1cc85eb elementor-section-boxed elementor-section-height-default elementor-section-height-default\" data-id=\"1cc85eb\" data-element_type=\"section\">\n\t\t\t\t\t\t<div class=\"elementor-container elementor-column-gap-default\">\n\t\t\t\t\t<div class=\"elementor-column elementor-col-100 elementor-top-column elementor-element elementor-element-068f756\" data-id=\"068f756\" data-element_type=\"column\">\n\t\t\t<div class=\"elementor-widget-wrap elementor-element-populated\">\n\t\t\t\t\t\t\t\t\t<\/div>\n\t\t<\/div>\n\t\t\t\t\t\t\t<\/div>\n\t\t<\/section>\n\t\t\t\t\t\t\t<\/div>","protected":false},"excerpt":{"rendered":"<p>Ukoliko \u017eelite posjetiti Dubrovnik ili bilo koji drugi grad na Jadranu, upotrijebite na\u0161 taksi. Mi \u0107emo Vam organizirati prijevoz od Marine Mandaline od aerodroma u Dubrovniku. Putovanje od Marine Mandaline do Aerodroma u Dubrovniku Nakon \u0161to ste zavr\u0161ili svoje odmaranje na jadranu, opu\u0161tali i u\u017eivati u pogledu na panoramu u&#8230;<\/p>","protected":false},"author":5,"featured_media":2531,"parent":2168,"menu_order":0,"comment_status":"closed","ping_status":"closed","template":"","meta":{"_mi_skip_tracking":false,"_exactmetrics_sitenote_active":false,"_exactmetrics_sitenote_note":"","_exactmetrics_sitenote_category":0},"yoast_head":"<!-- This site is optimized with the Yoast SEO plugin v19.6.1 - https:\/\/yoast.com\/wordpress\/plugins\/seo\/ -->\n<title>Marina Mandalina - Aerodrom Dubrovnik Transfer | Taxi \u0160ibenik<\/title>\n<meta name=\"description\" content=\"Taxi \u0160ibenik \u0107e Vam organizirati transfer od Marine Mandaline do Aerodroma u Dubrovniku i drugih destinacija koje biste htjeli posjetiti.\" \/>\n<meta name=\"robots\" content=\"index, follow, max-snippet:-1, max-image-preview:large, max-video-preview:-1\" \/>\n<link rel=\"canonical\" href=\"https:\/\/sibeniktaxi.com\/en\/airport-transferi\/od-marine-mandalina-do-aerodroma-u-dubrovniku\/\" \/>\n<meta property=\"og:locale\" content=\"en_US\" \/>\n<meta property=\"og:type\" content=\"article\" \/>\n<meta property=\"og:title\" content=\"Marina Mandalina - Aerodrom Dubrovnik Transfer | Taxi \u0160ibenik\" \/>\n<meta property=\"og:description\" content=\"Taxi \u0160ibenik \u0107e Vam organizirati transfer od Marine Mandaline do Aerodroma u Dubrovniku i drugih destinacija koje biste htjeli posjetiti.\" \/>\n<meta property=\"og:url\" content=\"https:\/\/sibeniktaxi.com\/en\/airport-transferi\/od-marine-mandalina-do-aerodroma-u-dubrovniku\/\" \/>\n<meta property=\"og:site_name\" content=\"Taxi \u0160ibenik\" \/>\n<meta property=\"article:publisher\" content=\"https:\/\/www.facebook.com\/sibeniktaxi\/\" \/>\n<meta property=\"article:modified_time\" content=\"2023-01-25T11:41:40+00:00\" \/>\n<meta property=\"og:image\" content=\"https:\/\/sibeniktaxi.com\/wp-content\/uploads\/2022\/07\/aerodrom-Dubrovnik.jpg\" \/>\n\t<meta property=\"og:image:width\" content=\"1600\" \/>\n\t<meta property=\"og:image:height\" content=\"1066\" \/>\n\t<meta property=\"og:image:type\" content=\"image\/jpeg\" \/>\n<meta name=\"twitter:card\" content=\"summary\" \/>\n<meta name=\"twitter:label1\" content=\"Est. reading time\" \/>\n\t<meta name=\"twitter:data1\" content=\"3 minutes\" \/>\n<script type=\"application\/ld+json\" class=\"yoast-schema-graph\">{\"@context\":\"https:\/\/schema.org\",\"@graph\":[{\"@type\":\"WebPage\",\"@id\":\"https:\/\/sibeniktaxi.com\/airport-transferi\/od-marine-mandalina-do-aerodroma-u-dubrovniku\/\",\"url\":\"https:\/\/sibeniktaxi.com\/airport-transferi\/od-marine-mandalina-do-aerodroma-u-dubrovniku\/\",\"name\":\"Marina Mandalina - Aerodrom Dubrovnik Transfer | Taxi \u0160ibenik\",\"isPartOf\":{\"@id\":\"https:\/\/sibeniktaxi.com\/#website\"},\"datePublished\":\"2022-07-27T06:11:57+00:00\",\"dateModified\":\"2023-01-25T11:41:40+00:00\",\"description\":\"Taxi \u0160ibenik \u0107e Vam organizirati transfer od Marine Mandaline do Aerodroma u Dubrovniku i drugih destinacija koje biste htjeli posjetiti.\",\"breadcrumb\":{\"@id\":\"https:\/\/sibeniktaxi.com\/airport-transferi\/od-marine-mandalina-do-aerodroma-u-dubrovniku\/#breadcrumb\"},\"inLanguage\":\"en-US\",\"potentialAction\":[{\"@type\":\"ReadAction\",\"target\":[\"https:\/\/sibeniktaxi.com\/airport-transferi\/od-marine-mandalina-do-aerodroma-u-dubrovniku\/\"]}]},{\"@type\":\"BreadcrumbList\",\"@id\":\"https:\/\/sibeniktaxi.com\/airport-transferi\/od-marine-mandalina-do-aerodroma-u-dubrovniku\/#breadcrumb\",\"itemListElement\":[{\"@type\":\"ListItem\",\"position\":1,\"name\":\"Taxi \u0160ibenik\",\"item\":\"https:\/\/sibeniktaxi.com\/\"},{\"@type\":\"ListItem\",\"position\":2,\"name\":\"Airport transferi\",\"item\":\"https:\/\/sibeniktaxi.com\/airport-transferi\/\"},{\"@type\":\"ListItem\",\"position\":3,\"name\":\"Transfer od Marine Mandalina do Zra\u010dne Luke Dubrovnik\"}]},{\"@type\":\"WebSite\",\"@id\":\"https:\/\/sibeniktaxi.com\/#website\",\"url\":\"https:\/\/sibeniktaxi.com\/\",\"name\":\"Taxi \u0160ibenik\",\"description\":\"Najbolji Taxi u gradu\",\"publisher\":{\"@id\":\"https:\/\/sibeniktaxi.com\/#organization\"},\"potentialAction\":[{\"@type\":\"SearchAction\",\"target\":{\"@type\":\"EntryPoint\",\"urlTemplate\":\"https:\/\/sibeniktaxi.com\/?s={search_term_string}\"},\"query-input\":\"required name=search_term_string\"}],\"inLanguage\":\"en-US\"},{\"@type\":\"Organization\",\"@id\":\"https:\/\/sibeniktaxi.com\/#organization\",\"name\":\"Taxi \u0160ibenik\",\"url\":\"https:\/\/sibeniktaxi.com\/\",\"sameAs\":[\"https:\/\/www.facebook.com\/sibeniktaxi\/\"],\"logo\":{\"@type\":\"ImageObject\",\"inLanguage\":\"en-US\",\"@id\":\"https:\/\/sibeniktaxi.com\/#\/schema\/logo\/image\/\",\"url\":\"https:\/\/sibeniktaxi.com\/wp-content\/uploads\/2018\/04\/cropped-TAXI-DALMACIJA-logo-lav-rose-3.png\",\"contentUrl\":\"https:\/\/sibeniktaxi.com\/wp-content\/uploads\/2018\/04\/cropped-TAXI-DALMACIJA-logo-lav-rose-3.png\",\"width\":\"240\",\"height\":\"116\",\"caption\":\"Taxi \u0160ibenik\"},\"image\":{\"@id\":\"https:\/\/sibeniktaxi.com\/#\/schema\/logo\/image\/\"}}]}<\/script>\n<!-- \/ Yoast SEO plugin. -->","yoast_head_json":{"title":"Marina Mandalina - Aerodrom Dubrovnik Transfer | Taxi \u0160ibenik","description":"Taxi \u0160ibenik \u0107e Vam organizirati transfer od Marine Mandaline do Aerodroma u Dubrovniku i drugih destinacija koje biste htjeli posjetiti.","robots":{"index":"index","follow":"follow","max-snippet":"max-snippet:-1","max-image-preview":"max-image-preview:large","max-video-preview":"max-video-preview:-1"},"canonical":"https:\/\/sibeniktaxi.com\/en\/airport-transferi\/od-marine-mandalina-do-aerodroma-u-dubrovniku\/","og_locale":"en_US","og_type":"article","og_title":"Marina Mandalina - Aerodrom Dubrovnik Transfer | Taxi \u0160ibenik","og_description":"Taxi \u0160ibenik \u0107e Vam organizirati transfer od Marine Mandaline do Aerodroma u Dubrovniku i drugih destinacija koje biste htjeli posjetiti.","og_url":"https:\/\/sibeniktaxi.com\/en\/airport-transferi\/od-marine-mandalina-do-aerodroma-u-dubrovniku\/","og_site_name":"Taxi \u0160ibenik","article_publisher":"https:\/\/www.facebook.com\/sibeniktaxi\/","article_modified_time":"2023-01-25T11:41:40+00:00","og_image":[{"width":1600,"height":1066,"url":"https:\/\/sibeniktaxi.com\/wp-content\/uploads\/2022\/07\/aerodrom-Dubrovnik.jpg","type":"image\/jpeg"}],"twitter_card":"summary","twitter_misc":{"Est. reading time":"3 minutes"},"schema":{"@context":"https:\/\/schema.org","@graph":[{"@type":"WebPage","@id":"https:\/\/sibeniktaxi.com\/airport-transferi\/od-marine-mandalina-do-aerodroma-u-dubrovniku\/","url":"https:\/\/sibeniktaxi.com\/airport-transferi\/od-marine-mandalina-do-aerodroma-u-dubrovniku\/","name":"Marina Mandalina - Aerodrom Dubrovnik Transfer | Taxi \u0160ibenik","isPartOf":{"@id":"https:\/\/sibeniktaxi.com\/#website"},"datePublished":"2022-07-27T06:11:57+00:00","dateModified":"2023-01-25T11:41:40+00:00","description":"Taxi \u0160ibenik \u0107e Vam organizirati transfer od Marine Mandaline do Aerodroma u Dubrovniku i drugih destinacija koje biste htjeli posjetiti.","breadcrumb":{"@id":"https:\/\/sibeniktaxi.com\/airport-transferi\/od-marine-mandalina-do-aerodroma-u-dubrovniku\/#breadcrumb"},"inLanguage":"en-US","potentialAction":[{"@type":"ReadAction","target":["https:\/\/sibeniktaxi.com\/airport-transferi\/od-marine-mandalina-do-aerodroma-u-dubrovniku\/"]}]},{"@type":"BreadcrumbList","@id":"https:\/\/sibeniktaxi.com\/airport-transferi\/od-marine-mandalina-do-aerodroma-u-dubrovniku\/#breadcrumb","itemListElement":[{"@type":"ListItem","position":1,"name":"Taxi \u0160ibenik","item":"https:\/\/sibeniktaxi.com\/"},{"@type":"ListItem","position":2,"name":"Airport transferi","item":"https:\/\/sibeniktaxi.com\/airport-transferi\/"},{"@type":"ListItem","position":3,"name":"Transfer od Marine Mandalina do Zra\u010dne Luke Dubrovnik"}]},{"@type":"WebSite","@id":"https:\/\/sibeniktaxi.com\/#website","url":"https:\/\/sibeniktaxi.com\/","name":"Taxi \u0160ibenik","description":"Najbolji Taxi u gradu","publisher":{"@id":"https:\/\/sibeniktaxi.com\/#organization"},"potentialAction":[{"@type":"SearchAction","target":{"@type":"EntryPoint","urlTemplate":"https:\/\/sibeniktaxi.com\/?s={search_term_string}"},"query-input":"required name=search_term_string"}],"inLanguage":"en-US"},{"@type":"Organization","@id":"https:\/\/sibeniktaxi.com\/#organization","name":"Taxi \u0160ibenik","url":"https:\/\/sibeniktaxi.com\/","sameAs":["https:\/\/www.facebook.com\/sibeniktaxi\/"],"logo":{"@type":"ImageObject","inLanguage":"en-US","@id":"https:\/\/sibeniktaxi.com\/#\/schema\/logo\/image\/","url":"https:\/\/sibeniktaxi.com\/wp-content\/uploads\/2018\/04\/cropped-TAXI-DALMACIJA-logo-lav-rose-3.png","contentUrl":"https:\/\/sibeniktaxi.com\/wp-content\/uploads\/2018\/04\/cropped-TAXI-DALMACIJA-logo-lav-rose-3.png","width":"240","height":"116","caption":"Taxi \u0160ibenik"},"image":{"@id":"https:\/\/sibeniktaxi.com\/#\/schema\/logo\/image\/"}}]}},"_links":{"self":[{"href":"https:\/\/sibeniktaxi.com\/en\/wp-json\/wp\/v2\/pages\/2529"}],"collection":[{"href":"https:\/\/sibeniktaxi.com\/en\/wp-json\/wp\/v2\/pages"}],"about":[{"href":"https:\/\/sibeniktaxi.com\/en\/wp-json\/wp\/v2\/types\/page"}],"author":[{"embeddable":true,"href":"https:\/\/sibeniktaxi.com\/en\/wp-json\/wp\/v2\/users\/5"}],"replies":[{"embeddable":true,"href":"https:\/\/sibeniktaxi.com\/en\/wp-json\/wp\/v2\/comments?post=2529"}],"version-history":[{"count":9,"href":"https:\/\/sibeniktaxi.com\/en\/wp-json\/wp\/v2\/pages\/2529\/revisions"}],"predecessor-version":[{"id":2868,"href":"https:\/\/sibeniktaxi.com\/en\/wp-json\/wp\/v2\/pages\/2529\/revisions\/2868"}],"up":[{"embeddable":true,"href":"https:\/\/sibeniktaxi.com\/en\/wp-json\/wp\/v2\/pages\/2168"}],"wp:featuredmedia":[{"embeddable":true,"href":"https:\/\/sibeniktaxi.com\/en\/wp-json\/wp\/v2\/media\/2531"}],"wp:attachment":[{"href":"https:\/\/sibeniktaxi.com\/en\/wp-json\/wp\/v2\/media?parent=2529"}],"curies":[{"name":"wp","href":"https:\/\/api.w.org\/{rel}","templated":true}]}}