{"id":2621,"date":"2022-07-28T10:42:13","date_gmt":"2022-07-28T10:42:13","guid":{"rendered":"https:\/\/sibeniktaxi.com\/?page_id=2621"},"modified":"2023-01-25T11:43:18","modified_gmt":"2023-01-25T11:43:18","slug":"od-solarisa-do-aerodroma-u-zagrebu","status":"publish","type":"page","link":"https:\/\/sibeniktaxi.com\/en\/airport-transfers\/from-solaris-to-zagreb-airport\/","title":{"rendered":"Transfer from Solaris to Zagreb Airport"},"content":{"rendered":"<div data-elementor-type=\"wp-page\" data-elementor-id=\"2621\" class=\"elementor elementor-2621\">\n\t\t\t\t\t\t\t\t\t<section class=\"elementor-section elementor-top-section elementor-element elementor-element-c8e33bb elementor-section-boxed elementor-section-height-default elementor-section-height-default\" data-id=\"c8e33bb\" data-element_type=\"section\">\n\t\t\t\t\t\t<div class=\"elementor-container elementor-column-gap-default\">\n\t\t\t\t\t<div class=\"elementor-column elementor-col-100 elementor-top-column elementor-element elementor-element-74db118\" data-id=\"74db118\" data-element_type=\"column\">\n\t\t\t<div class=\"elementor-widget-wrap elementor-element-populated\">\n\t\t\t\t\t\t\t\t<div class=\"elementor-element elementor-element-e859a6a elementor-widget elementor-widget-text-editor\" data-id=\"e859a6a\" data-element_type=\"widget\" data-widget_type=\"text-editor.default\">\n\t\t\t\t<div class=\"elementor-widget-container\">\n\t\t\t<style>\/*! elementor - v3.14.0 - 26-06-2023 *\/\n.elementor-widget-text-editor.elementor-drop-cap-view-stacked .elementor-drop-cap{background-color:#69727d;color:#fff}.elementor-widget-text-editor.elementor-drop-cap-view-framed .elementor-drop-cap{color:#69727d;border:3px solid;background-color:transparent}.elementor-widget-text-editor:not(.elementor-drop-cap-view-default) .elementor-drop-cap{margin-top:8px}.elementor-widget-text-editor:not(.elementor-drop-cap-view-default) .elementor-drop-cap-letter{width:1em;height:1em}.elementor-widget-text-editor .elementor-drop-cap{float:left;text-align:center;line-height:1;font-size:50px}.elementor-widget-text-editor .elementor-drop-cap-letter{display:inline-block}<\/style>\t\t\t\t<p><span style=\"font-weight: 400;\">If you want a quiet, fast and economical ride to Zagreb Airport, Taxi \u0160ibenik makes an offer you can't refuse!<\/span><\/p><h2><strong>Transfer from Solaris to Zagreb Airport<\/strong><\/h2><p><span style=\"font-weight: 400;\">Transfer from Solaris to Zagreb Airport is simple and fast. You can choose between a 4+1 seater car or a 7+1 for larger groups. Taxi is the fastest and easiest way to get to the airport.<\/span><\/p><p><span style=\"font-weight: 400;\">The distance from Solaris to Zagreb Airport is 350 km and it will take you 3 and a half hours to get there.<\/span><\/p><p><span style=\"font-weight: 400;\">Our driver will wait for you at Solaris with a sign with your name and surname, and will take you to Zagreb Airport.<\/span><\/p><p><span style=\"font-weight: 400;\">Don't bother with unreliable bus or tram schedules, but travel relaxed and worry-free. Our drivers will take you from your door to your desired destination in comfortable vehicles.\u00a0<\/span><\/p><p><span style=\"font-weight: 400;\">There is always a spot reserved for taxis at the airport, so sit in our taxi and leave all your worries to your driver.<\/span><\/p><p><img loading=\"lazy\" class=\"aligncenter size-full wp-image-2623\" src=\"https:\/\/sibeniktaxi.com\/wp-content\/uploads\/2022\/07\/airport-zagreb.jpg\" alt=\"airport zagreb\" width=\"1280\" height=\"853\" srcset=\"https:\/\/sibeniktaxi.com\/wp-content\/uploads\/2022\/07\/airport-zagreb.jpg 1280w, https:\/\/sibeniktaxi.com\/wp-content\/uploads\/2022\/07\/airport-zagreb-300x200.jpg 300w, https:\/\/sibeniktaxi.com\/wp-content\/uploads\/2022\/07\/airport-zagreb-768x512.jpg 768w, https:\/\/sibeniktaxi.com\/wp-content\/uploads\/2022\/07\/airport-zagreb-1024x682.jpg 1024w, https:\/\/sibeniktaxi.com\/wp-content\/uploads\/2022\/07\/airport-zagreb-272x182.jpg 272w\" sizes=\"(max-width: 1280px) 100vw, 1280px\" \/><\/p><h2><strong>Zagreb Airport\u00a0<\/strong><\/h2><p><span style=\"font-weight: 400;\">Taxi \u0160ibenik provides transportation of passengers directly to the Zagreb airport. Our taxi service will ensure that you arrive at your flight without any problems.\u00a0<\/span><\/p><p><span style=\"font-weight: 400;\">Zagreb Airport is one of the largest and highest quality aviation complexes in Croatia. Easy and accessible parking right next to the entrance runway, wide corridors and a mild climate inside will help you transfer the difficult process of transporting passengers to your driver.<\/span><\/p><p><span style=\"font-weight: 400;\">You should arrive at the airport at least 120 minutes before your flight, and if you want to be sure that you will arrive on time for your flight, then the best option is to book your transportation in advance.<\/span><\/p><h2><strong>Price overview<\/strong><\/h2><p><span style=\"font-weight: 400;\">When you want to rely on Taxi \u0160ibenik for a transfer to Zagreb Airport, you have several options available. Taxi \u0160ibenik offers a standard passenger transport service with a car, as well as a fast and comfortable transfer option with your own driver.<\/span><\/p><p><span style=\"font-weight: 400;\">In addition to modern taxis, we also offer a new Mercedes V-Class that can transport up to 8 people, which is a great option for those traveling with family or friends.\u00a0<\/span><\/p><p><span style=\"font-weight: 400;\">Trips to the airport usually involve private transfers and this is the biggest advantage of this mode of travel, which is the flexibility of traveling with a private driver. Reduce your stress or avoid it altogether and go on a wonderful vacation, and most importantly at the best price.<\/span><\/p><p class=\"translation-block\"><span style=\"font-weight: 400\">The price of the service depends on the number of people traveling and the route you will use, and you can find out more about the prices by filling out the <\/span><span style=\"font-weight: 400\">details form<\/span><span style=\"font-weight: 400\">.<\/span><\/p><h2><strong>Transfer reservation<\/strong><\/h2><p><span style=\"font-weight: 400;\">If you are looking for the best and most affordable way to transfer from Solaris to Zagreb Airport, then booking our transfer is the right choice for you!\u00a0<\/span><\/p><p><span style=\"font-weight: 400;\">We have several options in our offer and we will definitely find one that suits your needs and desires.<\/span><\/p><p><span style=\"font-weight: 400;\">To book a transfer from Solaris to Zagreb Airport, please fill out the booking form. We will then contact you by email or phone to confirm your booking.<\/span><\/p><p class=\"translation-block\"><span style=\"font-weight: 400\">In addition to transfers from Solaris to Zagreb Airport, our offer also includes transportation services from Solaris to <\/span><a href=\"https:\/\/sibeniktaxi.com\/en\/transfer-od-solarisa-do-aerodroma-u-zadru\/\" target=\"_self\"><span style=\"font-weight: 400\">Zadar Airport<\/span><\/a><span style=\"font-weight: 400\">or to <\/span><a href=\"https:\/\/sibeniktaxi.com\/en\/transfer-od-solarisa-do-aerodroma-u-splitu\/\" target=\"_self\"><span style=\"font-weight: 400\">Split Airport<\/span><\/a><span style=\"font-weight: 400\">.<\/span><\/p><h2><strong>Book a Transfer<\/strong><\/h2><p class=\"translation-block\"><a href=\"https:\/\/sibeniktaxi.com\/en\/#contact\" target=\"_self\"><span style=\"font-weight: 400\">Call<\/span><\/a><span style=\"font-weight: 400\">Taxi \u0160ibenik or fill out the contact form to ride according to <\/span><b>Your <\/b><span style=\"font-weight: 400\">schedule!<\/span><\/p><p>\n<div class=\"wpcf7 no-js\" id=\"wpcf7-f2109-o1\" lang=\"en-US\" dir=\"ltr\">\n<div class=\"screen-reader-response\"><p role=\"status\" aria-live=\"polite\" aria-atomic=\"true\"><\/p> <ul><\/ul><\/div>\n<form action=\"\/en\/wp-json\/wp\/v2\/pages\/2621#wpcf7-f2109-o1\" method=\"post\" class=\"wpcf7-form init\" aria-label=\"Contact form\" novalidate=\"novalidate\" data-status=\"init\" data-trp-original-action=\"\/en\/wp-json\/wp\/v2\/pages\/2621#wpcf7-f2109-o1\">\n<div style=\"display: none;\">\n<input type=\"hidden\" name=\"_wpcf7\" value=\"2109\" \/>\n<input type=\"hidden\" name=\"_wpcf7_version\" value=\"5.7.7\" \/>\n<input type=\"hidden\" name=\"_wpcf7_locale\" value=\"en_US\" \/>\n<input type=\"hidden\" name=\"_wpcf7_unit_tag\" value=\"wpcf7-f2109-o1\" \/>\n<input type=\"hidden\" name=\"_wpcf7_container_post\" value=\"0\" \/>\n<input type=\"hidden\" name=\"_wpcf7_posted_data_hash\" value=\"\" \/>\n<input type=\"hidden\" name=\"_wpcf7_recaptcha_response\" value=\"\" \/>\n<\/div>\n<p><label> Your Email (required)<br \/>\n<span class=\"wpcf7-form-control-wrap\" data-name=\"your-email\"><input size=\"40\" class=\"wpcf7-form-control wpcf7-text wpcf7-email wpcf7-validates-as-required wpcf7-validates-as-email\" aria-required=\"true\" aria-invalid=\"false\" value=\"\" type=\"email\" name=\"your-email\" \/><\/span> <\/label>\n<\/p>\n<p><label> Contact Number<br \/>\n<span class=\"wpcf7-form-control-wrap\" data-name=\"your-phone\"><input size=\"40\" class=\"wpcf7-form-control wpcf7-text wpcf7-tel wpcf7-validates-as-tel\" aria-invalid=\"false\" placeholder=\"+385\" value=\"\" type=\"tel\" name=\"your-phone\" \/><\/span><\/label>\n<\/p>\n<p><label> Time (required)<br \/>\n<span class=\"wpcf7-form-control-wrap\" data-name=\"your-time\"><input size=\"40\" class=\"wpcf7-form-control wpcf7-text wpcf7-validates-as-required\" aria-required=\"true\" aria-invalid=\"false\" value=\"\" type=\"text\" name=\"your-time\" \/><\/span> <\/label>\n<\/p>\n<p><label> Date (required)<br \/>\n<span class=\"wpcf7-form-control-wrap\" data-name=\"your-date\"><input class=\"wpcf7-form-control wpcf7-date wpcf7-validates-as-required wpcf7-validates-as-date required\" min=\"2026-04-05\" step=\"1\" aria-required=\"true\" aria-invalid=\"false\" value=\"\" type=\"date\" name=\"your-date\" \/><\/span> <\/label>\n<\/p>\n<p><label> Note<br \/>\n<span class=\"wpcf7-form-control-wrap\" data-name=\"your-message\"><textarea cols=\"40\" rows=\"10\" class=\"wpcf7-form-control wpcf7-textarea\" aria-invalid=\"false\" name=\"your-message\"><\/textarea><\/span> <\/label>\n<\/p>\n<p><input class=\"wpcf7-form-control has-spinner wpcf7-submit\" type=\"submit\" value=\"Send\" \/>\n<\/p><div class=\"wpcf7-response-output\" aria-hidden=\"true\"><\/div>\n<input type=\"hidden\" name=\"trp-form-language\" value=\"en\"\/><\/form>\n<\/div>\n<\/p>\t\t\t\t\t\t<\/div>\n\t\t\t\t<\/div>\n\t\t\t\t\t<\/div>\n\t\t<\/div>\n\t\t\t\t\t\t\t<\/div>\n\t\t<\/section>\n\t\t\t\t<section class=\"elementor-section elementor-top-section elementor-element elementor-element-e4e40cf elementor-section-boxed elementor-section-height-default elementor-section-height-default\" data-id=\"e4e40cf\" data-element_type=\"section\">\n\t\t\t\t\t\t<div class=\"elementor-container elementor-column-gap-default\">\n\t\t\t\t\t<div class=\"elementor-column elementor-col-100 elementor-top-column elementor-element elementor-element-b873056\" data-id=\"b873056\" data-element_type=\"column\">\n\t\t\t<div class=\"elementor-widget-wrap elementor-element-populated\">\n\t\t\t\t\t\t\t\t<div class=\"elementor-element elementor-element-bf72f62 elementor-widget elementor-widget-heading\" data-id=\"bf72f62\" data-element_type=\"widget\" data-widget_type=\"heading.default\">\n\t\t\t\t<div class=\"elementor-widget-container\">\n\t\t\t<style>\/*! elementor - v3.14.0 - 26-06-2023 *\/\n.elementor-heading-title{padding:0;margin:0;line-height:1}.elementor-widget-heading .elementor-heading-title[class*=elementor-size-]>a{color:inherit;font-size:inherit;line-height:inherit}.elementor-widget-heading .elementor-heading-title.elementor-size-small{font-size:15px}.elementor-widget-heading .elementor-heading-title.elementor-size-medium{font-size:19px}.elementor-widget-heading .elementor-heading-title.elementor-size-large{font-size:29px}.elementor-widget-heading .elementor-heading-title.elementor-size-xl{font-size:39px}.elementor-widget-heading .elementor-heading-title.elementor-size-xxl{font-size:59px}<\/style><h2 class=\"elementor-heading-title elementor-size-default\">You might be interested...<\/h2>\t\t<\/div>\n\t\t\t\t<\/div>\n\t\t\t\t\t<\/div>\n\t\t<\/div>\n\t\t\t\t\t\t\t<\/div>\n\t\t<\/section>\n\t\t\t\t<section class=\"elementor-section elementor-top-section elementor-element elementor-element-3048fd3 elementor-section-boxed elementor-section-height-default elementor-section-height-default\" data-id=\"3048fd3\" data-element_type=\"section\">\n\t\t\t\t\t\t<div class=\"elementor-container elementor-column-gap-default\">\n\t\t\t\t\t<div class=\"elementor-column elementor-col-100 elementor-top-column elementor-element elementor-element-c91ac88\" data-id=\"c91ac88\" data-element_type=\"column\">\n\t\t\t<div class=\"elementor-widget-wrap elementor-element-populated\">\n\t\t\t\t\t\t\t\t\t<\/div>\n\t\t<\/div>\n\t\t\t\t\t\t\t<\/div>\n\t\t<\/section>\n\t\t\t\t\t\t\t<\/div>","protected":false},"excerpt":{"rendered":"<p>\u017delite li mirnu, brzu i ekonomi\u010dnu vo\u017enju do zagreba\u010dkog aerodroma, Taxi \u0160ibenik donosi ponudu koju ne mo\u017eete odbiti! Transfer od Solarisa do Aerodroma u Zagrebu Transfer od Solarisa do Aerodroma u Zagrebu je jednostavan i brz. Mo\u017eete birati izme\u0111u automobila s 4+1 sjedala ili 7+1 za vece grupe. Taksi je&#8230;<\/p>","protected":false},"author":5,"featured_media":2623,"parent":2168,"menu_order":0,"comment_status":"closed","ping_status":"closed","template":"","meta":{"_mi_skip_tracking":false,"_exactmetrics_sitenote_active":false,"_exactmetrics_sitenote_note":"","_exactmetrics_sitenote_category":0},"yoast_head":"<!-- This site is optimized with the Yoast SEO plugin v19.6.1 - https:\/\/yoast.com\/wordpress\/plugins\/seo\/ -->\n<title>Solaris - Aerodrom Zagreb Transfer | Taxi \u0160ibenik<\/title>\n<meta name=\"description\" content=\"Transfer od Solarisa do aerodroma u Zagrebu zna biti naporan. Ukoliko \u017eelite ugodnu vo\u017enju, Taxi \u0160ibenik je rje\u0161enje za Vas!\" \/>\n<meta name=\"robots\" content=\"index, follow, max-snippet:-1, max-image-preview:large, max-video-preview:-1\" \/>\n<link rel=\"canonical\" href=\"https:\/\/sibeniktaxi.com\/en\/airport-transferi\/od-solarisa-do-aerodroma-u-zagrebu\/\" \/>\n<meta property=\"og:locale\" content=\"en_US\" \/>\n<meta property=\"og:type\" content=\"article\" \/>\n<meta property=\"og:title\" content=\"Solaris - Aerodrom Zagreb Transfer | Taxi \u0160ibenik\" \/>\n<meta property=\"og:description\" content=\"Transfer od Solarisa do aerodroma u Zagrebu zna biti naporan. Ukoliko \u017eelite ugodnu vo\u017enju, Taxi \u0160ibenik je rje\u0161enje za Vas!\" \/>\n<meta property=\"og:url\" content=\"https:\/\/sibeniktaxi.com\/en\/airport-transferi\/od-solarisa-do-aerodroma-u-zagrebu\/\" \/>\n<meta property=\"og:site_name\" content=\"Taxi \u0160ibenik\" \/>\n<meta property=\"article:publisher\" content=\"https:\/\/www.facebook.com\/sibeniktaxi\/\" \/>\n<meta property=\"article:modified_time\" content=\"2023-01-25T11:43:18+00:00\" \/>\n<meta property=\"og:image\" content=\"https:\/\/sibeniktaxi.com\/wp-content\/uploads\/2022\/07\/airport-zagreb.jpg\" \/>\n\t<meta property=\"og:image:width\" content=\"1280\" \/>\n\t<meta property=\"og:image:height\" content=\"853\" \/>\n\t<meta property=\"og:image:type\" content=\"image\/jpeg\" \/>\n<meta name=\"twitter:card\" content=\"summary\" \/>\n<meta name=\"twitter:label1\" content=\"Est. reading time\" \/>\n\t<meta name=\"twitter:data1\" content=\"3 minutes\" \/>\n<script type=\"application\/ld+json\" class=\"yoast-schema-graph\">{\"@context\":\"https:\/\/schema.org\",\"@graph\":[{\"@type\":\"WebPage\",\"@id\":\"https:\/\/sibeniktaxi.com\/airport-transferi\/od-solarisa-do-aerodroma-u-zagrebu\/\",\"url\":\"https:\/\/sibeniktaxi.com\/airport-transferi\/od-solarisa-do-aerodroma-u-zagrebu\/\",\"name\":\"Solaris - Aerodrom Zagreb Transfer | Taxi \u0160ibenik\",\"isPartOf\":{\"@id\":\"https:\/\/sibeniktaxi.com\/#website\"},\"datePublished\":\"2022-07-28T10:42:13+00:00\",\"dateModified\":\"2023-01-25T11:43:18+00:00\",\"description\":\"Transfer od Solarisa do aerodroma u Zagrebu zna biti naporan. Ukoliko \u017eelite ugodnu vo\u017enju, Taxi \u0160ibenik je rje\u0161enje za Vas!\",\"breadcrumb\":{\"@id\":\"https:\/\/sibeniktaxi.com\/airport-transferi\/od-solarisa-do-aerodroma-u-zagrebu\/#breadcrumb\"},\"inLanguage\":\"en-US\",\"potentialAction\":[{\"@type\":\"ReadAction\",\"target\":[\"https:\/\/sibeniktaxi.com\/airport-transferi\/od-solarisa-do-aerodroma-u-zagrebu\/\"]}]},{\"@type\":\"BreadcrumbList\",\"@id\":\"https:\/\/sibeniktaxi.com\/airport-transferi\/od-solarisa-do-aerodroma-u-zagrebu\/#breadcrumb\",\"itemListElement\":[{\"@type\":\"ListItem\",\"position\":1,\"name\":\"Taxi \u0160ibenik\",\"item\":\"https:\/\/sibeniktaxi.com\/\"},{\"@type\":\"ListItem\",\"position\":2,\"name\":\"Airport transferi\",\"item\":\"https:\/\/sibeniktaxi.com\/airport-transferi\/\"},{\"@type\":\"ListItem\",\"position\":3,\"name\":\"Transfer od Solarisa do Zra\u010dne Luke Zagreb\"}]},{\"@type\":\"WebSite\",\"@id\":\"https:\/\/sibeniktaxi.com\/#website\",\"url\":\"https:\/\/sibeniktaxi.com\/\",\"name\":\"Taxi \u0160ibenik\",\"description\":\"Najbolji Taxi u gradu\",\"publisher\":{\"@id\":\"https:\/\/sibeniktaxi.com\/#organization\"},\"potentialAction\":[{\"@type\":\"SearchAction\",\"target\":{\"@type\":\"EntryPoint\",\"urlTemplate\":\"https:\/\/sibeniktaxi.com\/?s={search_term_string}\"},\"query-input\":\"required name=search_term_string\"}],\"inLanguage\":\"en-US\"},{\"@type\":\"Organization\",\"@id\":\"https:\/\/sibeniktaxi.com\/#organization\",\"name\":\"Taxi \u0160ibenik\",\"url\":\"https:\/\/sibeniktaxi.com\/\",\"sameAs\":[\"https:\/\/www.facebook.com\/sibeniktaxi\/\"],\"logo\":{\"@type\":\"ImageObject\",\"inLanguage\":\"en-US\",\"@id\":\"https:\/\/sibeniktaxi.com\/#\/schema\/logo\/image\/\",\"url\":\"https:\/\/sibeniktaxi.com\/wp-content\/uploads\/2018\/04\/cropped-TAXI-DALMACIJA-logo-lav-rose-3.png\",\"contentUrl\":\"https:\/\/sibeniktaxi.com\/wp-content\/uploads\/2018\/04\/cropped-TAXI-DALMACIJA-logo-lav-rose-3.png\",\"width\":\"240\",\"height\":\"116\",\"caption\":\"Taxi \u0160ibenik\"},\"image\":{\"@id\":\"https:\/\/sibeniktaxi.com\/#\/schema\/logo\/image\/\"}}]}<\/script>\n<!-- \/ Yoast SEO plugin. -->","yoast_head_json":{"title":"Solaris - Aerodrom Zagreb Transfer | Taxi \u0160ibenik","description":"Transfer od Solarisa do aerodroma u Zagrebu zna biti naporan. Ukoliko \u017eelite ugodnu vo\u017enju, Taxi \u0160ibenik je rje\u0161enje za Vas!","robots":{"index":"index","follow":"follow","max-snippet":"max-snippet:-1","max-image-preview":"max-image-preview:large","max-video-preview":"max-video-preview:-1"},"canonical":"https:\/\/sibeniktaxi.com\/en\/airport-transferi\/od-solarisa-do-aerodroma-u-zagrebu\/","og_locale":"en_US","og_type":"article","og_title":"Solaris - Aerodrom Zagreb Transfer | Taxi \u0160ibenik","og_description":"Transfer od Solarisa do aerodroma u Zagrebu zna biti naporan. Ukoliko \u017eelite ugodnu vo\u017enju, Taxi \u0160ibenik je rje\u0161enje za Vas!","og_url":"https:\/\/sibeniktaxi.com\/en\/airport-transferi\/od-solarisa-do-aerodroma-u-zagrebu\/","og_site_name":"Taxi \u0160ibenik","article_publisher":"https:\/\/www.facebook.com\/sibeniktaxi\/","article_modified_time":"2023-01-25T11:43:18+00:00","og_image":[{"width":1280,"height":853,"url":"https:\/\/sibeniktaxi.com\/wp-content\/uploads\/2022\/07\/airport-zagreb.jpg","type":"image\/jpeg"}],"twitter_card":"summary","twitter_misc":{"Est. reading time":"3 minutes"},"schema":{"@context":"https:\/\/schema.org","@graph":[{"@type":"WebPage","@id":"https:\/\/sibeniktaxi.com\/airport-transferi\/od-solarisa-do-aerodroma-u-zagrebu\/","url":"https:\/\/sibeniktaxi.com\/airport-transferi\/od-solarisa-do-aerodroma-u-zagrebu\/","name":"Solaris - Aerodrom Zagreb Transfer | Taxi \u0160ibenik","isPartOf":{"@id":"https:\/\/sibeniktaxi.com\/#website"},"datePublished":"2022-07-28T10:42:13+00:00","dateModified":"2023-01-25T11:43:18+00:00","description":"Transfer od Solarisa do aerodroma u Zagrebu zna biti naporan. Ukoliko \u017eelite ugodnu vo\u017enju, Taxi \u0160ibenik je rje\u0161enje za Vas!","breadcrumb":{"@id":"https:\/\/sibeniktaxi.com\/airport-transferi\/od-solarisa-do-aerodroma-u-zagrebu\/#breadcrumb"},"inLanguage":"en-US","potentialAction":[{"@type":"ReadAction","target":["https:\/\/sibeniktaxi.com\/airport-transferi\/od-solarisa-do-aerodroma-u-zagrebu\/"]}]},{"@type":"BreadcrumbList","@id":"https:\/\/sibeniktaxi.com\/airport-transferi\/od-solarisa-do-aerodroma-u-zagrebu\/#breadcrumb","itemListElement":[{"@type":"ListItem","position":1,"name":"Taxi \u0160ibenik","item":"https:\/\/sibeniktaxi.com\/"},{"@type":"ListItem","position":2,"name":"Airport transferi","item":"https:\/\/sibeniktaxi.com\/airport-transferi\/"},{"@type":"ListItem","position":3,"name":"Transfer od Solarisa do Zra\u010dne Luke Zagreb"}]},{"@type":"WebSite","@id":"https:\/\/sibeniktaxi.com\/#website","url":"https:\/\/sibeniktaxi.com\/","name":"Taxi \u0160ibenik","description":"Najbolji Taxi u gradu","publisher":{"@id":"https:\/\/sibeniktaxi.com\/#organization"},"potentialAction":[{"@type":"SearchAction","target":{"@type":"EntryPoint","urlTemplate":"https:\/\/sibeniktaxi.com\/?s={search_term_string}"},"query-input":"required name=search_term_string"}],"inLanguage":"en-US"},{"@type":"Organization","@id":"https:\/\/sibeniktaxi.com\/#organization","name":"Taxi \u0160ibenik","url":"https:\/\/sibeniktaxi.com\/","sameAs":["https:\/\/www.facebook.com\/sibeniktaxi\/"],"logo":{"@type":"ImageObject","inLanguage":"en-US","@id":"https:\/\/sibeniktaxi.com\/#\/schema\/logo\/image\/","url":"https:\/\/sibeniktaxi.com\/wp-content\/uploads\/2018\/04\/cropped-TAXI-DALMACIJA-logo-lav-rose-3.png","contentUrl":"https:\/\/sibeniktaxi.com\/wp-content\/uploads\/2018\/04\/cropped-TAXI-DALMACIJA-logo-lav-rose-3.png","width":"240","height":"116","caption":"Taxi \u0160ibenik"},"image":{"@id":"https:\/\/sibeniktaxi.com\/#\/schema\/logo\/image\/"}}]}},"_links":{"self":[{"href":"https:\/\/sibeniktaxi.com\/en\/wp-json\/wp\/v2\/pages\/2621"}],"collection":[{"href":"https:\/\/sibeniktaxi.com\/en\/wp-json\/wp\/v2\/pages"}],"about":[{"href":"https:\/\/sibeniktaxi.com\/en\/wp-json\/wp\/v2\/types\/page"}],"author":[{"embeddable":true,"href":"https:\/\/sibeniktaxi.com\/en\/wp-json\/wp\/v2\/users\/5"}],"replies":[{"embeddable":true,"href":"https:\/\/sibeniktaxi.com\/en\/wp-json\/wp\/v2\/comments?post=2621"}],"version-history":[{"count":12,"href":"https:\/\/sibeniktaxi.com\/en\/wp-json\/wp\/v2\/pages\/2621\/revisions"}],"predecessor-version":[{"id":2878,"href":"https:\/\/sibeniktaxi.com\/en\/wp-json\/wp\/v2\/pages\/2621\/revisions\/2878"}],"up":[{"embeddable":true,"href":"https:\/\/sibeniktaxi.com\/en\/wp-json\/wp\/v2\/pages\/2168"}],"wp:featuredmedia":[{"embeddable":true,"href":"https:\/\/sibeniktaxi.com\/en\/wp-json\/wp\/v2\/media\/2623"}],"wp:attachment":[{"href":"https:\/\/sibeniktaxi.com\/en\/wp-json\/wp\/v2\/media?parent=2621"}],"curies":[{"name":"wp","href":"https:\/\/api.w.org\/{rel}","templated":true}]}}