{"id":2794,"date":"2022-08-18T15:30:20","date_gmt":"2022-08-18T15:30:20","guid":{"rendered":"https:\/\/sibeniktaxi.com\/?page_id=2794"},"modified":"2023-01-25T11:40:55","modified_gmt":"2023-01-25T11:40:55","slug":"od-amadria-parka-do-aerodroma-split","status":"publish","type":"page","link":"https:\/\/sibeniktaxi.com\/en\/airport-transfers\/from-amadria-park-to-split-airport\/","title":{"rendered":"Transfer from Amadria Park to Split Airport"},"content":{"rendered":"<div data-elementor-type=\"wp-page\" data-elementor-id=\"2794\" class=\"elementor elementor-2794\">\n\t\t\t\t\t\t\t\t\t<section class=\"elementor-section elementor-top-section elementor-element elementor-element-70ebc9f4 elementor-section-boxed elementor-section-height-default elementor-section-height-default\" data-id=\"70ebc9f4\" data-element_type=\"section\">\n\t\t\t\t\t\t<div class=\"elementor-container elementor-column-gap-default\">\n\t\t\t\t\t<div class=\"elementor-column elementor-col-100 elementor-top-column elementor-element elementor-element-78c44081\" data-id=\"78c44081\" data-element_type=\"column\">\n\t\t\t<div class=\"elementor-widget-wrap elementor-element-populated\">\n\t\t\t\t\t\t\t\t<div class=\"elementor-element elementor-element-5f35858f elementor-widget elementor-widget-text-editor\" data-id=\"5f35858f\" data-element_type=\"widget\" data-widget_type=\"text-editor.default\">\n\t\t\t\t<div class=\"elementor-widget-container\">\n\t\t\t<style>\/*! elementor - v3.14.0 - 26-06-2023 *\/\n.elementor-widget-text-editor.elementor-drop-cap-view-stacked .elementor-drop-cap{background-color:#69727d;color:#fff}.elementor-widget-text-editor.elementor-drop-cap-view-framed .elementor-drop-cap{color:#69727d;border:3px solid;background-color:transparent}.elementor-widget-text-editor:not(.elementor-drop-cap-view-default) .elementor-drop-cap{margin-top:8px}.elementor-widget-text-editor:not(.elementor-drop-cap-view-default) .elementor-drop-cap-letter{width:1em;height:1em}.elementor-widget-text-editor .elementor-drop-cap{float:left;text-align:center;line-height:1;font-size:50px}.elementor-widget-text-editor .elementor-drop-cap-letter{display:inline-block}<\/style>\t\t\t\t<p><span style=\"font-weight: 400;\">You spent your vacation in Amadria Park, the largest hotel complex in the area of \u200b\u200b\u0160ibenik. You are returning home by plane or continuing your journey to another destination and need transportation to the nearest airport... What are your options?\u00a0<\/span><\/p><p><span style=\"font-weight: 400;\">If you find yourself in this story, you will agree that the fastest and most rational solution you can choose at this moment is to rent a taxi.<\/span><\/p><p><span style=\"font-weight: 400;\">Airport transfers, especially when you're in a popular destination that attracts a large number of visitors, can be quite a hassle. Public transportation is often the slowest and most unreliable option.\u00a0<\/span><\/p><p><span style=\"font-weight: 400;\">Crowds, nervousness, unfamiliarity with the roads \u2013 all of the above, once you get in a taxi, will no longer be your concern, but your driver's.<\/span><\/p><p><span style=\"font-weight: 400;\">The distance between Amadria Park and Split Airport, the second busiest airport in Croatia, is approximately 60 kilometers, which is approximately an hour's pleasant drive. Another airport that is also close by is <\/span><a href=\"https:\/\/sibeniktaxi.com\/en\/airport-transferi\/transfer-sibenik-zracna-luka-zadar\/\"><span style=\"font-weight: 400;\">aerodrom u Zadru<\/span><\/a><span style=\"font-weight: 400;\">, to which we also provide transportation.<\/span><\/p><p><span style=\"font-weight: 400;\">The ride to Split airport in our vehicles will pass in a flash, especially since the vehicles are modern, have comfortable seats, are safe, and, what is worth noting, are driven by our professional drivers.<\/span><\/p><h2>\u00a0<\/h2><h2><strong>Advantages of our service<\/strong><\/h2><p><span style=\"font-weight: 400;\">There are several advantages why you should choose our services, here are just a few:<\/span><\/p><ul><li><span style=\"font-weight: 400;\"> \u00a0 <\/span> <span style=\"font-weight: 400;\">A large range of vehicles, adapted to the number of passengers, so it doesn't matter whether you are traveling with the whole family or alone, there is certainly room in our vehicles.<\/span><\/li><li><span style=\"font-weight: 400;\"> \u00a0 <\/span> <span style=\"font-weight: 400;\">The vehicles in our fleet are regularly maintained and clean. When you first step into one of our vehicles, you'll think it came straight from a car dealership.<\/span><\/li><li><span style=\"font-weight: 400;\"> \u00a0 <\/span> <span style=\"font-weight: 400;\">The user of our services is always our first priority, and in order to be as accessible as possible to everyone who needs taxi services, we have ensured competitive prices.<\/span><\/li><li><span style=\"font-weight: 400;\"> \u00a0 <\/span> <span style=\"font-weight: 400;\">Professionalism and safety are something we do not compromise on. Driving a car can be dangerous and your safety is something we do not want to skimp on, which is why all our drivers are professionals.<\/span><\/li><li><span style=\"font-weight: 400;\"> \u00a0 <\/span> <span style=\"font-weight: 400;\">You can use our transportation services 24\/7. We are at your disposal at any time.<\/span><\/li><\/ul>\t\t\t\t\t\t<\/div>\n\t\t\t\t<\/div>\n\t\t\t\t<div class=\"elementor-element elementor-element-784be03 elementor-widget elementor-widget-image\" data-id=\"784be03\" data-element_type=\"widget\" data-widget_type=\"image.default\">\n\t\t\t\t<div class=\"elementor-widget-container\">\n\t\t\t<style>\/*! elementor - v3.14.0 - 26-06-2023 *\/\n.elementor-widget-image{text-align:center}.elementor-widget-image a{display:inline-block}.elementor-widget-image a img[src$=\".svg\"]{width:48px}.elementor-widget-image img{vertical-align:middle;display:inline-block}<\/style>\t\t\t\t\t\t\t\t\t\t\t\t<img width=\"790\" height=\"527\" src=\"https:\/\/sibeniktaxi.com\/wp-content\/uploads\/2022\/06\/aerodrom-u-Splitu-1024x683.jpg\" class=\"attachment-large size-large wp-image-2289\" alt=\"aerodrom Split\" loading=\"lazy\" srcset=\"https:\/\/sibeniktaxi.com\/wp-content\/uploads\/2022\/06\/aerodrom-u-Splitu-1024x683.jpg 1024w, https:\/\/sibeniktaxi.com\/wp-content\/uploads\/2022\/06\/aerodrom-u-Splitu-300x200.jpg 300w, https:\/\/sibeniktaxi.com\/wp-content\/uploads\/2022\/06\/aerodrom-u-Splitu-768x512.jpg 768w, https:\/\/sibeniktaxi.com\/wp-content\/uploads\/2022\/06\/aerodrom-u-Splitu-272x182.jpg 272w, https:\/\/sibeniktaxi.com\/wp-content\/uploads\/2022\/06\/aerodrom-u-Splitu.jpg 1600w\" sizes=\"(max-width: 790px) 100vw, 790px\" \/>\t\t\t\t\t\t\t\t\t\t\t\t\t\t\t<\/div>\n\t\t\t\t<\/div>\n\t\t\t\t<div class=\"elementor-element elementor-element-f203228 elementor-widget elementor-widget-text-editor\" data-id=\"f203228\" data-element_type=\"widget\" data-widget_type=\"text-editor.default\">\n\t\t\t\t<div class=\"elementor-widget-container\">\n\t\t\t\t\t\t\t<h2><strong style=\"color: #444444; font-family: Montserrat, Helvetica, Arial, sans-serif; font-size: 2rem; letter-spacing: -0.3px;\">Driving from Amadria Park to Split Airport<\/strong><\/h2><p><span style=\"font-weight: 400;\">Your trip to Split Airport starts like this: After our driver meets you in front of Amadria Park, he takes you to the airport, where parking for taxis has already been reserved in advance.\u00a0<\/span><\/p><p><span style=\"font-weight: 400;\">If you plan to continue your flight within Croatia, you must arrive at the airport at least 90 minutes before your departure. If you are traveling abroad, you must arrive at the airport 180 minutes before your flight.<\/span><\/p><p><span style=\"font-weight: 400;\">Anyway, don't worry, with us you will arrive on time, and being late is not an option.<\/span><\/p><h3><strong>How to book transportation?<\/strong><\/h3><p><span style=\"font-weight: 400;\">Reserving one of our vehicles is extremely simple. You can reserve our vehicles by phone or via our contact form.<\/span><\/p><p class=\"translation-block\"><span style=\"font-weight: 400\">In addition to transfers from Amadria Park to Split Airport, we also offer transportation services to Zadar Airport, <\/span><a href=\"https:\/\/sibeniktaxi.com\/en\/airport-transferi\/transfer-sibenik-zracna-luka-dubrovnik\/\" target=\"_self\"><span style=\"font-weight: 400\">Dubrovnik<\/span><\/a><span style=\"font-weight: 400\">or <\/span><a href=\"https:\/\/sibeniktaxi.com\/en\/airport-transferi\/transfer-do-zracne-luke-zagreb\/\" target=\"_self\"><span style=\"font-weight: 400\">Zagreb<\/span><\/a><span style=\"font-weight: 400\">.<\/span><\/p><p><span style=\"font-weight: 400;\">Still undecided? Feel free to contact us, we will be happy to provide you with all additional information about the transfer, the length of the trip, the type of vehicles we have at our disposal, and all the information you need. We are here for you!<\/span><\/p><h2>\u00a0<\/h2><h2><strong>Book a Transfer<\/strong><\/h2><p class=\"translation-block\"><a href=\"https:\/\/sibeniktaxi.com\/en\/#contact\" target=\"_self\"><span style=\"font-weight: 400\">Call<\/span><\/a><span style=\"font-weight: 400\">Taxi \u0160ibenik or fill out the contact form to ride according to <\/span><b>Your <\/b><span style=\"font-weight: 400\">schedule!<\/span><\/p><p>\n<div class=\"wpcf7 no-js\" id=\"wpcf7-f2109-o1\" lang=\"en-US\" dir=\"ltr\">\n<div class=\"screen-reader-response\"><p role=\"status\" aria-live=\"polite\" aria-atomic=\"true\"><\/p> <ul><\/ul><\/div>\n<form action=\"\/en\/wp-json\/wp\/v2\/pages\/2794#wpcf7-f2109-o1\" method=\"post\" class=\"wpcf7-form init\" aria-label=\"Contact form\" novalidate=\"novalidate\" data-status=\"init\" data-trp-original-action=\"\/en\/wp-json\/wp\/v2\/pages\/2794#wpcf7-f2109-o1\">\n<div style=\"display: none;\">\n<input type=\"hidden\" name=\"_wpcf7\" value=\"2109\" \/>\n<input type=\"hidden\" name=\"_wpcf7_version\" value=\"5.7.7\" \/>\n<input type=\"hidden\" name=\"_wpcf7_locale\" value=\"en_US\" \/>\n<input type=\"hidden\" name=\"_wpcf7_unit_tag\" value=\"wpcf7-f2109-o1\" \/>\n<input type=\"hidden\" name=\"_wpcf7_container_post\" value=\"0\" \/>\n<input type=\"hidden\" name=\"_wpcf7_posted_data_hash\" value=\"\" \/>\n<input type=\"hidden\" name=\"_wpcf7_recaptcha_response\" value=\"\" \/>\n<\/div>\n<p><label> Your Email (required)<br \/>\n<span class=\"wpcf7-form-control-wrap\" data-name=\"your-email\"><input size=\"40\" class=\"wpcf7-form-control wpcf7-text wpcf7-email wpcf7-validates-as-required wpcf7-validates-as-email\" aria-required=\"true\" aria-invalid=\"false\" value=\"\" type=\"email\" name=\"your-email\" \/><\/span> <\/label>\n<\/p>\n<p><label> Contact Number<br \/>\n<span class=\"wpcf7-form-control-wrap\" data-name=\"your-phone\"><input size=\"40\" class=\"wpcf7-form-control wpcf7-text wpcf7-tel wpcf7-validates-as-tel\" aria-invalid=\"false\" placeholder=\"+385\" value=\"\" type=\"tel\" name=\"your-phone\" \/><\/span><\/label>\n<\/p>\n<p><label> Time (required)<br \/>\n<span class=\"wpcf7-form-control-wrap\" data-name=\"your-time\"><input size=\"40\" class=\"wpcf7-form-control wpcf7-text wpcf7-validates-as-required\" aria-required=\"true\" aria-invalid=\"false\" value=\"\" type=\"text\" name=\"your-time\" \/><\/span> <\/label>\n<\/p>\n<p><label> Date (required)<br \/>\n<span class=\"wpcf7-form-control-wrap\" data-name=\"your-date\"><input class=\"wpcf7-form-control wpcf7-date wpcf7-validates-as-required wpcf7-validates-as-date required\" min=\"2026-04-14\" step=\"1\" aria-required=\"true\" aria-invalid=\"false\" value=\"\" type=\"date\" name=\"your-date\" \/><\/span> <\/label>\n<\/p>\n<p><label> Note<br \/>\n<span class=\"wpcf7-form-control-wrap\" data-name=\"your-message\"><textarea cols=\"40\" rows=\"10\" class=\"wpcf7-form-control wpcf7-textarea\" aria-invalid=\"false\" name=\"your-message\"><\/textarea><\/span> <\/label>\n<\/p>\n<p><input class=\"wpcf7-form-control has-spinner wpcf7-submit\" type=\"submit\" value=\"Send\" \/>\n<\/p><div class=\"wpcf7-response-output\" aria-hidden=\"true\"><\/div>\n<input type=\"hidden\" name=\"trp-form-language\" value=\"en\"\/><\/form>\n<\/div>\n<\/p>\t\t\t\t\t\t<\/div>\n\t\t\t\t<\/div>\n\t\t\t\t\t<\/div>\n\t\t<\/div>\n\t\t\t\t\t\t\t<\/div>\n\t\t<\/section>\n\t\t\t\t<section class=\"elementor-section elementor-top-section elementor-element elementor-element-3bbcea70 elementor-section-boxed elementor-section-height-default elementor-section-height-default\" data-id=\"3bbcea70\" data-element_type=\"section\">\n\t\t\t\t\t\t<div class=\"elementor-container elementor-column-gap-default\">\n\t\t\t\t\t<div class=\"elementor-column elementor-col-100 elementor-top-column elementor-element elementor-element-5b77d4c6\" data-id=\"5b77d4c6\" data-element_type=\"column\">\n\t\t\t<div class=\"elementor-widget-wrap elementor-element-populated\">\n\t\t\t\t\t\t\t\t<div class=\"elementor-element elementor-element-0b64026 elementor-widget elementor-widget-heading\" data-id=\"0b64026\" data-element_type=\"widget\" data-widget_type=\"heading.default\">\n\t\t\t\t<div class=\"elementor-widget-container\">\n\t\t\t<style>\/*! elementor - v3.14.0 - 26-06-2023 *\/\n.elementor-heading-title{padding:0;margin:0;line-height:1}.elementor-widget-heading .elementor-heading-title[class*=elementor-size-]>a{color:inherit;font-size:inherit;line-height:inherit}.elementor-widget-heading .elementor-heading-title.elementor-size-small{font-size:15px}.elementor-widget-heading .elementor-heading-title.elementor-size-medium{font-size:19px}.elementor-widget-heading .elementor-heading-title.elementor-size-large{font-size:29px}.elementor-widget-heading .elementor-heading-title.elementor-size-xl{font-size:39px}.elementor-widget-heading .elementor-heading-title.elementor-size-xxl{font-size:59px}<\/style><h2 class=\"elementor-heading-title elementor-size-default\">You might be interested...<\/h2>\t\t<\/div>\n\t\t\t\t<\/div>\n\t\t\t\t\t<\/div>\n\t\t<\/div>\n\t\t\t\t\t\t\t<\/div>\n\t\t<\/section>\n\t\t\t\t\t\t\t<\/div>","protected":false},"excerpt":{"rendered":"<p>Proveli ste godi\u0161nji odmor u Amadria Parku, najve\u0107em hotelskom naselju na podru\u010dju \u0160ibenika. Vra\u0107ate se ku\u0107i avionom ili nastavljate putovanje u neku drugu destinaciju i treba vam prijevoz do najbli\u017eeg aerodroma\u2026 Koje su vam opcije? Ako ste pronalazite u ovoj pri\u010di, slo\u017eit \u0107ete se da je najbr\u017ee i najracionalnije rje\u0161enje&#8230;<\/p>","protected":false},"author":5,"featured_media":2799,"parent":2168,"menu_order":0,"comment_status":"closed","ping_status":"closed","template":"","meta":{"_mi_skip_tracking":false,"_exactmetrics_sitenote_active":false,"_exactmetrics_sitenote_note":"","_exactmetrics_sitenote_category":0},"yoast_head":"<!-- This site is optimized with the Yoast SEO plugin v19.6.1 - https:\/\/yoast.com\/wordpress\/plugins\/seo\/ -->\n<title>Transfer od Amadria Parka do Zra\u010dne luke Split | Taxi \u0160ibenik<\/title>\n<meta name=\"description\" content=\"Najbr\u017ei i najudobniji prijevoz od Amadria Parka do aerodroma u Splitu je taksi! Jednom kada sjednete u na\u0161e vozilo, prijevoz je na\u0161a briga.\" \/>\n<meta name=\"robots\" content=\"index, follow, max-snippet:-1, max-image-preview:large, max-video-preview:-1\" \/>\n<link rel=\"canonical\" href=\"https:\/\/sibeniktaxi.com\/en\/airport-transferi\/od-amadria-parka-do-aerodroma-split\/\" \/>\n<meta property=\"og:locale\" content=\"en_US\" \/>\n<meta property=\"og:type\" content=\"article\" \/>\n<meta property=\"og:title\" content=\"Transfer od Amadria Parka do Zra\u010dne luke Split | Taxi \u0160ibenik\" \/>\n<meta property=\"og:description\" content=\"Najbr\u017ei i najudobniji prijevoz od Amadria Parka do aerodroma u Splitu je taksi! Jednom kada sjednete u na\u0161e vozilo, prijevoz je na\u0161a briga.\" \/>\n<meta property=\"og:url\" content=\"https:\/\/sibeniktaxi.com\/en\/airport-transferi\/od-amadria-parka-do-aerodroma-split\/\" \/>\n<meta property=\"og:site_name\" content=\"Taxi \u0160ibenik\" \/>\n<meta property=\"article:publisher\" content=\"https:\/\/www.facebook.com\/sibeniktaxi\/\" \/>\n<meta property=\"article:modified_time\" content=\"2023-01-25T11:40:55+00:00\" \/>\n<meta property=\"og:image\" content=\"https:\/\/sibeniktaxi.com\/wp-content\/uploads\/2022\/08\/car-hire-split-airport.jpg\" \/>\n\t<meta property=\"og:image:width\" content=\"1920\" \/>\n\t<meta property=\"og:image:height\" content=\"1280\" \/>\n\t<meta property=\"og:image:type\" content=\"image\/jpeg\" \/>\n<meta name=\"twitter:card\" content=\"summary\" \/>\n<meta name=\"twitter:label1\" content=\"Est. reading time\" \/>\n\t<meta name=\"twitter:data1\" content=\"3 minutes\" \/>\n<script type=\"application\/ld+json\" class=\"yoast-schema-graph\">{\"@context\":\"https:\/\/schema.org\",\"@graph\":[{\"@type\":\"WebPage\",\"@id\":\"https:\/\/sibeniktaxi.com\/airport-transferi\/od-amadria-parka-do-aerodroma-split\/\",\"url\":\"https:\/\/sibeniktaxi.com\/airport-transferi\/od-amadria-parka-do-aerodroma-split\/\",\"name\":\"Transfer od Amadria Parka do Zra\u010dne luke Split | Taxi \u0160ibenik\",\"isPartOf\":{\"@id\":\"https:\/\/sibeniktaxi.com\/#website\"},\"datePublished\":\"2022-08-18T15:30:20+00:00\",\"dateModified\":\"2023-01-25T11:40:55+00:00\",\"description\":\"Najbr\u017ei i najudobniji prijevoz od Amadria Parka do aerodroma u Splitu je taksi! Jednom kada sjednete u na\u0161e vozilo, prijevoz je na\u0161a briga.\",\"breadcrumb\":{\"@id\":\"https:\/\/sibeniktaxi.com\/airport-transferi\/od-amadria-parka-do-aerodroma-split\/#breadcrumb\"},\"inLanguage\":\"en-US\",\"potentialAction\":[{\"@type\":\"ReadAction\",\"target\":[\"https:\/\/sibeniktaxi.com\/airport-transferi\/od-amadria-parka-do-aerodroma-split\/\"]}]},{\"@type\":\"BreadcrumbList\",\"@id\":\"https:\/\/sibeniktaxi.com\/airport-transferi\/od-amadria-parka-do-aerodroma-split\/#breadcrumb\",\"itemListElement\":[{\"@type\":\"ListItem\",\"position\":1,\"name\":\"Taxi \u0160ibenik\",\"item\":\"https:\/\/sibeniktaxi.com\/\"},{\"@type\":\"ListItem\",\"position\":2,\"name\":\"Airport transferi\",\"item\":\"https:\/\/sibeniktaxi.com\/airport-transferi\/\"},{\"@type\":\"ListItem\",\"position\":3,\"name\":\"Transfer od Amadria Parka do Zra\u010dne luke Split\"}]},{\"@type\":\"WebSite\",\"@id\":\"https:\/\/sibeniktaxi.com\/#website\",\"url\":\"https:\/\/sibeniktaxi.com\/\",\"name\":\"Taxi \u0160ibenik\",\"description\":\"Najbolji Taxi u gradu\",\"publisher\":{\"@id\":\"https:\/\/sibeniktaxi.com\/#organization\"},\"potentialAction\":[{\"@type\":\"SearchAction\",\"target\":{\"@type\":\"EntryPoint\",\"urlTemplate\":\"https:\/\/sibeniktaxi.com\/?s={search_term_string}\"},\"query-input\":\"required name=search_term_string\"}],\"inLanguage\":\"en-US\"},{\"@type\":\"Organization\",\"@id\":\"https:\/\/sibeniktaxi.com\/#organization\",\"name\":\"Taxi \u0160ibenik\",\"url\":\"https:\/\/sibeniktaxi.com\/\",\"sameAs\":[\"https:\/\/www.facebook.com\/sibeniktaxi\/\"],\"logo\":{\"@type\":\"ImageObject\",\"inLanguage\":\"en-US\",\"@id\":\"https:\/\/sibeniktaxi.com\/#\/schema\/logo\/image\/\",\"url\":\"https:\/\/sibeniktaxi.com\/wp-content\/uploads\/2018\/04\/cropped-TAXI-DALMACIJA-logo-lav-rose-3.png\",\"contentUrl\":\"https:\/\/sibeniktaxi.com\/wp-content\/uploads\/2018\/04\/cropped-TAXI-DALMACIJA-logo-lav-rose-3.png\",\"width\":\"240\",\"height\":\"116\",\"caption\":\"Taxi \u0160ibenik\"},\"image\":{\"@id\":\"https:\/\/sibeniktaxi.com\/#\/schema\/logo\/image\/\"}}]}<\/script>\n<!-- \/ Yoast SEO plugin. -->","yoast_head_json":{"title":"Transfer od Amadria Parka do Zra\u010dne luke Split | Taxi \u0160ibenik","description":"Najbr\u017ei i najudobniji prijevoz od Amadria Parka do aerodroma u Splitu je taksi! Jednom kada sjednete u na\u0161e vozilo, prijevoz je na\u0161a briga.","robots":{"index":"index","follow":"follow","max-snippet":"max-snippet:-1","max-image-preview":"max-image-preview:large","max-video-preview":"max-video-preview:-1"},"canonical":"https:\/\/sibeniktaxi.com\/en\/airport-transferi\/od-amadria-parka-do-aerodroma-split\/","og_locale":"en_US","og_type":"article","og_title":"Transfer od Amadria Parka do Zra\u010dne luke Split | Taxi \u0160ibenik","og_description":"Najbr\u017ei i najudobniji prijevoz od Amadria Parka do aerodroma u Splitu je taksi! Jednom kada sjednete u na\u0161e vozilo, prijevoz je na\u0161a briga.","og_url":"https:\/\/sibeniktaxi.com\/en\/airport-transferi\/od-amadria-parka-do-aerodroma-split\/","og_site_name":"Taxi \u0160ibenik","article_publisher":"https:\/\/www.facebook.com\/sibeniktaxi\/","article_modified_time":"2023-01-25T11:40:55+00:00","og_image":[{"width":1920,"height":1280,"url":"https:\/\/sibeniktaxi.com\/wp-content\/uploads\/2022\/08\/car-hire-split-airport.jpg","type":"image\/jpeg"}],"twitter_card":"summary","twitter_misc":{"Est. reading time":"3 minutes"},"schema":{"@context":"https:\/\/schema.org","@graph":[{"@type":"WebPage","@id":"https:\/\/sibeniktaxi.com\/airport-transferi\/od-amadria-parka-do-aerodroma-split\/","url":"https:\/\/sibeniktaxi.com\/airport-transferi\/od-amadria-parka-do-aerodroma-split\/","name":"Transfer od Amadria Parka do Zra\u010dne luke Split | Taxi \u0160ibenik","isPartOf":{"@id":"https:\/\/sibeniktaxi.com\/#website"},"datePublished":"2022-08-18T15:30:20+00:00","dateModified":"2023-01-25T11:40:55+00:00","description":"Najbr\u017ei i najudobniji prijevoz od Amadria Parka do aerodroma u Splitu je taksi! Jednom kada sjednete u na\u0161e vozilo, prijevoz je na\u0161a briga.","breadcrumb":{"@id":"https:\/\/sibeniktaxi.com\/airport-transferi\/od-amadria-parka-do-aerodroma-split\/#breadcrumb"},"inLanguage":"en-US","potentialAction":[{"@type":"ReadAction","target":["https:\/\/sibeniktaxi.com\/airport-transferi\/od-amadria-parka-do-aerodroma-split\/"]}]},{"@type":"BreadcrumbList","@id":"https:\/\/sibeniktaxi.com\/airport-transferi\/od-amadria-parka-do-aerodroma-split\/#breadcrumb","itemListElement":[{"@type":"ListItem","position":1,"name":"Taxi \u0160ibenik","item":"https:\/\/sibeniktaxi.com\/"},{"@type":"ListItem","position":2,"name":"Airport transferi","item":"https:\/\/sibeniktaxi.com\/airport-transferi\/"},{"@type":"ListItem","position":3,"name":"Transfer od Amadria Parka do Zra\u010dne luke Split"}]},{"@type":"WebSite","@id":"https:\/\/sibeniktaxi.com\/#website","url":"https:\/\/sibeniktaxi.com\/","name":"Taxi \u0160ibenik","description":"Najbolji Taxi u gradu","publisher":{"@id":"https:\/\/sibeniktaxi.com\/#organization"},"potentialAction":[{"@type":"SearchAction","target":{"@type":"EntryPoint","urlTemplate":"https:\/\/sibeniktaxi.com\/?s={search_term_string}"},"query-input":"required name=search_term_string"}],"inLanguage":"en-US"},{"@type":"Organization","@id":"https:\/\/sibeniktaxi.com\/#organization","name":"Taxi \u0160ibenik","url":"https:\/\/sibeniktaxi.com\/","sameAs":["https:\/\/www.facebook.com\/sibeniktaxi\/"],"logo":{"@type":"ImageObject","inLanguage":"en-US","@id":"https:\/\/sibeniktaxi.com\/#\/schema\/logo\/image\/","url":"https:\/\/sibeniktaxi.com\/wp-content\/uploads\/2018\/04\/cropped-TAXI-DALMACIJA-logo-lav-rose-3.png","contentUrl":"https:\/\/sibeniktaxi.com\/wp-content\/uploads\/2018\/04\/cropped-TAXI-DALMACIJA-logo-lav-rose-3.png","width":"240","height":"116","caption":"Taxi \u0160ibenik"},"image":{"@id":"https:\/\/sibeniktaxi.com\/#\/schema\/logo\/image\/"}}]}},"_links":{"self":[{"href":"https:\/\/sibeniktaxi.com\/en\/wp-json\/wp\/v2\/pages\/2794"}],"collection":[{"href":"https:\/\/sibeniktaxi.com\/en\/wp-json\/wp\/v2\/pages"}],"about":[{"href":"https:\/\/sibeniktaxi.com\/en\/wp-json\/wp\/v2\/types\/page"}],"author":[{"embeddable":true,"href":"https:\/\/sibeniktaxi.com\/en\/wp-json\/wp\/v2\/users\/5"}],"replies":[{"embeddable":true,"href":"https:\/\/sibeniktaxi.com\/en\/wp-json\/wp\/v2\/comments?post=2794"}],"version-history":[{"count":11,"href":"https:\/\/sibeniktaxi.com\/en\/wp-json\/wp\/v2\/pages\/2794\/revisions"}],"predecessor-version":[{"id":2867,"href":"https:\/\/sibeniktaxi.com\/en\/wp-json\/wp\/v2\/pages\/2794\/revisions\/2867"}],"up":[{"embeddable":true,"href":"https:\/\/sibeniktaxi.com\/en\/wp-json\/wp\/v2\/pages\/2168"}],"wp:featuredmedia":[{"embeddable":true,"href":"https:\/\/sibeniktaxi.com\/en\/wp-json\/wp\/v2\/media\/2799"}],"wp:attachment":[{"href":"https:\/\/sibeniktaxi.com\/en\/wp-json\/wp\/v2\/media?parent=2794"}],"curies":[{"name":"wp","href":"https:\/\/api.w.org\/{rel}","templated":true}]}}