{"id":2822,"date":"2022-08-19T11:57:58","date_gmt":"2022-08-19T11:57:58","guid":{"rendered":"https:\/\/sibeniktaxi.com\/?page_id=2822"},"modified":"2022-09-14T14:14:20","modified_gmt":"2022-09-14T14:14:20","slug":"od-amadria-parka-do-zadra","status":"publish","type":"page","link":"https:\/\/sibeniktaxi.com\/en\/transfers\/from-amadria-park-to-zadar\/","title":{"rendered":"Transfer from Amadria Park to Zadar"},"content":{"rendered":"<div data-elementor-type=\"wp-page\" data-elementor-id=\"2822\" class=\"elementor elementor-2822\">\n\t\t\t\t\t\t\t\t\t<section class=\"elementor-section elementor-top-section elementor-element elementor-element-26a2a84b elementor-section-boxed elementor-section-height-default elementor-section-height-default\" data-id=\"26a2a84b\" data-element_type=\"section\">\n\t\t\t\t\t\t<div class=\"elementor-container elementor-column-gap-default\">\n\t\t\t\t\t<div class=\"elementor-column elementor-col-100 elementor-top-column elementor-element elementor-element-48e5492f\" data-id=\"48e5492f\" data-element_type=\"column\">\n\t\t\t<div class=\"elementor-widget-wrap elementor-element-populated\">\n\t\t\t\t\t\t\t\t<div class=\"elementor-element elementor-element-11f1c7d6 elementor-widget elementor-widget-text-editor\" data-id=\"11f1c7d6\" data-element_type=\"widget\" data-widget_type=\"text-editor.default\">\n\t\t\t\t<div class=\"elementor-widget-container\">\n\t\t\t<style>\/*! elementor - v3.14.0 - 26-06-2023 *\/\n.elementor-widget-text-editor.elementor-drop-cap-view-stacked .elementor-drop-cap{background-color:#69727d;color:#fff}.elementor-widget-text-editor.elementor-drop-cap-view-framed .elementor-drop-cap{color:#69727d;border:3px solid;background-color:transparent}.elementor-widget-text-editor:not(.elementor-drop-cap-view-default) .elementor-drop-cap{margin-top:8px}.elementor-widget-text-editor:not(.elementor-drop-cap-view-default) .elementor-drop-cap-letter{width:1em;height:1em}.elementor-widget-text-editor .elementor-drop-cap{float:left;text-align:center;line-height:1;font-size:50px}.elementor-widget-text-editor .elementor-drop-cap-letter{display:inline-block}<\/style>\t\t\t\t<p><span style=\"font-weight: 400;\">You have chosen \u0160ibenik, more specifically Amadria Park, as your vacation destination this year, but despite all the beauty that \u0160ibenik offers, you would also like to visit the surrounding tourist destinations, of which there are many in the vicinity of \u0160ibenik. Let's say you want to visit \u2013 Zadar.<\/span><\/p><p><span style=\"font-weight: 400;\">Public transport will probably come to your mind first, even though Zadar is not that far away, there are better, at least more affordable options, one of which is certainly - renting a taxi.<\/span><\/p><p>\u00a0<\/p><h2><strong>The advantage of our service<\/strong><\/h2><p><span style=\"font-weight: 400;\">Amadria Park is approximately 69 kilometers from Zadar, which is approximately an hour's pleasant drive. Here are just a few of the advantages of choosing our services:<\/span><\/p><ul><li><span style=\"font-weight: 400;\"> \u00a0 \u00a0 \u00a0 <\/span> <span style=\"font-weight: 400;\">A large number of vehicles, of different categories, adapted to the number of passengers. Whether you are traveling alone, with friends or family, it doesn't matter. Our vehicles are adapted to all your needs.<\/span><\/li><li><span style=\"font-weight: 400;\"> \u00a0 \u00a0 \u00a0 <\/span> <span style=\"font-weight: 400;\">The vehicles that are part of our fleet are regularly maintained and clean, so you won't even notice that someone else has driven the same car before you.<\/span><\/li><li><span style=\"font-weight: 400;\"> \u00a0 \u00a0 \u00a0 <\/span> <span style=\"font-weight: 400;\">In order to make our services accessible to most people, we have also adjusted the prices<\/span><\/li><li><span style=\"font-weight: 400;\"> \u00a0 \u00a0 \u00a0 <\/span> <span style=\"font-weight: 400;\">All our drivers are professionals, which greatly contributes to the level of our service as well as safety, which is one of the most important factors in our business.<\/span><\/li><li><span style=\"font-weight: 400;\"> \u00a0 \u00a0 \u00a0 <\/span> <span style=\"font-weight: 400;\">You can use our transportation services 24\/7. We are available to you at any time.<\/span><\/li><\/ul><h2><strong>Transfer from Amadria Park to Zadar<\/strong><\/h2><p><span style=\"font-weight: 400;\">Your journey from Amadria Park to Zadar begins something like this. After our driver meets you in front of Amadria Park, he takes you to your desired destination, in this case Zadar. There are several routes that lead to the city with the most beautiful sunset.\u00a0<\/span><\/p><p><span style=\"font-weight: 400;\">If your goal is to get from point \u201ca\u201d to point \u201cb\u201d as quickly as possible, then we recommend the highway. The highway, which you will join in Dubrava near \u0160ibenik, will take you to Zadar in about an hour.<\/span><\/p><p><span style=\"font-weight: 400;\">If you are not in a hurry, then we recommend driving along the main road, with views of the sea, islands and small Dalmatian towns. The time difference is not that great, only about ten minutes compared to the motorway.<\/span><\/p><p><span style=\"font-weight: 400;\">Whichever route you choose, know that with us you will always arrive on time!<\/span><\/p><p><img loading=\"lazy\" class=\"aligncenter size-full wp-image-2825\" src=\"https:\/\/sibeniktaxi.com\/wp-content\/uploads\/2022\/08\/252223.jpg\" alt=\"Amadria Park\" width=\"2000\" height=\"1332\" srcset=\"https:\/\/sibeniktaxi.com\/wp-content\/uploads\/2022\/08\/252223.jpg 2000w, https:\/\/sibeniktaxi.com\/wp-content\/uploads\/2022\/08\/252223-300x200.jpg 300w, https:\/\/sibeniktaxi.com\/wp-content\/uploads\/2022\/08\/252223-768x511.jpg 768w, https:\/\/sibeniktaxi.com\/wp-content\/uploads\/2022\/08\/252223-1024x682.jpg 1024w, https:\/\/sibeniktaxi.com\/wp-content\/uploads\/2022\/08\/252223-272x182.jpg 272w\" sizes=\"(max-width: 2000px) 100vw, 2000px\" \/><\/p><h2><strong>Transfer reservation<\/strong><\/h2><p><span style=\"font-weight: 400;\">If you have decided to rent one of our vehicles, the booking process is really simple. So, you book your transfer via our website, which has a contact form where you must define the location from which we will start the transfer, the final destination, and the date and time when the transfer will take place.\u00a0<\/span><\/p><p><span style=\"font-weight: 400;\">Of course, we will also need your contact details so that our colleagues can arrange all the details with you. Another option available to you is to make a reservation via our phone, where our contact service is at your disposal.<\/span><\/p><p class=\"translation-block\"><span style=\"font-weight: 400\">In addition to transfers from Amadria Park to Zadar, in our offer you can also find airport transfer services in <\/span><a href=\"https:\/\/sibeniktaxi.com\/en\/airport-transferi\/transfer-sibenik-zracna-luka-split\/\" target=\"_self\"><span style=\"font-weight: 400\">Split<\/span><\/a><span style=\"font-weight: 400\">, <\/span><a href=\"https:\/\/sibeniktaxi.com\/en\/airport-transferi\/transfer-sibenik-zracna-luka-dubrovnik\/\" target=\"_self\"><span style=\"font-weight: 400\">Dubrovnik<\/span><\/a><span style=\"font-weight: 400\"> or <\/span><a href=\"https:\/\/sibeniktaxi.com\/en\/airport-transferi\/transfer-do-zracne-luke-zagreb\/\" target=\"_self\">&lt;span style=&quot;font-weight: from Solaris!<\/p><h2><strong>Conclusion<\/strong><\/h2><p><span style=\"font-weight: 400;\">Still haven't made a final decision? Feel free to contact us without hesitation, our colleagues will be happy to provide you with all the necessary information about the transfer, the length of the trip, as well as the type of vehicles we have at our disposal. Our service is available to you 24\/7, at any time, we are at your service.<\/span><\/p>\t\t\t\t\t\t<\/div>\n\t\t\t\t<\/div>\n\t\t\t\t\t<\/div>\n\t\t<\/div>\n\t\t\t\t\t\t\t<\/div>\n\t\t<\/section>\n\t\t\t\t<section class=\"elementor-section elementor-top-section elementor-element elementor-element-a91b096 elementor-section-boxed elementor-section-height-default elementor-section-height-default\" data-id=\"a91b096\" data-element_type=\"section\">\n\t\t\t\t\t\t<div class=\"elementor-container elementor-column-gap-default\">\n\t\t\t\t\t<div class=\"elementor-column elementor-col-100 elementor-top-column elementor-element elementor-element-7200a544\" data-id=\"7200a544\" data-element_type=\"column\">\n\t\t\t<div class=\"elementor-widget-wrap elementor-element-populated\">\n\t\t\t\t\t\t\t\t<div class=\"elementor-element elementor-element-9c6a5fd elementor-widget elementor-widget-text-editor\" data-id=\"9c6a5fd\" data-element_type=\"widget\" data-widget_type=\"text-editor.default\">\n\t\t\t\t<div class=\"elementor-widget-container\">\n\t\t\t\t\t\t\t<h2><strong>Book a Transfer<\/strong><\/h2><p class=\"translation-block\"><a href=\"https:\/\/sibeniktaxi.com\/en\/#contact\" target=\"_self\"><span style=\"font-weight: 400\">Call<\/span><\/a><span style=\"font-weight: 400\">Taxi \u0160ibenik or fill out the contact form to ride according to <\/span><b>Your <\/b><span style=\"font-weight: 400\">schedule!<\/span><\/p><p>\n<div class=\"wpcf7 no-js\" id=\"wpcf7-f2109-o1\" lang=\"en-US\" dir=\"ltr\">\n<div class=\"screen-reader-response\"><p role=\"status\" aria-live=\"polite\" aria-atomic=\"true\"><\/p> <ul><\/ul><\/div>\n<form action=\"\/en\/wp-json\/wp\/v2\/pages\/2822#wpcf7-f2109-o1\" method=\"post\" class=\"wpcf7-form init\" aria-label=\"Contact form\" novalidate=\"novalidate\" data-status=\"init\" data-trp-original-action=\"\/en\/wp-json\/wp\/v2\/pages\/2822#wpcf7-f2109-o1\">\n<div style=\"display: none;\">\n<input type=\"hidden\" name=\"_wpcf7\" value=\"2109\" \/>\n<input type=\"hidden\" name=\"_wpcf7_version\" value=\"5.7.7\" \/>\n<input type=\"hidden\" name=\"_wpcf7_locale\" value=\"en_US\" \/>\n<input type=\"hidden\" name=\"_wpcf7_unit_tag\" value=\"wpcf7-f2109-o1\" \/>\n<input type=\"hidden\" name=\"_wpcf7_container_post\" value=\"0\" \/>\n<input type=\"hidden\" name=\"_wpcf7_posted_data_hash\" value=\"\" \/>\n<input type=\"hidden\" name=\"_wpcf7_recaptcha_response\" value=\"\" \/>\n<\/div>\n<p><label> Your Email (required)<br \/>\n<span class=\"wpcf7-form-control-wrap\" data-name=\"your-email\"><input size=\"40\" class=\"wpcf7-form-control wpcf7-text wpcf7-email wpcf7-validates-as-required wpcf7-validates-as-email\" aria-required=\"true\" aria-invalid=\"false\" value=\"\" type=\"email\" name=\"your-email\" \/><\/span> <\/label>\n<\/p>\n<p><label> Contact Number<br \/>\n<span class=\"wpcf7-form-control-wrap\" data-name=\"your-phone\"><input size=\"40\" class=\"wpcf7-form-control wpcf7-text wpcf7-tel wpcf7-validates-as-tel\" aria-invalid=\"false\" placeholder=\"+385\" value=\"\" type=\"tel\" name=\"your-phone\" \/><\/span><\/label>\n<\/p>\n<p><label> Time (required)<br \/>\n<span class=\"wpcf7-form-control-wrap\" data-name=\"your-time\"><input size=\"40\" class=\"wpcf7-form-control wpcf7-text wpcf7-validates-as-required\" aria-required=\"true\" aria-invalid=\"false\" value=\"\" type=\"text\" name=\"your-time\" \/><\/span> <\/label>\n<\/p>\n<p><label> Date (required)<br \/>\n<span class=\"wpcf7-form-control-wrap\" data-name=\"your-date\"><input class=\"wpcf7-form-control wpcf7-date wpcf7-validates-as-required wpcf7-validates-as-date required\" min=\"2026-04-14\" step=\"1\" aria-required=\"true\" aria-invalid=\"false\" value=\"\" type=\"date\" name=\"your-date\" \/><\/span> <\/label>\n<\/p>\n<p><label> Note<br \/>\n<span class=\"wpcf7-form-control-wrap\" data-name=\"your-message\"><textarea cols=\"40\" rows=\"10\" class=\"wpcf7-form-control wpcf7-textarea\" aria-invalid=\"false\" name=\"your-message\"><\/textarea><\/span> <\/label>\n<\/p>\n<p><input class=\"wpcf7-form-control has-spinner wpcf7-submit\" type=\"submit\" value=\"Send\" \/>\n<\/p><div class=\"wpcf7-response-output\" aria-hidden=\"true\"><\/div>\n<input type=\"hidden\" name=\"trp-form-language\" value=\"en\"\/><\/form>\n<\/div>\n<\/p>\t\t\t\t\t\t<\/div>\n\t\t\t\t<\/div>\n\t\t\t\t\t<\/div>\n\t\t<\/div>\n\t\t\t\t\t\t\t<\/div>\n\t\t<\/section>\n\t\t\t\t<section class=\"elementor-section elementor-top-section elementor-element elementor-element-13c62fda elementor-section-boxed elementor-section-height-default elementor-section-height-default\" data-id=\"13c62fda\" data-element_type=\"section\">\n\t\t\t\t\t\t<div class=\"elementor-container elementor-column-gap-default\">\n\t\t\t\t\t<div class=\"elementor-column elementor-col-100 elementor-top-column elementor-element elementor-element-57b4be2d\" data-id=\"57b4be2d\" data-element_type=\"column\">\n\t\t\t<div class=\"elementor-widget-wrap elementor-element-populated\">\n\t\t\t\t\t\t\t\t<div class=\"elementor-element elementor-element-29530e2 elementor-widget elementor-widget-heading\" data-id=\"29530e2\" data-element_type=\"widget\" data-widget_type=\"heading.default\">\n\t\t\t\t<div class=\"elementor-widget-container\">\n\t\t\t<style>\/*! elementor - v3.14.0 - 26-06-2023 *\/\n.elementor-heading-title{padding:0;margin:0;line-height:1}.elementor-widget-heading .elementor-heading-title[class*=elementor-size-]>a{color:inherit;font-size:inherit;line-height:inherit}.elementor-widget-heading .elementor-heading-title.elementor-size-small{font-size:15px}.elementor-widget-heading .elementor-heading-title.elementor-size-medium{font-size:19px}.elementor-widget-heading .elementor-heading-title.elementor-size-large{font-size:29px}.elementor-widget-heading .elementor-heading-title.elementor-size-xl{font-size:39px}.elementor-widget-heading .elementor-heading-title.elementor-size-xxl{font-size:59px}<\/style><h2 class=\"elementor-heading-title elementor-size-default\">You might be interested...<\/h2>\t\t<\/div>\n\t\t\t\t<\/div>\n\t\t\t\t\t<\/div>\n\t\t<\/div>\n\t\t\t\t\t\t\t<\/div>\n\t\t<\/section>\n\t\t\t\t\t\t\t<\/div>","protected":false},"excerpt":{"rendered":"<p>Izabrali ste \u0160ibenik, konkretnije Amadria Park kao va\u0161u ovogodi\u0161nju destinaciju za godi\u0161nji odmor, ali unato\u010d svim ljepotama koje \u0160ibenik pru\u017ea, htjeli bi posjetiti i okolne turisti\u010dke destinacije, kojih je u blizini \u0160ibenika doista mnogo. Recimo da \u017eelite posjetiti \u2013 Zadar. Javni prijevoz vjerojatno \u0107e vam prvo pasti na pamet, iako&#8230;<\/p>","protected":false},"author":5,"featured_media":2824,"parent":2346,"menu_order":0,"comment_status":"closed","ping_status":"closed","template":"","meta":{"_mi_skip_tracking":false,"_exactmetrics_sitenote_active":false,"_exactmetrics_sitenote_note":"","_exactmetrics_sitenote_category":0},"yoast_head":"<!-- This site is optimized with the Yoast SEO plugin v19.6.1 - https:\/\/yoast.com\/wordpress\/plugins\/seo\/ -->\n<title>Transfer od Amadria Parka do Zadra | Taxi \u0160ibenik<\/title>\n<meta name=\"description\" content=\"Ako trebate prijevoz od Amadria Parka do Zadra, kontaktirajte nas. Transfer na\u0161im vozilima, najjednostavniji je i najbr\u017ei na\u010din.\" \/>\n<meta name=\"robots\" content=\"index, follow, max-snippet:-1, max-image-preview:large, max-video-preview:-1\" \/>\n<link rel=\"canonical\" href=\"https:\/\/sibeniktaxi.com\/en\/transferi\/od-amadria-parka-do-zadra\/\" \/>\n<meta property=\"og:locale\" content=\"en_US\" \/>\n<meta property=\"og:type\" content=\"article\" \/>\n<meta property=\"og:title\" content=\"Transfer od Amadria Parka do Zadra | Taxi \u0160ibenik\" \/>\n<meta property=\"og:description\" content=\"Ako trebate prijevoz od Amadria Parka do Zadra, kontaktirajte nas. Transfer na\u0161im vozilima, najjednostavniji je i najbr\u017ei na\u010din.\" \/>\n<meta property=\"og:url\" content=\"https:\/\/sibeniktaxi.com\/en\/transferi\/od-amadria-parka-do-zadra\/\" \/>\n<meta property=\"og:site_name\" content=\"Taxi \u0160ibenik\" \/>\n<meta property=\"article:publisher\" content=\"https:\/\/www.facebook.com\/sibeniktaxi\/\" \/>\n<meta property=\"article:modified_time\" content=\"2022-09-14T14:14:20+00:00\" \/>\n<meta property=\"og:image\" content=\"https:\/\/sibeniktaxi.com\/wp-content\/uploads\/2022\/08\/p8.jpg\" \/>\n\t<meta property=\"og:image:width\" content=\"1200\" \/>\n\t<meta property=\"og:image:height\" content=\"800\" \/>\n\t<meta property=\"og:image:type\" content=\"image\/jpeg\" \/>\n<meta name=\"twitter:card\" content=\"summary\" \/>\n<meta name=\"twitter:label1\" content=\"Est. reading time\" \/>\n\t<meta name=\"twitter:data1\" content=\"3 minutes\" \/>\n<script type=\"application\/ld+json\" class=\"yoast-schema-graph\">{\"@context\":\"https:\/\/schema.org\",\"@graph\":[{\"@type\":\"WebPage\",\"@id\":\"https:\/\/sibeniktaxi.com\/transferi\/od-amadria-parka-do-zadra\/\",\"url\":\"https:\/\/sibeniktaxi.com\/transferi\/od-amadria-parka-do-zadra\/\",\"name\":\"Transfer od Amadria Parka do Zadra | Taxi \u0160ibenik\",\"isPartOf\":{\"@id\":\"https:\/\/sibeniktaxi.com\/#website\"},\"datePublished\":\"2022-08-19T11:57:58+00:00\",\"dateModified\":\"2022-09-14T14:14:20+00:00\",\"description\":\"Ako trebate prijevoz od Amadria Parka do Zadra, kontaktirajte nas. Transfer na\u0161im vozilima, najjednostavniji je i najbr\u017ei na\u010din.\",\"breadcrumb\":{\"@id\":\"https:\/\/sibeniktaxi.com\/transferi\/od-amadria-parka-do-zadra\/#breadcrumb\"},\"inLanguage\":\"en-US\",\"potentialAction\":[{\"@type\":\"ReadAction\",\"target\":[\"https:\/\/sibeniktaxi.com\/transferi\/od-amadria-parka-do-zadra\/\"]}]},{\"@type\":\"BreadcrumbList\",\"@id\":\"https:\/\/sibeniktaxi.com\/transferi\/od-amadria-parka-do-zadra\/#breadcrumb\",\"itemListElement\":[{\"@type\":\"ListItem\",\"position\":1,\"name\":\"Taxi \u0160ibenik\",\"item\":\"https:\/\/sibeniktaxi.com\/\"},{\"@type\":\"ListItem\",\"position\":2,\"name\":\"Transferi\",\"item\":\"https:\/\/sibeniktaxi.com\/transferi\/\"},{\"@type\":\"ListItem\",\"position\":3,\"name\":\"Transfer od Amadria Parka do Zadra\"}]},{\"@type\":\"WebSite\",\"@id\":\"https:\/\/sibeniktaxi.com\/#website\",\"url\":\"https:\/\/sibeniktaxi.com\/\",\"name\":\"Taxi \u0160ibenik\",\"description\":\"Najbolji Taxi u gradu\",\"publisher\":{\"@id\":\"https:\/\/sibeniktaxi.com\/#organization\"},\"potentialAction\":[{\"@type\":\"SearchAction\",\"target\":{\"@type\":\"EntryPoint\",\"urlTemplate\":\"https:\/\/sibeniktaxi.com\/?s={search_term_string}\"},\"query-input\":\"required name=search_term_string\"}],\"inLanguage\":\"en-US\"},{\"@type\":\"Organization\",\"@id\":\"https:\/\/sibeniktaxi.com\/#organization\",\"name\":\"Taxi \u0160ibenik\",\"url\":\"https:\/\/sibeniktaxi.com\/\",\"sameAs\":[\"https:\/\/www.facebook.com\/sibeniktaxi\/\"],\"logo\":{\"@type\":\"ImageObject\",\"inLanguage\":\"en-US\",\"@id\":\"https:\/\/sibeniktaxi.com\/#\/schema\/logo\/image\/\",\"url\":\"https:\/\/sibeniktaxi.com\/wp-content\/uploads\/2018\/04\/cropped-TAXI-DALMACIJA-logo-lav-rose-3.png\",\"contentUrl\":\"https:\/\/sibeniktaxi.com\/wp-content\/uploads\/2018\/04\/cropped-TAXI-DALMACIJA-logo-lav-rose-3.png\",\"width\":\"240\",\"height\":\"116\",\"caption\":\"Taxi \u0160ibenik\"},\"image\":{\"@id\":\"https:\/\/sibeniktaxi.com\/#\/schema\/logo\/image\/\"}}]}<\/script>\n<!-- \/ Yoast SEO plugin. -->","yoast_head_json":{"title":"Transfer od Amadria Parka do Zadra | Taxi \u0160ibenik","description":"Ako trebate prijevoz od Amadria Parka do Zadra, kontaktirajte nas. Transfer na\u0161im vozilima, najjednostavniji je i najbr\u017ei na\u010din.","robots":{"index":"index","follow":"follow","max-snippet":"max-snippet:-1","max-image-preview":"max-image-preview:large","max-video-preview":"max-video-preview:-1"},"canonical":"https:\/\/sibeniktaxi.com\/en\/transferi\/od-amadria-parka-do-zadra\/","og_locale":"en_US","og_type":"article","og_title":"Transfer od Amadria Parka do Zadra | Taxi \u0160ibenik","og_description":"Ako trebate prijevoz od Amadria Parka do Zadra, kontaktirajte nas. Transfer na\u0161im vozilima, najjednostavniji je i najbr\u017ei na\u010din.","og_url":"https:\/\/sibeniktaxi.com\/en\/transferi\/od-amadria-parka-do-zadra\/","og_site_name":"Taxi \u0160ibenik","article_publisher":"https:\/\/www.facebook.com\/sibeniktaxi\/","article_modified_time":"2022-09-14T14:14:20+00:00","og_image":[{"width":1200,"height":800,"url":"https:\/\/sibeniktaxi.com\/wp-content\/uploads\/2022\/08\/p8.jpg","type":"image\/jpeg"}],"twitter_card":"summary","twitter_misc":{"Est. reading time":"3 minutes"},"schema":{"@context":"https:\/\/schema.org","@graph":[{"@type":"WebPage","@id":"https:\/\/sibeniktaxi.com\/transferi\/od-amadria-parka-do-zadra\/","url":"https:\/\/sibeniktaxi.com\/transferi\/od-amadria-parka-do-zadra\/","name":"Transfer od Amadria Parka do Zadra | Taxi \u0160ibenik","isPartOf":{"@id":"https:\/\/sibeniktaxi.com\/#website"},"datePublished":"2022-08-19T11:57:58+00:00","dateModified":"2022-09-14T14:14:20+00:00","description":"Ako trebate prijevoz od Amadria Parka do Zadra, kontaktirajte nas. Transfer na\u0161im vozilima, najjednostavniji je i najbr\u017ei na\u010din.","breadcrumb":{"@id":"https:\/\/sibeniktaxi.com\/transferi\/od-amadria-parka-do-zadra\/#breadcrumb"},"inLanguage":"en-US","potentialAction":[{"@type":"ReadAction","target":["https:\/\/sibeniktaxi.com\/transferi\/od-amadria-parka-do-zadra\/"]}]},{"@type":"BreadcrumbList","@id":"https:\/\/sibeniktaxi.com\/transferi\/od-amadria-parka-do-zadra\/#breadcrumb","itemListElement":[{"@type":"ListItem","position":1,"name":"Taxi \u0160ibenik","item":"https:\/\/sibeniktaxi.com\/"},{"@type":"ListItem","position":2,"name":"Transferi","item":"https:\/\/sibeniktaxi.com\/transferi\/"},{"@type":"ListItem","position":3,"name":"Transfer od Amadria Parka do Zadra"}]},{"@type":"WebSite","@id":"https:\/\/sibeniktaxi.com\/#website","url":"https:\/\/sibeniktaxi.com\/","name":"Taxi \u0160ibenik","description":"Najbolji Taxi u gradu","publisher":{"@id":"https:\/\/sibeniktaxi.com\/#organization"},"potentialAction":[{"@type":"SearchAction","target":{"@type":"EntryPoint","urlTemplate":"https:\/\/sibeniktaxi.com\/?s={search_term_string}"},"query-input":"required name=search_term_string"}],"inLanguage":"en-US"},{"@type":"Organization","@id":"https:\/\/sibeniktaxi.com\/#organization","name":"Taxi \u0160ibenik","url":"https:\/\/sibeniktaxi.com\/","sameAs":["https:\/\/www.facebook.com\/sibeniktaxi\/"],"logo":{"@type":"ImageObject","inLanguage":"en-US","@id":"https:\/\/sibeniktaxi.com\/#\/schema\/logo\/image\/","url":"https:\/\/sibeniktaxi.com\/wp-content\/uploads\/2018\/04\/cropped-TAXI-DALMACIJA-logo-lav-rose-3.png","contentUrl":"https:\/\/sibeniktaxi.com\/wp-content\/uploads\/2018\/04\/cropped-TAXI-DALMACIJA-logo-lav-rose-3.png","width":"240","height":"116","caption":"Taxi \u0160ibenik"},"image":{"@id":"https:\/\/sibeniktaxi.com\/#\/schema\/logo\/image\/"}}]}},"_links":{"self":[{"href":"https:\/\/sibeniktaxi.com\/en\/wp-json\/wp\/v2\/pages\/2822"}],"collection":[{"href":"https:\/\/sibeniktaxi.com\/en\/wp-json\/wp\/v2\/pages"}],"about":[{"href":"https:\/\/sibeniktaxi.com\/en\/wp-json\/wp\/v2\/types\/page"}],"author":[{"embeddable":true,"href":"https:\/\/sibeniktaxi.com\/en\/wp-json\/wp\/v2\/users\/5"}],"replies":[{"embeddable":true,"href":"https:\/\/sibeniktaxi.com\/en\/wp-json\/wp\/v2\/comments?post=2822"}],"version-history":[{"count":11,"href":"https:\/\/sibeniktaxi.com\/en\/wp-json\/wp\/v2\/pages\/2822\/revisions"}],"predecessor-version":[{"id":2880,"href":"https:\/\/sibeniktaxi.com\/en\/wp-json\/wp\/v2\/pages\/2822\/revisions\/2880"}],"up":[{"embeddable":true,"href":"https:\/\/sibeniktaxi.com\/en\/wp-json\/wp\/v2\/pages\/2346"}],"wp:featuredmedia":[{"embeddable":true,"href":"https:\/\/sibeniktaxi.com\/en\/wp-json\/wp\/v2\/media\/2824"}],"wp:attachment":[{"href":"https:\/\/sibeniktaxi.com\/en\/wp-json\/wp\/v2\/media?parent=2822"}],"curies":[{"name":"wp","href":"https:\/\/api.w.org\/{rel}","templated":true}]}}