{"id":2849,"date":"2022-08-30T17:36:02","date_gmt":"2022-08-30T17:36:02","guid":{"rendered":"https:\/\/sibeniktaxi.com\/?page_id=2849"},"modified":"2023-01-25T11:21:04","modified_gmt":"2023-01-25T11:21:04","slug":"od-amadria-parka-do-dubrovnika","status":"publish","type":"page","link":"https:\/\/sibeniktaxi.com\/en\/transfers\/from-amadria-park-to-dubrovnik\/","title":{"rendered":"Transfer from Amadria Park to Dubrovnik"},"content":{"rendered":"<div data-elementor-type=\"wp-page\" data-elementor-id=\"2849\" class=\"elementor elementor-2849\">\n\t\t\t\t\t\t\t\t\t<section class=\"elementor-section elementor-top-section elementor-element elementor-element-50325242 elementor-section-boxed elementor-section-height-default elementor-section-height-default\" data-id=\"50325242\" data-element_type=\"section\">\n\t\t\t\t\t\t<div class=\"elementor-container elementor-column-gap-default\">\n\t\t\t\t\t<div class=\"elementor-column elementor-col-100 elementor-top-column elementor-element elementor-element-55b653f6\" data-id=\"55b653f6\" data-element_type=\"column\">\n\t\t\t<div class=\"elementor-widget-wrap elementor-element-populated\">\n\t\t\t\t\t\t\t\t<div class=\"elementor-element elementor-element-3125437b elementor-widget elementor-widget-text-editor\" data-id=\"3125437b\" data-element_type=\"widget\" data-widget_type=\"text-editor.default\">\n\t\t\t\t<div class=\"elementor-widget-container\">\n\t\t\t<style>\/*! elementor - v3.14.0 - 26-06-2023 *\/\n.elementor-widget-text-editor.elementor-drop-cap-view-stacked .elementor-drop-cap{background-color:#69727d;color:#fff}.elementor-widget-text-editor.elementor-drop-cap-view-framed .elementor-drop-cap{color:#69727d;border:3px solid;background-color:transparent}.elementor-widget-text-editor:not(.elementor-drop-cap-view-default) .elementor-drop-cap{margin-top:8px}.elementor-widget-text-editor:not(.elementor-drop-cap-view-default) .elementor-drop-cap-letter{width:1em;height:1em}.elementor-widget-text-editor .elementor-drop-cap{float:left;text-align:center;line-height:1;font-size:50px}.elementor-widget-text-editor .elementor-drop-cap-letter{display:inline-block}<\/style>\t\t\t\t<p><span style=\"font-weight: 400;\">Amadria Park is a luxurious beach hotel filled with spa and wellness activities, where you will experience the most relaxing and enjoyable stay. It is located in \u0160ibenik \u2013 a city surrounded by four fortresses.<\/span><\/p><p><span style=\"font-weight: 400;\">Another city that is famous for its fortresses is Dubrovnik and there are several ways to get from Amadria Park to Dubrovnik.<\/span><\/p><h2><strong>Transfer \u0160ibenik \u2013 Dubrovnik<\/strong><\/h2><p><span style=\"font-weight: 400;\">Another city that is famous for its fortresses is Dubrovnik and there are several ways to get from Amadria Park to Dubrovnik.<\/span><\/p><p><span style=\"font-weight: 400;\">Another option would be to take a bus. It would take you about six to ten hours to get there, depending on the bus route, the more stops you make, the longer the ride will be.<\/span><\/p><p><span style=\"font-weight: 400;\">When you arrive in Dubrovnik you have to walk to the hotel and that can be a problem, especially if you have luggage to carry, which you probably do. If you are going to the airport, you can take some bus lines, but they may not correspond to your flight time.<\/span><\/p><p><img loading=\"lazy\" class=\"aligncenter size-full wp-image-2851\" src=\"https:\/\/sibeniktaxi.com\/wp-content\/uploads\/2022\/08\/amadria-park-hotel-jakov.jpg\" alt=\"amadria park\" width=\"1920\" height=\"1080\" data-wp-editing=\"1\" srcset=\"https:\/\/sibeniktaxi.com\/wp-content\/uploads\/2022\/08\/amadria-park-hotel-jakov.jpg 1920w, https:\/\/sibeniktaxi.com\/wp-content\/uploads\/2022\/08\/amadria-park-hotel-jakov-300x169.jpg 300w, https:\/\/sibeniktaxi.com\/wp-content\/uploads\/2022\/08\/amadria-park-hotel-jakov-768x432.jpg 768w, https:\/\/sibeniktaxi.com\/wp-content\/uploads\/2022\/08\/amadria-park-hotel-jakov-1024x576.jpg 1024w\" sizes=\"(max-width: 1920px) 100vw, 1920px\" \/><\/p><h3>\u00a0<\/h3><h3><strong>Transfer to Dubrovnik airport<\/strong><\/h3><p><span style=\"font-weight: 400;\">Maybe you had a great vacation at Amadria Park and now you need to catch a flight from Dubrovnik, but you can't find a way to get there without spending a lot of money or you need to get there quickly and without stopping along the way.<\/span><\/p><p><span style=\"font-weight: 400;\">The ideal way would be to take <\/span><a href=\"https:\/\/sibeniktaxi.com\/en\/airport-transferi\/transfer-sibenik-zracna-luka-dubrovnik\/\"><span style=\"font-weight: 400;\">taxi prijevoz<\/span><\/a><span style=\"font-weight: 400;\"> from \u0160ibenik to Dubrovnik. Taxi \u0160ibenik offers you the fastest and easiest way to get to your destination. The best part is that it caters to your needs, meaning you can make a reservation based on your flight time so you don't have to waste time waiting for your flight if you arrive too early.<\/span><\/p><p><span style=\"font-weight: 400;\">The car will take you from your hotel in \u0160ibenik straight to the airport or can drop you off in the city if you want to go sightseeing.<\/span><\/p><h2><strong>Why Taxi \u0160ibenik?<\/strong><\/h2><p><span style=\"font-weight: 400;\">Car service Taxi \u0160ibenik has the best and cheapest offers you can find. The drivers are experienced and professional so you can be sure that you are in good hands.<\/span><\/p><p class=\"translation-block\"><span style=\"font-weight: 400\">You can safely travel alone or with friends and family. <\/span><a href=\"https:\/\/sibeniktaxi.com\/en\/luksuzni-transfer\/\" target=\"_self\"><span style=\"font-weight: 400\">Vanillas<\/span><\/a><span style=\"font-weight: 400\">can accommodate up to 8 people so it's a great option if you want to share the cost.<\/span><\/p><p class=\"translation-block\"><span style=\"font-weight: 400\">In addition to Dubrovnik, \u0160ibenik Taxi also offers transportation to other airports, such as <\/span><a href=\"https:\/\/sibeniktaxi.com\/en\/airport-transferi\/transfer-do-zracne-luke-zagreb\/\" target=\"_self\"><span style=\"font-weight: 400\">Zagreb<\/span><\/a><span style=\"font-weight: 400\">, <\/span><a href=\"https:\/\/sibeniktaxi.com\/en\/airport-transferi\/transfer-sibenik-zracna-luka-zadar\/\" target=\"_self\"><span style=\"font-weight: 400\">Zadar<\/span><\/a><span style=\"font-weight: 400\">or <\/span><a href=\"https:\/\/sibeniktaxi.com\/en\/airport-transferi\/transfer-sibenik-zracna-luka-split\/\" target=\"_self\"><span style=\"font-weight: 400\">Split<\/span><\/a><span style=\"font-weight: 400\">. The easiest way to book your transfer is to fill out the contact form or contact us via phone number.<\/span><\/p><p class=\"translation-block\"><span style=\"font-weight: 400\">Both options can be found on the <\/span><a href=\"https:\/\/sibeniktaxi.com\/en\/\" target=\"_self\"><span style=\"font-weight: 400\">website<\/span><\/a><span style=\"font-weight: 400\">.<\/span><\/p><h2><strong>Book a Transfer<\/strong><\/h2><p class=\"translation-block\"><a href=\"https:\/\/sibeniktaxi.com\/en\/#contact\" target=\"_self\"><span style=\"font-weight: 400\">Call<\/span><\/a><span style=\"font-weight: 400\">Taxi \u0160ibenik or fill out the contact form to ride according to <\/span><b>Your <\/b><span style=\"font-weight: 400\">schedule!<\/span><\/p><p>\n<div class=\"wpcf7 no-js\" id=\"wpcf7-f2109-o1\" lang=\"en-US\" dir=\"ltr\">\n<div class=\"screen-reader-response\"><p role=\"status\" aria-live=\"polite\" aria-atomic=\"true\"><\/p> <ul><\/ul><\/div>\n<form action=\"\/en\/wp-json\/wp\/v2\/pages\/2849#wpcf7-f2109-o1\" method=\"post\" class=\"wpcf7-form init\" aria-label=\"Contact form\" novalidate=\"novalidate\" data-status=\"init\" data-trp-original-action=\"\/en\/wp-json\/wp\/v2\/pages\/2849#wpcf7-f2109-o1\">\n<div style=\"display: none;\">\n<input type=\"hidden\" name=\"_wpcf7\" value=\"2109\" \/>\n<input type=\"hidden\" name=\"_wpcf7_version\" value=\"5.7.7\" \/>\n<input type=\"hidden\" name=\"_wpcf7_locale\" value=\"en_US\" \/>\n<input type=\"hidden\" name=\"_wpcf7_unit_tag\" value=\"wpcf7-f2109-o1\" \/>\n<input type=\"hidden\" name=\"_wpcf7_container_post\" value=\"0\" \/>\n<input type=\"hidden\" name=\"_wpcf7_posted_data_hash\" value=\"\" \/>\n<input type=\"hidden\" name=\"_wpcf7_recaptcha_response\" value=\"\" \/>\n<\/div>\n<p><label> Your Email (required)<br \/>\n<span class=\"wpcf7-form-control-wrap\" data-name=\"your-email\"><input size=\"40\" class=\"wpcf7-form-control wpcf7-text wpcf7-email wpcf7-validates-as-required wpcf7-validates-as-email\" aria-required=\"true\" aria-invalid=\"false\" value=\"\" type=\"email\" name=\"your-email\" \/><\/span> <\/label>\n<\/p>\n<p><label> Contact Number<br \/>\n<span class=\"wpcf7-form-control-wrap\" data-name=\"your-phone\"><input size=\"40\" class=\"wpcf7-form-control wpcf7-text wpcf7-tel wpcf7-validates-as-tel\" aria-invalid=\"false\" placeholder=\"+385\" value=\"\" type=\"tel\" name=\"your-phone\" \/><\/span><\/label>\n<\/p>\n<p><label> Time (required)<br \/>\n<span class=\"wpcf7-form-control-wrap\" data-name=\"your-time\"><input size=\"40\" class=\"wpcf7-form-control wpcf7-text wpcf7-validates-as-required\" aria-required=\"true\" aria-invalid=\"false\" value=\"\" type=\"text\" name=\"your-time\" \/><\/span> <\/label>\n<\/p>\n<p><label> Date (required)<br \/>\n<span class=\"wpcf7-form-control-wrap\" data-name=\"your-date\"><input class=\"wpcf7-form-control wpcf7-date wpcf7-validates-as-required wpcf7-validates-as-date required\" min=\"2026-04-15\" step=\"1\" aria-required=\"true\" aria-invalid=\"false\" value=\"\" type=\"date\" name=\"your-date\" \/><\/span> <\/label>\n<\/p>\n<p><label> Note<br \/>\n<span class=\"wpcf7-form-control-wrap\" data-name=\"your-message\"><textarea cols=\"40\" rows=\"10\" class=\"wpcf7-form-control wpcf7-textarea\" aria-invalid=\"false\" name=\"your-message\"><\/textarea><\/span> <\/label>\n<\/p>\n<p><input class=\"wpcf7-form-control has-spinner wpcf7-submit\" type=\"submit\" value=\"Send\" \/>\n<\/p><div class=\"wpcf7-response-output\" aria-hidden=\"true\"><\/div>\n<input type=\"hidden\" name=\"trp-form-language\" value=\"en\"\/><\/form>\n<\/div>\n<\/p>\t\t\t\t\t\t<\/div>\n\t\t\t\t<\/div>\n\t\t\t\t\t<\/div>\n\t\t<\/div>\n\t\t\t\t\t\t\t<\/div>\n\t\t<\/section>\n\t\t\t\t<section class=\"elementor-section elementor-top-section elementor-element elementor-element-572a4ae4 elementor-section-boxed elementor-section-height-default elementor-section-height-default\" data-id=\"572a4ae4\" data-element_type=\"section\">\n\t\t\t\t\t\t<div class=\"elementor-container elementor-column-gap-default\">\n\t\t\t\t\t<div class=\"elementor-column elementor-col-100 elementor-top-column elementor-element elementor-element-3678f8e3\" data-id=\"3678f8e3\" data-element_type=\"column\">\n\t\t\t<div class=\"elementor-widget-wrap elementor-element-populated\">\n\t\t\t\t\t\t\t\t\t<\/div>\n\t\t<\/div>\n\t\t\t\t\t\t\t<\/div>\n\t\t<\/section>\n\t\t\t\t\t\t\t<\/div>","protected":false},"excerpt":{"rendered":"<p>Amadria Park je luksuzni hotel na pla\u017ei ispunjen toplicama i wellness aktivnostima, a u njemu \u0107ete do\u017eivjeti najopu\u0161teniji i najugodniji boravak. Nalazi se u \u0160ibeniku &#8211; gradu okru\u017eenom s \u010detiri tvr\u0111ave. Jo\u0161 jedan grad koji je poznat po svojim tvr\u0111avama je Dubrovnik i postoji nekoliko na\u010dina da do\u0111ete iz Amadria&#8230;<\/p>","protected":false},"author":5,"featured_media":2851,"parent":2346,"menu_order":0,"comment_status":"closed","ping_status":"closed","template":"","meta":{"_mi_skip_tracking":false,"_exactmetrics_sitenote_active":false,"_exactmetrics_sitenote_note":"","_exactmetrics_sitenote_category":0},"yoast_head":"<!-- This site is optimized with the Yoast SEO plugin v19.6.1 - https:\/\/yoast.com\/wordpress\/plugins\/seo\/ -->\n<title>Transfer od Amadria Parka do Dubrovnika | Taxi \u0160ibenik<\/title>\n<meta name=\"description\" content=\"Transfer od Amadria Parka do Dubrovnika sada je jednostavan, brz i udoban zahvaljuju\u0107i \u0160ibenik Taxiju.\" \/>\n<meta name=\"robots\" content=\"index, follow, max-snippet:-1, max-image-preview:large, max-video-preview:-1\" \/>\n<link rel=\"canonical\" href=\"https:\/\/sibeniktaxi.com\/en\/transferi\/od-amadria-parka-do-dubrovnika\/\" \/>\n<meta property=\"og:locale\" content=\"en_US\" \/>\n<meta property=\"og:type\" content=\"article\" \/>\n<meta property=\"og:title\" content=\"Transfer od Amadria Parka do Dubrovnika | Taxi \u0160ibenik\" \/>\n<meta property=\"og:description\" content=\"Transfer od Amadria Parka do Dubrovnika sada je jednostavan, brz i udoban zahvaljuju\u0107i \u0160ibenik Taxiju.\" \/>\n<meta property=\"og:url\" content=\"https:\/\/sibeniktaxi.com\/en\/transferi\/od-amadria-parka-do-dubrovnika\/\" \/>\n<meta property=\"og:site_name\" content=\"Taxi \u0160ibenik\" \/>\n<meta property=\"article:publisher\" content=\"https:\/\/www.facebook.com\/sibeniktaxi\/\" \/>\n<meta property=\"article:modified_time\" content=\"2023-01-25T11:21:04+00:00\" \/>\n<meta property=\"og:image\" content=\"https:\/\/sibeniktaxi.com\/wp-content\/uploads\/2022\/08\/amadria-park-hotel-jakov.jpg\" \/>\n\t<meta property=\"og:image:width\" content=\"1920\" \/>\n\t<meta property=\"og:image:height\" content=\"1080\" \/>\n\t<meta property=\"og:image:type\" content=\"image\/jpeg\" \/>\n<meta name=\"twitter:card\" content=\"summary\" \/>\n<meta name=\"twitter:label1\" content=\"Est. reading time\" \/>\n\t<meta name=\"twitter:data1\" content=\"7 minutes\" \/>\n<script type=\"application\/ld+json\" class=\"yoast-schema-graph\">{\"@context\":\"https:\/\/schema.org\",\"@graph\":[{\"@type\":\"WebPage\",\"@id\":\"https:\/\/sibeniktaxi.com\/transferi\/od-amadria-parka-do-dubrovnika\/\",\"url\":\"https:\/\/sibeniktaxi.com\/transferi\/od-amadria-parka-do-dubrovnika\/\",\"name\":\"Transfer od Amadria Parka do Dubrovnika | Taxi \u0160ibenik\",\"isPartOf\":{\"@id\":\"https:\/\/sibeniktaxi.com\/#website\"},\"datePublished\":\"2022-08-30T17:36:02+00:00\",\"dateModified\":\"2023-01-25T11:21:04+00:00\",\"description\":\"Transfer od Amadria Parka do Dubrovnika sada je jednostavan, brz i udoban zahvaljuju\u0107i \u0160ibenik Taxiju.\",\"breadcrumb\":{\"@id\":\"https:\/\/sibeniktaxi.com\/transferi\/od-amadria-parka-do-dubrovnika\/#breadcrumb\"},\"inLanguage\":\"en-US\",\"potentialAction\":[{\"@type\":\"ReadAction\",\"target\":[\"https:\/\/sibeniktaxi.com\/transferi\/od-amadria-parka-do-dubrovnika\/\"]}]},{\"@type\":\"BreadcrumbList\",\"@id\":\"https:\/\/sibeniktaxi.com\/transferi\/od-amadria-parka-do-dubrovnika\/#breadcrumb\",\"itemListElement\":[{\"@type\":\"ListItem\",\"position\":1,\"name\":\"Taxi \u0160ibenik\",\"item\":\"https:\/\/sibeniktaxi.com\/\"},{\"@type\":\"ListItem\",\"position\":2,\"name\":\"Transferi\",\"item\":\"https:\/\/sibeniktaxi.com\/transferi\/\"},{\"@type\":\"ListItem\",\"position\":3,\"name\":\"Transfer od Amadria Parka do Dubrovnika\"}]},{\"@type\":\"WebSite\",\"@id\":\"https:\/\/sibeniktaxi.com\/#website\",\"url\":\"https:\/\/sibeniktaxi.com\/\",\"name\":\"Taxi \u0160ibenik\",\"description\":\"Najbolji Taxi u gradu\",\"publisher\":{\"@id\":\"https:\/\/sibeniktaxi.com\/#organization\"},\"potentialAction\":[{\"@type\":\"SearchAction\",\"target\":{\"@type\":\"EntryPoint\",\"urlTemplate\":\"https:\/\/sibeniktaxi.com\/?s={search_term_string}\"},\"query-input\":\"required name=search_term_string\"}],\"inLanguage\":\"en-US\"},{\"@type\":\"Organization\",\"@id\":\"https:\/\/sibeniktaxi.com\/#organization\",\"name\":\"Taxi \u0160ibenik\",\"url\":\"https:\/\/sibeniktaxi.com\/\",\"sameAs\":[\"https:\/\/www.facebook.com\/sibeniktaxi\/\"],\"logo\":{\"@type\":\"ImageObject\",\"inLanguage\":\"en-US\",\"@id\":\"https:\/\/sibeniktaxi.com\/#\/schema\/logo\/image\/\",\"url\":\"https:\/\/sibeniktaxi.com\/wp-content\/uploads\/2018\/04\/cropped-TAXI-DALMACIJA-logo-lav-rose-3.png\",\"contentUrl\":\"https:\/\/sibeniktaxi.com\/wp-content\/uploads\/2018\/04\/cropped-TAXI-DALMACIJA-logo-lav-rose-3.png\",\"width\":\"240\",\"height\":\"116\",\"caption\":\"Taxi \u0160ibenik\"},\"image\":{\"@id\":\"https:\/\/sibeniktaxi.com\/#\/schema\/logo\/image\/\"}}]}<\/script>\n<!-- \/ Yoast SEO plugin. -->","yoast_head_json":{"title":"Transfer od Amadria Parka do Dubrovnika | Taxi \u0160ibenik","description":"Transfer od Amadria Parka do Dubrovnika sada je jednostavan, brz i udoban zahvaljuju\u0107i \u0160ibenik Taxiju.","robots":{"index":"index","follow":"follow","max-snippet":"max-snippet:-1","max-image-preview":"max-image-preview:large","max-video-preview":"max-video-preview:-1"},"canonical":"https:\/\/sibeniktaxi.com\/en\/transferi\/od-amadria-parka-do-dubrovnika\/","og_locale":"en_US","og_type":"article","og_title":"Transfer od Amadria Parka do Dubrovnika | Taxi \u0160ibenik","og_description":"Transfer od Amadria Parka do Dubrovnika sada je jednostavan, brz i udoban zahvaljuju\u0107i \u0160ibenik Taxiju.","og_url":"https:\/\/sibeniktaxi.com\/en\/transferi\/od-amadria-parka-do-dubrovnika\/","og_site_name":"Taxi \u0160ibenik","article_publisher":"https:\/\/www.facebook.com\/sibeniktaxi\/","article_modified_time":"2023-01-25T11:21:04+00:00","og_image":[{"width":1920,"height":1080,"url":"https:\/\/sibeniktaxi.com\/wp-content\/uploads\/2022\/08\/amadria-park-hotel-jakov.jpg","type":"image\/jpeg"}],"twitter_card":"summary","twitter_misc":{"Est. reading time":"7 minutes"},"schema":{"@context":"https:\/\/schema.org","@graph":[{"@type":"WebPage","@id":"https:\/\/sibeniktaxi.com\/transferi\/od-amadria-parka-do-dubrovnika\/","url":"https:\/\/sibeniktaxi.com\/transferi\/od-amadria-parka-do-dubrovnika\/","name":"Transfer od Amadria Parka do Dubrovnika | Taxi \u0160ibenik","isPartOf":{"@id":"https:\/\/sibeniktaxi.com\/#website"},"datePublished":"2022-08-30T17:36:02+00:00","dateModified":"2023-01-25T11:21:04+00:00","description":"Transfer od Amadria Parka do Dubrovnika sada je jednostavan, brz i udoban zahvaljuju\u0107i \u0160ibenik Taxiju.","breadcrumb":{"@id":"https:\/\/sibeniktaxi.com\/transferi\/od-amadria-parka-do-dubrovnika\/#breadcrumb"},"inLanguage":"en-US","potentialAction":[{"@type":"ReadAction","target":["https:\/\/sibeniktaxi.com\/transferi\/od-amadria-parka-do-dubrovnika\/"]}]},{"@type":"BreadcrumbList","@id":"https:\/\/sibeniktaxi.com\/transferi\/od-amadria-parka-do-dubrovnika\/#breadcrumb","itemListElement":[{"@type":"ListItem","position":1,"name":"Taxi \u0160ibenik","item":"https:\/\/sibeniktaxi.com\/"},{"@type":"ListItem","position":2,"name":"Transferi","item":"https:\/\/sibeniktaxi.com\/transferi\/"},{"@type":"ListItem","position":3,"name":"Transfer od Amadria Parka do Dubrovnika"}]},{"@type":"WebSite","@id":"https:\/\/sibeniktaxi.com\/#website","url":"https:\/\/sibeniktaxi.com\/","name":"Taxi \u0160ibenik","description":"Najbolji Taxi u gradu","publisher":{"@id":"https:\/\/sibeniktaxi.com\/#organization"},"potentialAction":[{"@type":"SearchAction","target":{"@type":"EntryPoint","urlTemplate":"https:\/\/sibeniktaxi.com\/?s={search_term_string}"},"query-input":"required name=search_term_string"}],"inLanguage":"en-US"},{"@type":"Organization","@id":"https:\/\/sibeniktaxi.com\/#organization","name":"Taxi \u0160ibenik","url":"https:\/\/sibeniktaxi.com\/","sameAs":["https:\/\/www.facebook.com\/sibeniktaxi\/"],"logo":{"@type":"ImageObject","inLanguage":"en-US","@id":"https:\/\/sibeniktaxi.com\/#\/schema\/logo\/image\/","url":"https:\/\/sibeniktaxi.com\/wp-content\/uploads\/2018\/04\/cropped-TAXI-DALMACIJA-logo-lav-rose-3.png","contentUrl":"https:\/\/sibeniktaxi.com\/wp-content\/uploads\/2018\/04\/cropped-TAXI-DALMACIJA-logo-lav-rose-3.png","width":"240","height":"116","caption":"Taxi \u0160ibenik"},"image":{"@id":"https:\/\/sibeniktaxi.com\/#\/schema\/logo\/image\/"}}]}},"_links":{"self":[{"href":"https:\/\/sibeniktaxi.com\/en\/wp-json\/wp\/v2\/pages\/2849"}],"collection":[{"href":"https:\/\/sibeniktaxi.com\/en\/wp-json\/wp\/v2\/pages"}],"about":[{"href":"https:\/\/sibeniktaxi.com\/en\/wp-json\/wp\/v2\/types\/page"}],"author":[{"embeddable":true,"href":"https:\/\/sibeniktaxi.com\/en\/wp-json\/wp\/v2\/users\/5"}],"replies":[{"embeddable":true,"href":"https:\/\/sibeniktaxi.com\/en\/wp-json\/wp\/v2\/comments?post=2849"}],"version-history":[{"count":18,"href":"https:\/\/sibeniktaxi.com\/en\/wp-json\/wp\/v2\/pages\/2849\/revisions"}],"predecessor-version":[{"id":2982,"href":"https:\/\/sibeniktaxi.com\/en\/wp-json\/wp\/v2\/pages\/2849\/revisions\/2982"}],"up":[{"embeddable":true,"href":"https:\/\/sibeniktaxi.com\/en\/wp-json\/wp\/v2\/pages\/2346"}],"wp:featuredmedia":[{"embeddable":true,"href":"https:\/\/sibeniktaxi.com\/en\/wp-json\/wp\/v2\/media\/2851"}],"wp:attachment":[{"href":"https:\/\/sibeniktaxi.com\/en\/wp-json\/wp\/v2\/media?parent=2849"}],"curies":[{"name":"wp","href":"https:\/\/api.w.org\/{rel}","templated":true}]}}