{"id":2962,"date":"2023-01-23T15:49:25","date_gmt":"2023-01-23T15:49:25","guid":{"rendered":"https:\/\/sibeniktaxi.com\/?page_id=2962"},"modified":"2023-01-25T11:21:32","modified_gmt":"2023-01-25T11:21:32","slug":"od-solarisa-do-sibenika","status":"publish","type":"page","link":"https:\/\/sibeniktaxi.com\/en\/transfers\/from-solaris-to-sibenik\/","title":{"rendered":"Transfer from Solaris to \u0160ibenik"},"content":{"rendered":"<div data-elementor-type=\"wp-page\" data-elementor-id=\"2962\" class=\"elementor elementor-2962\">\n\t\t\t\t\t\t\t\t\t<section class=\"elementor-section elementor-top-section elementor-element elementor-element-1eefcb9f elementor-section-boxed elementor-section-height-default elementor-section-height-default\" data-id=\"1eefcb9f\" data-element_type=\"section\">\n\t\t\t\t\t\t<div class=\"elementor-container elementor-column-gap-default\">\n\t\t\t\t\t<div class=\"elementor-column elementor-col-100 elementor-top-column elementor-element elementor-element-5aa390df\" data-id=\"5aa390df\" data-element_type=\"column\">\n\t\t\t<div class=\"elementor-widget-wrap elementor-element-populated\">\n\t\t\t\t\t\t\t\t<div class=\"elementor-element elementor-element-3a75288 elementor-widget elementor-widget-text-editor\" data-id=\"3a75288\" data-element_type=\"widget\" data-widget_type=\"text-editor.default\">\n\t\t\t\t<div class=\"elementor-widget-container\">\n\t\t\t<style>\/*! elementor - v3.14.0 - 26-06-2023 *\/\n.elementor-widget-text-editor.elementor-drop-cap-view-stacked .elementor-drop-cap{background-color:#69727d;color:#fff}.elementor-widget-text-editor.elementor-drop-cap-view-framed .elementor-drop-cap{color:#69727d;border:3px solid;background-color:transparent}.elementor-widget-text-editor:not(.elementor-drop-cap-view-default) .elementor-drop-cap{margin-top:8px}.elementor-widget-text-editor:not(.elementor-drop-cap-view-default) .elementor-drop-cap-letter{width:1em;height:1em}.elementor-widget-text-editor .elementor-drop-cap{float:left;text-align:center;line-height:1;font-size:50px}.elementor-widget-text-editor .elementor-drop-cap-letter{display:inline-block}<\/style>\t\t\t\t<p><span style=\"font-weight: 400;\">In northern Dalmatia, the city of \u0160ibenik and the Solaris resort are located next to each other. They complement each other perfectly with their wealth of offers and amenities, making them the perfect destination for a summer vacation. We bring you a short guide on transfers from Solaris to \u0160ibenik, so that you can better plan your trip and consider all the options.<\/span><\/p><h2><span style=\"font-weight: 400;\">Solaris<\/span><\/h2><p><span style=\"font-weight: 400;\">The Solaris tourist and hospitality complex is one of the symbols of the Adriatic, primarily because of its famous water park, but also because of its wide selection of top-quality accommodation with as many as five hotels. It is located just 6 kilometers from \u0160ibenik, an old coastal town.\u00a0<\/span><\/p><p><span style=\"font-weight: 400;\">The water park consists of 10 slides of different heights, sprinklers, waterfalls and streams suitable for all ages.<\/span><\/p><h2><span style=\"font-weight: 400;\">\u0160ibenik<\/span><\/h2><p class=\"translation-block\"><a href=\"https:\/\/sibeniktaxi.com\/en\/sibenik\/\" target=\"_self\"><span style=\"font-weight: 400\">The city of \u0160ibenik<\/span><\/a><span style=\"font-weight: 400\"> is one of the oldest on the Adriatic coast. With its first mentions dating back to the 11th century, it is to be expected that it is teeming with history and culture. The Cathedral of St. James, characterized by the 74 heads that form a wreath around the building, is the symbol of \u0160ibenik. In addition to its many medieval and Venetian buildings, \u0160ibenik has a wide variety of food options.<\/span><\/p><p><img loading=\"lazy\" class=\"aligncenter size-full wp-image-2964\" src=\"https:\/\/sibeniktaxi.com\/wp-content\/uploads\/2023\/01\/sibenik-2-1024x591-3.jpg\" alt=\"\u0160ibenik\" width=\"1024\" height=\"591\" srcset=\"https:\/\/sibeniktaxi.com\/wp-content\/uploads\/2023\/01\/sibenik-2-1024x591-3.jpg 1024w, https:\/\/sibeniktaxi.com\/wp-content\/uploads\/2023\/01\/sibenik-2-1024x591-3-300x173.jpg 300w, https:\/\/sibeniktaxi.com\/wp-content\/uploads\/2023\/01\/sibenik-2-1024x591-3-768x443.jpg 768w\" sizes=\"(max-width: 1024px) 100vw, 1024px\" \/><\/p><h2><span style=\"font-weight: 400;\">Transportation options<\/span><\/h2><p><span style=\"font-weight: 400;\">The resort is located south of \u0160ibenik, on a peninsula overlooking the island of Zlarin. By car, it would take about 15 minutes, assuming there are no traffic jams. We have prepared other transportation options for you, in case you have come for your vacation without your own vehicle.\u00a0<\/span><\/p><h3><span style=\"font-weight: 400;\">Bus<\/span><\/h3><p><span style=\"font-weight: 400;\">Traveling by bus requires adjusting your plans to the timetable. Everyone is familiar with the summer crowds on buses, especially the problems that arise when, due to poor organization, there are no seats and you have to wait for the next scheduled service, which can ruin your plans if the intervals between trains are several hours.<\/span><\/p><h3><span style=\"font-weight: 400;\">Taxi\u00a0<\/span><\/h3><p><span style=\"font-weight: 400;\">An option that is guaranteed to save you time and take you exactly where you need to be, without the need for additional walking with all your luggage and wandering around unfamiliar places. Taxi is the ideal choice if you don't want to bother with public transport and are looking for a personalized service.\u00a0<\/span><\/p><p><span style=\"font-weight: 400;\">The ride is quite short, about 15 minutes. There are two routes, so there is always a plan B in case of traffic jams on one of them.<\/span><\/p><h2><span style=\"font-weight: 400;\">We are here for you.<\/span><\/h2><p><span style=\"font-weight: 400;\">Taxi \u0160ibenik is an organization whose primary goal is customer satisfaction. We do not skimp on the quality of cars and drivers, everything to make your journey as fast and comfortable as possible. We strive to stand out from the rest, which gives us the right to guarantee that you can't go wrong by choosing us!\u00a0<\/span><\/p><p class=\"translation-block\"><span style=\"font-weight: 400\">In addition to \u0160ibenik, Solaris connects with Dubrovnik and <\/span><a href=\"https:\/\/sibeniktaxi.com\/en\/airport-transferi\/od-solarisa-do-aerodroma-u-splitu\/\" target=\"_self\"><span style=\"font-weight: 400\">Split Airport<\/span><\/a><span style=\"font-weight: 400\">. Our services are available to you at any time of the day, wherever you are.<\/span><\/p><p><span style=\"font-weight: 400;\">It is important to emphasize that it is safest to book the transport, in order to avoid complications in case of crowds or high demand and so that our drivers can arrive at the agreed place earlier.\u00a0<\/span><\/p><p class=\"translation-block\"><span style=\"font-weight: 400\">The reservation is easily completed via <\/span><a href=\"https:\/\/sibeniktaxi.com\/en\/#contact\" target=\"_self\"><span style=\"font-weight: 400\">contact form<\/span><\/a><span style=\"font-weight: 400\"> on our website, or by directly calling our services. Once you have secured your transportation, your work is done and you can relax because you are in good hands!<\/span><\/p>\t\t\t\t\t\t<\/div>\n\t\t\t\t<\/div>\n\t\t\t\t\t<\/div>\n\t\t<\/div>\n\t\t\t\t\t\t\t<\/div>\n\t\t<\/section>\n\t\t\t\t<section class=\"elementor-section elementor-top-section elementor-element elementor-element-190263 elementor-section-boxed elementor-section-height-default elementor-section-height-default\" data-id=\"190263\" data-element_type=\"section\">\n\t\t\t\t\t\t<div class=\"elementor-container elementor-column-gap-default\">\n\t\t\t\t\t<div class=\"elementor-column elementor-col-100 elementor-top-column elementor-element elementor-element-62afe6e8\" data-id=\"62afe6e8\" data-element_type=\"column\">\n\t\t\t<div class=\"elementor-widget-wrap elementor-element-populated\">\n\t\t\t\t\t\t\t\t<div class=\"elementor-element elementor-element-623f123b elementor-widget elementor-widget-text-editor\" data-id=\"623f123b\" data-element_type=\"widget\" data-widget_type=\"text-editor.default\">\n\t\t\t\t<div class=\"elementor-widget-container\">\n\t\t\t\t\t\t\t<h2><strong>Book a Transfer<\/strong><\/h2><p class=\"translation-block\"><a href=\"https:\/\/sibeniktaxi.com\/en\/#contact\" target=\"_self\"><span style=\"font-weight: 400\">Call<\/span><\/a><span style=\"font-weight: 400\">Taxi \u0160ibenik or fill out the contact form to ride according to <\/span><b>Your <\/b><span style=\"font-weight: 400\">schedule!<\/span><\/p><p>\n<div class=\"wpcf7 no-js\" id=\"wpcf7-f2109-o1\" lang=\"en-US\" dir=\"ltr\">\n<div class=\"screen-reader-response\"><p role=\"status\" aria-live=\"polite\" aria-atomic=\"true\"><\/p> <ul><\/ul><\/div>\n<form action=\"\/en\/wp-json\/wp\/v2\/pages\/2962#wpcf7-f2109-o1\" method=\"post\" class=\"wpcf7-form init\" aria-label=\"Contact form\" novalidate=\"novalidate\" data-status=\"init\" data-trp-original-action=\"\/en\/wp-json\/wp\/v2\/pages\/2962#wpcf7-f2109-o1\">\n<div style=\"display: none;\">\n<input type=\"hidden\" name=\"_wpcf7\" value=\"2109\" \/>\n<input type=\"hidden\" name=\"_wpcf7_version\" value=\"5.7.7\" \/>\n<input type=\"hidden\" name=\"_wpcf7_locale\" value=\"en_US\" \/>\n<input type=\"hidden\" name=\"_wpcf7_unit_tag\" value=\"wpcf7-f2109-o1\" \/>\n<input type=\"hidden\" name=\"_wpcf7_container_post\" value=\"0\" \/>\n<input type=\"hidden\" name=\"_wpcf7_posted_data_hash\" value=\"\" \/>\n<input type=\"hidden\" name=\"_wpcf7_recaptcha_response\" value=\"\" \/>\n<\/div>\n<p><label> Your Email (required)<br \/>\n<span class=\"wpcf7-form-control-wrap\" data-name=\"your-email\"><input size=\"40\" class=\"wpcf7-form-control wpcf7-text wpcf7-email wpcf7-validates-as-required wpcf7-validates-as-email\" aria-required=\"true\" aria-invalid=\"false\" value=\"\" type=\"email\" name=\"your-email\" \/><\/span> <\/label>\n<\/p>\n<p><label> Contact Number<br \/>\n<span class=\"wpcf7-form-control-wrap\" data-name=\"your-phone\"><input size=\"40\" class=\"wpcf7-form-control wpcf7-text wpcf7-tel wpcf7-validates-as-tel\" aria-invalid=\"false\" placeholder=\"+385\" value=\"\" type=\"tel\" name=\"your-phone\" \/><\/span><\/label>\n<\/p>\n<p><label> Time (required)<br \/>\n<span class=\"wpcf7-form-control-wrap\" data-name=\"your-time\"><input size=\"40\" class=\"wpcf7-form-control wpcf7-text wpcf7-validates-as-required\" aria-required=\"true\" aria-invalid=\"false\" value=\"\" type=\"text\" name=\"your-time\" \/><\/span> <\/label>\n<\/p>\n<p><label> Date (required)<br \/>\n<span class=\"wpcf7-form-control-wrap\" data-name=\"your-date\"><input class=\"wpcf7-form-control wpcf7-date wpcf7-validates-as-required wpcf7-validates-as-date required\" min=\"2026-04-13\" step=\"1\" aria-required=\"true\" aria-invalid=\"false\" value=\"\" type=\"date\" name=\"your-date\" \/><\/span> <\/label>\n<\/p>\n<p><label> Note<br \/>\n<span class=\"wpcf7-form-control-wrap\" data-name=\"your-message\"><textarea cols=\"40\" rows=\"10\" class=\"wpcf7-form-control wpcf7-textarea\" aria-invalid=\"false\" name=\"your-message\"><\/textarea><\/span> <\/label>\n<\/p>\n<p><input class=\"wpcf7-form-control has-spinner wpcf7-submit\" type=\"submit\" value=\"Send\" \/>\n<\/p><div class=\"wpcf7-response-output\" aria-hidden=\"true\"><\/div>\n<input type=\"hidden\" name=\"trp-form-language\" value=\"en\"\/><\/form>\n<\/div>\n<\/p>\t\t\t\t\t\t<\/div>\n\t\t\t\t<\/div>\n\t\t\t\t\t<\/div>\n\t\t<\/div>\n\t\t\t\t\t\t\t<\/div>\n\t\t<\/section>\n\t\t\t\t<section class=\"elementor-section elementor-top-section elementor-element elementor-element-94059b6 elementor-section-boxed elementor-section-height-default elementor-section-height-default\" data-id=\"94059b6\" data-element_type=\"section\">\n\t\t\t\t\t\t<div class=\"elementor-container elementor-column-gap-default\">\n\t\t\t\t\t<div class=\"elementor-column elementor-col-100 elementor-top-column elementor-element elementor-element-6b1a46b3\" data-id=\"6b1a46b3\" data-element_type=\"column\">\n\t\t\t<div class=\"elementor-widget-wrap elementor-element-populated\">\n\t\t\t\t\t\t\t\t\t<\/div>\n\t\t<\/div>\n\t\t\t\t\t\t\t<\/div>\n\t\t<\/section>\n\t\t\t\t\t\t\t<\/div>","protected":false},"excerpt":{"rendered":"<p>Na sjeveru Dalmacije smje\u0161teni su, jedan do drugoga, grad \u0160ibenik i resort Solaris. Savr\u0161eno se nadopunjuju bogatstvom ponude i sadr\u017eaja pa \u010dine savr\u0161enu destinaciju za ljetni odmor. Mi vam donosimo kratak vodi\u010d o transferu iz Solarisa u \u0160ibenik, kako biste \u0161to bolje isplanirali svoj put i razmotrili sve mogu\u0107nosti. Solaris&#8230;<\/p>","protected":false},"author":5,"featured_media":2964,"parent":2346,"menu_order":0,"comment_status":"closed","ping_status":"closed","template":"","meta":{"_mi_skip_tracking":false,"_exactmetrics_sitenote_active":false,"_exactmetrics_sitenote_note":"","_exactmetrics_sitenote_category":0},"yoast_head":"<!-- This site is optimized with the Yoast SEO plugin v19.6.1 - https:\/\/yoast.com\/wordpress\/plugins\/seo\/ -->\n<title>Transfer od Solarisa do \u0160ibenika | Taxi \u0160ibenik<\/title>\n<meta name=\"robots\" content=\"index, follow, max-snippet:-1, max-image-preview:large, max-video-preview:-1\" \/>\n<link rel=\"canonical\" href=\"https:\/\/sibeniktaxi.com\/en\/transferi\/od-solarisa-do-sibenika\/\" \/>\n<meta property=\"og:locale\" content=\"en_US\" \/>\n<meta property=\"og:type\" content=\"article\" \/>\n<meta property=\"og:title\" content=\"Transfer od Solarisa do \u0160ibenika | Taxi \u0160ibenik\" \/>\n<meta property=\"og:description\" content=\"Na sjeveru Dalmacije smje\u0161teni su, jedan do drugoga, grad \u0160ibenik i resort Solaris. Savr\u0161eno se nadopunjuju bogatstvom ponude i sadr\u017eaja pa \u010dine savr\u0161enu destinaciju za ljetni odmor. Mi vam donosimo kratak vodi\u010d o transferu iz Solarisa u \u0160ibenik, kako biste \u0161to bolje isplanirali svoj put i razmotrili sve mogu\u0107nosti. Solaris...\" \/>\n<meta property=\"og:url\" content=\"https:\/\/sibeniktaxi.com\/en\/transferi\/od-solarisa-do-sibenika\/\" \/>\n<meta property=\"og:site_name\" content=\"Taxi \u0160ibenik\" \/>\n<meta property=\"article:publisher\" content=\"https:\/\/www.facebook.com\/sibeniktaxi\/\" \/>\n<meta property=\"article:modified_time\" content=\"2023-01-25T11:21:32+00:00\" \/>\n<meta property=\"og:image\" content=\"https:\/\/sibeniktaxi.com\/wp-content\/uploads\/2023\/01\/sibenik-2-1024x591-3.jpg\" \/>\n\t<meta property=\"og:image:width\" content=\"1024\" \/>\n\t<meta property=\"og:image:height\" content=\"591\" \/>\n\t<meta property=\"og:image:type\" content=\"image\/jpeg\" \/>\n<meta name=\"twitter:card\" content=\"summary\" \/>\n<meta name=\"twitter:label1\" content=\"Est. reading time\" \/>\n\t<meta name=\"twitter:data1\" content=\"7 minutes\" \/>\n<script type=\"application\/ld+json\" class=\"yoast-schema-graph\">{\"@context\":\"https:\/\/schema.org\",\"@graph\":[{\"@type\":\"WebPage\",\"@id\":\"https:\/\/sibeniktaxi.com\/transferi\/od-solarisa-do-sibenika\/\",\"url\":\"https:\/\/sibeniktaxi.com\/transferi\/od-solarisa-do-sibenika\/\",\"name\":\"Transfer od Solarisa do \u0160ibenika | Taxi \u0160ibenik\",\"isPartOf\":{\"@id\":\"https:\/\/sibeniktaxi.com\/#website\"},\"datePublished\":\"2023-01-23T15:49:25+00:00\",\"dateModified\":\"2023-01-25T11:21:32+00:00\",\"breadcrumb\":{\"@id\":\"https:\/\/sibeniktaxi.com\/transferi\/od-solarisa-do-sibenika\/#breadcrumb\"},\"inLanguage\":\"en-US\",\"potentialAction\":[{\"@type\":\"ReadAction\",\"target\":[\"https:\/\/sibeniktaxi.com\/transferi\/od-solarisa-do-sibenika\/\"]}]},{\"@type\":\"BreadcrumbList\",\"@id\":\"https:\/\/sibeniktaxi.com\/transferi\/od-solarisa-do-sibenika\/#breadcrumb\",\"itemListElement\":[{\"@type\":\"ListItem\",\"position\":1,\"name\":\"Taxi \u0160ibenik\",\"item\":\"https:\/\/sibeniktaxi.com\/\"},{\"@type\":\"ListItem\",\"position\":2,\"name\":\"Transferi\",\"item\":\"https:\/\/sibeniktaxi.com\/transferi\/\"},{\"@type\":\"ListItem\",\"position\":3,\"name\":\"Transfer od Solarisa do \u0160ibenika\"}]},{\"@type\":\"WebSite\",\"@id\":\"https:\/\/sibeniktaxi.com\/#website\",\"url\":\"https:\/\/sibeniktaxi.com\/\",\"name\":\"Taxi \u0160ibenik\",\"description\":\"Najbolji Taxi u gradu\",\"publisher\":{\"@id\":\"https:\/\/sibeniktaxi.com\/#organization\"},\"potentialAction\":[{\"@type\":\"SearchAction\",\"target\":{\"@type\":\"EntryPoint\",\"urlTemplate\":\"https:\/\/sibeniktaxi.com\/?s={search_term_string}\"},\"query-input\":\"required name=search_term_string\"}],\"inLanguage\":\"en-US\"},{\"@type\":\"Organization\",\"@id\":\"https:\/\/sibeniktaxi.com\/#organization\",\"name\":\"Taxi \u0160ibenik\",\"url\":\"https:\/\/sibeniktaxi.com\/\",\"sameAs\":[\"https:\/\/www.facebook.com\/sibeniktaxi\/\"],\"logo\":{\"@type\":\"ImageObject\",\"inLanguage\":\"en-US\",\"@id\":\"https:\/\/sibeniktaxi.com\/#\/schema\/logo\/image\/\",\"url\":\"https:\/\/sibeniktaxi.com\/wp-content\/uploads\/2018\/04\/cropped-TAXI-DALMACIJA-logo-lav-rose-3.png\",\"contentUrl\":\"https:\/\/sibeniktaxi.com\/wp-content\/uploads\/2018\/04\/cropped-TAXI-DALMACIJA-logo-lav-rose-3.png\",\"width\":\"240\",\"height\":\"116\",\"caption\":\"Taxi \u0160ibenik\"},\"image\":{\"@id\":\"https:\/\/sibeniktaxi.com\/#\/schema\/logo\/image\/\"}}]}<\/script>\n<!-- \/ Yoast SEO plugin. -->","yoast_head_json":{"title":"Transfer od Solarisa do \u0160ibenika | Taxi \u0160ibenik","robots":{"index":"index","follow":"follow","max-snippet":"max-snippet:-1","max-image-preview":"max-image-preview:large","max-video-preview":"max-video-preview:-1"},"canonical":"https:\/\/sibeniktaxi.com\/en\/transferi\/od-solarisa-do-sibenika\/","og_locale":"en_US","og_type":"article","og_title":"Transfer od Solarisa do \u0160ibenika | Taxi \u0160ibenik","og_description":"Na sjeveru Dalmacije smje\u0161teni su, jedan do drugoga, grad \u0160ibenik i resort Solaris. Savr\u0161eno se nadopunjuju bogatstvom ponude i sadr\u017eaja pa \u010dine savr\u0161enu destinaciju za ljetni odmor. Mi vam donosimo kratak vodi\u010d o transferu iz Solarisa u \u0160ibenik, kako biste \u0161to bolje isplanirali svoj put i razmotrili sve mogu\u0107nosti. Solaris...","og_url":"https:\/\/sibeniktaxi.com\/en\/transferi\/od-solarisa-do-sibenika\/","og_site_name":"Taxi \u0160ibenik","article_publisher":"https:\/\/www.facebook.com\/sibeniktaxi\/","article_modified_time":"2023-01-25T11:21:32+00:00","og_image":[{"width":1024,"height":591,"url":"https:\/\/sibeniktaxi.com\/wp-content\/uploads\/2023\/01\/sibenik-2-1024x591-3.jpg","type":"image\/jpeg"}],"twitter_card":"summary","twitter_misc":{"Est. reading time":"7 minutes"},"schema":{"@context":"https:\/\/schema.org","@graph":[{"@type":"WebPage","@id":"https:\/\/sibeniktaxi.com\/transferi\/od-solarisa-do-sibenika\/","url":"https:\/\/sibeniktaxi.com\/transferi\/od-solarisa-do-sibenika\/","name":"Transfer od Solarisa do \u0160ibenika | Taxi \u0160ibenik","isPartOf":{"@id":"https:\/\/sibeniktaxi.com\/#website"},"datePublished":"2023-01-23T15:49:25+00:00","dateModified":"2023-01-25T11:21:32+00:00","breadcrumb":{"@id":"https:\/\/sibeniktaxi.com\/transferi\/od-solarisa-do-sibenika\/#breadcrumb"},"inLanguage":"en-US","potentialAction":[{"@type":"ReadAction","target":["https:\/\/sibeniktaxi.com\/transferi\/od-solarisa-do-sibenika\/"]}]},{"@type":"BreadcrumbList","@id":"https:\/\/sibeniktaxi.com\/transferi\/od-solarisa-do-sibenika\/#breadcrumb","itemListElement":[{"@type":"ListItem","position":1,"name":"Taxi \u0160ibenik","item":"https:\/\/sibeniktaxi.com\/"},{"@type":"ListItem","position":2,"name":"Transferi","item":"https:\/\/sibeniktaxi.com\/transferi\/"},{"@type":"ListItem","position":3,"name":"Transfer od Solarisa do \u0160ibenika"}]},{"@type":"WebSite","@id":"https:\/\/sibeniktaxi.com\/#website","url":"https:\/\/sibeniktaxi.com\/","name":"Taxi \u0160ibenik","description":"Najbolji Taxi u gradu","publisher":{"@id":"https:\/\/sibeniktaxi.com\/#organization"},"potentialAction":[{"@type":"SearchAction","target":{"@type":"EntryPoint","urlTemplate":"https:\/\/sibeniktaxi.com\/?s={search_term_string}"},"query-input":"required name=search_term_string"}],"inLanguage":"en-US"},{"@type":"Organization","@id":"https:\/\/sibeniktaxi.com\/#organization","name":"Taxi \u0160ibenik","url":"https:\/\/sibeniktaxi.com\/","sameAs":["https:\/\/www.facebook.com\/sibeniktaxi\/"],"logo":{"@type":"ImageObject","inLanguage":"en-US","@id":"https:\/\/sibeniktaxi.com\/#\/schema\/logo\/image\/","url":"https:\/\/sibeniktaxi.com\/wp-content\/uploads\/2018\/04\/cropped-TAXI-DALMACIJA-logo-lav-rose-3.png","contentUrl":"https:\/\/sibeniktaxi.com\/wp-content\/uploads\/2018\/04\/cropped-TAXI-DALMACIJA-logo-lav-rose-3.png","width":"240","height":"116","caption":"Taxi \u0160ibenik"},"image":{"@id":"https:\/\/sibeniktaxi.com\/#\/schema\/logo\/image\/"}}]}},"_links":{"self":[{"href":"https:\/\/sibeniktaxi.com\/en\/wp-json\/wp\/v2\/pages\/2962"}],"collection":[{"href":"https:\/\/sibeniktaxi.com\/en\/wp-json\/wp\/v2\/pages"}],"about":[{"href":"https:\/\/sibeniktaxi.com\/en\/wp-json\/wp\/v2\/types\/page"}],"author":[{"embeddable":true,"href":"https:\/\/sibeniktaxi.com\/en\/wp-json\/wp\/v2\/users\/5"}],"replies":[{"embeddable":true,"href":"https:\/\/sibeniktaxi.com\/en\/wp-json\/wp\/v2\/comments?post=2962"}],"version-history":[{"count":8,"href":"https:\/\/sibeniktaxi.com\/en\/wp-json\/wp\/v2\/pages\/2962\/revisions"}],"predecessor-version":[{"id":2986,"href":"https:\/\/sibeniktaxi.com\/en\/wp-json\/wp\/v2\/pages\/2962\/revisions\/2986"}],"up":[{"embeddable":true,"href":"https:\/\/sibeniktaxi.com\/en\/wp-json\/wp\/v2\/pages\/2346"}],"wp:featuredmedia":[{"embeddable":true,"href":"https:\/\/sibeniktaxi.com\/en\/wp-json\/wp\/v2\/media\/2964"}],"wp:attachment":[{"href":"https:\/\/sibeniktaxi.com\/en\/wp-json\/wp\/v2\/media?parent=2962"}],"curies":[{"name":"wp","href":"https:\/\/api.w.org\/{rel}","templated":true}]}}