{"id":3019,"date":"2023-03-22T20:31:18","date_gmt":"2023-03-22T20:31:18","guid":{"rendered":"https:\/\/sibeniktaxi.com\/?page_id=3019"},"modified":"2023-03-24T11:36:41","modified_gmt":"2023-03-24T11:36:41","slug":"izlet-uz-jahanje-konja-u-kanjonu-krke","status":"publish","type":"page","link":"https:\/\/sibeniktaxi.com\/en\/horse-riding-trip-in-the-krka-canyon\/","title":{"rendered":"Excursion with horseback riding in the Krka canyon - Stojaci Krka Riding"},"content":{"rendered":"<p class=\"translation-block\"><span style=\"font-weight: 400\">You have booked your vacation in the wonderful city <\/span><a href=\"https:\/\/sibeniktaxi.com\/en\/sibenik\/\" target=\"_self\"><span style=\"font-weight: 400\">\u0160ibenik<\/span><\/a><span style=\"font-weight: 400\">, and you are planning your travel itinerary, and are you interested in what you could include? The area of \u200b\u200b\u0160ibenik-Knin County is rich in numerous possibilities for one-day and multi-day trips, depending on what you are interested in.<\/span><\/p>\n<p><span style=\"font-weight: 400;\">Especially if you are traveling with your own family, you may be interested in outdoor activities, visits to nearby cities, sports, mountains and national parks. However, these offers are also valid for residents who are just looking for a weekend getaway.\u00a0<\/span><\/p>\n<p><span style=\"font-weight: 400;\">One way to spend quality time in your free time can be horseback riding, and if you are in \u0160ibenik, Stojaci Krka Riding will take you to the Krka Canyon.<\/span><\/p>\n<p><img loading=\"lazy\" class=\"aligncenter size-full wp-image-3024\" src=\"https:\/\/sibeniktaxi.com\/wp-content\/uploads\/2023\/03\/terapijsko_jahanje_udruga_MOGU-2.jpg\" alt=\"Izlet uz jahanje konja\" width=\"2040\" height=\"1020\" srcset=\"https:\/\/sibeniktaxi.com\/wp-content\/uploads\/2023\/03\/terapijsko_jahanje_udruga_MOGU-2.jpg 2040w, https:\/\/sibeniktaxi.com\/wp-content\/uploads\/2023\/03\/terapijsko_jahanje_udruga_MOGU-2-300x150.jpg 300w, https:\/\/sibeniktaxi.com\/wp-content\/uploads\/2023\/03\/terapijsko_jahanje_udruga_MOGU-2-1024x512.jpg 1024w, https:\/\/sibeniktaxi.com\/wp-content\/uploads\/2023\/03\/terapijsko_jahanje_udruga_MOGU-2-768x384.jpg 768w, https:\/\/sibeniktaxi.com\/wp-content\/uploads\/2023\/03\/terapijsko_jahanje_udruga_MOGU-2-1536x768.jpg 1536w\" sizes=\"(max-width: 2040px) 100vw, 2040px\" \/><\/p>\n<p>&nbsp;<\/p>\n<h2><span style=\"font-weight: 400;\">Why is horseback riding in the Krka Canyon a great excursion?<\/span><\/h2>\n<p><span style=\"font-weight: 400;\">Horseback riding is an exciting and rewarding experience that can be enjoyed by people of all ages and abilities. Whether you are an experienced rider or a beginner looking to try something new, there are many opportunities available to indulge your passion for riding.<\/span><\/p>\n<p><span style=\"font-weight: 400;\">One option for horse riding enthusiasts is to join a local riding club, such as Stojaci Krka Riding. These clubs offer a variety of riding experiences, equipment, and knowledgeable guides to help you improve your riding skills and achieve your goals.<\/span><\/p>\n<p><span style=\"font-weight: 400;\">For those who prefer a more in-depth experience, a horseback riding holiday can provide the perfect opportunity to explore new terrain and connect with magnificent animals. Horseback riding holidays are available all over the world, with options ranging from riding trails through picturesque countryside to multi-day journeys through rugged wilderness areas.<\/span><\/p>\n<p class=\"translation-block\"><a href=\"https:\/\/sibeniktaxi.com\/en\/izlet-u-np-krka\/\" target=\"_self\"><span style=\"font-weight: 400\">A trip to NP Krka<\/span><\/a><span style=\"font-weight: 400\"> will definitely be on your travel plan, so why not combine the pleasant with the useful and try something new like horse riding. Horse riding is also a great option for team-building with work colleagues or friends, because these unusual experiences will surely bring you closer.<\/span><\/p>\n<p><span style=\"font-weight: 400;\">Also, spending time in nature is good for the health of all members of your family. In an era when everyone is busy with electronic devices, offices, schools, and indoor spaces, it is essential to prioritize outdoor activities.<\/span><\/p>\n<h2><span style=\"font-weight: 400;\">What can you expect?<\/span><\/h2>\n<p class=\"translation-block\"><span style=\"font-weight: 400\">If you decide to make the most of your vacation days, whether it's just a break from work or a longer holiday, <\/span><a href=\"https:\/\/www.instagram.com\/stojaci_krka_riding\/\" target=\"_self\"><span style=\"font-weight: 400\">OPG Lovri\u0107<\/span><\/a><span style=\"font-weight: 400\"> offers several options where you're sure to find something that suits you.<\/span><\/p>\n<p><span style=\"font-weight: 400;\">This family ranch has a total of 6 horses, so they welcome teams with multiple members, not all of whom need to have previous experience. Their program is also adapted to complete beginners.<\/span><\/p>\n<p><span style=\"font-weight: 400;\">Horse riding is offered by arrangement, and the departure is from the ranch itself under the guidance of a guide, and there are three different options. You can book:<\/span><\/p>\n<ul>\n<li style=\"font-weight: 400;\" aria-level=\"1\"><span style=\"font-weight: 400;\">Horseback riding lasting 1 hour and 30 minutes<\/span><\/li>\n<\/ul>\n<p><span style=\"font-weight: 400;\">This option includes a tour of the nearby Skelin winery and vineyards, as well as the 18th-century Church of St. Peter and Paul.\u00a0<\/span><\/p>\n<ul>\n<li style=\"font-weight: 400;\" aria-level=\"1\"><span style=\"font-weight: 400;\">Horseback riding for 3 hours<\/span><\/li>\n<\/ul>\n<p><span style=\"font-weight: 400;\">If you choose to spend 3 hours in this beautiful setting, you will visit the Klju\u010dica fortress, along with the inexhaustible spring and lake Torak. In addition, it is essential to pass the canyon of the \u010cikola and Krka rivers.<\/span><\/p>\n<ul>\n<li style=\"font-weight: 400;\" aria-level=\"1\"><span style=\"font-weight: 400;\">Horseback riding for 4 hours<\/span><\/li>\n<\/ul>\n<p><span style=\"font-weight: 400;\">In four hours you will tour the Krka River Canyon, during which you will enjoy the view of the island of Visovac. A 16th-century Franciscan monastery awaits you on this route.<\/span><\/p>\n<p class=\"translation-block\"><span style=\"font-weight: 400\">No matter which option you choose, depending on your preferences, what you want to see and the time you would like to spend, you will get food and drinks included. From the food you can taste one of the most famous prosciutto in the world, also homemade, with cheese, accompanied by local wine, water, juice or beer. All other information is available by e-mail <\/span><span style=\"font-weight: 400\">ivanlovric789@gmail.com<\/span><span style=\"font-weight: 400\">. <\/span><\/p>\n<h2><span style=\"font-weight: 400;\">Where is it located?<\/span><\/h2>\n<p class=\"translation-block\"><span style=\"font-weight: 400\">If you are on your way to <\/span><a href=\"https:\/\/www.npkrka.hr\/hr\/\" target=\"_self\"><span style=\"font-weight: 400\">NP Krka<\/span><\/a><span style=\"font-weight: 400\">, you are also headed to the OPG Lovri\u0107 location, considering that you will also be riding through the canyon of the river of the same name. The area around the Krka National Park is an absolute treasure trove of natural beauty, cultural wealth and outdoor adventures. Located in the heart of Dalmatia, the region offers a unique mix of history, culture and stunning landscapes that will surely take your breath away.<\/span><\/p>\n<p><span style=\"font-weight: 400;\">One of the main attractions of this area is, of course, the Krka National Park itself, which boasts a series of cascading waterfalls, crystal-clear pools, and lush forests.<\/span><\/p>\n<p><span style=\"font-weight: 400;\">OPG Lovri\u0107 is located in the village of Miljevci, in the small hamlet of Stojaci, from where the name of the off-road riding service Stojaci Krka Riding comes from. The address is Lovri\u0107i i Stojaci 1E, 22324, Kao\u010dine. The OPG is located 7 km from Drni\u0161, or 70 km from Split.\u00a0<\/span><\/p>\n<p><img loading=\"lazy\" class=\"aligncenter size-full wp-image-3021\" src=\"https:\/\/sibeniktaxi.com\/wp-content\/uploads\/2023\/03\/thumb_15429801_cover_header.png.jpeg\" alt=\"kanjon Krke\" width=\"2560\" height=\"1707\" srcset=\"https:\/\/sibeniktaxi.com\/wp-content\/uploads\/2023\/03\/thumb_15429801_cover_header.png.jpeg 2560w, https:\/\/sibeniktaxi.com\/wp-content\/uploads\/2023\/03\/thumb_15429801_cover_header.png-300x200.jpeg 300w, https:\/\/sibeniktaxi.com\/wp-content\/uploads\/2023\/03\/thumb_15429801_cover_header.png-1024x683.jpeg 1024w, https:\/\/sibeniktaxi.com\/wp-content\/uploads\/2023\/03\/thumb_15429801_cover_header.png-768x512.jpeg 768w, https:\/\/sibeniktaxi.com\/wp-content\/uploads\/2023\/03\/thumb_15429801_cover_header.png-1536x1024.jpeg 1536w, https:\/\/sibeniktaxi.com\/wp-content\/uploads\/2023\/03\/thumb_15429801_cover_header.png-2048x1366.jpeg 2048w, https:\/\/sibeniktaxi.com\/wp-content\/uploads\/2023\/03\/thumb_15429801_cover_header.png-272x182.jpeg 272w\" sizes=\"(max-width: 2560px) 100vw, 2560px\" \/><\/p>\n<h2><span style=\"font-weight: 400;\">How to reach us?<\/span><\/h2>\n<p class=\"translation-block\"><span style=\"font-weight: 400\">If you are satisfied with the offer prepared by OPG Lovri\u0107, all that remains is for you to plan how you will reach them. <\/span><a href=\"https:\/\/sibeniktaxi.com\/en\/\" target=\"_self\"><span style=\"font-weight: 400\">If you need transportation<\/span><\/a><span style=\"font-weight: 400\"> you will find the appropriate option through Taxi \u0160ibenik, all you need to do is send us a request.<\/span><\/p>\n<p><span style=\"font-weight: 400;\">Overall, whether you are looking for a fun leisure activity or a serious sport, horseback riding offers a wide range of opportunities to explore and enjoy the beauty and grace of these magnificent regions. Get in touch and start your equestrian adventure today!<\/span><\/p>","protected":false},"excerpt":{"rendered":"<p>Rezervirali ste svoj godi\u0161nji odmor u predivnom gradu \u0160ibenik, te planirate svoj itinerar putovanja, i zanima Vas \u0161to biste mogli uklju\u010diti? Podru\u010dje \u0160ibensko-kninske \u017eupanije bogato je brojnim mogu\u0107nostima jednodnevnih i vi\u0161ednevnih izleta, ovisno \u0161to Vas zanima. Osobito ako putujete sa vlastitom obitelji, mo\u017eda \u0107e Vas zanimati aktivnosti na otvorenom, posjete&#8230;<\/p>","protected":false},"author":5,"featured_media":0,"parent":0,"menu_order":0,"comment_status":"closed","ping_status":"closed","template":"","meta":{"_mi_skip_tracking":false,"_exactmetrics_sitenote_active":false,"_exactmetrics_sitenote_note":"","_exactmetrics_sitenote_category":0},"yoast_head":"<!-- This site is optimized with the Yoast SEO plugin v19.6.1 - https:\/\/yoast.com\/wordpress\/plugins\/seo\/ -->\n<title>Izlet uz jahanje konja u kanjonu Krke - Stojaci Krka Riding | Taxi \u0160ibenik<\/title>\n<meta name=\"description\" content=\"U\u017eivajte u jahanju konja i istra\u017eivanju kanjona Krke uz OPG Lovri\u0107. Rezervirajte jahanje u trajanju od 1,5 ili 3 sata i iskusite prekrasan krajolik.\" \/>\n<meta name=\"robots\" content=\"index, follow, max-snippet:-1, max-image-preview:large, max-video-preview:-1\" \/>\n<link rel=\"canonical\" href=\"https:\/\/sibeniktaxi.com\/en\/izlet-uz-jahanje-konja-u-kanjonu-krke\/\" \/>\n<meta property=\"og:locale\" content=\"en_US\" \/>\n<meta property=\"og:type\" content=\"article\" \/>\n<meta property=\"og:title\" content=\"Izlet uz jahanje konja u kanjonu Krke - Stojaci Krka Riding | Taxi \u0160ibenik\" \/>\n<meta property=\"og:description\" content=\"U\u017eivajte u jahanju konja i istra\u017eivanju kanjona Krke uz OPG Lovri\u0107. Rezervirajte jahanje u trajanju od 1,5 ili 3 sata i iskusite prekrasan krajolik.\" \/>\n<meta property=\"og:url\" content=\"https:\/\/sibeniktaxi.com\/en\/izlet-uz-jahanje-konja-u-kanjonu-krke\/\" \/>\n<meta property=\"og:site_name\" content=\"Taxi \u0160ibenik\" \/>\n<meta property=\"article:publisher\" content=\"https:\/\/www.facebook.com\/sibeniktaxi\/\" \/>\n<meta property=\"article:modified_time\" content=\"2023-03-24T11:36:41+00:00\" \/>\n<meta property=\"og:image\" content=\"https:\/\/sibeniktaxi.com\/wp-content\/uploads\/2023\/03\/terapijsko_jahanje_udruga_MOGU-2.jpg\" \/>\n<meta name=\"twitter:card\" content=\"summary\" \/>\n<meta name=\"twitter:label1\" content=\"Est. reading time\" \/>\n\t<meta name=\"twitter:data1\" content=\"4 minutes\" \/>\n<script type=\"application\/ld+json\" class=\"yoast-schema-graph\">{\"@context\":\"https:\/\/schema.org\",\"@graph\":[{\"@type\":\"WebPage\",\"@id\":\"https:\/\/sibeniktaxi.com\/izlet-uz-jahanje-konja-u-kanjonu-krke\/\",\"url\":\"https:\/\/sibeniktaxi.com\/izlet-uz-jahanje-konja-u-kanjonu-krke\/\",\"name\":\"Izlet uz jahanje konja u kanjonu Krke - Stojaci Krka Riding | Taxi \u0160ibenik\",\"isPartOf\":{\"@id\":\"https:\/\/sibeniktaxi.com\/#website\"},\"datePublished\":\"2023-03-22T20:31:18+00:00\",\"dateModified\":\"2023-03-24T11:36:41+00:00\",\"description\":\"U\u017eivajte u jahanju konja i istra\u017eivanju kanjona Krke uz OPG Lovri\u0107. Rezervirajte jahanje u trajanju od 1,5 ili 3 sata i iskusite prekrasan krajolik.\",\"breadcrumb\":{\"@id\":\"https:\/\/sibeniktaxi.com\/izlet-uz-jahanje-konja-u-kanjonu-krke\/#breadcrumb\"},\"inLanguage\":\"en-US\",\"potentialAction\":[{\"@type\":\"ReadAction\",\"target\":[\"https:\/\/sibeniktaxi.com\/izlet-uz-jahanje-konja-u-kanjonu-krke\/\"]}]},{\"@type\":\"BreadcrumbList\",\"@id\":\"https:\/\/sibeniktaxi.com\/izlet-uz-jahanje-konja-u-kanjonu-krke\/#breadcrumb\",\"itemListElement\":[{\"@type\":\"ListItem\",\"position\":1,\"name\":\"Taxi \u0160ibenik\",\"item\":\"https:\/\/sibeniktaxi.com\/\"},{\"@type\":\"ListItem\",\"position\":2,\"name\":\"Izlet uz jahanje konja u kanjonu Krke &#8211; Stojaci Krka Riding\"}]},{\"@type\":\"WebSite\",\"@id\":\"https:\/\/sibeniktaxi.com\/#website\",\"url\":\"https:\/\/sibeniktaxi.com\/\",\"name\":\"Taxi \u0160ibenik\",\"description\":\"Najbolji Taxi u gradu\",\"publisher\":{\"@id\":\"https:\/\/sibeniktaxi.com\/#organization\"},\"potentialAction\":[{\"@type\":\"SearchAction\",\"target\":{\"@type\":\"EntryPoint\",\"urlTemplate\":\"https:\/\/sibeniktaxi.com\/?s={search_term_string}\"},\"query-input\":\"required name=search_term_string\"}],\"inLanguage\":\"en-US\"},{\"@type\":\"Organization\",\"@id\":\"https:\/\/sibeniktaxi.com\/#organization\",\"name\":\"Taxi \u0160ibenik\",\"url\":\"https:\/\/sibeniktaxi.com\/\",\"sameAs\":[\"https:\/\/www.facebook.com\/sibeniktaxi\/\"],\"logo\":{\"@type\":\"ImageObject\",\"inLanguage\":\"en-US\",\"@id\":\"https:\/\/sibeniktaxi.com\/#\/schema\/logo\/image\/\",\"url\":\"https:\/\/sibeniktaxi.com\/wp-content\/uploads\/2018\/04\/cropped-TAXI-DALMACIJA-logo-lav-rose-3.png\",\"contentUrl\":\"https:\/\/sibeniktaxi.com\/wp-content\/uploads\/2018\/04\/cropped-TAXI-DALMACIJA-logo-lav-rose-3.png\",\"width\":\"240\",\"height\":\"116\",\"caption\":\"Taxi \u0160ibenik\"},\"image\":{\"@id\":\"https:\/\/sibeniktaxi.com\/#\/schema\/logo\/image\/\"}}]}<\/script>\n<!-- \/ Yoast SEO plugin. -->","yoast_head_json":{"title":"Izlet uz jahanje konja u kanjonu Krke - Stojaci Krka Riding | Taxi \u0160ibenik","description":"U\u017eivajte u jahanju konja i istra\u017eivanju kanjona Krke uz OPG Lovri\u0107. Rezervirajte jahanje u trajanju od 1,5 ili 3 sata i iskusite prekrasan krajolik.","robots":{"index":"index","follow":"follow","max-snippet":"max-snippet:-1","max-image-preview":"max-image-preview:large","max-video-preview":"max-video-preview:-1"},"canonical":"https:\/\/sibeniktaxi.com\/en\/izlet-uz-jahanje-konja-u-kanjonu-krke\/","og_locale":"en_US","og_type":"article","og_title":"Izlet uz jahanje konja u kanjonu Krke - Stojaci Krka Riding | Taxi \u0160ibenik","og_description":"U\u017eivajte u jahanju konja i istra\u017eivanju kanjona Krke uz OPG Lovri\u0107. Rezervirajte jahanje u trajanju od 1,5 ili 3 sata i iskusite prekrasan krajolik.","og_url":"https:\/\/sibeniktaxi.com\/en\/izlet-uz-jahanje-konja-u-kanjonu-krke\/","og_site_name":"Taxi \u0160ibenik","article_publisher":"https:\/\/www.facebook.com\/sibeniktaxi\/","article_modified_time":"2023-03-24T11:36:41+00:00","og_image":[{"url":"https:\/\/sibeniktaxi.com\/wp-content\/uploads\/2023\/03\/terapijsko_jahanje_udruga_MOGU-2.jpg"}],"twitter_card":"summary","twitter_misc":{"Est. reading time":"4 minutes"},"schema":{"@context":"https:\/\/schema.org","@graph":[{"@type":"WebPage","@id":"https:\/\/sibeniktaxi.com\/izlet-uz-jahanje-konja-u-kanjonu-krke\/","url":"https:\/\/sibeniktaxi.com\/izlet-uz-jahanje-konja-u-kanjonu-krke\/","name":"Izlet uz jahanje konja u kanjonu Krke - Stojaci Krka Riding | Taxi \u0160ibenik","isPartOf":{"@id":"https:\/\/sibeniktaxi.com\/#website"},"datePublished":"2023-03-22T20:31:18+00:00","dateModified":"2023-03-24T11:36:41+00:00","description":"U\u017eivajte u jahanju konja i istra\u017eivanju kanjona Krke uz OPG Lovri\u0107. Rezervirajte jahanje u trajanju od 1,5 ili 3 sata i iskusite prekrasan krajolik.","breadcrumb":{"@id":"https:\/\/sibeniktaxi.com\/izlet-uz-jahanje-konja-u-kanjonu-krke\/#breadcrumb"},"inLanguage":"en-US","potentialAction":[{"@type":"ReadAction","target":["https:\/\/sibeniktaxi.com\/izlet-uz-jahanje-konja-u-kanjonu-krke\/"]}]},{"@type":"BreadcrumbList","@id":"https:\/\/sibeniktaxi.com\/izlet-uz-jahanje-konja-u-kanjonu-krke\/#breadcrumb","itemListElement":[{"@type":"ListItem","position":1,"name":"Taxi \u0160ibenik","item":"https:\/\/sibeniktaxi.com\/"},{"@type":"ListItem","position":2,"name":"Izlet uz jahanje konja u kanjonu Krke &#8211; Stojaci Krka Riding"}]},{"@type":"WebSite","@id":"https:\/\/sibeniktaxi.com\/#website","url":"https:\/\/sibeniktaxi.com\/","name":"Taxi \u0160ibenik","description":"Najbolji Taxi u gradu","publisher":{"@id":"https:\/\/sibeniktaxi.com\/#organization"},"potentialAction":[{"@type":"SearchAction","target":{"@type":"EntryPoint","urlTemplate":"https:\/\/sibeniktaxi.com\/?s={search_term_string}"},"query-input":"required name=search_term_string"}],"inLanguage":"en-US"},{"@type":"Organization","@id":"https:\/\/sibeniktaxi.com\/#organization","name":"Taxi \u0160ibenik","url":"https:\/\/sibeniktaxi.com\/","sameAs":["https:\/\/www.facebook.com\/sibeniktaxi\/"],"logo":{"@type":"ImageObject","inLanguage":"en-US","@id":"https:\/\/sibeniktaxi.com\/#\/schema\/logo\/image\/","url":"https:\/\/sibeniktaxi.com\/wp-content\/uploads\/2018\/04\/cropped-TAXI-DALMACIJA-logo-lav-rose-3.png","contentUrl":"https:\/\/sibeniktaxi.com\/wp-content\/uploads\/2018\/04\/cropped-TAXI-DALMACIJA-logo-lav-rose-3.png","width":"240","height":"116","caption":"Taxi \u0160ibenik"},"image":{"@id":"https:\/\/sibeniktaxi.com\/#\/schema\/logo\/image\/"}}]}},"_links":{"self":[{"href":"https:\/\/sibeniktaxi.com\/en\/wp-json\/wp\/v2\/pages\/3019"}],"collection":[{"href":"https:\/\/sibeniktaxi.com\/en\/wp-json\/wp\/v2\/pages"}],"about":[{"href":"https:\/\/sibeniktaxi.com\/en\/wp-json\/wp\/v2\/types\/page"}],"author":[{"embeddable":true,"href":"https:\/\/sibeniktaxi.com\/en\/wp-json\/wp\/v2\/users\/5"}],"replies":[{"embeddable":true,"href":"https:\/\/sibeniktaxi.com\/en\/wp-json\/wp\/v2\/comments?post=3019"}],"version-history":[{"count":3,"href":"https:\/\/sibeniktaxi.com\/en\/wp-json\/wp\/v2\/pages\/3019\/revisions"}],"predecessor-version":[{"id":3026,"href":"https:\/\/sibeniktaxi.com\/en\/wp-json\/wp\/v2\/pages\/3019\/revisions\/3026"}],"wp:attachment":[{"href":"https:\/\/sibeniktaxi.com\/en\/wp-json\/wp\/v2\/media?parent=3019"}],"curies":[{"name":"wp","href":"https:\/\/api.w.org\/{rel}","templated":true}]}}