{"id":3029,"date":"2023-04-11T18:31:44","date_gmt":"2023-04-11T18:31:44","guid":{"rendered":"https:\/\/sibeniktaxi.com\/?page_id=3029"},"modified":"2023-04-19T18:40:43","modified_gmt":"2023-04-19T18:40:43","slug":"od-solarisa-do-zagreba","status":"publish","type":"page","link":"https:\/\/sibeniktaxi.com\/en\/transfers\/from-solaris-to-zagreb\/","title":{"rendered":"Transfer from Solaris to Zagreb"},"content":{"rendered":"<p><span style=\"font-weight: 400;\">Every summer vacation has to come to an end at some point. After hours and hours spent on the beautiful shores of the Adriatic, having fun at the water park and exploring the historical sites of Dalmatia, it's time to head back.\u00a0<\/span><\/p>\n<p><span style=\"font-weight: 400;\">We bring you a simple guide and recommendations on the easiest, safest and fastest way to get from Solaris to Zagreb, so you can complete your adventure without any problems.<\/span><\/p>\n<h2><\/h2>\n<p>&nbsp;<\/p>\n<h2><span style=\"font-weight: 400;\">Solaris\u00a0<\/span><\/h2>\n<p><span style=\"font-weight: 400;\">The famous Solaris hotel and water attraction complex is located just a few kilometers from \u0160ibenik. It is an ideal vacation spot for the whole family due to its abundance of entertainment for children and adults alike.\u00a0<\/span><\/p>\n<p><span style=\"font-weight: 400;\">In addition to the large water park, Solaris is surrounded by four kilometers of beach, so you won't run out of swimming options.<\/span><\/p>\n<h2><\/h2>\n<p>&nbsp;<\/p>\n<h2><span style=\"font-weight: 400;\">Zagreb\u00a0<\/span><\/h2>\n<p><span style=\"font-weight: 400;\">The capital of the Republic of Croatia, Zagreb, is located some 350 kilometers north of \u0160ibenik. As the largest city, it is expectedly bustling with entertainment, culture and interesting sites. We recommend a walk through the Lower and Upper Towns, the beautiful old core of Zagreb that gives it its characteristic appearance.\u00a0<\/span><\/p>\n<p><span style=\"font-weight: 400;\">In addition to all that, there are plenty of food options, museums, and even shopping malls, depending on how you want to spend your time. If you only plan on returning home, <\/span><a href=\"https:\/\/sibeniktaxi.com\/en\/airport-transferi\/od-sibenika-do-zracne-luke-zagreb\/\"><span style=\"font-weight: 400;\">zra\u010dna luka Zagreb<\/span><\/a><span style=\"font-weight: 400;\"> nalazi se na ulasku u grad te vas lako mo\u017eemo odvesti do nje.<\/span><\/p>\n<p><img loading=\"lazy\" class=\"aligncenter size-full wp-image-3030\" src=\"https:\/\/sibeniktaxi.com\/wp-content\/uploads\/2023\/04\/bigstock-142317881-2.jpg\" alt=\"Transfer from Solaris to Zagreb\" width=\"1600\" height=\"1066\" srcset=\"https:\/\/sibeniktaxi.com\/wp-content\/uploads\/2023\/04\/bigstock-142317881-2.jpg 1600w, https:\/\/sibeniktaxi.com\/wp-content\/uploads\/2023\/04\/bigstock-142317881-2-300x200.jpg 300w, https:\/\/sibeniktaxi.com\/wp-content\/uploads\/2023\/04\/bigstock-142317881-2-1024x682.jpg 1024w, https:\/\/sibeniktaxi.com\/wp-content\/uploads\/2023\/04\/bigstock-142317881-2-768x512.jpg 768w, https:\/\/sibeniktaxi.com\/wp-content\/uploads\/2023\/04\/bigstock-142317881-2-1536x1023.jpg 1536w, https:\/\/sibeniktaxi.com\/wp-content\/uploads\/2023\/04\/bigstock-142317881-2-272x182.jpg 272w\" sizes=\"(max-width: 1600px) 100vw, 1600px\" \/><\/p>\n<h2><\/h2>\n<p>&nbsp;<\/p>\n<h2><span style=\"font-weight: 400;\">Transportation options<\/span><\/h2>\n<p><span style=\"font-weight: 400;\">The highway drive to Zagreb takes an average of four and a half hours, depending on road conditions. There are several transportation options and routes, and it's up to you to choose the best one.<\/span><\/p>\n<h3><span style=\"font-weight: 400;\">Bus<\/span><\/h3>\n<p><span style=\"font-weight: 400;\">Buses to Zagreb depart from \u0160ibenik, which is a 15-minute drive from Solaris. In addition to the problem with this part of the transfer, you also have to take into account the bus schedules and the high traffic during the season. All in all, a much slower option than private transportation, which will eventually drop you off at the bus station, which will require an additional transfer to your desired location.<\/span><\/p>\n<h3><span style=\"font-weight: 400;\">Taxi Sibenik<\/span><\/h3>\n<p><span style=\"font-weight: 400;\">If you are looking for an option that will quickly and safely take you from one point to another, look no further. Taxi is the best choice if you have a desired arrival and departure point. It frees you from the need to carry luggage to the station, negotiate your seat with another person, or experience delays. You would be in Zagreb more than an hour earlier than if you traveled by bus, and from Solaris instead of \u0160ibenik!\u00a0\u00a0<\/span><\/p>\n<p><span style=\"font-weight: 400;\">The fastest option is via \u0160ibenik, since the route directly from Solaris is quite long. Via the E71 highway you arrive directly in Zagreb.\u00a0<\/span><\/p>\n<p><span style=\"font-weight: 400;\">If time is not a priority for you, there is also an option without the highway. The travel time would be about 5 hours, but the ride would be much richer in content. Also near \u0160ibenik is the Krka National Park, which is a great place to visit while you are on the road. It is located on the river of the same name and is adorned with seven waterfalls, one of which you can even swim in!\u00a0<\/span><\/p>\n<p class=\"translation-block\"><span style=\"font-weight: 400\">Further driving on roads D27 and D1 you will pass through small towns in Lika at the foot of Velebit, and next to another national park, <\/span><a href=\"https:\/\/sibeniktaxi.com\/en\/jednodnevni-izlet-na-plitvicka-jezera\/\" target=\"_self\"><span style=\"font-weight: 400\">Plitvice Lakes<\/span><\/a><span style=\"font-weight: 400\">, which should by no means be omitted from your agenda and are the perfect location for one-day trips, with the option of staying the night.<\/span><\/p>\n<p><img loading=\"lazy\" class=\"aligncenter size-full wp-image-3035\" src=\"https:\/\/sibeniktaxi.com\/wp-content\/uploads\/2023\/04\/fe72d7632fcdd3c864bc3c787df6cd04.jpg\" alt=\"plitvicka jezera\" width=\"1200\" height=\"800\" srcset=\"https:\/\/sibeniktaxi.com\/wp-content\/uploads\/2023\/04\/fe72d7632fcdd3c864bc3c787df6cd04.jpg 1200w, https:\/\/sibeniktaxi.com\/wp-content\/uploads\/2023\/04\/fe72d7632fcdd3c864bc3c787df6cd04-300x200.jpg 300w, https:\/\/sibeniktaxi.com\/wp-content\/uploads\/2023\/04\/fe72d7632fcdd3c864bc3c787df6cd04-1024x683.jpg 1024w, https:\/\/sibeniktaxi.com\/wp-content\/uploads\/2023\/04\/fe72d7632fcdd3c864bc3c787df6cd04-768x512.jpg 768w, https:\/\/sibeniktaxi.com\/wp-content\/uploads\/2023\/04\/fe72d7632fcdd3c864bc3c787df6cd04-272x182.jpg 272w\" sizes=\"(max-width: 1200px) 100vw, 1200px\" \/><\/p>\n<h2><\/h2>\n<p>&nbsp;<\/p>\n<h2><span style=\"font-weight: 400;\">The fastest option<\/span><\/h2>\n<p class=\"translation-block\"><span style=\"font-weight: 400\">Our <\/span><a href=\"https:\/\/sibeniktaxi.com\/en\/\" target=\"_self\"><span style=\"font-weight: 400\">Taxi \u0160ibenik<\/span><\/a><span style=\"font-weight: 400\">team aims to provide you with maximum comfort and efficiency in transfers. We are available every day, all day, anywhere. You don't have to worry about carrying luggage, delays and all the inconveniences that come with public transport. Our staff is professional and has many years of work experience, and the means of transport are new, well-maintained and safe. <\/span><\/p>\n<p><span style=\"font-weight: 400;\">Booking our service is very simple, all you need to do is either fill out the contact form, or call us directly and give us basic information about your transfer.\u00a0<\/span><\/p>","protected":false},"excerpt":{"rendered":"<p>Svako ljetovanje kad-tad treba do\u0107i svome kraju. Nakon sati i sati provedenih na predivnim obalama Jadrana, zabavljanja u vodenom parku i istra\u017eivanja povijesnih lokaliteta Dalmacije, vrijeme je za povratak.\u00a0 Donosimo vam jednostavan vodi\u010d i preporuke kako najlak\u0161e, najsigurnije i najbr\u017ee do\u0107i iz Solarisa u Zagreb, kako biste neometano zavr\u0161ili va\u0161u&#8230;<\/p>","protected":false},"author":5,"featured_media":3031,"parent":2346,"menu_order":0,"comment_status":"closed","ping_status":"closed","template":"","meta":{"_mi_skip_tracking":false,"_exactmetrics_sitenote_active":false,"_exactmetrics_sitenote_note":"","_exactmetrics_sitenote_category":0},"yoast_head":"<!-- This site is optimized with the Yoast SEO plugin v19.6.1 - https:\/\/yoast.com\/wordpress\/plugins\/seo\/ -->\n<title>Transfer od Solarisa do Zagreba | Taxi \u0160ibenik<\/title>\n<meta name=\"description\" content=\"Vodi\u010d za najlak\u0161i, najsigurniji i najbr\u017ei transfer od Solarisa do Zagreba. Pro\u010ditajte preporuke za putovanja autobusom, taksijem i autocestom.\" \/>\n<meta name=\"robots\" content=\"index, follow, max-snippet:-1, max-image-preview:large, max-video-preview:-1\" \/>\n<link rel=\"canonical\" href=\"https:\/\/sibeniktaxi.com\/en\/transferi\/od-solarisa-do-zagreba\/\" \/>\n<meta property=\"og:locale\" content=\"en_US\" \/>\n<meta property=\"og:type\" content=\"article\" \/>\n<meta property=\"og:title\" content=\"Transfer od Solarisa do Zagreba | Taxi \u0160ibenik\" \/>\n<meta property=\"og:description\" content=\"Vodi\u010d za najlak\u0161i, najsigurniji i najbr\u017ei transfer od Solarisa do Zagreba. Pro\u010ditajte preporuke za putovanja autobusom, taksijem i autocestom.\" \/>\n<meta property=\"og:url\" content=\"https:\/\/sibeniktaxi.com\/en\/transferi\/od-solarisa-do-zagreba\/\" \/>\n<meta property=\"og:site_name\" content=\"Taxi \u0160ibenik\" \/>\n<meta property=\"article:publisher\" content=\"https:\/\/www.facebook.com\/sibeniktaxi\/\" \/>\n<meta property=\"article:modified_time\" content=\"2023-04-19T18:40:43+00:00\" \/>\n<meta property=\"og:image\" content=\"https:\/\/sibeniktaxi.com\/wp-content\/uploads\/2023\/04\/amadriaparkenvoguebeachclub1-2.jpg\" \/>\n\t<meta property=\"og:image:width\" content=\"1920\" \/>\n\t<meta property=\"og:image:height\" content=\"1080\" \/>\n\t<meta property=\"og:image:type\" content=\"image\/jpeg\" \/>\n<meta name=\"twitter:card\" content=\"summary\" \/>\n<meta name=\"twitter:label1\" content=\"Est. reading time\" \/>\n\t<meta name=\"twitter:data1\" content=\"3 minutes\" \/>\n<script type=\"application\/ld+json\" class=\"yoast-schema-graph\">{\"@context\":\"https:\/\/schema.org\",\"@graph\":[{\"@type\":\"WebPage\",\"@id\":\"https:\/\/sibeniktaxi.com\/transferi\/od-solarisa-do-zagreba\/\",\"url\":\"https:\/\/sibeniktaxi.com\/transferi\/od-solarisa-do-zagreba\/\",\"name\":\"Transfer od Solarisa do Zagreba | Taxi \u0160ibenik\",\"isPartOf\":{\"@id\":\"https:\/\/sibeniktaxi.com\/#website\"},\"datePublished\":\"2023-04-11T18:31:44+00:00\",\"dateModified\":\"2023-04-19T18:40:43+00:00\",\"description\":\"Vodi\u010d za najlak\u0161i, najsigurniji i najbr\u017ei transfer od Solarisa do Zagreba. Pro\u010ditajte preporuke za putovanja autobusom, taksijem i autocestom.\",\"breadcrumb\":{\"@id\":\"https:\/\/sibeniktaxi.com\/transferi\/od-solarisa-do-zagreba\/#breadcrumb\"},\"inLanguage\":\"en-US\",\"potentialAction\":[{\"@type\":\"ReadAction\",\"target\":[\"https:\/\/sibeniktaxi.com\/transferi\/od-solarisa-do-zagreba\/\"]}]},{\"@type\":\"BreadcrumbList\",\"@id\":\"https:\/\/sibeniktaxi.com\/transferi\/od-solarisa-do-zagreba\/#breadcrumb\",\"itemListElement\":[{\"@type\":\"ListItem\",\"position\":1,\"name\":\"Taxi \u0160ibenik\",\"item\":\"https:\/\/sibeniktaxi.com\/\"},{\"@type\":\"ListItem\",\"position\":2,\"name\":\"Transferi\",\"item\":\"https:\/\/sibeniktaxi.com\/transferi\/\"},{\"@type\":\"ListItem\",\"position\":3,\"name\":\"Transfer od Solarisa do Zagreba\"}]},{\"@type\":\"WebSite\",\"@id\":\"https:\/\/sibeniktaxi.com\/#website\",\"url\":\"https:\/\/sibeniktaxi.com\/\",\"name\":\"Taxi \u0160ibenik\",\"description\":\"Najbolji Taxi u gradu\",\"publisher\":{\"@id\":\"https:\/\/sibeniktaxi.com\/#organization\"},\"potentialAction\":[{\"@type\":\"SearchAction\",\"target\":{\"@type\":\"EntryPoint\",\"urlTemplate\":\"https:\/\/sibeniktaxi.com\/?s={search_term_string}\"},\"query-input\":\"required name=search_term_string\"}],\"inLanguage\":\"en-US\"},{\"@type\":\"Organization\",\"@id\":\"https:\/\/sibeniktaxi.com\/#organization\",\"name\":\"Taxi \u0160ibenik\",\"url\":\"https:\/\/sibeniktaxi.com\/\",\"sameAs\":[\"https:\/\/www.facebook.com\/sibeniktaxi\/\"],\"logo\":{\"@type\":\"ImageObject\",\"inLanguage\":\"en-US\",\"@id\":\"https:\/\/sibeniktaxi.com\/#\/schema\/logo\/image\/\",\"url\":\"https:\/\/sibeniktaxi.com\/wp-content\/uploads\/2018\/04\/cropped-TAXI-DALMACIJA-logo-lav-rose-3.png\",\"contentUrl\":\"https:\/\/sibeniktaxi.com\/wp-content\/uploads\/2018\/04\/cropped-TAXI-DALMACIJA-logo-lav-rose-3.png\",\"width\":\"240\",\"height\":\"116\",\"caption\":\"Taxi \u0160ibenik\"},\"image\":{\"@id\":\"https:\/\/sibeniktaxi.com\/#\/schema\/logo\/image\/\"}}]}<\/script>\n<!-- \/ Yoast SEO plugin. -->","yoast_head_json":{"title":"Transfer od Solarisa do Zagreba | Taxi \u0160ibenik","description":"Vodi\u010d za najlak\u0161i, najsigurniji i najbr\u017ei transfer od Solarisa do Zagreba. Pro\u010ditajte preporuke za putovanja autobusom, taksijem i autocestom.","robots":{"index":"index","follow":"follow","max-snippet":"max-snippet:-1","max-image-preview":"max-image-preview:large","max-video-preview":"max-video-preview:-1"},"canonical":"https:\/\/sibeniktaxi.com\/en\/transferi\/od-solarisa-do-zagreba\/","og_locale":"en_US","og_type":"article","og_title":"Transfer od Solarisa do Zagreba | Taxi \u0160ibenik","og_description":"Vodi\u010d za najlak\u0161i, najsigurniji i najbr\u017ei transfer od Solarisa do Zagreba. Pro\u010ditajte preporuke za putovanja autobusom, taksijem i autocestom.","og_url":"https:\/\/sibeniktaxi.com\/en\/transferi\/od-solarisa-do-zagreba\/","og_site_name":"Taxi \u0160ibenik","article_publisher":"https:\/\/www.facebook.com\/sibeniktaxi\/","article_modified_time":"2023-04-19T18:40:43+00:00","og_image":[{"width":1920,"height":1080,"url":"https:\/\/sibeniktaxi.com\/wp-content\/uploads\/2023\/04\/amadriaparkenvoguebeachclub1-2.jpg","type":"image\/jpeg"}],"twitter_card":"summary","twitter_misc":{"Est. reading time":"3 minutes"},"schema":{"@context":"https:\/\/schema.org","@graph":[{"@type":"WebPage","@id":"https:\/\/sibeniktaxi.com\/transferi\/od-solarisa-do-zagreba\/","url":"https:\/\/sibeniktaxi.com\/transferi\/od-solarisa-do-zagreba\/","name":"Transfer od Solarisa do Zagreba | Taxi \u0160ibenik","isPartOf":{"@id":"https:\/\/sibeniktaxi.com\/#website"},"datePublished":"2023-04-11T18:31:44+00:00","dateModified":"2023-04-19T18:40:43+00:00","description":"Vodi\u010d za najlak\u0161i, najsigurniji i najbr\u017ei transfer od Solarisa do Zagreba. Pro\u010ditajte preporuke za putovanja autobusom, taksijem i autocestom.","breadcrumb":{"@id":"https:\/\/sibeniktaxi.com\/transferi\/od-solarisa-do-zagreba\/#breadcrumb"},"inLanguage":"en-US","potentialAction":[{"@type":"ReadAction","target":["https:\/\/sibeniktaxi.com\/transferi\/od-solarisa-do-zagreba\/"]}]},{"@type":"BreadcrumbList","@id":"https:\/\/sibeniktaxi.com\/transferi\/od-solarisa-do-zagreba\/#breadcrumb","itemListElement":[{"@type":"ListItem","position":1,"name":"Taxi \u0160ibenik","item":"https:\/\/sibeniktaxi.com\/"},{"@type":"ListItem","position":2,"name":"Transferi","item":"https:\/\/sibeniktaxi.com\/transferi\/"},{"@type":"ListItem","position":3,"name":"Transfer od Solarisa do Zagreba"}]},{"@type":"WebSite","@id":"https:\/\/sibeniktaxi.com\/#website","url":"https:\/\/sibeniktaxi.com\/","name":"Taxi \u0160ibenik","description":"Najbolji Taxi u gradu","publisher":{"@id":"https:\/\/sibeniktaxi.com\/#organization"},"potentialAction":[{"@type":"SearchAction","target":{"@type":"EntryPoint","urlTemplate":"https:\/\/sibeniktaxi.com\/?s={search_term_string}"},"query-input":"required name=search_term_string"}],"inLanguage":"en-US"},{"@type":"Organization","@id":"https:\/\/sibeniktaxi.com\/#organization","name":"Taxi \u0160ibenik","url":"https:\/\/sibeniktaxi.com\/","sameAs":["https:\/\/www.facebook.com\/sibeniktaxi\/"],"logo":{"@type":"ImageObject","inLanguage":"en-US","@id":"https:\/\/sibeniktaxi.com\/#\/schema\/logo\/image\/","url":"https:\/\/sibeniktaxi.com\/wp-content\/uploads\/2018\/04\/cropped-TAXI-DALMACIJA-logo-lav-rose-3.png","contentUrl":"https:\/\/sibeniktaxi.com\/wp-content\/uploads\/2018\/04\/cropped-TAXI-DALMACIJA-logo-lav-rose-3.png","width":"240","height":"116","caption":"Taxi \u0160ibenik"},"image":{"@id":"https:\/\/sibeniktaxi.com\/#\/schema\/logo\/image\/"}}]}},"_links":{"self":[{"href":"https:\/\/sibeniktaxi.com\/en\/wp-json\/wp\/v2\/pages\/3029"}],"collection":[{"href":"https:\/\/sibeniktaxi.com\/en\/wp-json\/wp\/v2\/pages"}],"about":[{"href":"https:\/\/sibeniktaxi.com\/en\/wp-json\/wp\/v2\/types\/page"}],"author":[{"embeddable":true,"href":"https:\/\/sibeniktaxi.com\/en\/wp-json\/wp\/v2\/users\/5"}],"replies":[{"embeddable":true,"href":"https:\/\/sibeniktaxi.com\/en\/wp-json\/wp\/v2\/comments?post=3029"}],"version-history":[{"count":5,"href":"https:\/\/sibeniktaxi.com\/en\/wp-json\/wp\/v2\/pages\/3029\/revisions"}],"predecessor-version":[{"id":3039,"href":"https:\/\/sibeniktaxi.com\/en\/wp-json\/wp\/v2\/pages\/3029\/revisions\/3039"}],"up":[{"embeddable":true,"href":"https:\/\/sibeniktaxi.com\/en\/wp-json\/wp\/v2\/pages\/2346"}],"wp:featuredmedia":[{"embeddable":true,"href":"https:\/\/sibeniktaxi.com\/en\/wp-json\/wp\/v2\/media\/3031"}],"wp:attachment":[{"href":"https:\/\/sibeniktaxi.com\/en\/wp-json\/wp\/v2\/media?parent=3029"}],"curies":[{"name":"wp","href":"https:\/\/api.w.org\/{rel}","templated":true}]}}