{"id":3057,"date":"2023-05-19T12:21:31","date_gmt":"2023-05-19T12:21:31","guid":{"rendered":"https:\/\/sibeniktaxi.com\/?page_id=3057"},"modified":"2023-08-18T11:42:28","modified_gmt":"2023-08-18T11:42:28","slug":"od-sibenika-do-dubrovnika","status":"publish","type":"page","link":"https:\/\/sibeniktaxi.com\/en\/transfers\/from-sibenik-to-dubrovnik\/","title":{"rendered":"Transfer from \u0160ibenik to Dubrovnik"},"content":{"rendered":"<p><span style=\"font-weight: 400;\">Croatia has exceptional natural beauty and a rich cultural heritage, and the Adriatic coast is one of its most popular tourist destinations. If you are planning a trip from \u0160ibenik to Dubrovnik, enjoy exploring Dalmatia from the comfort of our seats - leave the worries of transportation to us. <\/span><a href=\"https:\/\/sibeniktaxi.com\/en\/\"><span style=\"font-weight: 400;\">Taxi \u0160ibeniku<\/span><\/a><span style=\"font-weight: 400;\">.<\/span><\/p>\n<p>&nbsp;<\/p>\n<h2><span style=\"font-weight: 400;\">Convenience, security and luxury in one place<\/span><\/h2>\n<p class=\"translation-block\"><span style=\"font-weight: 400\">We offer you private <\/span><a href=\"https:\/\/sibeniktaxi.com\/en\/luksuzni-transfer\/\" target=\"_self\"><span style=\"font-weight: 400\">luxury transport<\/span><\/a><span style=\"font-weight: 400\">, a service that combines comfort and safety. Our professional and experienced drivers will pick you up from the desired location in \u0160ibenik and take you in a comfortable and spacious vehicle to Dubrovnik, with numerous stops along the way, according to your wishes, so that you can enjoy the stunning views and make memories that will last a lifetime.<\/span><\/p>\n<p class=\"translation-block\"><span style=\"font-weight: 400\">Our vehicles are air-conditioned and spacious, so you can sit back, relax and enjoy the ride. We are proud to provide our clients with the highest level of city-to-city transfer service. However, this is not the only service we provide to our clients, the possibility of organizing excursions, such as a day trip to <\/span><a href=\"https:\/\/sibeniktaxi.com\/en\/jednodnevni-izlet-na-plitvicka-jezera\/\" target=\"_self\"><span style=\"font-weight: 400\">NP Plitvice Lakes<\/span><\/a><span style=\"font-weight: 400\"> is also part of our offer.<\/span><\/p>\n<p><img loading=\"lazy\" class=\"aligncenter size-full wp-image-3058\" src=\"https:\/\/sibeniktaxi.com\/wp-content\/uploads\/2023\/05\/plitvice-2.jpg\" alt=\"plitvice\" width=\"1459\" height=\"1080\" srcset=\"https:\/\/sibeniktaxi.com\/wp-content\/uploads\/2023\/05\/plitvice-2.jpg 1459w, https:\/\/sibeniktaxi.com\/wp-content\/uploads\/2023\/05\/plitvice-2-300x222.jpg 300w, https:\/\/sibeniktaxi.com\/wp-content\/uploads\/2023\/05\/plitvice-2-1024x758.jpg 1024w, https:\/\/sibeniktaxi.com\/wp-content\/uploads\/2023\/05\/plitvice-2-768x568.jpg 768w\" sizes=\"(max-width: 1459px) 100vw, 1459px\" \/><\/p>\n<h2><\/h2>\n<p>&nbsp;<\/p>\n<h2><span style=\"font-weight: 400;\">Order a ride with \u0160ibenik Taxi<\/span><\/h2>\n<p><span style=\"font-weight: 400;\">Ordering a \u0160ibenik Taxi is easy. You can book your transfer online in advance or on the day of your trip, and our friendly customer service team is available 24\/7 to help you with any queries. Our prices are competitive and transparent, with no hidden fees or surcharges.<\/span><\/p>\n<p><span style=\"font-weight: 400;\">Traveling by private transport has many advantages over other modes of transportation. Here are some of the benefits of choosing \u0160ibenik Taxi for your transfer from \u0160ibenik to Dubrovnik:<\/span><\/p>\n<ol>\n<li style=\"font-weight: 400;\" aria-level=\"1\"><span style=\"font-weight: 400;\">Comfort and convenience: Our vehicles are equipped with comfortable seats and air conditioning, making your journey enjoyable and convenient. You don't have to worry about finding a seat, waiting in long lines, or carrying your luggage.<\/span><\/li>\n<li style=\"font-weight: 400;\" aria-level=\"1\"><span style=\"font-weight: 400;\">Safety: Our drivers are professional and experienced, and our vehicles are regularly maintained and inspected to ensure the highest level of safety and security. You can travel with peace of mind, knowing you are in good hands.<\/span><\/li>\n<li style=\"font-weight: 400;\" aria-level=\"1\"><span style=\"font-weight: 400;\">Personalized service: With \u0160ibenik Taxi you have the flexibility to customize your transfer according to your needs and preferences. You can choose the pick-up location, schedule and route, and we will tailor our service to your requirements.<\/span><\/li>\n<li style=\"font-weight: 400;\" aria-level=\"1\"><span style=\"font-weight: 400;\">Save time: Our transportation is faster than public transportation because our drivers take the most direct and efficient route to your destination. You can save time and enhance your travel experience, without sacrificing comfort or convenience.<\/span><\/li>\n<li style=\"font-weight: 400;\" aria-level=\"1\"><span style=\"font-weight: 400;\">Local Knowledge: Our drivers know the area well and can give you tips and recommendations for the best places to visit, eat and explore. You can discover hidden gems and experience Croatia at its best.<\/span><\/li>\n<\/ol>\n<h2><img loading=\"lazy\" class=\"aligncenter size-full wp-image-3060\" src=\"https:\/\/sibeniktaxi.com\/wp-content\/uploads\/2023\/05\/dubrovnik-dubrovnik.jpg\" alt=\"dubrovnik\" width=\"1280\" height=\"720\" srcset=\"https:\/\/sibeniktaxi.com\/wp-content\/uploads\/2023\/05\/dubrovnik-dubrovnik.jpg 1280w, https:\/\/sibeniktaxi.com\/wp-content\/uploads\/2023\/05\/dubrovnik-dubrovnik-300x169.jpg 300w, https:\/\/sibeniktaxi.com\/wp-content\/uploads\/2023\/05\/dubrovnik-dubrovnik-1024x576.jpg 1024w, https:\/\/sibeniktaxi.com\/wp-content\/uploads\/2023\/05\/dubrovnik-dubrovnik-768x432.jpg 768w\" sizes=\"(max-width: 1280px) 100vw, 1280px\" \/><\/h2>\n<h2><\/h2>\n<p>&nbsp;<\/p>\n<h2><span style=\"font-weight: 400;\">Stop anywhere, anytime<\/span><\/h2>\n<p><span style=\"font-weight: 400;\">As you travel from \u0160ibenik to Dubrovnik, there are several places you can stop along the way. Here are a few suggestions of must-see destinations:<\/span><\/p>\n<ol>\n<li style=\"font-weight: 400;\" aria-level=\"1\"><span style=\"font-weight: 400;\">Split: Split is the second largest city in Croatia, located on the Dalmatian coast. It is famous for its ancient Roman ruins, including the UNESCO-listed Diocletian's Palace. Split also offers a lively nightlife scene, with plenty of restaurants, bars and clubs to choose from.<\/span><\/li>\n<li style=\"font-weight: 400;\" aria-level=\"1\"><span style=\"font-weight: 400;\">Trogir: Trogir is a small, picturesque town located on a small island connected to the mainland by a bridge. It is a UNESCO World Heritage Site and is known for its well-preserved medieval architecture, including the Kamerlengo Fortress and the Cathedral of St. Lawrence.<\/span><\/li>\n<li style=\"font-weight: 400;\" aria-level=\"1\"><span style=\"font-weight: 400;\">Ston: Ston is a small town on the Pelje\u0161ac peninsula, famous for its medieval walls, salt pans and oyster farms. You can walk along the walls and enjoy the beautiful views of the surrounding landscape or taste some of the local seafood delicacies.<\/span><\/li>\n<\/ol>\n<p><span style=\"font-weight: 400;\">Stunning scenery, rich history and vibrant culture make Croatia a country to remember. With \u0160ibenik Taxi, take the hassle out of transportation and enjoy your trip in comfort and style.<\/span><\/p>","protected":false},"excerpt":{"rendered":"<p>Hrvatska ima iznimne prirodne ljepote i bogatu kulturn ba\u0161tinu, a jadranska obala jedno je od njenih najpopularnijih turisti\u010dkih odredi\u0161ta. Ako planirate putovanje od \u0160ibenika do Dubrovnika, u\u017eivajte u istra\u017eivanju Dalmacije iz udobnosti na\u0161ih sjedi\u0161ta &#8211; prepustite brigu o prijevozu Taxi \u0160ibeniku. &nbsp; Pogodnost, sigurnost i luksuz na jednom mjestu Nudimo&#8230;<\/p>","protected":false},"author":5,"featured_media":3060,"parent":2346,"menu_order":0,"comment_status":"closed","ping_status":"closed","template":"","meta":{"_mi_skip_tracking":false,"_exactmetrics_sitenote_active":false,"_exactmetrics_sitenote_note":"","_exactmetrics_sitenote_category":0},"yoast_head":"<!-- This site is optimized with the Yoast SEO plugin v19.6.1 - https:\/\/yoast.com\/wordpress\/plugins\/seo\/ -->\n<title>Transfer od \u0160ibenika do Dubrovnika | Taxi \u0160ibenik<\/title>\n<meta name=\"description\" content=\"Udoban i siguran transfer od \u0160ibenika do Dubrovnika. Iskusni voza\u010di, privatna vozila i brojna zaustavljanja. U\u017eivajte u ljepotama Hrvatske.\" \/>\n<meta name=\"robots\" content=\"index, follow, max-snippet:-1, max-image-preview:large, max-video-preview:-1\" \/>\n<link rel=\"canonical\" href=\"https:\/\/sibeniktaxi.com\/en\/transferi\/od-sibenika-do-dubrovnika\/\" \/>\n<meta property=\"og:locale\" content=\"en_US\" \/>\n<meta property=\"og:type\" content=\"article\" \/>\n<meta property=\"og:title\" content=\"Transfer od \u0160ibenika do Dubrovnika | Taxi \u0160ibenik\" \/>\n<meta property=\"og:description\" content=\"Udoban i siguran transfer od \u0160ibenika do Dubrovnika. Iskusni voza\u010di, privatna vozila i brojna zaustavljanja. U\u017eivajte u ljepotama Hrvatske.\" \/>\n<meta property=\"og:url\" content=\"https:\/\/sibeniktaxi.com\/en\/transferi\/od-sibenika-do-dubrovnika\/\" \/>\n<meta property=\"og:site_name\" content=\"Taxi \u0160ibenik\" \/>\n<meta property=\"article:publisher\" content=\"https:\/\/www.facebook.com\/sibeniktaxi\/\" \/>\n<meta property=\"article:modified_time\" content=\"2023-08-18T11:42:28+00:00\" \/>\n<meta property=\"og:image\" content=\"https:\/\/sibeniktaxi.com\/wp-content\/uploads\/2023\/05\/dubrovnik-dubrovnik.jpg\" \/>\n\t<meta property=\"og:image:width\" content=\"1280\" \/>\n\t<meta property=\"og:image:height\" content=\"720\" \/>\n\t<meta property=\"og:image:type\" content=\"image\/jpeg\" \/>\n<meta name=\"twitter:card\" content=\"summary\" \/>\n<meta name=\"twitter:label1\" content=\"Est. reading time\" \/>\n\t<meta name=\"twitter:data1\" content=\"3 minutes\" \/>\n<script type=\"application\/ld+json\" class=\"yoast-schema-graph\">{\"@context\":\"https:\/\/schema.org\",\"@graph\":[{\"@type\":\"WebPage\",\"@id\":\"https:\/\/sibeniktaxi.com\/transferi\/od-sibenika-do-dubrovnika\/\",\"url\":\"https:\/\/sibeniktaxi.com\/transferi\/od-sibenika-do-dubrovnika\/\",\"name\":\"Transfer od \u0160ibenika do Dubrovnika | Taxi \u0160ibenik\",\"isPartOf\":{\"@id\":\"https:\/\/sibeniktaxi.com\/#website\"},\"datePublished\":\"2023-05-19T12:21:31+00:00\",\"dateModified\":\"2023-08-18T11:42:28+00:00\",\"description\":\"Udoban i siguran transfer od \u0160ibenika do Dubrovnika. Iskusni voza\u010di, privatna vozila i brojna zaustavljanja. U\u017eivajte u ljepotama Hrvatske.\",\"breadcrumb\":{\"@id\":\"https:\/\/sibeniktaxi.com\/transferi\/od-sibenika-do-dubrovnika\/#breadcrumb\"},\"inLanguage\":\"en-US\",\"potentialAction\":[{\"@type\":\"ReadAction\",\"target\":[\"https:\/\/sibeniktaxi.com\/transferi\/od-sibenika-do-dubrovnika\/\"]}]},{\"@type\":\"BreadcrumbList\",\"@id\":\"https:\/\/sibeniktaxi.com\/transferi\/od-sibenika-do-dubrovnika\/#breadcrumb\",\"itemListElement\":[{\"@type\":\"ListItem\",\"position\":1,\"name\":\"Taxi \u0160ibenik\",\"item\":\"https:\/\/sibeniktaxi.com\/\"},{\"@type\":\"ListItem\",\"position\":2,\"name\":\"Transferi\",\"item\":\"https:\/\/sibeniktaxi.com\/transferi\/\"},{\"@type\":\"ListItem\",\"position\":3,\"name\":\"Transfer od \u0160ibenika do Dubrovnika\"}]},{\"@type\":\"WebSite\",\"@id\":\"https:\/\/sibeniktaxi.com\/#website\",\"url\":\"https:\/\/sibeniktaxi.com\/\",\"name\":\"Taxi \u0160ibenik\",\"description\":\"Najbolji Taxi u gradu\",\"publisher\":{\"@id\":\"https:\/\/sibeniktaxi.com\/#organization\"},\"potentialAction\":[{\"@type\":\"SearchAction\",\"target\":{\"@type\":\"EntryPoint\",\"urlTemplate\":\"https:\/\/sibeniktaxi.com\/?s={search_term_string}\"},\"query-input\":\"required name=search_term_string\"}],\"inLanguage\":\"en-US\"},{\"@type\":\"Organization\",\"@id\":\"https:\/\/sibeniktaxi.com\/#organization\",\"name\":\"Taxi \u0160ibenik\",\"url\":\"https:\/\/sibeniktaxi.com\/\",\"sameAs\":[\"https:\/\/www.facebook.com\/sibeniktaxi\/\"],\"logo\":{\"@type\":\"ImageObject\",\"inLanguage\":\"en-US\",\"@id\":\"https:\/\/sibeniktaxi.com\/#\/schema\/logo\/image\/\",\"url\":\"https:\/\/sibeniktaxi.com\/wp-content\/uploads\/2018\/04\/cropped-TAXI-DALMACIJA-logo-lav-rose-3.png\",\"contentUrl\":\"https:\/\/sibeniktaxi.com\/wp-content\/uploads\/2018\/04\/cropped-TAXI-DALMACIJA-logo-lav-rose-3.png\",\"width\":\"240\",\"height\":\"116\",\"caption\":\"Taxi \u0160ibenik\"},\"image\":{\"@id\":\"https:\/\/sibeniktaxi.com\/#\/schema\/logo\/image\/\"}}]}<\/script>\n<!-- \/ Yoast SEO plugin. -->","yoast_head_json":{"title":"Transfer od \u0160ibenika do Dubrovnika | Taxi \u0160ibenik","description":"Udoban i siguran transfer od \u0160ibenika do Dubrovnika. Iskusni voza\u010di, privatna vozila i brojna zaustavljanja. U\u017eivajte u ljepotama Hrvatske.","robots":{"index":"index","follow":"follow","max-snippet":"max-snippet:-1","max-image-preview":"max-image-preview:large","max-video-preview":"max-video-preview:-1"},"canonical":"https:\/\/sibeniktaxi.com\/en\/transferi\/od-sibenika-do-dubrovnika\/","og_locale":"en_US","og_type":"article","og_title":"Transfer od \u0160ibenika do Dubrovnika | Taxi \u0160ibenik","og_description":"Udoban i siguran transfer od \u0160ibenika do Dubrovnika. Iskusni voza\u010di, privatna vozila i brojna zaustavljanja. U\u017eivajte u ljepotama Hrvatske.","og_url":"https:\/\/sibeniktaxi.com\/en\/transferi\/od-sibenika-do-dubrovnika\/","og_site_name":"Taxi \u0160ibenik","article_publisher":"https:\/\/www.facebook.com\/sibeniktaxi\/","article_modified_time":"2023-08-18T11:42:28+00:00","og_image":[{"width":1280,"height":720,"url":"https:\/\/sibeniktaxi.com\/wp-content\/uploads\/2023\/05\/dubrovnik-dubrovnik.jpg","type":"image\/jpeg"}],"twitter_card":"summary","twitter_misc":{"Est. reading time":"3 minutes"},"schema":{"@context":"https:\/\/schema.org","@graph":[{"@type":"WebPage","@id":"https:\/\/sibeniktaxi.com\/transferi\/od-sibenika-do-dubrovnika\/","url":"https:\/\/sibeniktaxi.com\/transferi\/od-sibenika-do-dubrovnika\/","name":"Transfer od \u0160ibenika do Dubrovnika | Taxi \u0160ibenik","isPartOf":{"@id":"https:\/\/sibeniktaxi.com\/#website"},"datePublished":"2023-05-19T12:21:31+00:00","dateModified":"2023-08-18T11:42:28+00:00","description":"Udoban i siguran transfer od \u0160ibenika do Dubrovnika. Iskusni voza\u010di, privatna vozila i brojna zaustavljanja. U\u017eivajte u ljepotama Hrvatske.","breadcrumb":{"@id":"https:\/\/sibeniktaxi.com\/transferi\/od-sibenika-do-dubrovnika\/#breadcrumb"},"inLanguage":"en-US","potentialAction":[{"@type":"ReadAction","target":["https:\/\/sibeniktaxi.com\/transferi\/od-sibenika-do-dubrovnika\/"]}]},{"@type":"BreadcrumbList","@id":"https:\/\/sibeniktaxi.com\/transferi\/od-sibenika-do-dubrovnika\/#breadcrumb","itemListElement":[{"@type":"ListItem","position":1,"name":"Taxi \u0160ibenik","item":"https:\/\/sibeniktaxi.com\/"},{"@type":"ListItem","position":2,"name":"Transferi","item":"https:\/\/sibeniktaxi.com\/transferi\/"},{"@type":"ListItem","position":3,"name":"Transfer od \u0160ibenika do Dubrovnika"}]},{"@type":"WebSite","@id":"https:\/\/sibeniktaxi.com\/#website","url":"https:\/\/sibeniktaxi.com\/","name":"Taxi \u0160ibenik","description":"Najbolji Taxi u gradu","publisher":{"@id":"https:\/\/sibeniktaxi.com\/#organization"},"potentialAction":[{"@type":"SearchAction","target":{"@type":"EntryPoint","urlTemplate":"https:\/\/sibeniktaxi.com\/?s={search_term_string}"},"query-input":"required name=search_term_string"}],"inLanguage":"en-US"},{"@type":"Organization","@id":"https:\/\/sibeniktaxi.com\/#organization","name":"Taxi \u0160ibenik","url":"https:\/\/sibeniktaxi.com\/","sameAs":["https:\/\/www.facebook.com\/sibeniktaxi\/"],"logo":{"@type":"ImageObject","inLanguage":"en-US","@id":"https:\/\/sibeniktaxi.com\/#\/schema\/logo\/image\/","url":"https:\/\/sibeniktaxi.com\/wp-content\/uploads\/2018\/04\/cropped-TAXI-DALMACIJA-logo-lav-rose-3.png","contentUrl":"https:\/\/sibeniktaxi.com\/wp-content\/uploads\/2018\/04\/cropped-TAXI-DALMACIJA-logo-lav-rose-3.png","width":"240","height":"116","caption":"Taxi \u0160ibenik"},"image":{"@id":"https:\/\/sibeniktaxi.com\/#\/schema\/logo\/image\/"}}]}},"_links":{"self":[{"href":"https:\/\/sibeniktaxi.com\/en\/wp-json\/wp\/v2\/pages\/3057"}],"collection":[{"href":"https:\/\/sibeniktaxi.com\/en\/wp-json\/wp\/v2\/pages"}],"about":[{"href":"https:\/\/sibeniktaxi.com\/en\/wp-json\/wp\/v2\/types\/page"}],"author":[{"embeddable":true,"href":"https:\/\/sibeniktaxi.com\/en\/wp-json\/wp\/v2\/users\/5"}],"replies":[{"embeddable":true,"href":"https:\/\/sibeniktaxi.com\/en\/wp-json\/wp\/v2\/comments?post=3057"}],"version-history":[{"count":5,"href":"https:\/\/sibeniktaxi.com\/en\/wp-json\/wp\/v2\/pages\/3057\/revisions"}],"predecessor-version":[{"id":3066,"href":"https:\/\/sibeniktaxi.com\/en\/wp-json\/wp\/v2\/pages\/3057\/revisions\/3066"}],"up":[{"embeddable":true,"href":"https:\/\/sibeniktaxi.com\/en\/wp-json\/wp\/v2\/pages\/2346"}],"wp:featuredmedia":[{"embeddable":true,"href":"https:\/\/sibeniktaxi.com\/en\/wp-json\/wp\/v2\/media\/3060"}],"wp:attachment":[{"href":"https:\/\/sibeniktaxi.com\/en\/wp-json\/wp\/v2\/media?parent=3057"}],"curies":[{"name":"wp","href":"https:\/\/api.w.org\/{rel}","templated":true}]}}