{"id":3071,"date":"2023-06-13T16:21:36","date_gmt":"2023-06-13T16:21:36","guid":{"rendered":"https:\/\/sibeniktaxi.com\/?page_id=3071"},"modified":"2023-08-18T11:45:32","modified_gmt":"2023-08-18T11:45:32","slug":"od-sibenika-do-splita","status":"publish","type":"page","link":"https:\/\/sibeniktaxi.com\/en\/transfers\/from-sibenik-to-split\/","title":{"rendered":"Transfer from \u0160ibenik to Split"},"content":{"rendered":"<p><span style=\"font-weight: 400;\">Need to get from \u0160ibenik to Split, but you're not sure which option is best? To help you make the right decision, we're here to show you the available transportation options. The distance is relatively short, but to avoid unnecessary stress and crowds, you need to choose wisely.<\/span><\/p>\n<p class=\"translation-block\"><span style=\"font-weight: 400\">If you're looking for a simple and painless way to get from \u0160ibenik to Split, <\/span><a href=\"https:\/\/sibeniktaxi.com\/en\/\" target=\"_self\"><span style=\"font-weight: 400\">Taxi \u0160ibenik<\/span><\/a><span style=\"font-weight: 400\">might be the best option, and we'll explain why below. While other transportation options are available, taxi travel offers a comfortable journey, with the added bonus of being able to enjoy scenic views of the Dalmatian coast along the way.<\/span><\/p>\n<p><img loading=\"lazy\" class=\"aligncenter size-full wp-image-3073\" src=\"https:\/\/sibeniktaxi.com\/wp-content\/uploads\/2023\/06\/split_2.jpeg\" alt=\"Transfer from \u0160ibenik to Split\" width=\"1680\" height=\"1210\" srcset=\"https:\/\/sibeniktaxi.com\/wp-content\/uploads\/2023\/06\/split_2.jpeg 1680w, https:\/\/sibeniktaxi.com\/wp-content\/uploads\/2023\/06\/split_2-300x216.jpeg 300w, https:\/\/sibeniktaxi.com\/wp-content\/uploads\/2023\/06\/split_2-1024x738.jpeg 1024w, https:\/\/sibeniktaxi.com\/wp-content\/uploads\/2023\/06\/split_2-768x553.jpeg 768w, https:\/\/sibeniktaxi.com\/wp-content\/uploads\/2023\/06\/split_2-1536x1106.jpeg 1536w\" sizes=\"(max-width: 1680px) 100vw, 1680px\" \/><\/p>\n<p>&nbsp;<\/p>\n<h2><span style=\"font-weight: 400;\">Available transportation options from \u0160ibenik to Split<\/span><\/h2>\n<p class=\"translation-block\"><span style=\"font-weight: 400\">Whether you're going on a <\/span><a href=\"https:\/\/sibeniktaxi.com\/en\/jednodnevni-izlet-u-split\/\" target=\"_self\"><span style=\"font-weight: 400\">day trip to Split<\/span><\/a><span style=\"font-weight: 400\">or planning to stay there for a longer period of time, there are several ways to get there. If you choose to take a taxi from \u0160ibenik to Split, it will usually take about an hour, an hour and a half, depending on traffic and other factors. <\/span><\/p>\n<p><span style=\"font-weight: 400;\">The distance between the two cities is about 80 kilometers, which means that a taxi transfer can cover the distance quite quickly. This makes it an excellent option for those who are short on time or simply want to get to their destination as quickly and comfortably as possible.<\/span><\/p>\n<p class=\"translation-block\"><span style=\"font-weight: 400\">However, there are other options. One of the most popular ways to travel from <\/span><a href=\"https:\/\/sibeniktaxi.com\/en\/sibenik\/\" target=\"_self\"><span style=\"font-weight: 400\">\u0160ibenik<\/span><\/a><span style=\"font-weight: 400\">to Split is by bus. Buses depart regularly from \u0160ibenik Bus Station and arrive at Split Bus Station in approximately 2 hours. Bus tickets can be purchased online in advance or at the station before departure.<\/span><\/p>\n<p><span style=\"font-weight: 400;\">Renting a car is another option for those who want the flexibility of driving themselves. Several car rental companies are available in both cities, however, rental prices are often very high, especially if you go during the summer months when demand is higher.<\/span><\/p>\n<p><span style=\"font-weight: 400;\">One interesting option is definitely traveling by boat. Several companies offer ferry and catamaran services between \u0160ibenik and Split, which take approximately one hour and 15 minutes. This option allows passengers to enjoy beautiful views of the Adriatic Sea and the Dalmatian coast, but the disadvantage is that these lines are often very crowded.<\/span><\/p>\n<p><img loading=\"lazy\" class=\"aligncenter size-full wp-image-3074\" src=\"https:\/\/sibeniktaxi.com\/wp-content\/uploads\/2023\/06\/maxresdefault-4.jpg\" alt=\"pogled na otoke\" width=\"1280\" height=\"720\" srcset=\"https:\/\/sibeniktaxi.com\/wp-content\/uploads\/2023\/06\/maxresdefault-4.jpg 1280w, https:\/\/sibeniktaxi.com\/wp-content\/uploads\/2023\/06\/maxresdefault-4-300x169.jpg 300w, https:\/\/sibeniktaxi.com\/wp-content\/uploads\/2023\/06\/maxresdefault-4-1024x576.jpg 1024w, https:\/\/sibeniktaxi.com\/wp-content\/uploads\/2023\/06\/maxresdefault-4-768x432.jpg 768w\" sizes=\"(max-width: 1280px) 100vw, 1280px\" \/><\/p>\n<p>&nbsp;<\/p>\n<p><span style=\"font-weight: 400;\">One of the main advantages of taxi transportation is the convenience it offers. You won't have to worry about navigating public transportation, finding your way to bus or train stations, or lugging your luggage around. With a taxi transfer, a professional driver will pick you up from your desired location in \u0160ibenik and drop you off at your destination in Split, ensuring your comfort and safety throughout your journey.<\/span><\/p>\n<p><span style=\"font-weight: 400;\">Another advantage of taxi transportation is the flexibility it offers. You can choose the pick-up time and location that suits you best, and you will have the option to stop along the way if you want to take a break or enjoy the scenery. In addition, taxi transportation can accommodate larger groups or families, making it an ideal choice for those traveling with others.<\/span><\/p>\n<p><span style=\"font-weight: 400;\">You can choose to drive on the highway or the main road. Although it is a bit longer, the second option offers slightly more beautiful views of the islands, small towns along the coast, sun and sea.\u00a0<\/span><\/p>\n<p><span style=\"font-weight: 400;\">All in all, a taxi transfer from \u0160ibenik to Split offers you a comfortable, convenient and flexible way to travel between these two beautiful cities. Whether you are visiting Croatia for the first time or are a seasoned traveler, a taxi transfer can help make your trip stress-free and enjoyable. So sit back, relax and enjoy the ride with stunning views of the Dalmatian coast!<\/span><\/p>","protected":false},"excerpt":{"rendered":"<p>Trebate sti\u0107i od \u0160ibenika do Splita, ali niste sigurni koja je najbolja opcija? Kako biste donijeli pravu odluku, tu smo kako bismo Vam prikazali dostupne varijante prijevoza. Distanca je relativno kratka, no kako biste izbjegli nepotreban stres i gu\u017evu, potrebno je dobro izabrati. Ako tra\u017eite jednostavan i bezbolan na\u010din da&#8230;<\/p>","protected":false},"author":5,"featured_media":3073,"parent":2346,"menu_order":0,"comment_status":"closed","ping_status":"closed","template":"","meta":{"_mi_skip_tracking":false,"_exactmetrics_sitenote_active":false,"_exactmetrics_sitenote_note":"","_exactmetrics_sitenote_category":0},"yoast_head":"<!-- This site is optimized with the Yoast SEO plugin v19.6.1 - https:\/\/yoast.com\/wordpress\/plugins\/seo\/ -->\n<title>Transfer od \u0160ibenika do Splita | Taxi \u0160ibenik<\/title>\n<meta name=\"description\" content=\"Udoban taxi prijevoz od \u0160ibenika do Splita: Pregledajte opcije prijevoza i saznajte za\u0161to taxi prijevoz nudi ugodno putovanje s lijepim pogledom.\" \/>\n<meta name=\"robots\" content=\"index, follow, max-snippet:-1, max-image-preview:large, max-video-preview:-1\" \/>\n<link rel=\"canonical\" href=\"https:\/\/sibeniktaxi.com\/en\/transferi\/od-sibenika-do-splita\/\" \/>\n<meta property=\"og:locale\" content=\"en_US\" \/>\n<meta property=\"og:type\" content=\"article\" \/>\n<meta property=\"og:title\" content=\"Transfer od \u0160ibenika do Splita | Taxi \u0160ibenik\" \/>\n<meta property=\"og:description\" content=\"Udoban taxi prijevoz od \u0160ibenika do Splita: Pregledajte opcije prijevoza i saznajte za\u0161to taxi prijevoz nudi ugodno putovanje s lijepim pogledom.\" \/>\n<meta property=\"og:url\" content=\"https:\/\/sibeniktaxi.com\/en\/transferi\/od-sibenika-do-splita\/\" \/>\n<meta property=\"og:site_name\" content=\"Taxi \u0160ibenik\" \/>\n<meta property=\"article:publisher\" content=\"https:\/\/www.facebook.com\/sibeniktaxi\/\" \/>\n<meta property=\"article:modified_time\" content=\"2023-08-18T11:45:32+00:00\" \/>\n<meta property=\"og:image\" content=\"https:\/\/sibeniktaxi.com\/wp-content\/uploads\/2023\/06\/split_2.jpeg\" \/>\n\t<meta property=\"og:image:width\" content=\"1680\" \/>\n\t<meta property=\"og:image:height\" content=\"1210\" \/>\n\t<meta property=\"og:image:type\" content=\"image\/jpeg\" \/>\n<meta name=\"twitter:card\" content=\"summary\" \/>\n<meta name=\"twitter:label1\" content=\"Est. reading time\" \/>\n\t<meta name=\"twitter:data1\" content=\"3 minutes\" \/>\n<script type=\"application\/ld+json\" class=\"yoast-schema-graph\">{\"@context\":\"https:\/\/schema.org\",\"@graph\":[{\"@type\":\"WebPage\",\"@id\":\"https:\/\/sibeniktaxi.com\/transferi\/od-sibenika-do-splita\/\",\"url\":\"https:\/\/sibeniktaxi.com\/transferi\/od-sibenika-do-splita\/\",\"name\":\"Transfer od \u0160ibenika do Splita | Taxi \u0160ibenik\",\"isPartOf\":{\"@id\":\"https:\/\/sibeniktaxi.com\/#website\"},\"datePublished\":\"2023-06-13T16:21:36+00:00\",\"dateModified\":\"2023-08-18T11:45:32+00:00\",\"description\":\"Udoban taxi prijevoz od \u0160ibenika do Splita: Pregledajte opcije prijevoza i saznajte za\u0161to taxi prijevoz nudi ugodno putovanje s lijepim pogledom.\",\"breadcrumb\":{\"@id\":\"https:\/\/sibeniktaxi.com\/transferi\/od-sibenika-do-splita\/#breadcrumb\"},\"inLanguage\":\"en-US\",\"potentialAction\":[{\"@type\":\"ReadAction\",\"target\":[\"https:\/\/sibeniktaxi.com\/transferi\/od-sibenika-do-splita\/\"]}]},{\"@type\":\"BreadcrumbList\",\"@id\":\"https:\/\/sibeniktaxi.com\/transferi\/od-sibenika-do-splita\/#breadcrumb\",\"itemListElement\":[{\"@type\":\"ListItem\",\"position\":1,\"name\":\"Taxi \u0160ibenik\",\"item\":\"https:\/\/sibeniktaxi.com\/\"},{\"@type\":\"ListItem\",\"position\":2,\"name\":\"Transferi\",\"item\":\"https:\/\/sibeniktaxi.com\/transferi\/\"},{\"@type\":\"ListItem\",\"position\":3,\"name\":\"Transfer od \u0160ibenika do Splita\"}]},{\"@type\":\"WebSite\",\"@id\":\"https:\/\/sibeniktaxi.com\/#website\",\"url\":\"https:\/\/sibeniktaxi.com\/\",\"name\":\"Taxi \u0160ibenik\",\"description\":\"Najbolji Taxi u gradu\",\"publisher\":{\"@id\":\"https:\/\/sibeniktaxi.com\/#organization\"},\"potentialAction\":[{\"@type\":\"SearchAction\",\"target\":{\"@type\":\"EntryPoint\",\"urlTemplate\":\"https:\/\/sibeniktaxi.com\/?s={search_term_string}\"},\"query-input\":\"required name=search_term_string\"}],\"inLanguage\":\"en-US\"},{\"@type\":\"Organization\",\"@id\":\"https:\/\/sibeniktaxi.com\/#organization\",\"name\":\"Taxi \u0160ibenik\",\"url\":\"https:\/\/sibeniktaxi.com\/\",\"sameAs\":[\"https:\/\/www.facebook.com\/sibeniktaxi\/\"],\"logo\":{\"@type\":\"ImageObject\",\"inLanguage\":\"en-US\",\"@id\":\"https:\/\/sibeniktaxi.com\/#\/schema\/logo\/image\/\",\"url\":\"https:\/\/sibeniktaxi.com\/wp-content\/uploads\/2018\/04\/cropped-TAXI-DALMACIJA-logo-lav-rose-3.png\",\"contentUrl\":\"https:\/\/sibeniktaxi.com\/wp-content\/uploads\/2018\/04\/cropped-TAXI-DALMACIJA-logo-lav-rose-3.png\",\"width\":\"240\",\"height\":\"116\",\"caption\":\"Taxi \u0160ibenik\"},\"image\":{\"@id\":\"https:\/\/sibeniktaxi.com\/#\/schema\/logo\/image\/\"}}]}<\/script>\n<!-- \/ Yoast SEO plugin. -->","yoast_head_json":{"title":"Transfer od \u0160ibenika do Splita | Taxi \u0160ibenik","description":"Udoban taxi prijevoz od \u0160ibenika do Splita: Pregledajte opcije prijevoza i saznajte za\u0161to taxi prijevoz nudi ugodno putovanje s lijepim pogledom.","robots":{"index":"index","follow":"follow","max-snippet":"max-snippet:-1","max-image-preview":"max-image-preview:large","max-video-preview":"max-video-preview:-1"},"canonical":"https:\/\/sibeniktaxi.com\/en\/transferi\/od-sibenika-do-splita\/","og_locale":"en_US","og_type":"article","og_title":"Transfer od \u0160ibenika do Splita | Taxi \u0160ibenik","og_description":"Udoban taxi prijevoz od \u0160ibenika do Splita: Pregledajte opcije prijevoza i saznajte za\u0161to taxi prijevoz nudi ugodno putovanje s lijepim pogledom.","og_url":"https:\/\/sibeniktaxi.com\/en\/transferi\/od-sibenika-do-splita\/","og_site_name":"Taxi \u0160ibenik","article_publisher":"https:\/\/www.facebook.com\/sibeniktaxi\/","article_modified_time":"2023-08-18T11:45:32+00:00","og_image":[{"width":1680,"height":1210,"url":"https:\/\/sibeniktaxi.com\/wp-content\/uploads\/2023\/06\/split_2.jpeg","type":"image\/jpeg"}],"twitter_card":"summary","twitter_misc":{"Est. reading time":"3 minutes"},"schema":{"@context":"https:\/\/schema.org","@graph":[{"@type":"WebPage","@id":"https:\/\/sibeniktaxi.com\/transferi\/od-sibenika-do-splita\/","url":"https:\/\/sibeniktaxi.com\/transferi\/od-sibenika-do-splita\/","name":"Transfer od \u0160ibenika do Splita | Taxi \u0160ibenik","isPartOf":{"@id":"https:\/\/sibeniktaxi.com\/#website"},"datePublished":"2023-06-13T16:21:36+00:00","dateModified":"2023-08-18T11:45:32+00:00","description":"Udoban taxi prijevoz od \u0160ibenika do Splita: Pregledajte opcije prijevoza i saznajte za\u0161to taxi prijevoz nudi ugodno putovanje s lijepim pogledom.","breadcrumb":{"@id":"https:\/\/sibeniktaxi.com\/transferi\/od-sibenika-do-splita\/#breadcrumb"},"inLanguage":"en-US","potentialAction":[{"@type":"ReadAction","target":["https:\/\/sibeniktaxi.com\/transferi\/od-sibenika-do-splita\/"]}]},{"@type":"BreadcrumbList","@id":"https:\/\/sibeniktaxi.com\/transferi\/od-sibenika-do-splita\/#breadcrumb","itemListElement":[{"@type":"ListItem","position":1,"name":"Taxi \u0160ibenik","item":"https:\/\/sibeniktaxi.com\/"},{"@type":"ListItem","position":2,"name":"Transferi","item":"https:\/\/sibeniktaxi.com\/transferi\/"},{"@type":"ListItem","position":3,"name":"Transfer od \u0160ibenika do Splita"}]},{"@type":"WebSite","@id":"https:\/\/sibeniktaxi.com\/#website","url":"https:\/\/sibeniktaxi.com\/","name":"Taxi \u0160ibenik","description":"Najbolji Taxi u gradu","publisher":{"@id":"https:\/\/sibeniktaxi.com\/#organization"},"potentialAction":[{"@type":"SearchAction","target":{"@type":"EntryPoint","urlTemplate":"https:\/\/sibeniktaxi.com\/?s={search_term_string}"},"query-input":"required name=search_term_string"}],"inLanguage":"en-US"},{"@type":"Organization","@id":"https:\/\/sibeniktaxi.com\/#organization","name":"Taxi \u0160ibenik","url":"https:\/\/sibeniktaxi.com\/","sameAs":["https:\/\/www.facebook.com\/sibeniktaxi\/"],"logo":{"@type":"ImageObject","inLanguage":"en-US","@id":"https:\/\/sibeniktaxi.com\/#\/schema\/logo\/image\/","url":"https:\/\/sibeniktaxi.com\/wp-content\/uploads\/2018\/04\/cropped-TAXI-DALMACIJA-logo-lav-rose-3.png","contentUrl":"https:\/\/sibeniktaxi.com\/wp-content\/uploads\/2018\/04\/cropped-TAXI-DALMACIJA-logo-lav-rose-3.png","width":"240","height":"116","caption":"Taxi \u0160ibenik"},"image":{"@id":"https:\/\/sibeniktaxi.com\/#\/schema\/logo\/image\/"}}]}},"_links":{"self":[{"href":"https:\/\/sibeniktaxi.com\/en\/wp-json\/wp\/v2\/pages\/3071"}],"collection":[{"href":"https:\/\/sibeniktaxi.com\/en\/wp-json\/wp\/v2\/pages"}],"about":[{"href":"https:\/\/sibeniktaxi.com\/en\/wp-json\/wp\/v2\/types\/page"}],"author":[{"embeddable":true,"href":"https:\/\/sibeniktaxi.com\/en\/wp-json\/wp\/v2\/users\/5"}],"replies":[{"embeddable":true,"href":"https:\/\/sibeniktaxi.com\/en\/wp-json\/wp\/v2\/comments?post=3071"}],"version-history":[{"count":14,"href":"https:\/\/sibeniktaxi.com\/en\/wp-json\/wp\/v2\/pages\/3071\/revisions"}],"predecessor-version":[{"id":3089,"href":"https:\/\/sibeniktaxi.com\/en\/wp-json\/wp\/v2\/pages\/3071\/revisions\/3089"}],"up":[{"embeddable":true,"href":"https:\/\/sibeniktaxi.com\/en\/wp-json\/wp\/v2\/pages\/2346"}],"wp:featuredmedia":[{"embeddable":true,"href":"https:\/\/sibeniktaxi.com\/en\/wp-json\/wp\/v2\/media\/3073"}],"wp:attachment":[{"href":"https:\/\/sibeniktaxi.com\/en\/wp-json\/wp\/v2\/media?parent=3071"}],"curies":[{"name":"wp","href":"https:\/\/api.w.org\/{rel}","templated":true}]}}