{"id":3112,"date":"2023-07-21T09:26:51","date_gmt":"2023-07-21T09:26:51","guid":{"rendered":"https:\/\/sibeniktaxi.com\/?page_id=3112"},"modified":"2023-07-21T14:18:43","modified_gmt":"2023-07-21T14:18:43","slug":"od-zracne-luke-zadar-do-garden-tisno-festivala","status":"publish","type":"page","link":"https:\/\/sibeniktaxi.com\/en\/transfers\/from-zadar-airport-to-garden-tisno-festival\/","title":{"rendered":"Transfer from Zadar Airport to Garden Tisno Festival"},"content":{"rendered":"<div data-elementor-type=\"wp-page\" data-elementor-id=\"3112\" class=\"elementor elementor-3112\">\n\t\t\t\t\t\t\t\t\t<section class=\"elementor-section elementor-top-section elementor-element elementor-element-d0986b7 elementor-section-boxed elementor-section-height-default elementor-section-height-default\" data-id=\"d0986b7\" data-element_type=\"section\">\n\t\t\t\t\t\t<div class=\"elementor-container elementor-column-gap-default\">\n\t\t\t\t\t<div class=\"elementor-column elementor-col-100 elementor-top-column elementor-element elementor-element-0cc82cb\" data-id=\"0cc82cb\" data-element_type=\"column\">\n\t\t\t<div class=\"elementor-widget-wrap elementor-element-populated\">\n\t\t\t\t\t\t\t\t<div class=\"elementor-element elementor-element-86f7c6d elementor-widget elementor-widget-text-editor\" data-id=\"86f7c6d\" data-element_type=\"widget\" data-widget_type=\"text-editor.default\">\n\t\t\t\t<div class=\"elementor-widget-container\">\n\t\t\t<style>\/*! elementor - v3.14.0 - 26-06-2023 *\/\n.elementor-widget-text-editor.elementor-drop-cap-view-stacked .elementor-drop-cap{background-color:#69727d;color:#fff}.elementor-widget-text-editor.elementor-drop-cap-view-framed .elementor-drop-cap{color:#69727d;border:3px solid;background-color:transparent}.elementor-widget-text-editor:not(.elementor-drop-cap-view-default) .elementor-drop-cap{margin-top:8px}.elementor-widget-text-editor:not(.elementor-drop-cap-view-default) .elementor-drop-cap-letter{width:1em;height:1em}.elementor-widget-text-editor .elementor-drop-cap{float:left;text-align:center;line-height:1;font-size:50px}.elementor-widget-text-editor .elementor-drop-cap-letter{display:inline-block}<\/style>\t\t\t\t<p><span style=\"font-weight: 400;\">One of the most beautiful festival venues in Europe, The Garden Resort in Tisno has been hosting music events from early July to late August for many years. Located on the beautiful island of Murter, this festival is particularly known for its beautiful setting, in a spectacular location in a beautiful bay with a private beach. Music is at the heart of this event, with an impressive lineup of renowned local and international electronic music artists.<\/span><\/p>\n<p><span style=\"font-weight: 400;\">If you have decided to attend this fantastic music event and are traveling via Zadar Airport, you are certainly interested in how to get from the airport to the festival.&nbsp;<\/span><\/p>\n<p><span style=\"font-weight: 400;\">The first thing that comes to mind for everyone is public transportation or renting a car. However, these options are often impractical and a potential source of stress that no one wants on their trip. Buses have unreliable routes and most often do not take you directly to your destination, while traveling by car involves the dreaded search for a parking space and often very high rental prices.&nbsp;<\/span><\/p>\n<p><span style=\"font-weight: 400;\">Precisely for these reasons, the best and often the most cost-effective option is to hire a private taxi to the desired destination.<\/span><\/p>\t\t\t\t\t\t<\/div>\n\t\t\t\t<\/div>\n\t\t\t\t\t<\/div>\n\t\t<\/div>\n\t\t\t\t\t\t\t<\/div>\n\t\t<\/section>\n\t\t\t\t<section class=\"elementor-section elementor-top-section elementor-element elementor-element-07c1380 elementor-section-boxed elementor-section-height-default elementor-section-height-default\" data-id=\"07c1380\" data-element_type=\"section\">\n\t\t\t\t\t\t<div class=\"elementor-container elementor-column-gap-default\">\n\t\t\t\t\t<div class=\"elementor-column elementor-col-100 elementor-top-column elementor-element elementor-element-0fc0dcb\" data-id=\"0fc0dcb\" data-element_type=\"column\">\n\t\t\t<div class=\"elementor-widget-wrap elementor-element-populated\">\n\t\t\t\t\t\t\t\t<div class=\"elementor-element elementor-element-5250558 elementor-widget elementor-widget-text-editor\" data-id=\"5250558\" data-element_type=\"widget\" data-widget_type=\"text-editor.default\">\n\t\t\t\t<div class=\"elementor-widget-container\">\n\t\t\t\t\t\t\t<h2><span style=\"font-weight: 400;\">Comfortable transportation to the destination<\/span><\/h2><p class=\"translation-block\"><span style=\"font-weight: 400\">The Garden Resort is approximately 25 kilometers from \u0160ibenik Airport, which means that your transport to the destination will be not only pleasant, but also fast. Your part of the task is to reserve the vehicle, and you can leave everything else to the professional service of the driver <\/span><a href=\"https:\/\/sibeniktaxi.com\/en\/\" target=\"_self\"><span style=\"font-weight: 400\">Taxi \u0160ibenik<\/span><\/a><span style=\"font-weight: 400\">.<\/span><\/p><p><span style=\"font-weight: 400;\">Our taxi service is the best choice for all those who value good service and want to fully enjoy their trip. The quality of our services sets us apart from the competition thanks to a number of advantages, such as:<\/span><\/p><ul><li style=\"font-weight: 400;\" aria-level=\"1\"><span style=\"font-weight: 400;\">Our service is of unparalleled quality, regardless of whether you are traveling alone or with a large group of friends and family. The vehicles in our fleet are adapted to the number of passengers and all your needs.<\/span><\/li><li style=\"font-weight: 400;\" aria-level=\"1\"><span style=\"font-weight: 400;\">We invest significant effort in maintaining our vehicles, so you can be sure that your transportation will always be ready to take you to your destination.<\/span><\/li><li style=\"font-weight: 400;\" aria-level=\"1\"><span style=\"font-weight: 400;\">The prices we offer are designed to easily fit into everyone's budget.<\/span><\/li><li style=\"font-weight: 400;\" aria-level=\"1\"><span style=\"font-weight: 400;\">All our drivers are professionals, so you can relax without any doubts or worries while driving, knowing that you are in safe hands.<\/span><\/li><li style=\"font-weight: 400;\" aria-level=\"1\"><span style=\"font-weight: 400;\">We offer our clients 24\/7 transportation services, which means we are available to you at any time.<\/span><\/li><\/ul>\t\t\t\t\t\t<\/div>\n\t\t\t\t<\/div>\n\t\t\t\t\t<\/div>\n\t\t<\/div>\n\t\t\t\t\t\t\t<\/div>\n\t\t<\/section>\n\t\t\t\t<section class=\"elementor-section elementor-top-section elementor-element elementor-element-781b8f6 elementor-section-boxed elementor-section-height-default elementor-section-height-default\" data-id=\"781b8f6\" data-element_type=\"section\">\n\t\t\t\t\t\t<div class=\"elementor-container elementor-column-gap-default\">\n\t\t\t\t\t<div class=\"elementor-column elementor-col-100 elementor-top-column elementor-element elementor-element-e253d78\" data-id=\"e253d78\" data-element_type=\"column\">\n\t\t\t<div class=\"elementor-widget-wrap elementor-element-populated\">\n\t\t\t\t\t\t\t\t<div class=\"elementor-element elementor-element-03c574f elementor-widget elementor-widget-image\" data-id=\"03c574f\" data-element_type=\"widget\" data-widget_type=\"image.default\">\n\t\t\t\t<div class=\"elementor-widget-container\">\n\t\t\t<style>\/*! elementor - v3.14.0 - 26-06-2023 *\/\n.elementor-widget-image{text-align:center}.elementor-widget-image a{display:inline-block}.elementor-widget-image a img[src$=\".svg\"]{width:48px}.elementor-widget-image img{vertical-align:middle;display:inline-block}<\/style>\t\t\t\t\t\t\t\t\t\t\t\t<img width=\"790\" height=\"526\" src=\"https:\/\/sibeniktaxi.com\/wp-content\/uploads\/2023\/07\/1VRp5-1024x682.jpg\" class=\"attachment-large size-large wp-image-3115\" alt=\"Tisno festival\" loading=\"lazy\" srcset=\"https:\/\/sibeniktaxi.com\/wp-content\/uploads\/2023\/07\/1VRp5-1024x682.jpg 1024w, https:\/\/sibeniktaxi.com\/wp-content\/uploads\/2023\/07\/1VRp5-300x200.jpg 300w, https:\/\/sibeniktaxi.com\/wp-content\/uploads\/2023\/07\/1VRp5-768x512.jpg 768w, https:\/\/sibeniktaxi.com\/wp-content\/uploads\/2023\/07\/1VRp5-1536x1024.jpg 1536w, https:\/\/sibeniktaxi.com\/wp-content\/uploads\/2023\/07\/1VRp5-272x182.jpg 272w, https:\/\/sibeniktaxi.com\/wp-content\/uploads\/2023\/07\/1VRp5.jpg 1688w\" sizes=\"(max-width: 790px) 100vw, 790px\" \/>\t\t\t\t\t\t\t\t\t\t\t\t\t\t\t<\/div>\n\t\t\t\t<\/div>\n\t\t\t\t\t<\/div>\n\t\t<\/div>\n\t\t\t\t\t\t\t<\/div>\n\t\t<\/section>\n\t\t\t\t<section class=\"elementor-section elementor-top-section elementor-element elementor-element-6124421 elementor-section-boxed elementor-section-height-default elementor-section-height-default\" data-id=\"6124421\" data-element_type=\"section\">\n\t\t\t\t\t\t<div class=\"elementor-container elementor-column-gap-default\">\n\t\t\t\t\t<div class=\"elementor-column elementor-col-100 elementor-top-column elementor-element elementor-element-2221155\" data-id=\"2221155\" data-element_type=\"column\">\n\t\t\t<div class=\"elementor-widget-wrap elementor-element-populated\">\n\t\t\t\t\t\t\t\t<div class=\"elementor-element elementor-element-a6c3c29 elementor-widget elementor-widget-text-editor\" data-id=\"a6c3c29\" data-element_type=\"widget\" data-widget_type=\"text-editor.default\">\n\t\t\t\t<div class=\"elementor-widget-container\">\n\t\t\t\t\t\t\t<h2><span style=\"font-weight: 400;\">Transfer reservation<\/span><\/h2><p><span style=\"font-weight: 400;\">If you have chosen us as your transfer choice, you will be further delighted by the fact that booking a vehicle is very simple. All you need to do is visit our website and fill out the contact form that you can find there. Filling it out is also very simple, all we need from you is the location from which we start the transfer, your destination, the date and time when you need the transport, and how many people the transfer is required for.\u00a0<\/span><\/p><p><span style=\"font-weight: 400;\">In addition to this information, we also need your contact information to enable further communication.<\/span><\/p><p><span style=\"font-weight: 400;\">In addition to the contact form, our taxi service can also be contacted via the official phone number, where you will be met by our efficient customer service team, with whom you can arrange all the details of your trip in a few minutes.<\/span><\/p><p><span style=\"font-weight: 400;\">If you plan to stay longer on your trip and visit other destinations along the way, we also offer transportation services. <\/span><a href=\"https:\/\/sibeniktaxi.com\/en\/airport-transferi\/od-solarisa-do-aerodroma-u-dubrovniku\/\"><span style=\"font-weight: 400;\">to Dubrovnik airport<\/span><\/a><span style=\"font-weight: 400;\">, <\/span><a href=\"https:\/\/sibeniktaxi.com\/en\/od-solarisa-do-aerodroma-u-splitu\/\"><span style=\"font-weight: 400;\">Splitu<\/span><\/a><span style=\"font-weight: 400;\"> i <\/span><a href=\"https:\/\/sibeniktaxi.com\/en\/transferi\/od-solarisa-do-zadra\/\"><span style=\"font-weight: 400;\">Zadru<\/span><\/a><span style=\"font-weight: 400;\">, as well as transportation to <\/span><a href=\"https:\/\/sibeniktaxi.com\/en\/transferi\/od-amadria-parka-do-zadra\/\"><span style=\"font-weight: 400;\">Krka National Park<\/span><\/a><span style=\"font-weight: 400;\"> starting from Solaris. <\/span><\/p>\t\t\t\t\t\t<\/div>\n\t\t\t\t<\/div>\n\t\t\t\t\t<\/div>\n\t\t<\/div>\n\t\t\t\t\t\t\t<\/div>\n\t\t<\/section>\n\t\t\t\t\t\t\t<\/div>","protected":false},"excerpt":{"rendered":"<p>Jedan od najljep\u0161ih festivalskih ambijenata u Europi, The Garden Resort u Tisnom, ve\u0107 dugi niz godina nudi glazbena doga\u0111anja od po\u010detka srpnja do kraja kolovoza. Smje\u0161ten na predivnom otoku Murteru, ovaj festival posebno je poznat po svom predivnom okru\u017eenju, na spektakularnoj lokaciji u prekrasnoj uvali s privatnom pla\u017eom. Glazba je&#8230;<\/p>","protected":false},"author":5,"featured_media":3114,"parent":2346,"menu_order":0,"comment_status":"closed","ping_status":"closed","template":"","meta":{"_mi_skip_tracking":false,"_exactmetrics_sitenote_active":false,"_exactmetrics_sitenote_note":"","_exactmetrics_sitenote_category":0},"yoast_head":"<!-- This site is optimized with the Yoast SEO plugin v19.6.1 - https:\/\/yoast.com\/wordpress\/plugins\/seo\/ -->\n<title>Transfer od Zra\u010dne luke Zadar do Garden Tisno festivala | Taxi \u0160ibenik<\/title>\n<meta name=\"description\" content=\"Bezbri\u017eno putujte od zra\u010dne luke Zadar do nezaboravnog do\u017eivljaja na Garden Tisno festivalu.\" \/>\n<meta name=\"robots\" content=\"index, follow, max-snippet:-1, max-image-preview:large, max-video-preview:-1\" \/>\n<link rel=\"canonical\" href=\"https:\/\/sibeniktaxi.com\/en\/transferi\/od-zracne-luke-zadar-do-garden-tisno-festivala\/\" \/>\n<meta property=\"og:locale\" content=\"en_US\" \/>\n<meta property=\"og:type\" content=\"article\" \/>\n<meta property=\"og:title\" content=\"Transfer od Zra\u010dne luke Zadar do Garden Tisno festivala | Taxi \u0160ibenik\" \/>\n<meta property=\"og:description\" content=\"Bezbri\u017eno putujte od zra\u010dne luke Zadar do nezaboravnog do\u017eivljaja na Garden Tisno festivalu.\" \/>\n<meta property=\"og:url\" content=\"https:\/\/sibeniktaxi.com\/en\/transferi\/od-zracne-luke-zadar-do-garden-tisno-festivala\/\" \/>\n<meta property=\"og:site_name\" content=\"Taxi \u0160ibenik\" \/>\n<meta property=\"article:publisher\" content=\"https:\/\/www.facebook.com\/sibeniktaxi\/\" \/>\n<meta property=\"article:modified_time\" content=\"2023-07-21T14:18:43+00:00\" \/>\n<meta property=\"og:image\" content=\"https:\/\/sibeniktaxi.com\/wp-content\/uploads\/2023\/07\/Tisno-view-med-1569x840-1.jpg\" \/>\n\t<meta property=\"og:image:width\" content=\"1569\" \/>\n\t<meta property=\"og:image:height\" content=\"840\" \/>\n\t<meta property=\"og:image:type\" content=\"image\/jpeg\" \/>\n<meta name=\"twitter:card\" content=\"summary\" \/>\n<meta name=\"twitter:label1\" content=\"Est. reading time\" \/>\n\t<meta name=\"twitter:data1\" content=\"3 minutes\" \/>\n<script type=\"application\/ld+json\" class=\"yoast-schema-graph\">{\"@context\":\"https:\/\/schema.org\",\"@graph\":[{\"@type\":\"WebPage\",\"@id\":\"https:\/\/sibeniktaxi.com\/transferi\/od-zracne-luke-zadar-do-garden-tisno-festivala\/\",\"url\":\"https:\/\/sibeniktaxi.com\/transferi\/od-zracne-luke-zadar-do-garden-tisno-festivala\/\",\"name\":\"Transfer od Zra\u010dne luke Zadar do Garden Tisno festivala | Taxi \u0160ibenik\",\"isPartOf\":{\"@id\":\"https:\/\/sibeniktaxi.com\/#website\"},\"datePublished\":\"2023-07-21T09:26:51+00:00\",\"dateModified\":\"2023-07-21T14:18:43+00:00\",\"description\":\"Bezbri\u017eno putujte od zra\u010dne luke Zadar do nezaboravnog do\u017eivljaja na Garden Tisno festivalu.\",\"breadcrumb\":{\"@id\":\"https:\/\/sibeniktaxi.com\/transferi\/od-zracne-luke-zadar-do-garden-tisno-festivala\/#breadcrumb\"},\"inLanguage\":\"en-US\",\"potentialAction\":[{\"@type\":\"ReadAction\",\"target\":[\"https:\/\/sibeniktaxi.com\/transferi\/od-zracne-luke-zadar-do-garden-tisno-festivala\/\"]}]},{\"@type\":\"BreadcrumbList\",\"@id\":\"https:\/\/sibeniktaxi.com\/transferi\/od-zracne-luke-zadar-do-garden-tisno-festivala\/#breadcrumb\",\"itemListElement\":[{\"@type\":\"ListItem\",\"position\":1,\"name\":\"Taxi \u0160ibenik\",\"item\":\"https:\/\/sibeniktaxi.com\/\"},{\"@type\":\"ListItem\",\"position\":2,\"name\":\"Transferi\",\"item\":\"https:\/\/sibeniktaxi.com\/transferi\/\"},{\"@type\":\"ListItem\",\"position\":3,\"name\":\"Transfer od Zra\u010dne luke Zadar do Garden Tisno festivala\"}]},{\"@type\":\"WebSite\",\"@id\":\"https:\/\/sibeniktaxi.com\/#website\",\"url\":\"https:\/\/sibeniktaxi.com\/\",\"name\":\"Taxi \u0160ibenik\",\"description\":\"Najbolji Taxi u gradu\",\"publisher\":{\"@id\":\"https:\/\/sibeniktaxi.com\/#organization\"},\"potentialAction\":[{\"@type\":\"SearchAction\",\"target\":{\"@type\":\"EntryPoint\",\"urlTemplate\":\"https:\/\/sibeniktaxi.com\/?s={search_term_string}\"},\"query-input\":\"required name=search_term_string\"}],\"inLanguage\":\"en-US\"},{\"@type\":\"Organization\",\"@id\":\"https:\/\/sibeniktaxi.com\/#organization\",\"name\":\"Taxi \u0160ibenik\",\"url\":\"https:\/\/sibeniktaxi.com\/\",\"sameAs\":[\"https:\/\/www.facebook.com\/sibeniktaxi\/\"],\"logo\":{\"@type\":\"ImageObject\",\"inLanguage\":\"en-US\",\"@id\":\"https:\/\/sibeniktaxi.com\/#\/schema\/logo\/image\/\",\"url\":\"https:\/\/sibeniktaxi.com\/wp-content\/uploads\/2018\/04\/cropped-TAXI-DALMACIJA-logo-lav-rose-3.png\",\"contentUrl\":\"https:\/\/sibeniktaxi.com\/wp-content\/uploads\/2018\/04\/cropped-TAXI-DALMACIJA-logo-lav-rose-3.png\",\"width\":\"240\",\"height\":\"116\",\"caption\":\"Taxi \u0160ibenik\"},\"image\":{\"@id\":\"https:\/\/sibeniktaxi.com\/#\/schema\/logo\/image\/\"}}]}<\/script>\n<!-- \/ Yoast SEO plugin. -->","yoast_head_json":{"title":"Transfer od Zra\u010dne luke Zadar do Garden Tisno festivala | Taxi \u0160ibenik","description":"Bezbri\u017eno putujte od zra\u010dne luke Zadar do nezaboravnog do\u017eivljaja na Garden Tisno festivalu.","robots":{"index":"index","follow":"follow","max-snippet":"max-snippet:-1","max-image-preview":"max-image-preview:large","max-video-preview":"max-video-preview:-1"},"canonical":"https:\/\/sibeniktaxi.com\/en\/transferi\/od-zracne-luke-zadar-do-garden-tisno-festivala\/","og_locale":"en_US","og_type":"article","og_title":"Transfer od Zra\u010dne luke Zadar do Garden Tisno festivala | Taxi \u0160ibenik","og_description":"Bezbri\u017eno putujte od zra\u010dne luke Zadar do nezaboravnog do\u017eivljaja na Garden Tisno festivalu.","og_url":"https:\/\/sibeniktaxi.com\/en\/transferi\/od-zracne-luke-zadar-do-garden-tisno-festivala\/","og_site_name":"Taxi \u0160ibenik","article_publisher":"https:\/\/www.facebook.com\/sibeniktaxi\/","article_modified_time":"2023-07-21T14:18:43+00:00","og_image":[{"width":1569,"height":840,"url":"https:\/\/sibeniktaxi.com\/wp-content\/uploads\/2023\/07\/Tisno-view-med-1569x840-1.jpg","type":"image\/jpeg"}],"twitter_card":"summary","twitter_misc":{"Est. reading time":"3 minutes"},"schema":{"@context":"https:\/\/schema.org","@graph":[{"@type":"WebPage","@id":"https:\/\/sibeniktaxi.com\/transferi\/od-zracne-luke-zadar-do-garden-tisno-festivala\/","url":"https:\/\/sibeniktaxi.com\/transferi\/od-zracne-luke-zadar-do-garden-tisno-festivala\/","name":"Transfer od Zra\u010dne luke Zadar do Garden Tisno festivala | Taxi \u0160ibenik","isPartOf":{"@id":"https:\/\/sibeniktaxi.com\/#website"},"datePublished":"2023-07-21T09:26:51+00:00","dateModified":"2023-07-21T14:18:43+00:00","description":"Bezbri\u017eno putujte od zra\u010dne luke Zadar do nezaboravnog do\u017eivljaja na Garden Tisno festivalu.","breadcrumb":{"@id":"https:\/\/sibeniktaxi.com\/transferi\/od-zracne-luke-zadar-do-garden-tisno-festivala\/#breadcrumb"},"inLanguage":"en-US","potentialAction":[{"@type":"ReadAction","target":["https:\/\/sibeniktaxi.com\/transferi\/od-zracne-luke-zadar-do-garden-tisno-festivala\/"]}]},{"@type":"BreadcrumbList","@id":"https:\/\/sibeniktaxi.com\/transferi\/od-zracne-luke-zadar-do-garden-tisno-festivala\/#breadcrumb","itemListElement":[{"@type":"ListItem","position":1,"name":"Taxi \u0160ibenik","item":"https:\/\/sibeniktaxi.com\/"},{"@type":"ListItem","position":2,"name":"Transferi","item":"https:\/\/sibeniktaxi.com\/transferi\/"},{"@type":"ListItem","position":3,"name":"Transfer od Zra\u010dne luke Zadar do Garden Tisno festivala"}]},{"@type":"WebSite","@id":"https:\/\/sibeniktaxi.com\/#website","url":"https:\/\/sibeniktaxi.com\/","name":"Taxi \u0160ibenik","description":"Najbolji Taxi u gradu","publisher":{"@id":"https:\/\/sibeniktaxi.com\/#organization"},"potentialAction":[{"@type":"SearchAction","target":{"@type":"EntryPoint","urlTemplate":"https:\/\/sibeniktaxi.com\/?s={search_term_string}"},"query-input":"required name=search_term_string"}],"inLanguage":"en-US"},{"@type":"Organization","@id":"https:\/\/sibeniktaxi.com\/#organization","name":"Taxi \u0160ibenik","url":"https:\/\/sibeniktaxi.com\/","sameAs":["https:\/\/www.facebook.com\/sibeniktaxi\/"],"logo":{"@type":"ImageObject","inLanguage":"en-US","@id":"https:\/\/sibeniktaxi.com\/#\/schema\/logo\/image\/","url":"https:\/\/sibeniktaxi.com\/wp-content\/uploads\/2018\/04\/cropped-TAXI-DALMACIJA-logo-lav-rose-3.png","contentUrl":"https:\/\/sibeniktaxi.com\/wp-content\/uploads\/2018\/04\/cropped-TAXI-DALMACIJA-logo-lav-rose-3.png","width":"240","height":"116","caption":"Taxi \u0160ibenik"},"image":{"@id":"https:\/\/sibeniktaxi.com\/#\/schema\/logo\/image\/"}}]}},"_links":{"self":[{"href":"https:\/\/sibeniktaxi.com\/en\/wp-json\/wp\/v2\/pages\/3112"}],"collection":[{"href":"https:\/\/sibeniktaxi.com\/en\/wp-json\/wp\/v2\/pages"}],"about":[{"href":"https:\/\/sibeniktaxi.com\/en\/wp-json\/wp\/v2\/types\/page"}],"author":[{"embeddable":true,"href":"https:\/\/sibeniktaxi.com\/en\/wp-json\/wp\/v2\/users\/5"}],"replies":[{"embeddable":true,"href":"https:\/\/sibeniktaxi.com\/en\/wp-json\/wp\/v2\/comments?post=3112"}],"version-history":[{"count":9,"href":"https:\/\/sibeniktaxi.com\/en\/wp-json\/wp\/v2\/pages\/3112\/revisions"}],"predecessor-version":[{"id":3140,"href":"https:\/\/sibeniktaxi.com\/en\/wp-json\/wp\/v2\/pages\/3112\/revisions\/3140"}],"up":[{"embeddable":true,"href":"https:\/\/sibeniktaxi.com\/en\/wp-json\/wp\/v2\/pages\/2346"}],"wp:featuredmedia":[{"embeddable":true,"href":"https:\/\/sibeniktaxi.com\/en\/wp-json\/wp\/v2\/media\/3114"}],"wp:attachment":[{"href":"https:\/\/sibeniktaxi.com\/en\/wp-json\/wp\/v2\/media?parent=3112"}],"curies":[{"name":"wp","href":"https:\/\/api.w.org\/{rel}","templated":true}]}}