{"id":3124,"date":"2023-07-21T11:32:44","date_gmt":"2023-07-21T11:32:44","guid":{"rendered":"https:\/\/sibeniktaxi.com\/?page_id=3124"},"modified":"2023-07-21T11:46:18","modified_gmt":"2023-07-21T11:46:18","slug":"od-sibenika-do-trogira","status":"publish","type":"page","link":"https:\/\/sibeniktaxi.com\/en\/transfers\/from-sibenik-to-trogir\/","title":{"rendered":"Transfer from \u0160ibenik to Trogir"},"content":{"rendered":"<div data-elementor-type=\"wp-page\" data-elementor-id=\"3124\" class=\"elementor elementor-3124\">\n\t\t\t\t\t\t\t\t\t<section class=\"elementor-section elementor-top-section elementor-element elementor-element-513abb25 elementor-section-boxed elementor-section-height-default elementor-section-height-default\" data-id=\"513abb25\" data-element_type=\"section\">\n\t\t\t\t\t\t<div class=\"elementor-container elementor-column-gap-default\">\n\t\t\t\t\t<div class=\"elementor-column elementor-col-100 elementor-top-column elementor-element elementor-element-7197386\" data-id=\"7197386\" data-element_type=\"column\">\n\t\t\t<div class=\"elementor-widget-wrap elementor-element-populated\">\n\t\t\t\t\t\t\t\t<div class=\"elementor-element elementor-element-1057bd3d elementor-widget elementor-widget-text-editor\" data-id=\"1057bd3d\" data-element_type=\"widget\" data-widget_type=\"text-editor.default\">\n\t\t\t\t<div class=\"elementor-widget-container\">\n\t\t\t<style>\/*! elementor - v3.14.0 - 26-06-2023 *\/\n.elementor-widget-text-editor.elementor-drop-cap-view-stacked .elementor-drop-cap{background-color:#69727d;color:#fff}.elementor-widget-text-editor.elementor-drop-cap-view-framed .elementor-drop-cap{color:#69727d;border:3px solid;background-color:transparent}.elementor-widget-text-editor:not(.elementor-drop-cap-view-default) .elementor-drop-cap{margin-top:8px}.elementor-widget-text-editor:not(.elementor-drop-cap-view-default) .elementor-drop-cap-letter{width:1em;height:1em}.elementor-widget-text-editor .elementor-drop-cap{float:left;text-align:center;line-height:1;font-size:50px}.elementor-widget-text-editor .elementor-drop-cap-letter{display:inline-block}<\/style>\t\t\t\t<p><span style=\"font-weight: 400;\">\u0160ibenik and Trogir are two beautiful tourist destinations located along the Croatian coast.\u00a0<\/span><\/p><p class=\"translation-block\"><span style=\"font-weight: 400\">In order to fully enjoy all the charms of both cities, it is important to ensure reliable and comfortable transportation between them. This is exactly the role that <\/span><a href=\"https:\/\/sibeniktaxi.com\/en\/\" target=\"_self\"><span style=\"font-weight: 400\">\u0160ibenik Taxi<\/span><\/a><span style=\"font-weight: 400\"> takes on.<\/span><\/p><h2><span style=\"font-weight: 400;\">What to visit in Trogir?<\/span><\/h2><p class=\"translation-block\"><span style=\"font-weight: 400\">Trogir offers an incredible number of attractions and sights worth visiting. Whether you are a history, art, architecture lover or simply want to enjoy the Mediterranean charm, <\/span><a href=\"https:\/\/sibeniktaxi.com\/en\/jednodnevni-izlet-u-trogir\/\" target=\"_self\"><span style=\"font-weight: 400\">Trogir<\/span><\/a><span style=\"font-weight: 400\"> will delight you. <\/span><\/p><p><span style=\"font-weight: 400;\">One of the most famous places in Trogir is its old town, which is on the UNESCO World Heritage List. With its narrow cobbled streets, medieval palaces and the beautiful Cathedral of St. Lawrence, the old town exudes a rich history spanning centuries. Stroll through the labyrinth of streets and discover the hidden treasures guarded by the walls of this historic city.<\/span><\/p><p><span style=\"font-weight: 400;\">The Cathedral of St. Lawrence is an imposing Romanesque cathedral built in the 13th century and stands out for its distinctive Radovan portal and bell tower. Inside are valuable works of art that tell the story of the rich history of this area.<\/span><\/p><p><span style=\"font-weight: 400;\">Another cultural landmark not to be missed is the Kamerlengo Tower. This well-preserved 15th-century fortress offers a beautiful panoramic view of Trogir and the surrounding area. Visitors can explore the interior of the tower and admire its unique ambience.<\/span><\/p><p><span style=\"font-weight: 400;\">Ivan Pavla II Square is the central square of Trogir, named after Pope John Paul II, who visited the city in 1998. This square is a gathering place for locals and visitors. You can sit in one of the many cafes and restaurants, observe the lively atmosphere and enjoy the surroundings.<\/span><\/p><p><span style=\"font-weight: 400;\">Of course, we must not forget the city walls. Take a walk along the old city walls and enjoy the view of Trogir, its narrow streets, churches and surrounding islands. This is an ideal place for taking photos and creating lasting memories.<\/span><\/p><p><span style=\"font-weight: 400;\">These are just some of the many attractions you can explore in Trogir. Regardless of your interests, Trogir will enchant you with its beauty and rich cultural heritage. A visit to Trogir will provide you with a unique experience that will remain in your memory forever.<\/span><\/p><p><img loading=\"lazy\" class=\"aligncenter size-full wp-image-3126\" src=\"https:\/\/sibeniktaxi.com\/wp-content\/uploads\/2023\/07\/top-yacht-charter-destinations-adriatic-sea-croatia-trogir-gallery-6.jpg\" alt=\"What to visit in Trogir?\" width=\"1920\" height=\"1277\" srcset=\"https:\/\/sibeniktaxi.com\/wp-content\/uploads\/2023\/07\/top-yacht-charter-destinations-adriatic-sea-croatia-trogir-gallery-6.jpg 1920w, https:\/\/sibeniktaxi.com\/wp-content\/uploads\/2023\/07\/top-yacht-charter-destinations-adriatic-sea-croatia-trogir-gallery-6-300x200.jpg 300w, https:\/\/sibeniktaxi.com\/wp-content\/uploads\/2023\/07\/top-yacht-charter-destinations-adriatic-sea-croatia-trogir-gallery-6-1024x681.jpg 1024w, https:\/\/sibeniktaxi.com\/wp-content\/uploads\/2023\/07\/top-yacht-charter-destinations-adriatic-sea-croatia-trogir-gallery-6-768x511.jpg 768w, https:\/\/sibeniktaxi.com\/wp-content\/uploads\/2023\/07\/top-yacht-charter-destinations-adriatic-sea-croatia-trogir-gallery-6-1536x1022.jpg 1536w, https:\/\/sibeniktaxi.com\/wp-content\/uploads\/2023\/07\/top-yacht-charter-destinations-adriatic-sea-croatia-trogir-gallery-6-272x182.jpg 272w\" sizes=\"(max-width: 1920px) 100vw, 1920px\" \/><\/p><h2>\u00a0<\/h2><h2><span style=\"font-weight: 400;\">Advantages of a transfer from \u0160ibenik to Trogir with \u0160ibenikTaxi<\/span><\/h2><p><span style=\"font-weight: 400;\">With many years of experience and a top-notch reputation, \u0160ibenikTaxi is a recognized company specializing in passenger transportation. Our passion for quality service and focus on customer satisfaction make us the best partner for transfers from \u0160ibenik to Trogir.<\/span><\/p><p class=\"translation-block\"><span style=\"font-weight: 400\">Our team of professional drivers have local knowledge and experience. They are trained to provide you with the best possible experience, while ensuring safety and comfort during your trip. Regardless of your needs, we have a<\/span><a href=\"https:\/\/sibeniktaxi.com\/en\/luksuzni-transfer\/\" target=\"_self\"><span style=\"font-weight: 400\">modern fleet of vehicles<\/span><\/a><span style=\"font-weight: 400\">that will satisfy all passenger requirements.<\/span><\/p><p><span style=\"font-weight: 400;\">Drivers are familiar with the routes and best travel times, which means they will get you to your destination on time and without any delays. \u0160ibenikTaxi offers you flexibility and adaptability to your passengers' schedules, which means you can choose the departure time that suits you best.<\/span><\/p><h2><span style=\"font-weight: 400;\">Safety and comfort of travel<\/span><\/h2><p><span style=\"font-weight: 400;\">Passenger safety is our top priority. All vehicles are regularly serviced and maintained to ensure they are in excellent condition. The vehicles are equipped with air conditioning, providing you with a comfortable atmosphere throughout your journey.<\/span><\/p><p class=\"translation-block\"><span style=\"font-weight: 400\">Reserving a transfer from \u0160ibenik to Trogir is simple and fast. You can book a transfer through our website or you can contact us by phone. Transfer prices are favorable and transparent, and we also offer you the option of additional services such as one-day <\/span><a href=\"https:\/\/sibeniktaxi.com\/en\/jednodnevni-izlet-na-plitvicka-jezera\/\" target=\"_self\"><span style=\"font-weight: 400\">excursions to Plitvicka Jezera<\/span><\/a><span style=\"font-weight: 400\"> or transfers from \u0160ibenik to <\/span><a href=\"https:\/\/sibeniktaxi.com\/en\/airport-transferi\/od-sibenik-do-zracne-luke-zagreb\/\" target=\"_self\"><span style=\"font-weight: 400\">Zra\u010dne Luke Airport<\/span><\/a><span style=\"font-weight: 400\">.<\/span><\/p><p><span style=\"font-weight: 400;\">With us, you can be sure that your trip will be comfortable and carefree. Join thousands of satisfied travelers who have chosen \u0160ibenikTaxi and book your transfer today. <\/span><\/p>\t\t\t\t\t\t<\/div>\n\t\t\t\t<\/div>\n\t\t\t\t\t<\/div>\n\t\t<\/div>\n\t\t\t\t\t\t\t<\/div>\n\t\t<\/section>\n\t\t\t\t\t\t\t<\/div>","protected":false},"excerpt":{"rendered":"<p>\u0160ibenik i Trogir su dvije prekrasne turisti\u010dke destinacije smje\u0161tene du\u017e hrvatske obale.\u00a0 Kako biste maksimalno mogli u\u017eivati u svim \u010darima oba grada, va\u017eno je osigurati pouzdan i udoban prijevoz izme\u0111u njih. Upravo tu ulogu preuzima \u0160ibenik Taxi. \u0160to posjetiti u Trogiru? Trogir nudi nevjerojatan broj atrakcija i znamenitosti koje vrijedi&#8230;<\/p>","protected":false},"author":5,"featured_media":3131,"parent":2346,"menu_order":0,"comment_status":"closed","ping_status":"closed","template":"","meta":{"_mi_skip_tracking":false,"_exactmetrics_sitenote_active":false,"_exactmetrics_sitenote_note":"","_exactmetrics_sitenote_category":0},"yoast_head":"<!-- This site is optimized with the Yoast SEO plugin v19.6.1 - https:\/\/yoast.com\/wordpress\/plugins\/seo\/ -->\n<title>Transfer od \u0160ibenika do Trogira | Taxi \u0160ibenik<\/title>\n<meta name=\"description\" content=\"U\u017eivajte u \u010darima \u0160ibenika i Trogira uz udoban transfer. Otkrijte bogatu povijest i mediteranski \u0161arm Trogira, uklju\u010duju\u0107i UNESCO-v stari grad.\" \/>\n<meta name=\"robots\" content=\"index, follow, max-snippet:-1, max-image-preview:large, max-video-preview:-1\" \/>\n<link rel=\"canonical\" href=\"https:\/\/sibeniktaxi.com\/en\/transferi\/od-sibenika-do-trogira\/\" \/>\n<meta property=\"og:locale\" content=\"en_US\" \/>\n<meta property=\"og:type\" content=\"article\" \/>\n<meta property=\"og:title\" content=\"Transfer od \u0160ibenika do Trogira | Taxi \u0160ibenik\" \/>\n<meta property=\"og:description\" content=\"U\u017eivajte u \u010darima \u0160ibenika i Trogira uz udoban transfer. Otkrijte bogatu povijest i mediteranski \u0161arm Trogira, uklju\u010duju\u0107i UNESCO-v stari grad.\" \/>\n<meta property=\"og:url\" content=\"https:\/\/sibeniktaxi.com\/en\/transferi\/od-sibenika-do-trogira\/\" \/>\n<meta property=\"og:site_name\" content=\"Taxi \u0160ibenik\" \/>\n<meta property=\"article:publisher\" content=\"https:\/\/www.facebook.com\/sibeniktaxi\/\" \/>\n<meta property=\"article:modified_time\" content=\"2023-07-21T11:46:18+00:00\" \/>\n<meta property=\"og:image\" content=\"https:\/\/sibeniktaxi.com\/wp-content\/uploads\/2023\/07\/Trogir_02.jpg\" \/>\n\t<meta property=\"og:image:width\" content=\"1500\" \/>\n\t<meta property=\"og:image:height\" content=\"1000\" \/>\n\t<meta property=\"og:image:type\" content=\"image\/jpeg\" \/>\n<meta name=\"twitter:card\" content=\"summary\" \/>\n<meta name=\"twitter:label1\" content=\"Est. reading time\" \/>\n\t<meta name=\"twitter:data1\" content=\"3 minutes\" \/>\n<script type=\"application\/ld+json\" class=\"yoast-schema-graph\">{\"@context\":\"https:\/\/schema.org\",\"@graph\":[{\"@type\":\"WebPage\",\"@id\":\"https:\/\/sibeniktaxi.com\/transferi\/od-sibenika-do-trogira\/\",\"url\":\"https:\/\/sibeniktaxi.com\/transferi\/od-sibenika-do-trogira\/\",\"name\":\"Transfer od \u0160ibenika do Trogira | Taxi \u0160ibenik\",\"isPartOf\":{\"@id\":\"https:\/\/sibeniktaxi.com\/#website\"},\"datePublished\":\"2023-07-21T11:32:44+00:00\",\"dateModified\":\"2023-07-21T11:46:18+00:00\",\"description\":\"U\u017eivajte u \u010darima \u0160ibenika i Trogira uz udoban transfer. Otkrijte bogatu povijest i mediteranski \u0161arm Trogira, uklju\u010duju\u0107i UNESCO-v stari grad.\",\"breadcrumb\":{\"@id\":\"https:\/\/sibeniktaxi.com\/transferi\/od-sibenika-do-trogira\/#breadcrumb\"},\"inLanguage\":\"en-US\",\"potentialAction\":[{\"@type\":\"ReadAction\",\"target\":[\"https:\/\/sibeniktaxi.com\/transferi\/od-sibenika-do-trogira\/\"]}]},{\"@type\":\"BreadcrumbList\",\"@id\":\"https:\/\/sibeniktaxi.com\/transferi\/od-sibenika-do-trogira\/#breadcrumb\",\"itemListElement\":[{\"@type\":\"ListItem\",\"position\":1,\"name\":\"Taxi \u0160ibenik\",\"item\":\"https:\/\/sibeniktaxi.com\/\"},{\"@type\":\"ListItem\",\"position\":2,\"name\":\"Transferi\",\"item\":\"https:\/\/sibeniktaxi.com\/transferi\/\"},{\"@type\":\"ListItem\",\"position\":3,\"name\":\"Transfer od \u0160ibenika do Trogira\"}]},{\"@type\":\"WebSite\",\"@id\":\"https:\/\/sibeniktaxi.com\/#website\",\"url\":\"https:\/\/sibeniktaxi.com\/\",\"name\":\"Taxi \u0160ibenik\",\"description\":\"Najbolji Taxi u gradu\",\"publisher\":{\"@id\":\"https:\/\/sibeniktaxi.com\/#organization\"},\"potentialAction\":[{\"@type\":\"SearchAction\",\"target\":{\"@type\":\"EntryPoint\",\"urlTemplate\":\"https:\/\/sibeniktaxi.com\/?s={search_term_string}\"},\"query-input\":\"required name=search_term_string\"}],\"inLanguage\":\"en-US\"},{\"@type\":\"Organization\",\"@id\":\"https:\/\/sibeniktaxi.com\/#organization\",\"name\":\"Taxi \u0160ibenik\",\"url\":\"https:\/\/sibeniktaxi.com\/\",\"sameAs\":[\"https:\/\/www.facebook.com\/sibeniktaxi\/\"],\"logo\":{\"@type\":\"ImageObject\",\"inLanguage\":\"en-US\",\"@id\":\"https:\/\/sibeniktaxi.com\/#\/schema\/logo\/image\/\",\"url\":\"https:\/\/sibeniktaxi.com\/wp-content\/uploads\/2018\/04\/cropped-TAXI-DALMACIJA-logo-lav-rose-3.png\",\"contentUrl\":\"https:\/\/sibeniktaxi.com\/wp-content\/uploads\/2018\/04\/cropped-TAXI-DALMACIJA-logo-lav-rose-3.png\",\"width\":\"240\",\"height\":\"116\",\"caption\":\"Taxi \u0160ibenik\"},\"image\":{\"@id\":\"https:\/\/sibeniktaxi.com\/#\/schema\/logo\/image\/\"}}]}<\/script>\n<!-- \/ Yoast SEO plugin. -->","yoast_head_json":{"title":"Transfer od \u0160ibenika do Trogira | Taxi \u0160ibenik","description":"U\u017eivajte u \u010darima \u0160ibenika i Trogira uz udoban transfer. Otkrijte bogatu povijest i mediteranski \u0161arm Trogira, uklju\u010duju\u0107i UNESCO-v stari grad.","robots":{"index":"index","follow":"follow","max-snippet":"max-snippet:-1","max-image-preview":"max-image-preview:large","max-video-preview":"max-video-preview:-1"},"canonical":"https:\/\/sibeniktaxi.com\/en\/transferi\/od-sibenika-do-trogira\/","og_locale":"en_US","og_type":"article","og_title":"Transfer od \u0160ibenika do Trogira | Taxi \u0160ibenik","og_description":"U\u017eivajte u \u010darima \u0160ibenika i Trogira uz udoban transfer. Otkrijte bogatu povijest i mediteranski \u0161arm Trogira, uklju\u010duju\u0107i UNESCO-v stari grad.","og_url":"https:\/\/sibeniktaxi.com\/en\/transferi\/od-sibenika-do-trogira\/","og_site_name":"Taxi \u0160ibenik","article_publisher":"https:\/\/www.facebook.com\/sibeniktaxi\/","article_modified_time":"2023-07-21T11:46:18+00:00","og_image":[{"width":1500,"height":1000,"url":"https:\/\/sibeniktaxi.com\/wp-content\/uploads\/2023\/07\/Trogir_02.jpg","type":"image\/jpeg"}],"twitter_card":"summary","twitter_misc":{"Est. reading time":"3 minutes"},"schema":{"@context":"https:\/\/schema.org","@graph":[{"@type":"WebPage","@id":"https:\/\/sibeniktaxi.com\/transferi\/od-sibenika-do-trogira\/","url":"https:\/\/sibeniktaxi.com\/transferi\/od-sibenika-do-trogira\/","name":"Transfer od \u0160ibenika do Trogira | Taxi \u0160ibenik","isPartOf":{"@id":"https:\/\/sibeniktaxi.com\/#website"},"datePublished":"2023-07-21T11:32:44+00:00","dateModified":"2023-07-21T11:46:18+00:00","description":"U\u017eivajte u \u010darima \u0160ibenika i Trogira uz udoban transfer. Otkrijte bogatu povijest i mediteranski \u0161arm Trogira, uklju\u010duju\u0107i UNESCO-v stari grad.","breadcrumb":{"@id":"https:\/\/sibeniktaxi.com\/transferi\/od-sibenika-do-trogira\/#breadcrumb"},"inLanguage":"en-US","potentialAction":[{"@type":"ReadAction","target":["https:\/\/sibeniktaxi.com\/transferi\/od-sibenika-do-trogira\/"]}]},{"@type":"BreadcrumbList","@id":"https:\/\/sibeniktaxi.com\/transferi\/od-sibenika-do-trogira\/#breadcrumb","itemListElement":[{"@type":"ListItem","position":1,"name":"Taxi \u0160ibenik","item":"https:\/\/sibeniktaxi.com\/"},{"@type":"ListItem","position":2,"name":"Transferi","item":"https:\/\/sibeniktaxi.com\/transferi\/"},{"@type":"ListItem","position":3,"name":"Transfer od \u0160ibenika do Trogira"}]},{"@type":"WebSite","@id":"https:\/\/sibeniktaxi.com\/#website","url":"https:\/\/sibeniktaxi.com\/","name":"Taxi \u0160ibenik","description":"Najbolji Taxi u gradu","publisher":{"@id":"https:\/\/sibeniktaxi.com\/#organization"},"potentialAction":[{"@type":"SearchAction","target":{"@type":"EntryPoint","urlTemplate":"https:\/\/sibeniktaxi.com\/?s={search_term_string}"},"query-input":"required name=search_term_string"}],"inLanguage":"en-US"},{"@type":"Organization","@id":"https:\/\/sibeniktaxi.com\/#organization","name":"Taxi \u0160ibenik","url":"https:\/\/sibeniktaxi.com\/","sameAs":["https:\/\/www.facebook.com\/sibeniktaxi\/"],"logo":{"@type":"ImageObject","inLanguage":"en-US","@id":"https:\/\/sibeniktaxi.com\/#\/schema\/logo\/image\/","url":"https:\/\/sibeniktaxi.com\/wp-content\/uploads\/2018\/04\/cropped-TAXI-DALMACIJA-logo-lav-rose-3.png","contentUrl":"https:\/\/sibeniktaxi.com\/wp-content\/uploads\/2018\/04\/cropped-TAXI-DALMACIJA-logo-lav-rose-3.png","width":"240","height":"116","caption":"Taxi \u0160ibenik"},"image":{"@id":"https:\/\/sibeniktaxi.com\/#\/schema\/logo\/image\/"}}]}},"_links":{"self":[{"href":"https:\/\/sibeniktaxi.com\/en\/wp-json\/wp\/v2\/pages\/3124"}],"collection":[{"href":"https:\/\/sibeniktaxi.com\/en\/wp-json\/wp\/v2\/pages"}],"about":[{"href":"https:\/\/sibeniktaxi.com\/en\/wp-json\/wp\/v2\/types\/page"}],"author":[{"embeddable":true,"href":"https:\/\/sibeniktaxi.com\/en\/wp-json\/wp\/v2\/users\/5"}],"replies":[{"embeddable":true,"href":"https:\/\/sibeniktaxi.com\/en\/wp-json\/wp\/v2\/comments?post=3124"}],"version-history":[{"count":8,"href":"https:\/\/sibeniktaxi.com\/en\/wp-json\/wp\/v2\/pages\/3124\/revisions"}],"predecessor-version":[{"id":3136,"href":"https:\/\/sibeniktaxi.com\/en\/wp-json\/wp\/v2\/pages\/3124\/revisions\/3136"}],"up":[{"embeddable":true,"href":"https:\/\/sibeniktaxi.com\/en\/wp-json\/wp\/v2\/pages\/2346"}],"wp:featuredmedia":[{"embeddable":true,"href":"https:\/\/sibeniktaxi.com\/en\/wp-json\/wp\/v2\/media\/3131"}],"wp:attachment":[{"href":"https:\/\/sibeniktaxi.com\/en\/wp-json\/wp\/v2\/media?parent=3124"}],"curies":[{"name":"wp","href":"https:\/\/api.w.org\/{rel}","templated":true}]}}