{"id":3182,"date":"2023-08-21T18:39:01","date_gmt":"2023-08-21T18:39:01","guid":{"rendered":"https:\/\/sibeniktaxi.com\/?page_id=3182"},"modified":"2023-08-21T18:42:55","modified_gmt":"2023-08-21T18:42:55","slug":"od-sibenika-do-novalje","status":"publish","type":"page","link":"https:\/\/sibeniktaxi.com\/en\/transfers\/from-sibenik-to-novalja\/","title":{"rendered":"Transfer from Sibenik to Novalja"},"content":{"rendered":"<p><span style=\"font-weight: 400;\">Enjoying the beautiful Croatian islands often starts with a trip. When you decide to visit Novalja, a lively destination on the island of Pag, one of the questions that arises is how best to get there. A transfer from \u0160ibenik to Novalja gives you the opportunity to explore the beautiful landscapes and islands that lie between them.\u00a0<\/span><\/p>\n<p><img loading=\"lazy\" class=\"aligncenter size-full wp-image-3184\" src=\"https:\/\/sibeniktaxi.com\/wp-content\/uploads\/2023\/08\/303109068.jpg\" alt=\"Putovanje morem ili taxijem\" width=\"1024\" height=\"576\" srcset=\"https:\/\/sibeniktaxi.com\/wp-content\/uploads\/2023\/08\/303109068.jpg 1024w, https:\/\/sibeniktaxi.com\/wp-content\/uploads\/2023\/08\/303109068-300x169.jpg 300w, https:\/\/sibeniktaxi.com\/wp-content\/uploads\/2023\/08\/303109068-768x432.jpg 768w\" sizes=\"(max-width: 1024px) 100vw, 1024px\" \/><\/p>\n<p>&nbsp;<\/p>\n<h2><span style=\"font-weight: 400;\">Travel by sea or taxi?\u00a0<\/span><\/h2>\n<p><span style=\"font-weight: 400;\">When you decide to visit Novalja, you can choose between a sea transfer or a taxi. Each option has its own advantages and depends on your preferences and needs.<\/span><\/p>\n<p class=\"translation-block\"><span style=\"font-weight: 400\">Traveling by sea gives you an incredible sense of freedom and adventure. Board a <\/span><a href=\"https:\/\/sibeniktaxi.com\/en\/taxi-boat-sibenik\/\" target=\"_self\"><span style=\"font-weight: 400\">taxi boat in \u0160ibenik<\/span><\/a><span style=\"font-weight: 400\">and immerse yourself in the beauty of the Adriatic Sea. As you sail towards Novalja, you will enjoy a peaceful and relaxing journey. <\/span><\/p>\n<p><span style=\"font-weight: 400;\">The views of the island of Pag and the surrounding islands will be spectacular, creating picturesque scenes that you will remember forever. This trip is an opportunity to immerse yourself in nature and explore the incredible beauty of the Croatian islands.<\/span><\/p>\n<p class=\"translation-block\"><span style=\"font-weight: 400\">On the other hand, <\/span><a href=\"https:\/\/sibeniktaxi.com\/en\/\" target=\"_self\"><span style=\"font-weight: 400\">taxi transfer<\/span><\/a><span style=\"font-weight: 400\">can be a faster and more convenient option. If your priority is to get to Novalja quickly, taking a taxi can avoid the boat trip and head directly to your destination. This is especially useful if you are traveling with a lot of luggage or want to get to your destination as quickly as possible. <\/span><\/p>\n<p><span style=\"font-weight: 400;\">When planning your trip from \u0160ibenik to Novalja, it is important to consider your preferences and needs. If you want to experience an adventure at sea and enjoy spectacular views, a sea transfer is the right choice for you. However, if speed and convenience are your priority, a taxi is a reliable option that will take you straight to Novalja.\u00a0<\/span><\/p>\n<h2><span style=\"font-weight: 400;\">Adventure on the island of Pag<\/span><\/h2>\n<p><span style=\"font-weight: 400;\">When you arrive in Novalja, you will be greeted by an atmosphere that pulsates with energy. Novalja is known for its lively nightlife and beautiful beaches. Here you will find a variety of entertainment options, restaurants with excellent food and numerous outdoor activities.<\/span><\/p>\n<p><span style=\"font-weight: 400;\">During your stay in Novalja, be sure to visit the popular Zr\u0107e beach, which hosts some of the world's largest music festivals. This beach is known for its clubs and entertainment events that attract visitors from all over the world.<\/span><\/p>\n<p><span style=\"font-weight: 400;\">Also, explore the historic center of Novalja, take a walk along the coast or enjoy local specialties in one of the restaurants overlooking the sea. Novalja has a lot to offer to all types of travelers.<\/span><\/p>\n<p><img loading=\"lazy\" class=\"aligncenter size-full wp-image-3183\" src=\"https:\/\/sibeniktaxi.com\/wp-content\/uploads\/2023\/08\/Pag-Island-Croatia-.jpg\" alt=\"Adventure on the island of Pag\" width=\"2500\" height=\"1644\" srcset=\"https:\/\/sibeniktaxi.com\/wp-content\/uploads\/2023\/08\/Pag-Island-Croatia-.jpg 2500w, https:\/\/sibeniktaxi.com\/wp-content\/uploads\/2023\/08\/Pag-Island-Croatia--300x197.jpg 300w, https:\/\/sibeniktaxi.com\/wp-content\/uploads\/2023\/08\/Pag-Island-Croatia--1024x673.jpg 1024w, https:\/\/sibeniktaxi.com\/wp-content\/uploads\/2023\/08\/Pag-Island-Croatia--768x505.jpg 768w, https:\/\/sibeniktaxi.com\/wp-content\/uploads\/2023\/08\/Pag-Island-Croatia--1536x1010.jpg 1536w, https:\/\/sibeniktaxi.com\/wp-content\/uploads\/2023\/08\/Pag-Island-Croatia--2048x1347.jpg 2048w\" sizes=\"(max-width: 2500px) 100vw, 2500px\" \/><\/p>\n<p>&nbsp;<\/p>\n<h2><span style=\"font-weight: 400;\">How to book a taxi?<\/span><\/h2>\n<p><span style=\"font-weight: 400;\">Booking a taxi on our website is simple and practical. You can book your taxi transfer by phone or email. On our website, you can find a form for entering the information necessary for a reservation, such as your name, phone number, departure address and destination, and the desired date and time of the ride.<\/span><\/p>\n<p class=\"translation-block\"><span style=\"font-weight: 400\">Once you have entered all the necessary information, we will confirm availability and book a taxi driver for you. Additionally, you have the option to choose the type of vehicle that best suits you, depending on the number of passengers or other preferences. Taxi \u0160ibenik offers a wide range of vehicles, including <\/span><a href=\"https:\/\/sibeniktaxi.com\/en\/luksuzni-transfer\/\" target=\"_self\"><span style=\"font-weight: 400\">luxury cars<\/span><\/a><span style=\"font-weight: 400\">, minivans or vans, to meet our diverse needs.<\/span><\/p>\n<p><span style=\"font-weight: 400;\">Taxi prices are transparent and competitive. Before we confirm the booking, you will receive a detailed overview of the ride prices to make sure they fit your budget.\u00a0<\/span><\/p>\n<p><span style=\"font-weight: 400;\">When you book a taxi with Taxi \u0160ibenik, you can be sure that the driver will arrive at the agreed place and time. Taxi \u0160ibenik places great importance on reliability and quality service, so you can rely on us for a fast and efficient transportation service.<\/span><\/p>","protected":false},"excerpt":{"rendered":"<p>U\u017eivanje u prekrasnim hrvatskim otocima \u010desto zapo\u010dinje putovanjem. Kada se odlu\u010dite posjetiti Novalju, \u017eivahno odredi\u0161te na otoku Pagu, jedno od pitanja koje se postavlja je kako najbolje do\u0107i tamo. Transfer od \u0160ibenika do Novalje vam pru\u017ea priliku za istra\u017eivanje prekrasnih krajolika i otoka koji se nalaze izme\u0111u njih.\u00a0 &nbsp; Putovanje&#8230;<\/p>","protected":false},"author":5,"featured_media":3184,"parent":2346,"menu_order":0,"comment_status":"closed","ping_status":"closed","template":"","meta":{"_mi_skip_tracking":false,"_exactmetrics_sitenote_active":false,"_exactmetrics_sitenote_note":"","_exactmetrics_sitenote_category":0},"yoast_head":"<!-- This site is optimized with the Yoast SEO plugin v19.6.1 - https:\/\/yoast.com\/wordpress\/plugins\/seo\/ -->\n<title>Transfer od \u0160ibenika do Novalje | Taxi \u0160ibenik<\/title>\n<meta name=\"description\" content=\"Putovanje od \u0160ibenika do Novalje: izaberite izme\u0111u slikovitog putovanja morem ili brzog taxi transfera. Istra\u017eite otok Pag i \u017eivahnu Novalju.\" \/>\n<meta name=\"robots\" content=\"index, follow, max-snippet:-1, max-image-preview:large, max-video-preview:-1\" \/>\n<link rel=\"canonical\" href=\"https:\/\/sibeniktaxi.com\/en\/transferi\/od-sibenika-do-novalje\/\" \/>\n<meta property=\"og:locale\" content=\"en_US\" \/>\n<meta property=\"og:type\" content=\"article\" \/>\n<meta property=\"og:title\" content=\"Transfer od \u0160ibenika do Novalje | Taxi \u0160ibenik\" \/>\n<meta property=\"og:description\" content=\"Putovanje od \u0160ibenika do Novalje: izaberite izme\u0111u slikovitog putovanja morem ili brzog taxi transfera. Istra\u017eite otok Pag i \u017eivahnu Novalju.\" \/>\n<meta property=\"og:url\" content=\"https:\/\/sibeniktaxi.com\/en\/transferi\/od-sibenika-do-novalje\/\" \/>\n<meta property=\"og:site_name\" content=\"Taxi \u0160ibenik\" \/>\n<meta property=\"article:publisher\" content=\"https:\/\/www.facebook.com\/sibeniktaxi\/\" \/>\n<meta property=\"article:modified_time\" content=\"2023-08-21T18:42:55+00:00\" \/>\n<meta property=\"og:image\" content=\"https:\/\/sibeniktaxi.com\/wp-content\/uploads\/2023\/08\/303109068.jpg\" \/>\n\t<meta property=\"og:image:width\" content=\"1024\" \/>\n\t<meta property=\"og:image:height\" content=\"576\" \/>\n\t<meta property=\"og:image:type\" content=\"image\/jpeg\" \/>\n<meta name=\"twitter:card\" content=\"summary\" \/>\n<meta name=\"twitter:label1\" content=\"Est. reading time\" \/>\n\t<meta name=\"twitter:data1\" content=\"3 minutes\" \/>\n<script type=\"application\/ld+json\" class=\"yoast-schema-graph\">{\"@context\":\"https:\/\/schema.org\",\"@graph\":[{\"@type\":\"WebPage\",\"@id\":\"https:\/\/sibeniktaxi.com\/transferi\/od-sibenika-do-novalje\/\",\"url\":\"https:\/\/sibeniktaxi.com\/transferi\/od-sibenika-do-novalje\/\",\"name\":\"Transfer od \u0160ibenika do Novalje | Taxi \u0160ibenik\",\"isPartOf\":{\"@id\":\"https:\/\/sibeniktaxi.com\/#website\"},\"datePublished\":\"2023-08-21T18:39:01+00:00\",\"dateModified\":\"2023-08-21T18:42:55+00:00\",\"description\":\"Putovanje od \u0160ibenika do Novalje: izaberite izme\u0111u slikovitog putovanja morem ili brzog taxi transfera. Istra\u017eite otok Pag i \u017eivahnu Novalju.\",\"breadcrumb\":{\"@id\":\"https:\/\/sibeniktaxi.com\/transferi\/od-sibenika-do-novalje\/#breadcrumb\"},\"inLanguage\":\"en-US\",\"potentialAction\":[{\"@type\":\"ReadAction\",\"target\":[\"https:\/\/sibeniktaxi.com\/transferi\/od-sibenika-do-novalje\/\"]}]},{\"@type\":\"BreadcrumbList\",\"@id\":\"https:\/\/sibeniktaxi.com\/transferi\/od-sibenika-do-novalje\/#breadcrumb\",\"itemListElement\":[{\"@type\":\"ListItem\",\"position\":1,\"name\":\"Taxi \u0160ibenik\",\"item\":\"https:\/\/sibeniktaxi.com\/\"},{\"@type\":\"ListItem\",\"position\":2,\"name\":\"Transferi\",\"item\":\"https:\/\/sibeniktaxi.com\/transferi\/\"},{\"@type\":\"ListItem\",\"position\":3,\"name\":\"Transfer od \u0160ibenika do Novalje\"}]},{\"@type\":\"WebSite\",\"@id\":\"https:\/\/sibeniktaxi.com\/#website\",\"url\":\"https:\/\/sibeniktaxi.com\/\",\"name\":\"Taxi \u0160ibenik\",\"description\":\"Najbolji Taxi u gradu\",\"publisher\":{\"@id\":\"https:\/\/sibeniktaxi.com\/#organization\"},\"potentialAction\":[{\"@type\":\"SearchAction\",\"target\":{\"@type\":\"EntryPoint\",\"urlTemplate\":\"https:\/\/sibeniktaxi.com\/?s={search_term_string}\"},\"query-input\":\"required name=search_term_string\"}],\"inLanguage\":\"en-US\"},{\"@type\":\"Organization\",\"@id\":\"https:\/\/sibeniktaxi.com\/#organization\",\"name\":\"Taxi \u0160ibenik\",\"url\":\"https:\/\/sibeniktaxi.com\/\",\"sameAs\":[\"https:\/\/www.facebook.com\/sibeniktaxi\/\"],\"logo\":{\"@type\":\"ImageObject\",\"inLanguage\":\"en-US\",\"@id\":\"https:\/\/sibeniktaxi.com\/#\/schema\/logo\/image\/\",\"url\":\"https:\/\/sibeniktaxi.com\/wp-content\/uploads\/2018\/04\/cropped-TAXI-DALMACIJA-logo-lav-rose-3.png\",\"contentUrl\":\"https:\/\/sibeniktaxi.com\/wp-content\/uploads\/2018\/04\/cropped-TAXI-DALMACIJA-logo-lav-rose-3.png\",\"width\":\"240\",\"height\":\"116\",\"caption\":\"Taxi \u0160ibenik\"},\"image\":{\"@id\":\"https:\/\/sibeniktaxi.com\/#\/schema\/logo\/image\/\"}}]}<\/script>\n<!-- \/ Yoast SEO plugin. -->","yoast_head_json":{"title":"Transfer od \u0160ibenika do Novalje | Taxi \u0160ibenik","description":"Putovanje od \u0160ibenika do Novalje: izaberite izme\u0111u slikovitog putovanja morem ili brzog taxi transfera. Istra\u017eite otok Pag i \u017eivahnu Novalju.","robots":{"index":"index","follow":"follow","max-snippet":"max-snippet:-1","max-image-preview":"max-image-preview:large","max-video-preview":"max-video-preview:-1"},"canonical":"https:\/\/sibeniktaxi.com\/en\/transferi\/od-sibenika-do-novalje\/","og_locale":"en_US","og_type":"article","og_title":"Transfer od \u0160ibenika do Novalje | Taxi \u0160ibenik","og_description":"Putovanje od \u0160ibenika do Novalje: izaberite izme\u0111u slikovitog putovanja morem ili brzog taxi transfera. Istra\u017eite otok Pag i \u017eivahnu Novalju.","og_url":"https:\/\/sibeniktaxi.com\/en\/transferi\/od-sibenika-do-novalje\/","og_site_name":"Taxi \u0160ibenik","article_publisher":"https:\/\/www.facebook.com\/sibeniktaxi\/","article_modified_time":"2023-08-21T18:42:55+00:00","og_image":[{"width":1024,"height":576,"url":"https:\/\/sibeniktaxi.com\/wp-content\/uploads\/2023\/08\/303109068.jpg","type":"image\/jpeg"}],"twitter_card":"summary","twitter_misc":{"Est. reading time":"3 minutes"},"schema":{"@context":"https:\/\/schema.org","@graph":[{"@type":"WebPage","@id":"https:\/\/sibeniktaxi.com\/transferi\/od-sibenika-do-novalje\/","url":"https:\/\/sibeniktaxi.com\/transferi\/od-sibenika-do-novalje\/","name":"Transfer od \u0160ibenika do Novalje | Taxi \u0160ibenik","isPartOf":{"@id":"https:\/\/sibeniktaxi.com\/#website"},"datePublished":"2023-08-21T18:39:01+00:00","dateModified":"2023-08-21T18:42:55+00:00","description":"Putovanje od \u0160ibenika do Novalje: izaberite izme\u0111u slikovitog putovanja morem ili brzog taxi transfera. Istra\u017eite otok Pag i \u017eivahnu Novalju.","breadcrumb":{"@id":"https:\/\/sibeniktaxi.com\/transferi\/od-sibenika-do-novalje\/#breadcrumb"},"inLanguage":"en-US","potentialAction":[{"@type":"ReadAction","target":["https:\/\/sibeniktaxi.com\/transferi\/od-sibenika-do-novalje\/"]}]},{"@type":"BreadcrumbList","@id":"https:\/\/sibeniktaxi.com\/transferi\/od-sibenika-do-novalje\/#breadcrumb","itemListElement":[{"@type":"ListItem","position":1,"name":"Taxi \u0160ibenik","item":"https:\/\/sibeniktaxi.com\/"},{"@type":"ListItem","position":2,"name":"Transferi","item":"https:\/\/sibeniktaxi.com\/transferi\/"},{"@type":"ListItem","position":3,"name":"Transfer od \u0160ibenika do Novalje"}]},{"@type":"WebSite","@id":"https:\/\/sibeniktaxi.com\/#website","url":"https:\/\/sibeniktaxi.com\/","name":"Taxi \u0160ibenik","description":"Najbolji Taxi u gradu","publisher":{"@id":"https:\/\/sibeniktaxi.com\/#organization"},"potentialAction":[{"@type":"SearchAction","target":{"@type":"EntryPoint","urlTemplate":"https:\/\/sibeniktaxi.com\/?s={search_term_string}"},"query-input":"required name=search_term_string"}],"inLanguage":"en-US"},{"@type":"Organization","@id":"https:\/\/sibeniktaxi.com\/#organization","name":"Taxi \u0160ibenik","url":"https:\/\/sibeniktaxi.com\/","sameAs":["https:\/\/www.facebook.com\/sibeniktaxi\/"],"logo":{"@type":"ImageObject","inLanguage":"en-US","@id":"https:\/\/sibeniktaxi.com\/#\/schema\/logo\/image\/","url":"https:\/\/sibeniktaxi.com\/wp-content\/uploads\/2018\/04\/cropped-TAXI-DALMACIJA-logo-lav-rose-3.png","contentUrl":"https:\/\/sibeniktaxi.com\/wp-content\/uploads\/2018\/04\/cropped-TAXI-DALMACIJA-logo-lav-rose-3.png","width":"240","height":"116","caption":"Taxi \u0160ibenik"},"image":{"@id":"https:\/\/sibeniktaxi.com\/#\/schema\/logo\/image\/"}}]}},"_links":{"self":[{"href":"https:\/\/sibeniktaxi.com\/en\/wp-json\/wp\/v2\/pages\/3182"}],"collection":[{"href":"https:\/\/sibeniktaxi.com\/en\/wp-json\/wp\/v2\/pages"}],"about":[{"href":"https:\/\/sibeniktaxi.com\/en\/wp-json\/wp\/v2\/types\/page"}],"author":[{"embeddable":true,"href":"https:\/\/sibeniktaxi.com\/en\/wp-json\/wp\/v2\/users\/5"}],"replies":[{"embeddable":true,"href":"https:\/\/sibeniktaxi.com\/en\/wp-json\/wp\/v2\/comments?post=3182"}],"version-history":[{"count":3,"href":"https:\/\/sibeniktaxi.com\/en\/wp-json\/wp\/v2\/pages\/3182\/revisions"}],"predecessor-version":[{"id":3188,"href":"https:\/\/sibeniktaxi.com\/en\/wp-json\/wp\/v2\/pages\/3182\/revisions\/3188"}],"up":[{"embeddable":true,"href":"https:\/\/sibeniktaxi.com\/en\/wp-json\/wp\/v2\/pages\/2346"}],"wp:featuredmedia":[{"embeddable":true,"href":"https:\/\/sibeniktaxi.com\/en\/wp-json\/wp\/v2\/media\/3184"}],"wp:attachment":[{"href":"https:\/\/sibeniktaxi.com\/en\/wp-json\/wp\/v2\/media?parent=3182"}],"curies":[{"name":"wp","href":"https:\/\/api.w.org\/{rel}","templated":true}]}}